{"id":1838,"date":"2024-12-02T14:13:40","date_gmt":"2024-12-02T06:13:40","guid":{"rendered":"https:\/\/lydenim.com\/?page_id=1838"},"modified":"2025-06-11T21:08:50","modified_gmt":"2025-06-11T13:08:50","slug":"service-for-fabric-wholesalers","status":"publish","type":"page","link":"https:\/\/lydenim.com\/es\/servicio-para-mayoristas-de-telas\/","title":{"rendered":"Servicio para Mayoristas de Telas"},"content":{"rendered":"<div data-elementor-type=\"wp-page\" data-elementor-id=\"1838\" class=\"elementor elementor-1838\" data-elementor-post-type=\"page\">\n\t\t\t\t<div class=\"wd-negative-gap elementor-element elementor-element-edff3cb e-flex e-con-boxed e-con e-parent\" data-id=\"edff3cb\" data-element_type=\"container\" data-e-type=\"container\">\n\t\t\t\t\t<div class=\"e-con-inner\">\n\t\t<div class=\"elementor-element elementor-element-41420ef e-con-full e-flex e-con e-child\" data-id=\"41420ef\" data-element_type=\"container\" data-e-type=\"container\" data-settings=\"{&quot;background_background&quot;:&quot;classic&quot;}\">\n\t\t\t\t<div class=\"elementor-element elementor-element-b812ad1 wd-width-100 elementor-widget elementor-widget-wd_title\" data-id=\"b812ad1\" data-element_type=\"widget\" data-e-type=\"widget\" data-widget_type=\"wd_title.default\">\n\t\t\t\t<div class=\"elementor-widget-container\">\n\t\t\t\t\t\t\t<div class=\"title-wrapper wd-set-mb reset-last-child wd-title-color-default wd-title-style-default wd-title-size-default text-center\">\n\n\t\t\t\n\t\t\t<div class=\"liner-continer\">\n\t\t\t\t<h2 class=\"woodmart-title-container title wd-fontsize-l\">\u00bfC\u00f3mo se beneficia de nuestros productos y servicios?<\/h2> \n\t\t\t\t\t\t\t<\/div>\n\n\t\t\t\t\t<\/div>\n\t\t\t\t\t\t<\/div>\n\t\t\t\t<\/div>\n\t\t\t\t<\/div>\n\t\t<div class=\"elementor-element elementor-element-f5be907 e-con-full e-flex e-con e-child\" data-id=\"f5be907\" data-element_type=\"container\" data-e-type=\"container\">\n\t\t<div class=\"elementor-element elementor-element-37eb943 e-con-full e-flex e-con e-child\" data-id=\"37eb943\" data-element_type=\"container\" data-e-type=\"container\">\n\t\t\t\t<div class=\"elementor-element elementor-element-92797ca wd-width-100 elementor-widget elementor-widget-wd_title\" data-id=\"92797ca\" data-element_type=\"widget\" data-e-type=\"widget\" data-widget_type=\"wd_title.default\">\n\t\t\t\t<div class=\"elementor-widget-container\">\n\t\t\t\t\t\t\t<div class=\"title-wrapper wd-set-mb reset-last-child wd-title-color-primary wd-title-style-simple wd-title-size-default text-left\">\n\n\t\t\t\n\t\t\t<div class=\"liner-continer\">\n\t\t\t\t<h3 class=\"woodmart-title-container title wd-fontsize-l\">Telas 80% en stock<\/h3> \n\t\t\t\t\t\t\t<\/div>\n\n\t\t\t\t\t\t\t<div class=\"title-after_title reset-last-child wd-fontsize-xs\">\n\t\t\t\t\t<p>\u00a0<\/p><p>Nuestro almac\u00e9n se encuentra <a href=\"http:\/\/lydenim.com\/es\/product\/\">completamente abastecido<\/a> con una amplia variedad de telas listas para probar, muestrear y enviar.<br \/>Esto ayuda a minimizar los retrasos causados por los largos tiempos de producci\u00f3n, especialmente cr\u00edticos durante las temporadas altas de ventas.<\/p>\t\t\t\t<\/div>\n\t\t\t\t\t<\/div>\n\t\t\t\t\t\t<\/div>\n\t\t\t\t<\/div>\n\t\t\t\t<\/div>\n\t\t<div class=\"elementor-element elementor-element-91606c6 e-con-full e-flex e-con e-child\" data-id=\"91606c6\" data-element_type=\"container\" data-e-type=\"container\">\n\t\t\t\t<div class=\"elementor-element elementor-element-b7f5cb6 elementor-widget elementor-widget-wd_image_or_svg\" data-id=\"b7f5cb6\" data-element_type=\"widget\" data-e-type=\"widget\" data-widget_type=\"wd_image_or_svg.default\">\n\t\t\t\t<div class=\"elementor-widget-container\">\n\t\t\t\t\t\n\t\t<div class=\"wd-image text-left\">\n\t\t\t\t\t\t\t\t<img loading=\"lazy\" decoding=\"async\" width=\"2560\" height=\"1440\" src=\"https:\/\/lydenim.com\/wp-content\/uploads\/2024\/12\/\u5b58\u8d27-scaled.jpg\" class=\"attachment-full size-full\" alt=\"\" srcset=\"https:\/\/lydenim.com\/wp-content\/uploads\/2024\/12\/\u5b58\u8d27-scaled.jpg 2560w, https:\/\/lydenim.com\/wp-content\/uploads\/2024\/12\/\u5b58\u8d27-scaled-150x84.jpg 150w, https:\/\/lydenim.com\/wp-content\/uploads\/2024\/12\/\u5b58\u8d27-scaled-600x338.jpg 600w, https:\/\/lydenim.com\/wp-content\/uploads\/2024\/12\/\u5b58\u8d27-300x169.jpg 300w, https:\/\/lydenim.com\/wp-content\/uploads\/2024\/12\/\u5b58\u8d27-1024x576.jpg 1024w, https:\/\/lydenim.com\/wp-content\/uploads\/2024\/12\/\u5b58\u8d27-768x432.jpg 768w, https:\/\/lydenim.com\/wp-content\/uploads\/2024\/12\/\u5b58\u8d27-1536x864.jpg 1536w, https:\/\/lydenim.com\/wp-content\/uploads\/2024\/12\/\u5b58\u8d27-2048x1152.jpg 2048w, https:\/\/lydenim.com\/wp-content\/uploads\/2024\/12\/\u5b58\u8d27-18x10.jpg 18w\" sizes=\"auto, (max-width: 2560px) 100vw, 2560px\" \/>\t\t\t\t\t<\/div>\n\n\t\t\t\t\t\t<\/div>\n\t\t\t\t<\/div>\n\t\t\t\t<\/div>\n\t\t\t\t<\/div>\n\t\t<div class=\"elementor-element elementor-element-06223a3 e-con-full e-flex e-con e-child\" data-id=\"06223a3\" data-element_type=\"container\" data-e-type=\"container\">\n\t\t<div class=\"elementor-element elementor-element-2af40a3 e-con-full e-flex e-con e-child\" data-id=\"2af40a3\" data-element_type=\"container\" data-e-type=\"container\">\n\t\t\t\t<div class=\"elementor-element elementor-element-589c30e wd-width-100 elementor-widget elementor-widget-wd_title\" data-id=\"589c30e\" data-element_type=\"widget\" data-e-type=\"widget\" data-widget_type=\"wd_title.default\">\n\t\t\t\t<div class=\"elementor-widget-container\">\n\t\t\t\t\t\t\t<div class=\"title-wrapper wd-set-mb reset-last-child wd-title-color-primary wd-title-style-simple wd-title-size-default text-left\">\n\n\t\t\t\n\t\t\t<div class=\"liner-continer\">\n\t\t\t\t<h3 class=\"woodmart-title-container title wd-fontsize-l\">Peque\u00f1a cantidad m\u00ednima de pedido (MOQ)<\/h3> \n\t\t\t\t\t\t\t<\/div>\n\n\t\t\t\t\t\t\t<div class=\"title-after_title reset-last-child wd-fontsize-xs\">\n\t\t\t\t\t<p><a href=\"http:\/\/lydenim.com\/es\/product\/\">Para telas en stock<\/a>El MOQ es de solo 5.000 yardas por color.<br \/>Aunque los MOQ peque\u00f1os no siempre son necesarios, son esenciales cuando:<\/p><p>Usted quiere mantener baja la presi\u00f3n de stock.<br \/>Necesita una peque\u00f1a cantidad para probar c\u00f3mo funciona un nuevo estilo de vaqueros en su mercado.<\/p>\t\t\t\t<\/div>\n\t\t\t\t\t<\/div>\n\t\t\t\t\t\t<\/div>\n\t\t\t\t<\/div>\n\t\t\t\t<\/div>\n\t\t<div class=\"elementor-element elementor-element-dc3db95 e-con-full e-flex e-con e-child\" data-id=\"dc3db95\" data-element_type=\"container\" data-e-type=\"container\">\n\t\t\t\t<div class=\"elementor-element elementor-element-97d2a42 elementor-widget elementor-widget-wd_image_or_svg\" data-id=\"97d2a42\" data-element_type=\"widget\" data-e-type=\"widget\" data-widget_type=\"wd_image_or_svg.default\">\n\t\t\t\t<div class=\"elementor-widget-container\">\n\t\t\t\t\t\n\t\t<div class=\"wd-image text-left\">\n\t\t\t\t\t\t\t\t<img loading=\"lazy\" decoding=\"async\" width=\"1281\" height=\"720\" src=\"https:\/\/lydenim.com\/wp-content\/uploads\/2024\/12\/\u5e8f\u5217-Sequence-01.00_04_02_11.Still015-scaled-1281x720.jpg\" class=\"attachment-1281x720 size-1281x720\" alt=\"\" srcset=\"https:\/\/lydenim.com\/wp-content\/uploads\/2024\/12\/\u5e8f\u5217-Sequence-01.00_04_02_11.Still015-scaled-1281x720.jpg 1281w, https:\/\/lydenim.com\/wp-content\/uploads\/2024\/12\/\u5e8f\u5217-Sequence-01.00_04_02_11.Still015-scaled-150x84.jpg 150w, https:\/\/lydenim.com\/wp-content\/uploads\/2024\/12\/\u5e8f\u5217-Sequence-01.00_04_02_11.Still015-scaled-600x338.jpg 600w, https:\/\/lydenim.com\/wp-content\/uploads\/2024\/12\/\u5e8f\u5217-Sequence-01.00_04_02_11.Still015-300x169.jpg 300w, https:\/\/lydenim.com\/wp-content\/uploads\/2024\/12\/\u5e8f\u5217-Sequence-01.00_04_02_11.Still015-1024x576.jpg 1024w, https:\/\/lydenim.com\/wp-content\/uploads\/2024\/12\/\u5e8f\u5217-Sequence-01.00_04_02_11.Still015-768x432.jpg 768w, https:\/\/lydenim.com\/wp-content\/uploads\/2024\/12\/\u5e8f\u5217-Sequence-01.00_04_02_11.Still015-1536x864.jpg 1536w, https:\/\/lydenim.com\/wp-content\/uploads\/2024\/12\/\u5e8f\u5217-Sequence-01.00_04_02_11.Still015-2048x1152.jpg 2048w, https:\/\/lydenim.com\/wp-content\/uploads\/2024\/12\/\u5e8f\u5217-Sequence-01.00_04_02_11.Still015-18x10.jpg 18w\" sizes=\"auto, (max-width: 1281px) 100vw, 1281px\" \/>\t\t\t\t\t<\/div>\n\n\t\t\t\t\t\t<\/div>\n\t\t\t\t<\/div>\n\t\t\t\t<\/div>\n\t\t\t\t<\/div>\n\t\t<div class=\"elementor-element elementor-element-ada48be e-con-full e-flex e-con e-child\" data-id=\"ada48be\" data-element_type=\"container\" data-e-type=\"container\">\n\t\t<div class=\"elementor-element elementor-element-9e05a50 e-con-full e-flex e-con e-child\" data-id=\"9e05a50\" data-element_type=\"container\" data-e-type=\"container\">\n\t\t\t\t<div class=\"elementor-element elementor-element-61d584a wd-width-100 elementor-widget elementor-widget-wd_title\" data-id=\"61d584a\" data-element_type=\"widget\" data-e-type=\"widget\" data-widget_type=\"wd_title.default\">\n\t\t\t\t<div class=\"elementor-widget-container\">\n\t\t\t\t\t\t\t<div class=\"title-wrapper wd-set-mb reset-last-child wd-title-color-primary wd-title-style-simple wd-title-size-default text-left\">\n\n\t\t\t\n\t\t\t<div class=\"liner-continer\">\n\t\t\t\t<h3 class=\"woodmart-title-container title wd-fontsize-l\">Amplias opciones de telas a precios competitivos<\/h3> \n\t\t\t\t\t\t\t<\/div>\n\n\t\t\t\t\t\t\t<div class=\"title-after_title reset-last-child wd-fontsize-xs\">\n\t\t\t\t\t<p>Ofrecemos m\u00e1s de 200 opciones de tejidos en stock, con nuevas colecciones que se a\u00f1aden cada temporada para simplificar su proceso de aprovisionamiento.<\/p><p>Nuestros tejidos se dividen en dos categor\u00edas:<\/p><p>L\u00ednea b\u00e1sica: Incluye de 3 a 7 colores por tejido, con distintas calidades y precios, incluso dentro de la misma estructura. De este modo se garantiza una combinaci\u00f3n para diversas necesidades de calidad.<br \/>L\u00ednea Lush: Presenta dise\u00f1os innovadores elaborados con las \u00faltimas tecnolog\u00edas en fibras, tintes, tejidos y acabados. Perfecta para quienes buscan estilos \u00fanicos y vanguardistas.<\/p>\t\t\t\t<\/div>\n\t\t\t\t\t<\/div>\n\t\t\t\t\t\t<\/div>\n\t\t\t\t<\/div>\n\t\t\t\t<\/div>\n\t\t<div class=\"elementor-element elementor-element-49a3c36 e-con-full e-flex e-con e-child\" data-id=\"49a3c36\" data-element_type=\"container\" data-e-type=\"container\">\n\t\t\t\t<div class=\"elementor-element elementor-element-8540bd5 elementor-widget elementor-widget-wd_image_or_svg\" data-id=\"8540bd5\" data-element_type=\"widget\" data-e-type=\"widget\" data-widget_type=\"wd_image_or_svg.default\">\n\t\t\t\t<div class=\"elementor-widget-container\">\n\t\t\t\t\t\n\t\t<div class=\"wd-image text-left\">\n\t\t\t\t\t\t\t\t<img loading=\"lazy\" decoding=\"async\" width=\"1281\" height=\"720\" src=\"https:\/\/lydenim.com\/wp-content\/uploads\/2024\/12\/\u6863\u53e3\u56fe2-1281x720.jpg\" class=\"attachment-1281x720 size-1281x720\" alt=\"Amplias opciones de telas a precios competitivos\" \/>\t\t\t\t\t<\/div>\n\n\t\t\t\t\t\t<\/div>\n\t\t\t\t<\/div>\n\t\t\t\t<\/div>\n\t\t\t\t<\/div>\n\t\t<div class=\"elementor-element elementor-element-a4c98ee e-con-full e-flex e-con e-child\" data-id=\"a4c98ee\" data-element_type=\"container\" data-e-type=\"container\">\n\t\t<div class=\"elementor-element elementor-element-ce409ec e-con-full e-flex e-con e-child\" data-id=\"ce409ec\" data-element_type=\"container\" data-e-type=\"container\">\n\t\t\t\t<div class=\"elementor-element elementor-element-0907cac wd-width-100 elementor-widget elementor-widget-wd_title\" data-id=\"0907cac\" data-element_type=\"widget\" data-e-type=\"widget\" data-widget_type=\"wd_title.default\">\n\t\t\t\t<div class=\"elementor-widget-container\">\n\t\t\t\t\t\t\t<div class=\"title-wrapper wd-set-mb reset-last-child wd-title-color-primary wd-title-style-simple wd-title-size-default text-left\">\n\n\t\t\t\n\t\t\t<div class=\"liner-continer\">\n\t\t\t\t<h3 class=\"woodmart-title-container title wd-fontsize-l\">La calidad, nuestra prioridad<\/h3> \n\t\t\t\t\t\t\t<\/div>\n\n\t\t\t\t\t\t\t<div class=\"title-after_title reset-last-child wd-fontsize-xs\">\n\t\t\t\t\t<p>Aplicamos estrictas medidas de control de calidad en todas las fases, desde la selecci\u00f3n del hilo hasta el proceso de acabado.<br \/>Nuestra avanzada infraestructura y nuestras normas sistem\u00e1ticas garantizan una calidad constante y fiable.<\/p>\t\t\t\t<\/div>\n\t\t\t\t\t<\/div>\n\t\t\t\t\t\t<\/div>\n\t\t\t\t<\/div>\n\t\t\t\t<\/div>\n\t\t<div class=\"elementor-element elementor-element-ced0ca1 e-con-full e-flex e-con e-child\" data-id=\"ced0ca1\" data-element_type=\"container\" data-e-type=\"container\">\n\t\t\t\t<div class=\"elementor-element elementor-element-77e3ab6 elementor-widget elementor-widget-wd_image_or_svg\" data-id=\"77e3ab6\" data-element_type=\"widget\" data-e-type=\"widget\" data-widget_type=\"wd_image_or_svg.default\">\n\t\t\t\t<div class=\"elementor-widget-container\">\n\t\t\t\t\t\n\t\t<div class=\"wd-image text-left\">\n\t\t\t\t\t\t\t\t<img loading=\"lazy\" decoding=\"async\" width=\"1200\" height=\"720\" src=\"https:\/\/lydenim.com\/wp-content\/uploads\/2024\/12\/\u9a8c\u5e03-1200x720.jpeg\" class=\"attachment-1200x720 size-1200x720\" alt=\"\" \/>\t\t\t\t\t<\/div>\n\n\t\t\t\t\t\t<\/div>\n\t\t\t\t<\/div>\n\t\t\t\t<\/div>\n\t\t\t\t<\/div>\n\t\t<div class=\"elementor-element elementor-element-f4b6343 e-con-full e-flex e-con e-child\" data-id=\"f4b6343\" data-element_type=\"container\" data-e-type=\"container\">\n\t\t<div class=\"elementor-element elementor-element-2427c07 e-con-full e-flex e-con e-child\" data-id=\"2427c07\" data-element_type=\"container\" data-e-type=\"container\">\n\t\t\t\t<div class=\"elementor-element elementor-element-7ea5bb5 wd-width-100 elementor-widget elementor-widget-wd_title\" data-id=\"7ea5bb5\" data-element_type=\"widget\" data-e-type=\"widget\" data-widget_type=\"wd_title.default\">\n\t\t\t\t<div class=\"elementor-widget-container\">\n\t\t\t\t\t\t\t<div class=\"title-wrapper wd-set-mb reset-last-child wd-title-color-primary wd-title-style-simple wd-title-size-default text-left\">\n\n\t\t\t\n\t\t\t<div class=\"liner-continer\">\n\t\t\t\t<h3 class=\"woodmart-title-container title wd-fontsize-l\">Soporte de marketing gratuito<\/h3> \n\t\t\t\t\t\t\t<\/div>\n\n\t\t\t\t\t\t\t<div class=\"title-after_title reset-last-child wd-fontsize-xs\">\n\t\t\t\t\t<p>Ofrecemos materiales de marketing gratuitos, que incluyen perchas para el cuidado del lavado y telas de muestra, as\u00ed como <strong><a href=\"http:\/\/liangyuantextile.m.en.alibaba.com\">personalizaci\u00f3n de prendas<\/a><\/strong> para apoyar sus esfuerzos promocionales.<\/p>\t\t\t\t<\/div>\n\t\t\t\t\t<\/div>\n\t\t\t\t\t\t<\/div>\n\t\t\t\t<\/div>\n\t\t\t\t<\/div>\n\t\t<div class=\"elementor-element elementor-element-641c3e7 e-con-full e-flex e-con e-child\" data-id=\"641c3e7\" data-element_type=\"container\" data-e-type=\"container\">\n\t\t\t\t<div class=\"elementor-element elementor-element-f1b919d elementor-widget elementor-widget-wd_image_or_svg\" data-id=\"f1b919d\" data-element_type=\"widget\" data-e-type=\"widget\" data-widget_type=\"wd_image_or_svg.default\">\n\t\t\t\t<div class=\"elementor-widget-container\">\n\t\t\t\t\t\n\t\t<div class=\"wd-image text-left\">\n\t\t\t\t\t\t\t\t<img loading=\"lazy\" decoding=\"async\" width=\"1200\" height=\"720\" src=\"https:\/\/lydenim.com\/wp-content\/uploads\/2024\/12\/d8144333735c344190ec2020600f50d-1200x720.jpg\" class=\"attachment-1200x720 size-1200x720\" alt=\"\" \/>\t\t\t\t\t<\/div>\n\n\t\t\t\t\t\t<\/div>\n\t\t\t\t<\/div>\n\t\t\t\t<\/div>\n\t\t\t\t<\/div>\n\t\t\t\t\t<\/div>\n\t\t\t\t<\/div>\n\t\t<div class=\"wd-negative-gap elementor-element elementor-element-8248b48 e-flex e-con-boxed e-con e-parent\" data-id=\"8248b48\" data-element_type=\"container\" data-e-type=\"container\">\n\t\t\t\t\t<div class=\"e-con-inner\">\n\t\t\t\t<div class=\"elementor-element elementor-element-6def8f0 wd-width-100 elementor-widget elementor-widget-wd_title\" data-id=\"6def8f0\" data-element_type=\"widget\" data-e-type=\"widget\" data-widget_type=\"wd_title.default\">\n\t\t\t\t<div class=\"elementor-widget-container\">\n\t\t\t\t\t\t\t<div class=\"title-wrapper wd-set-mb reset-last-child wd-title-color-default wd-title-style-default wd-title-size-default text-center\">\n\n\t\t\t\n\t\t\t<div class=\"liner-continer\">\n\t\t\t\t<h4 class=\"woodmart-title-container title wd-fontsize-l\">Nuestras ofertas integrales est\u00e1n dise\u00f1adas para ayudarlo a tener \u00e9xito en su negocio de mezclilla y prendas de vestir con eficiencia y facilidad.<\/h4> \n\t\t\t\t\t\t\t<\/div>\n\n\t\t\t\t\t<\/div>\n\t\t\t\t\t\t<\/div>\n\t\t\t\t<\/div>\n\t\t\t\t\t<\/div>\n\t\t\t\t<\/div>\n\t\t\t\t<\/div>","protected":false},"excerpt":{"rendered":"<p>\u00bfC\u00f3mo se beneficia de nuestros productos y servicios? 80% Telas en stock Nuestro almac\u00e9n est\u00e1 completamente abastecido con una<\/p>","protected":false},"author":2,"featured_media":0,"parent":0,"menu_order":0,"comment_status":"closed","ping_status":"closed","template":"","meta":{"two_page_speed":[],"footnotes":""},"class_list":["post-1838","page","type-page","status-publish","hentry"],"aioseo_notices":[],"_links":{"self":[{"href":"https:\/\/lydenim.com\/es\/wp-json\/wp\/v2\/pages\/1838","targetHints":{"allow":["GET"]}}],"collection":[{"href":"https:\/\/lydenim.com\/es\/wp-json\/wp\/v2\/pages"}],"about":[{"href":"https:\/\/lydenim.com\/es\/wp-json\/wp\/v2\/types\/page"}],"author":[{"embeddable":true,"href":"https:\/\/lydenim.com\/es\/wp-json\/wp\/v2\/users\/2"}],"replies":[{"embeddable":true,"href":"https:\/\/lydenim.com\/es\/wp-json\/wp\/v2\/comments?post=1838"}],"version-history":[{"count":21,"href":"https:\/\/lydenim.com\/es\/wp-json\/wp\/v2\/pages\/1838\/revisions"}],"predecessor-version":[{"id":5394,"href":"https:\/\/lydenim.com\/es\/wp-json\/wp\/v2\/pages\/1838\/revisions\/5394"}],"wp:attachment":[{"href":"https:\/\/lydenim.com\/es\/wp-json\/wp\/v2\/media?parent=1838"}],"curies":[{"name":"wp","href":"https:\/\/api.w.org\/{rel}","templated":true}]}}