{"id":1842,"date":"2024-12-02T14:14:39","date_gmt":"2024-12-02T06:14:39","guid":{"rendered":"https:\/\/lydenim.com\/?page_id=1842"},"modified":"2024-12-22T17:13:05","modified_gmt":"2024-12-22T09:13:05","slug":"manufacturing","status":"publish","type":"page","link":"https:\/\/lydenim.com\/es\/fabricacion\/","title":{"rendered":"Fabricaci\u00f3n"},"content":{"rendered":"<div data-elementor-type=\"wp-page\" data-elementor-id=\"1842\" class=\"elementor elementor-1842\" data-elementor-post-type=\"page\">\n\t\t\t\t<div class=\"wd-negative-gap elementor-element elementor-element-9a19a64 e-flex e-con-boxed e-con e-parent\" data-id=\"9a19a64\" data-element_type=\"container\" data-e-type=\"container\">\n\t\t\t\t\t<div class=\"e-con-inner\">\n\t\t<div class=\"elementor-element elementor-element-7ce5621 e-con-full e-flex e-con e-child\" data-id=\"7ce5621\" data-element_type=\"container\" data-e-type=\"container\">\n\t\t\t\t<div class=\"elementor-element elementor-element-e2dfc60 wd-width-100 elementor-widget elementor-widget-wd_title\" data-id=\"e2dfc60\" data-element_type=\"widget\" data-e-type=\"widget\" data-widget_type=\"wd_title.default\">\n\t\t\t\t<div class=\"elementor-widget-container\">\n\t\t\t\t\t\t\t<div class=\"title-wrapper wd-set-mb reset-last-child wd-title-color-primary wd-title-style-simple wd-title-size-default text-left\">\n\n\t\t\t\t\t\t\t\t\t\t\t<div class=\"title-subtitle subtitle-color-primary subtitle-style-default wd-fontsize-xs\">\n\t\t\t\t\tPrimer paso<br \/>\n\t\t\t\t<\/div>\n\t\t\t\n\t\t\t<div class=\"liner-continer\">\n\t\t\t\t<h2 class=\"woodmart-title-container title wd-fontsize-l\">Girando<\/h2> \n\t\t\t\t\t\t\t<\/div>\n\n\t\t\t\t\t\t\t<div class=\"title-after_title reset-last-child wd-fontsize-xs\">\n\t\t\t\t\t<p>Nuestra producci\u00f3n comienza con la transformaci\u00f3n del algod\u00f3n crudo en hilo de alta calidad. Mediante una avanzada tecnolog\u00eda de hilatura, seleccionamos cuidadosamente el algod\u00f3n de primera calidad y lo hilamos hasta convertirlo en hilo para nuestros tejidos. Cada lote de hilo se inspecciona meticulosamente para detectar cualquier inconsistencia, que se elimina para garantizar la m\u00e1xima calidad antes de pasar a la siguiente fase de producci\u00f3n.<\/p>\t\t\t\t<\/div>\n\t\t\t\t\t<\/div>\n\t\t\t\t\t\t<\/div>\n\t\t\t\t<\/div>\n\t\t\t\t<\/div>\n\t\t<div class=\"elementor-element elementor-element-d6d9f49 e-con-full e-flex e-con e-child\" data-id=\"d6d9f49\" data-element_type=\"container\" data-e-type=\"container\">\n\t\t\t\t<div class=\"elementor-element elementor-element-80d3936 elementor-widget elementor-widget-wd_image_or_svg\" data-id=\"80d3936\" data-element_type=\"widget\" data-e-type=\"widget\" data-widget_type=\"wd_image_or_svg.default\">\n\t\t\t\t<div class=\"elementor-widget-container\">\n\t\t\t\t\t\n\t\t<div class=\"wd-image text-left\">\n\t\t\t\t\t\t\t\t<img loading=\"lazy\" decoding=\"async\" width=\"1619\" height=\"1080\" src=\"https:\/\/lydenim.com\/wp-content\/uploads\/2024\/12\/\u7eba\u7eb1.jpeg\" class=\"attachment-full size-full\" alt=\"\" srcset=\"https:\/\/lydenim.com\/wp-content\/uploads\/2024\/12\/\u7eba\u7eb1.jpeg 1619w, https:\/\/lydenim.com\/wp-content\/uploads\/2024\/12\/\u7eba\u7eb1-150x100.jpeg 150w, https:\/\/lydenim.com\/wp-content\/uploads\/2024\/12\/\u7eba\u7eb1-600x400.jpeg 600w, https:\/\/lydenim.com\/wp-content\/uploads\/2024\/12\/\u7eba\u7eb1-300x200.jpeg 300w, https:\/\/lydenim.com\/wp-content\/uploads\/2024\/12\/\u7eba\u7eb1-1024x683.jpeg 1024w, https:\/\/lydenim.com\/wp-content\/uploads\/2024\/12\/\u7eba\u7eb1-768x512.jpeg 768w, https:\/\/lydenim.com\/wp-content\/uploads\/2024\/12\/\u7eba\u7eb1-1536x1025.jpeg 1536w, https:\/\/lydenim.com\/wp-content\/uploads\/2024\/12\/\u7eba\u7eb1-18x12.jpeg 18w\" sizes=\"auto, (max-width: 1619px) 100vw, 1619px\" \/>\t\t\t\t\t<\/div>\n\n\t\t\t\t\t\t<\/div>\n\t\t\t\t<\/div>\n\t\t\t\t<\/div>\n\t\t\t\t\t<\/div>\n\t\t\t\t<\/div>\n\t\t<div class=\"wd-negative-gap elementor-element elementor-element-2f93a8d e-flex e-con-boxed e-con e-parent\" data-id=\"2f93a8d\" data-element_type=\"container\" data-e-type=\"container\">\n\t\t\t\t\t<div class=\"e-con-inner\">\n\t\t<div class=\"elementor-element elementor-element-89f641b e-con-full e-flex e-con e-child\" data-id=\"89f641b\" data-element_type=\"container\" data-e-type=\"container\">\n\t\t\t\t<div class=\"elementor-element elementor-element-40dc53c wd-width-100 elementor-widget elementor-widget-wd_title\" data-id=\"40dc53c\" data-element_type=\"widget\" data-e-type=\"widget\" data-widget_type=\"wd_title.default\">\n\t\t\t\t<div class=\"elementor-widget-container\">\n\t\t\t\t\t\t\t<div class=\"title-wrapper wd-set-mb reset-last-child wd-title-color-primary wd-title-style-simple wd-title-size-default text-left\">\n\n\t\t\t\t\t\t\t\t\t\t\t<div class=\"title-subtitle subtitle-color-primary subtitle-style-default wd-fontsize-xs\">\n\t\t\t\t\t<br \/>\nPaso 2\t\t\t\t<\/div>\n\t\t\t\n\t\t\t<div class=\"liner-continer\">\n\t\t\t\t<h2 class=\"woodmart-title-container title wd-fontsize-l\">Te\u00f1ido<\/h2> \n\t\t\t\t\t\t\t<\/div>\n\n\t\t\t\t\t\t\t<div class=\"title-after_title reset-last-child wd-fontsize-xs\">\n\t\t\t\t\t<p>Tras hilar el hilo, procedemos a te\u00f1irlo mediante un proceso de tintura especializado. Los tintes de alta calidad se impregnan profundamente en las fibras, garantizando colores vibrantes y duraderos. El hilo se sumerge en el tinte de seis a nueve veces, lo que le permite absorber completamente el color y minimiza significativamente el riesgo de decoloraci\u00f3n.<\/p>\t\t\t\t<\/div>\n\t\t\t\t\t<\/div>\n\t\t\t\t\t\t<\/div>\n\t\t\t\t<\/div>\n\t\t\t\t<\/div>\n\t\t<div class=\"elementor-element elementor-element-0508d99 e-con-full e-flex e-con e-child\" data-id=\"0508d99\" data-element_type=\"container\" data-e-type=\"container\">\n\t\t\t\t<div class=\"elementor-element elementor-element-2a3ddad elementor-widget elementor-widget-wd_image_or_svg\" data-id=\"2a3ddad\" data-element_type=\"widget\" data-e-type=\"widget\" data-widget_type=\"wd_image_or_svg.default\">\n\t\t\t\t<div class=\"elementor-widget-container\">\n\t\t\t\t\t\n\t\t<div class=\"wd-image text-left\">\n\t\t\t\t\t\t\t\t<img loading=\"lazy\" decoding=\"async\" width=\"2560\" height=\"1440\" src=\"https:\/\/lydenim.com\/wp-content\/uploads\/2024\/12\/\u67d3\u82722-scaled.jpg\" class=\"attachment-full size-full\" alt=\"\" srcset=\"https:\/\/lydenim.com\/wp-content\/uploads\/2024\/12\/\u67d3\u82722-scaled.jpg 2560w, https:\/\/lydenim.com\/wp-content\/uploads\/2024\/12\/\u67d3\u82722-scaled-150x84.jpg 150w, https:\/\/lydenim.com\/wp-content\/uploads\/2024\/12\/\u67d3\u82722-scaled-600x338.jpg 600w, https:\/\/lydenim.com\/wp-content\/uploads\/2024\/12\/\u67d3\u82722-300x169.jpg 300w, https:\/\/lydenim.com\/wp-content\/uploads\/2024\/12\/\u67d3\u82722-1024x576.jpg 1024w, https:\/\/lydenim.com\/wp-content\/uploads\/2024\/12\/\u67d3\u82722-768x432.jpg 768w, https:\/\/lydenim.com\/wp-content\/uploads\/2024\/12\/\u67d3\u82722-1536x864.jpg 1536w, https:\/\/lydenim.com\/wp-content\/uploads\/2024\/12\/\u67d3\u82722-2048x1152.jpg 2048w, https:\/\/lydenim.com\/wp-content\/uploads\/2024\/12\/\u67d3\u82722-18x10.jpg 18w\" sizes=\"auto, (max-width: 2560px) 100vw, 2560px\" \/>\t\t\t\t\t<\/div>\n\n\t\t\t\t\t\t<\/div>\n\t\t\t\t<\/div>\n\t\t\t\t<\/div>\n\t\t\t\t\t<\/div>\n\t\t\t\t<\/div>\n\t\t<div class=\"wd-negative-gap elementor-element elementor-element-d091676 e-flex e-con-boxed e-con e-parent\" data-id=\"d091676\" data-element_type=\"container\" data-e-type=\"container\">\n\t\t\t\t\t<div class=\"e-con-inner\">\n\t\t<div class=\"elementor-element elementor-element-c084f4d e-con-full e-flex e-con e-child\" data-id=\"c084f4d\" data-element_type=\"container\" data-e-type=\"container\">\n\t\t\t\t<div class=\"elementor-element elementor-element-e29cb3e wd-width-100 elementor-widget elementor-widget-wd_title\" data-id=\"e29cb3e\" data-element_type=\"widget\" data-e-type=\"widget\" data-widget_type=\"wd_title.default\">\n\t\t\t\t<div class=\"elementor-widget-container\">\n\t\t\t\t\t\t\t<div class=\"title-wrapper wd-set-mb reset-last-child wd-title-color-primary wd-title-style-simple wd-title-size-default text-left\">\n\n\t\t\t\t\t\t\t\t\t\t\t<div class=\"title-subtitle subtitle-color-primary subtitle-style-default wd-fontsize-xs\">\n\t\t\t\t\tPaso 3<br \/>\n\t\t\t\t<\/div>\n\t\t\t\n\t\t\t<div class=\"liner-continer\">\n\t\t\t\t<h2 class=\"woodmart-title-container title wd-fontsize-l\">Tejer<\/h2> \n\t\t\t\t\t\t\t<\/div>\n\n\t\t\t\t\t\t\t<div class=\"title-after_title reset-last-child wd-fontsize-xs\">\n\t\t\t\t\t<p>Tras el proceso de te\u00f1ido, el hilo se teje cuidadosamente para crear el tejido vaquero duradero y flexible por el que somos famosos. Nuestra precisa t\u00e9cnica de tejido garantiza que la tela cumpla altos niveles de resistencia y flexibilidad. Tenemos especial cuidado en tejer el hilo de acuerdo con sus especificaciones, lo que nos permite crear dise\u00f1os personalizados que satisfagan sus requisitos exclusivos.<\/p>\t\t\t\t<\/div>\n\t\t\t\t\t<\/div>\n\t\t\t\t\t\t<\/div>\n\t\t\t\t<\/div>\n\t\t\t\t<\/div>\n\t\t<div class=\"elementor-element elementor-element-8084a14 e-con-full e-flex e-con e-child\" data-id=\"8084a14\" data-element_type=\"container\" data-e-type=\"container\">\n\t\t\t\t<div class=\"elementor-element elementor-element-a3fdcb8 elementor-widget elementor-widget-wd_image_or_svg\" data-id=\"a3fdcb8\" data-element_type=\"widget\" data-e-type=\"widget\" data-widget_type=\"wd_image_or_svg.default\">\n\t\t\t\t<div class=\"elementor-widget-container\">\n\t\t\t\t\t\n\t\t<div class=\"wd-image text-left\">\n\t\t\t\t\t\t\t\t<img loading=\"lazy\" decoding=\"async\" width=\"1120\" height=\"720\" src=\"https:\/\/lydenim.com\/wp-content\/uploads\/2024\/12\/\u5e8f\u5217-Sequence-01.00_05_27_10.Still031-scaled-1120x720.jpg\" class=\"attachment-1120x720 size-1120x720\" alt=\"\" \/>\t\t\t\t\t<\/div>\n\n\t\t\t\t\t\t<\/div>\n\t\t\t\t<\/div>\n\t\t\t\t<\/div>\n\t\t\t\t\t<\/div>\n\t\t\t\t<\/div>\n\t\t<div class=\"wd-negative-gap elementor-element elementor-element-fe3c49d e-flex e-con-boxed e-con e-parent\" data-id=\"fe3c49d\" data-element_type=\"container\" data-e-type=\"container\">\n\t\t\t\t\t<div class=\"e-con-inner\">\n\t\t<div class=\"elementor-element elementor-element-1170f79 e-con-full e-flex e-con e-child\" data-id=\"1170f79\" data-element_type=\"container\" data-e-type=\"container\">\n\t\t\t\t<div class=\"elementor-element elementor-element-d965dc6 wd-width-100 elementor-widget elementor-widget-wd_title\" data-id=\"d965dc6\" data-element_type=\"widget\" data-e-type=\"widget\" data-widget_type=\"wd_title.default\">\n\t\t\t\t<div class=\"elementor-widget-container\">\n\t\t\t\t\t\t\t<div class=\"title-wrapper wd-set-mb reset-last-child wd-title-color-primary wd-title-style-simple wd-title-size-default text-left\">\n\n\t\t\t\t\t\t\t\t\t\t\t<div class=\"title-subtitle subtitle-color-primary subtitle-style-default wd-fontsize-xs\">\n\t\t\t\t\t<br \/>\nPaso 4\t\t\t\t<\/div>\n\t\t\t\n\t\t\t<div class=\"liner-continer\">\n\t\t\t\t<h2 class=\"woodmart-title-container title wd-fontsize-l\">Retractilado y desencolado<\/h2> \n\t\t\t\t\t\t\t<\/div>\n\n\t\t\t\t\t\t\t<div class=\"title-after_title reset-last-child wd-fontsize-xs\">\n\t\t\t\t\t<p>Tras el te\u00f1ido y el tejido, la tela se somete a varios tratamientos para minimizar el riesgo de encogimiento y desencolado. Nuestros procesos incluyen el chamuscado, la mercerizaci\u00f3n y el preencogimiento, entre otros, lo que garantiza que el tejido mantenga su tama\u00f1o y forma. Estos m\u00e9todos ayudan a que el tejido conserve sus medidas precisas a lo largo del tiempo, proporcionando una calidad y un rendimiento constantes.<\/p>\t\t\t\t<\/div>\n\t\t\t\t\t<\/div>\n\t\t\t\t\t\t<\/div>\n\t\t\t\t<\/div>\n\t\t\t\t<\/div>\n\t\t<div class=\"elementor-element elementor-element-41e8d51 e-con-full e-flex e-con e-child\" data-id=\"41e8d51\" data-element_type=\"container\" data-e-type=\"container\">\n\t\t\t\t<div class=\"elementor-element elementor-element-df769a8 elementor-widget elementor-widget-wd_image_or_svg\" data-id=\"df769a8\" data-element_type=\"widget\" data-e-type=\"widget\" data-widget_type=\"wd_image_or_svg.default\">\n\t\t\t\t<div class=\"elementor-widget-container\">\n\t\t\t\t\t\n\t\t<div class=\"wd-image text-left\">\n\t\t\t\t\t\t\t\t<img loading=\"lazy\" decoding=\"async\" width=\"1120\" height=\"720\" src=\"https:\/\/lydenim.com\/wp-content\/uploads\/2024\/12\/\u540e\u6574-scaled-1120x720.jpg\" class=\"attachment-1120x720 size-1120x720\" alt=\"\" \/>\t\t\t\t\t<\/div>\n\n\t\t\t\t\t\t<\/div>\n\t\t\t\t<\/div>\n\t\t\t\t<\/div>\n\t\t\t\t\t<\/div>\n\t\t\t\t<\/div>\n\t\t<div class=\"wd-negative-gap elementor-element elementor-element-4af0ea9 e-flex e-con-boxed e-con e-parent\" data-id=\"4af0ea9\" data-element_type=\"container\" data-e-type=\"container\">\n\t\t\t\t\t<div class=\"e-con-inner\">\n\t\t<div class=\"elementor-element elementor-element-9e8cf70 e-con-full e-flex e-con e-child\" data-id=\"9e8cf70\" data-element_type=\"container\" data-e-type=\"container\">\n\t\t\t\t<div class=\"elementor-element elementor-element-2bd545f wd-width-100 elementor-widget elementor-widget-wd_title\" data-id=\"2bd545f\" data-element_type=\"widget\" data-e-type=\"widget\" data-widget_type=\"wd_title.default\">\n\t\t\t\t<div class=\"elementor-widget-container\">\n\t\t\t\t\t\t\t<div class=\"title-wrapper wd-set-mb reset-last-child wd-title-color-primary wd-title-style-simple wd-title-size-default text-left\">\n\n\t\t\t\t\t\t\t\t\t\t\t<div class=\"title-subtitle subtitle-color-primary subtitle-style-default wd-fontsize-xs\">\n\t\t\t\t\t<br \/>\nPaso 5\t\t\t\t<\/div>\n\t\t\t\n\t\t\t<div class=\"liner-continer\">\n\t\t\t\t<h2 class=\"woodmart-title-container title wd-fontsize-l\">Inspecci\u00f3n y almacenamiento<\/h2> \n\t\t\t\t\t\t\t<\/div>\n\n\t\t\t\t\t\t\t<div class=\"title-after_title reset-last-child wd-fontsize-xs\">\n\t\t\t\t\t<p>Antes de que nuestros tejidos entren en el almac\u00e9n, son sometidos a rigurosas inspecciones por parte de nuestro equipo de control de calidad para garantizar su coherencia y un alto nivel de calidad. Una vez en el almac\u00e9n, se seleccionan muestras para someterlas a pruebas adicionales que verifiquen su calidad. Estas minuciosas inspecciones previas al env\u00edo garantizan que usted reciba s\u00f3lo los mejores tejidos que cumplan las expectativas de su marca.<\/p>\t\t\t\t<\/div>\n\t\t\t\t\t<\/div>\n\t\t\t\t\t\t<\/div>\n\t\t\t\t<\/div>\n\t\t\t\t<\/div>\n\t\t<div class=\"elementor-element elementor-element-f766968 e-con-full e-flex e-con e-child\" data-id=\"f766968\" data-element_type=\"container\" data-e-type=\"container\">\n\t\t\t\t<div class=\"elementor-element elementor-element-8e4ea4a elementor-widget elementor-widget-wd_image_or_svg\" data-id=\"8e4ea4a\" data-element_type=\"widget\" data-e-type=\"widget\" data-widget_type=\"wd_image_or_svg.default\">\n\t\t\t\t<div class=\"elementor-widget-container\">\n\t\t\t\t\t\n\t\t<div class=\"wd-image text-left\">\n\t\t\t\t\t\t\t\t<img loading=\"lazy\" decoding=\"async\" width=\"1120\" height=\"720\" src=\"https:\/\/lydenim.com\/wp-content\/uploads\/2024\/12\/\u88c5\u67dc-1120x720.jpeg\" class=\"attachment-1120x720 size-1120x720\" alt=\"\" \/>\t\t\t\t\t<\/div>\n\n\t\t\t\t\t\t<\/div>\n\t\t\t\t<\/div>\n\t\t\t\t<\/div>\n\t\t\t\t\t<\/div>\n\t\t\t\t<\/div>\n\t\t\t\t<\/div>","protected":false},"excerpt":{"rendered":"<p>Paso 1: Hilado. Nuestra producci\u00f3n comienza con la transformaci\u00f3n del algod\u00f3n crudo en hilo de alta calidad. Utilizando tecnolog\u00eda de hilado avanzada, seleccionamos cuidadosamente...<\/p>","protected":false},"author":2,"featured_media":0,"parent":0,"menu_order":0,"comment_status":"closed","ping_status":"closed","template":"","meta":{"two_page_speed":[],"footnotes":""},"class_list":["post-1842","page","type-page","status-publish","hentry"],"aioseo_notices":[],"_links":{"self":[{"href":"https:\/\/lydenim.com\/es\/wp-json\/wp\/v2\/pages\/1842","targetHints":{"allow":["GET"]}}],"collection":[{"href":"https:\/\/lydenim.com\/es\/wp-json\/wp\/v2\/pages"}],"about":[{"href":"https:\/\/lydenim.com\/es\/wp-json\/wp\/v2\/types\/page"}],"author":[{"embeddable":true,"href":"https:\/\/lydenim.com\/es\/wp-json\/wp\/v2\/users\/2"}],"replies":[{"embeddable":true,"href":"https:\/\/lydenim.com\/es\/wp-json\/wp\/v2\/comments?post=1842"}],"version-history":[{"count":28,"href":"https:\/\/lydenim.com\/es\/wp-json\/wp\/v2\/pages\/1842\/revisions"}],"predecessor-version":[{"id":2583,"href":"https:\/\/lydenim.com\/es\/wp-json\/wp\/v2\/pages\/1842\/revisions\/2583"}],"wp:attachment":[{"href":"https:\/\/lydenim.com\/es\/wp-json\/wp\/v2\/media?parent=1842"}],"curies":[{"name":"wp","href":"https:\/\/api.w.org\/{rel}","templated":true}]}}