{"id":2798,"date":"2025-01-05T20:53:52","date_gmt":"2025-01-05T12:53:52","guid":{"rendered":"https:\/\/lydenim.com\/?post_type=product&#038;p=2798"},"modified":"2025-01-05T20:56:44","modified_gmt":"2025-01-05T12:56:44","slug":"hy2060-blue-denim-fabric-durable-yarn-dyed-material","status":"publish","type":"product","link":"https:\/\/lydenim.com\/es\/producto\/tela-vaquera-azul-hy2060-material-duradero-tenido-con-hilo\/","title":{"rendered":"HY2060 Tela vaquera azul: material duradero te\u00f1ido en hilo"},"content":{"rendered":"<h4>Descripci\u00f3n general del producto<\/h4>\n<p><strong>N\u00famero de modelo<\/strong>:HY2060<br \/>\n<strong>Tipo<\/strong>:Tela vaquera te\u00f1ida en hilo de primera calidad<\/p>\n<h4>Composici\u00f3n del material<\/h4>\n<p>Esta tela de mezclilla est\u00e1 dise\u00f1ada para brindar rendimiento y comodidad, con una mezcla de fibras bien equilibrada:<\/p>\n<ul>\n<li><strong>Algod\u00f3n (C)<\/strong>:67.6%, que ofrece suavidad, transpirabilidad y una sensaci\u00f3n natural para m\u00e1xima comodidad.<\/li>\n<li><strong>Poli\u00e9ster (T)<\/strong>:31.1%, que proporciona durabilidad, resistencia a las arrugas y excelente retenci\u00f3n del color.<\/li>\n<li><strong>Spandex (SP)<\/strong>:1.3%, garantizando flexibilidad y estiramiento para un mejor ajuste y facilidad de movimiento.<\/li>\n<\/ul>\n<p>Esta combinaci\u00f3n crea una tela ideal tanto para uso diario como para aplicaciones de trabajo pesado.<\/p>\n<h4>Caracter\u00edsticas principales<\/h4>\n<ul>\n<li><strong>Color<\/strong>:Azul, un tono atemporal y vers\u00e1til que se adapta a distintos estilos de prendas.<\/li>\n<li><strong>Patr\u00f3n<\/strong>:Te\u00f1ido en hilo, garantizando colores vibrantes y resistentes a la decoloraci\u00f3n.<\/li>\n<li><strong>T\u00e9cnica<\/strong>:Tejido con precisi\u00f3n para una textura suave y una estructura robusta.<\/li>\n<li><strong>Anchura<\/strong>:158-160 cm (62,2-63 pulgadas), lo que proporciona una cobertura adecuada para un corte de patrones eficiente.<\/li>\n<li><strong>Peso<\/strong>:10,8 oz, un tejido de peso medio que equilibra durabilidad y comodidad.<\/li>\n<li><strong>Recuento de hilos<\/strong>:10s, ofreciendo una textura duradera adecuada para una amplia gama de aplicaciones.<\/li>\n<\/ul>\n<h4>Aplicaciones<\/h4>\n<p>Esta tela vers\u00e1til es perfecta para:<\/p>\n<ul>\n<li><strong>Ropa casual y de trabajo<\/strong>:Ideal para jeans, pantalones, vestidos y chaquetas.<\/li>\n<li><strong>Uniformes<\/strong>:Ofrece la resistencia y durabilidad necesarias para entornos profesionales e industriales.<\/li>\n<li><strong>Dise\u00f1os unisex<\/strong>:Adecuado tanto para ropa de hombre como de mujer, ampliando su atractivo.<\/li>\n<\/ul>\n<h4>Fabricaci\u00f3n y personalizaci\u00f3n<\/h4>\n<ul>\n<li><strong>Lugar de origen<\/strong>:China, garantizando est\u00e1ndares de producci\u00f3n de alta calidad a trav\u00e9s de t\u00e9cnicas avanzadas de tejido y te\u00f1ido.<\/li>\n<li><strong>Tipo de suministro<\/strong>:Fabricaci\u00f3n bajo pedido, lo que permite especificaciones personalizadas en funci\u00f3n de los requisitos de su proyecto.<\/li>\n<li><strong>Opciones de personalizaci\u00f3n<\/strong>:Se pueden ajustar el ancho, el peso y otros par\u00e1metros para pedidos al por mayor.<\/li>\n<\/ul>\n<h4>Detalles t\u00e9cnicos<\/h4>\n<p>Las medidas de la tela pueden variar ligeramente entre lotes de producci\u00f3n debido a los procesos de fabricaci\u00f3n est\u00e1ndar. Para garantizar la precisi\u00f3n, recomendamos solicitar una muestra para su verificaci\u00f3n.<\/p>\n<h4><a href=\"https:\/\/lydenim.com\/es\/contacto\/\">Contacto<\/a><\/h4>\n<p>Para consultas sobre precios al por mayor, personalizaci\u00f3n o m\u00e1s detalles del producto, no dude en contactarnos. Estamos aqu\u00ed para ayudarle a encontrar la soluci\u00f3n textil ideal para sus necesidades.<\/p>","protected":false},"excerpt":{"rendered":"<p>Descripci\u00f3n del Producto:<\/p>\n<h3>N\u00famero de modelo: HY2060<br \/>\nTipo: Tela vaquera<br \/>\nComposici\u00f3n del material: C: 67.6% (algod\u00f3n), T: 31.1% (poli\u00e9ster), SP: 1.3% (spandex)<br \/>\nColor: Azul<br \/>\nPatr\u00f3n: Hilo te\u00f1ido<br \/>\nT\u00e9cnica: Tejido<br \/>\nAncho: 158-160 cm (62,2-63 pulgadas)<br \/>\nPeso: 10,8 oz<br \/>\nN\u00famero de hilos: 10s<br \/>\nUso: Adecuado para prendas como vestidos, pantalones, jeans y uniformes.<br \/>\nAplicable a: Tanto mujeres como hombres<br \/>\nLugar de origen: China<br \/>\nTipo de suministro: Fabricaci\u00f3n bajo pedido<br \/>\nDatos del producto: Las medidas de muestra se basan en patrones espec\u00edficos y pueden variar seg\u00fan el lote de producci\u00f3n.<\/h3>","protected":false},"featured_media":2799,"template":"","meta":[],"product_brand":[],"product_cat":[55,41,20,30,31],"product_tag":[],"class_list":{"0":"post-2798","1":"product","2":"type-product","3":"status-publish","4":"has-post-thumbnail","6":"product_cat-10s-spuer-siro","7":"product_cat-10s","8":"product_cat-cotton-woven-fabric","9":"product_cat-cotton-polyster-spandex-denim-fabric","10":"product_cat-high-stretch-denim-fabric","12":"first","13":"instock","14":"shipping-taxable","15":"product-type-simple"},"aioseo_notices":[],"_links":{"self":[{"href":"https:\/\/lydenim.com\/es\/wp-json\/wp\/v2\/product\/2798","targetHints":{"allow":["GET"]}}],"collection":[{"href":"https:\/\/lydenim.com\/es\/wp-json\/wp\/v2\/product"}],"about":[{"href":"https:\/\/lydenim.com\/es\/wp-json\/wp\/v2\/types\/product"}],"version-history":[{"count":1,"href":"https:\/\/lydenim.com\/es\/wp-json\/wp\/v2\/product\/2798\/revisions"}],"predecessor-version":[{"id":2800,"href":"https:\/\/lydenim.com\/es\/wp-json\/wp\/v2\/product\/2798\/revisions\/2800"}],"wp:featuredmedia":[{"embeddable":true,"href":"https:\/\/lydenim.com\/es\/wp-json\/wp\/v2\/media\/2799"}],"wp:attachment":[{"href":"https:\/\/lydenim.com\/es\/wp-json\/wp\/v2\/media?parent=2798"}],"wp:term":[{"taxonomy":"product_brand","embeddable":true,"href":"https:\/\/lydenim.com\/es\/wp-json\/wp\/v2\/product_brand?post=2798"},{"taxonomy":"product_cat","embeddable":true,"href":"https:\/\/lydenim.com\/es\/wp-json\/wp\/v2\/product_cat?post=2798"},{"taxonomy":"product_tag","embeddable":true,"href":"https:\/\/lydenim.com\/es\/wp-json\/wp\/v2\/product_tag?post=2798"}],"curies":[{"name":"wp","href":"https:\/\/api.w.org\/{rel}","templated":true}]}}