{"id":2867,"date":"2025-01-08T14:10:37","date_gmt":"2025-01-08T06:10:37","guid":{"rendered":"https:\/\/lydenim.com\/?post_type=product&#038;p=2867"},"modified":"2025-01-08T14:19:27","modified_gmt":"2025-01-08T06:19:27","slug":"sn1061-4-special-blue-gray-denim-fabric","status":"publish","type":"product","link":"https:\/\/lydenim.com\/es\/producto\/sn1061-4-tela-vaquera-especial-azul-grisacea\/","title":{"rendered":"SN1061-4 Tejido especial de mezclilla azul y gris"},"content":{"rendered":"<h4>Descripci\u00f3n general del producto<\/h4>\n<p><strong>N\u00famero de modelo<\/strong>:SN1061-4<br \/>\n<strong>Tipo<\/strong>:Tela vaquera te\u00f1ida en hilo de primera calidad<\/p>\n<h4>Composici\u00f3n del material<\/h4>\n<p>Esta tela est\u00e1 confeccionada con una mezcla equilibrada de materiales para garantizar un rendimiento superior:<\/p>\n<ul>\n<li><strong>Algod\u00f3n (C)<\/strong>:65.9%, ofreciendo suavidad y transpirabilidad.<\/li>\n<li><strong>Poli\u00e9ster (T)<\/strong>:32.6%, mejorando la resistencia y la durabilidad.<\/li>\n<li><strong>Spandex (SP)<\/strong>:1.5%, que proporciona la cantidad justa de elasticidad para un uso c\u00f3modo.<\/li>\n<\/ul>\n<h4>Caracter\u00edsticas principales<\/h4>\n<ul>\n<li><strong>Color<\/strong>:Azul Especial + Gris, una combinaci\u00f3n de tonos sofisticada y vers\u00e1til.<\/li>\n<li><strong>Patr\u00f3n<\/strong>:Te\u00f1ido en hilo para un acabado de color vibrante y consistente.<\/li>\n<li><strong>T\u00e9cnica<\/strong>:Tejido para una excelente textura y durabilidad.<\/li>\n<li><strong>Anchura<\/strong>:160-161 cm (63-63,4 pulgadas), adecuado para varios dise\u00f1os de prendas.<\/li>\n<li><strong>Peso<\/strong>:10,9 oz (360 g), ofreciendo el equilibrio perfecto para el uso diario y profesional.<\/li>\n<li><strong>Recuento de hilos<\/strong>:10s, ofreciendo una textura suave que no es ni demasiado gruesa ni demasiado fina.<\/li>\n<\/ul>\n<h4>Aplicaciones<\/h4>\n<p>La tela vaquera SN1061-4 es perfecta para:<\/p>\n<ul>\n<li><strong>Ropa casual<\/strong>:Jeans, chaquetas y vestidos.<\/li>\n<li><strong>Ropa de trabajo y uniformes<\/strong>:Lo suficientemente resistente para soportar el uso diario.<\/li>\n<li><strong>Ropa de moda<\/strong>:Adecuado tanto para ropa de hombre como de mujer, ofreciendo opciones elegantes y contempor\u00e1neas.<\/li>\n<\/ul>\n<h4>Fabricaci\u00f3n y personalizaci\u00f3n<\/h4>\n<ul>\n<li><strong>Lugar de origen<\/strong>:China, utilizando procesos de fabricaci\u00f3n avanzados para garantizar una calidad constante.<\/li>\n<li><strong>Tipo de suministro<\/strong>:Fabricado bajo pedido, adaptado a sus necesidades espec\u00edficas.<\/li>\n<li><strong>Opciones de personalizaci\u00f3n<\/strong>:El ancho, el peso y otras especificaciones se pueden ajustar seg\u00fan las necesidades del cliente.<\/li>\n<\/ul>\n<h4>Datos del producto<\/h4>\n<p>Disponemos de muestras para una evaluaci\u00f3n pr\u00e1ctica de la calidad de la tela. Tenga en cuenta que pueden producirse ligeras variaciones en las medidas entre lotes de producci\u00f3n.<\/p>\n<h4>\u00bfPor qu\u00e9 elegir la tela vaquera SN1061-4?<\/h4>\n<ul>\n<li><strong>Durabilidad<\/strong>:Las fibras de alta resistencia garantizan un producto duradero.<\/li>\n<li><strong>Comodidad<\/strong>:Una mezcla perfecta de algod\u00f3n y elastano para flexibilidad y suavidad.<\/li>\n<li><strong>Versatilidad de estilo<\/strong>:Ideal para crear prendas tanto casuales como formales.<\/li>\n<\/ul>\n<h4><a href=\"https:\/\/lydenim.com\/es\/contacto\/\">Contacto<\/a><\/h4>\n<p>Para consultas, solicitudes de muestras u opciones de personalizaci\u00f3n, cont\u00e1ctenos hoy mismo. Nos comprometemos a ofrecer telas excepcionales adaptadas a sus necesidades.<\/p>","protected":false},"excerpt":{"rendered":"<p>Descripci\u00f3n del Producto:<\/p>\n<h3>N\u00famero de modelo: SN1061-4<br \/>\nTipo: Tela vaquera<br \/>\nComposici\u00f3n del material: C: 65,91 TP3T (algod\u00f3n), SP: 1,51 TP3T (spandex), T: 32,61 TP3T (poli\u00e9ster)<br \/>\nColor: Azul especial + gris<br \/>\nPatr\u00f3n: Hilo te\u00f1ido<br \/>\nT\u00e9cnica: Tejido<br \/>\nAncho: 160-161 cm (63-63,4 pulgadas)<br \/>\nPeso: 10,9 oz (360 g)<br \/>\nN\u00famero de hilos: 10s<br \/>\nUso: Adecuado para prendas como vestidos, pantalones, jeans y uniformes.<br \/>\nAplicable a: Tanto mujeres como hombres<br \/>\nLugar de origen: China<br \/>\nTipo de suministro: Fabricaci\u00f3n bajo pedido<br \/>\nDatos del producto: Las medidas de muestra se basan en patrones espec\u00edficos y pueden variar seg\u00fan el lote de producci\u00f3n.<\/h3>","protected":false},"featured_media":2873,"template":"","meta":[],"product_brand":[],"product_cat":[55,41,20,30,31],"product_tag":[],"class_list":{"0":"post-2867","1":"product","2":"type-product","3":"status-publish","4":"has-post-thumbnail","6":"product_cat-10s-spuer-siro","7":"product_cat-10s","8":"product_cat-cotton-woven-fabric","9":"product_cat-cotton-polyster-spandex-denim-fabric","10":"product_cat-high-stretch-denim-fabric","12":"first","13":"instock","14":"shipping-taxable","15":"product-type-simple"},"aioseo_notices":[],"_links":{"self":[{"href":"https:\/\/lydenim.com\/es\/wp-json\/wp\/v2\/product\/2867","targetHints":{"allow":["GET"]}}],"collection":[{"href":"https:\/\/lydenim.com\/es\/wp-json\/wp\/v2\/product"}],"about":[{"href":"https:\/\/lydenim.com\/es\/wp-json\/wp\/v2\/types\/product"}],"version-history":[{"count":2,"href":"https:\/\/lydenim.com\/es\/wp-json\/wp\/v2\/product\/2867\/revisions"}],"predecessor-version":[{"id":2875,"href":"https:\/\/lydenim.com\/es\/wp-json\/wp\/v2\/product\/2867\/revisions\/2875"}],"wp:featuredmedia":[{"embeddable":true,"href":"https:\/\/lydenim.com\/es\/wp-json\/wp\/v2\/media\/2873"}],"wp:attachment":[{"href":"https:\/\/lydenim.com\/es\/wp-json\/wp\/v2\/media?parent=2867"}],"wp:term":[{"taxonomy":"product_brand","embeddable":true,"href":"https:\/\/lydenim.com\/es\/wp-json\/wp\/v2\/product_brand?post=2867"},{"taxonomy":"product_cat","embeddable":true,"href":"https:\/\/lydenim.com\/es\/wp-json\/wp\/v2\/product_cat?post=2867"},{"taxonomy":"product_tag","embeddable":true,"href":"https:\/\/lydenim.com\/es\/wp-json\/wp\/v2\/product_tag?post=2867"}],"curies":[{"name":"wp","href":"https:\/\/api.w.org\/{rel}","templated":true}]}}