{"id":2892,"date":"2025-01-08T14:42:46","date_gmt":"2025-01-08T06:42:46","guid":{"rendered":"https:\/\/lydenim.com\/?post_type=product&#038;p=2892"},"modified":"2025-01-08T15:06:33","modified_gmt":"2025-01-08T07:06:33","slug":"bottom-fabric-printing-diverse-patterns-custom-options","status":"publish","type":"product","link":"https:\/\/lydenim.com\/es\/producto\/impresion-de-tela-inferior-con-diversos-patrones-y-opciones-personalizadas\/","title":{"rendered":"Impresi\u00f3n de telas inferiores: patrones diversos y opciones personalizadas"},"content":{"rendered":"<h2><strong>Impresi\u00f3n de tela inferior<\/strong> Es un innovador proceso de dise\u00f1o textil que mejora la est\u00e9tica y la funcionalidad de la tela al imprimir patrones \u00fanicos en su parte inferior.<\/h2>\n<ul>\n<li>\n<h2><strong>Diversas opciones de patrones<\/strong>:Admite formas geom\u00e9tricas, texturas florales, dise\u00f1os abstractos o logotipos de marca para adaptarse a diversas necesidades.<\/h2>\n<\/li>\n<li>\n<h2><strong>Aplicable a m\u00faltiples materiales<\/strong>:Compatible con algod\u00f3n, mezclas de poli\u00e9ster, mezclilla y m\u00e1s, lo que garantiza colores vibrantes y duraderos.<\/h2>\n<\/li>\n<li>\n<h2><strong>Proceso ecol\u00f3gico<\/strong>:Utiliza tintes respetuosos con el medio ambiente y t\u00e9cnicas precisas para ofrecer impresiones de alta resoluci\u00f3n manteniendo la suavidad y la comodidad de la tela.<\/h2>\n<\/li>\n<li>\n<h2><strong>Amplios escenarios de aplicaci\u00f3n<\/strong>:Desde prendas de vestir hasta textiles para el hogar, pasando por tejidos funcionales como ropa de trabajo o ropa de exterior.<\/h2>\n<\/li>\n<\/ul>\n<h2>Tambi\u00e9n ofrecemos servicios de personalizaci\u00f3n, dise\u00f1ando patrones y colores exclusivos seg\u00fan sus requisitos espec\u00edficos para agregar valor \u00fanico a sus productos.<\/h2>","protected":false},"excerpt":{"rendered":"<p><strong>Impresi\u00f3n de tela inferior<\/strong> Es un innovador proceso de dise\u00f1o textil que mejora la est\u00e9tica y la funcionalidad de la tela al imprimir patrones \u00fanicos en su parte inferior.<\/p>\n<ul>\n<li><strong>Diversas opciones de patrones<\/strong>:Admite formas geom\u00e9tricas, texturas florales, dise\u00f1os abstractos o logotipos de marca para adaptarse a diversas necesidades.<\/li>\n<li><strong>Aplicable a m\u00faltiples materiales<\/strong>:Compatible con algod\u00f3n, mezclas de poli\u00e9ster, mezclilla y m\u00e1s, lo que garantiza colores vibrantes y duraderos.<\/li>\n<li><strong>Proceso ecol\u00f3gico<\/strong>:Utiliza tintes respetuosos con el medio ambiente y t\u00e9cnicas precisas para ofrecer impresiones de alta resoluci\u00f3n manteniendo la suavidad y la comodidad de la tela.<\/li>\n<li><strong>Amplios escenarios de aplicaci\u00f3n<\/strong>:Desde prendas de vestir hasta textiles para el hogar, pasando por tejidos funcionales como ropa de trabajo o ropa de exterior.<\/li>\n<\/ul>\n<p>Tambi\u00e9n ofrecemos servicios de personalizaci\u00f3n, dise\u00f1ando patrones y colores exclusivos seg\u00fan sus requisitos espec\u00edficos para agregar valor \u00fanico a sus productos.<\/p>","protected":false},"featured_media":2902,"template":"","meta":[],"product_brand":[],"product_cat":[48,41,55,49,42,56,57,50,43,45,38,52,39,53,46,40,54,47,20,30,31,36,33,44,37,51,34,58],"product_tag":[],"class_list":{"0":"post-2892","1":"product","2":"type-product","3":"status-publish","4":"has-post-thumbnail","6":"product_cat-10s-oe","7":"product_cat-10s","8":"product_cat-10s-spuer-siro","9":"product_cat-12s-oe","10":"product_cat-12s","11":"product_cat-12s-spuer-siro","12":"product_cat-16s-spuer-siro","13":"product_cat-16s-oe","14":"product_cat-16s","15":"product_cat-6s-oe","16":"product_cat-6s","17":"product_cat-6s-spuer-siro","18":"product_cat-7s","19":"product_cat-7s-spuer-siro","20":"product_cat-7s-oe","21":"product_cat-8s","22":"product_cat-8s-spuer-siro","23":"product_cat-8s-oe","24":"product_cat-cotton-woven-fabric","25":"product_cat-cotton-polyster-spandex-denim-fabric","26":"product_cat-high-stretch-denim-fabric","27":"product_cat-knit-fabric","28":"product_cat-non-elastic","29":"product_cat-oe","30":"product_cat-siro","31":"product_cat-spuer-siro","32":"product_cat-twill-fabric","33":"product_cat-ungrouped","35":"first","36":"instock","37":"shipping-taxable","38":"product-type-simple"},"aioseo_notices":[],"_links":{"self":[{"href":"https:\/\/lydenim.com\/es\/wp-json\/wp\/v2\/product\/2892","targetHints":{"allow":["GET"]}}],"collection":[{"href":"https:\/\/lydenim.com\/es\/wp-json\/wp\/v2\/product"}],"about":[{"href":"https:\/\/lydenim.com\/es\/wp-json\/wp\/v2\/types\/product"}],"version-history":[{"count":2,"href":"https:\/\/lydenim.com\/es\/wp-json\/wp\/v2\/product\/2892\/revisions"}],"predecessor-version":[{"id":2907,"href":"https:\/\/lydenim.com\/es\/wp-json\/wp\/v2\/product\/2892\/revisions\/2907"}],"wp:featuredmedia":[{"embeddable":true,"href":"https:\/\/lydenim.com\/es\/wp-json\/wp\/v2\/media\/2902"}],"wp:attachment":[{"href":"https:\/\/lydenim.com\/es\/wp-json\/wp\/v2\/media?parent=2892"}],"wp:term":[{"taxonomy":"product_brand","embeddable":true,"href":"https:\/\/lydenim.com\/es\/wp-json\/wp\/v2\/product_brand?post=2892"},{"taxonomy":"product_cat","embeddable":true,"href":"https:\/\/lydenim.com\/es\/wp-json\/wp\/v2\/product_cat?post=2892"},{"taxonomy":"product_tag","embeddable":true,"href":"https:\/\/lydenim.com\/es\/wp-json\/wp\/v2\/product_tag?post=2892"}],"curies":[{"name":"wp","href":"https:\/\/api.w.org\/{rel}","templated":true}]}}