{"id":2984,"date":"2025-02-10T15:01:39","date_gmt":"2025-02-10T07:01:39","guid":{"rendered":"https:\/\/lydenim.com\/?post_type=product&#038;p=2984"},"modified":"2025-02-10T15:17:15","modified_gmt":"2025-02-10T07:17:15","slug":"jacquard-fabric-53203","status":"publish","type":"product","link":"https:\/\/lydenim.com\/es\/producto\/tejido-jacquard-53203\/","title":{"rendered":"Proveedor chino de tela jacquard cruzada personalizada 53203 Productos de alta gama, dise\u00f1o de ropa"},"content":{"rendered":"<ul>\n<li>\n<h3>\ud83c\udf3f <strong>Descripci\u00f3n general del producto<\/strong><\/h3>\n<p><strong>N\u00famero de modelo:<\/strong> 53203<br \/>\n<strong>Tipo:<\/strong> <a href=\"https:\/\/lydenim.com\/es\/product-category\/aesthetic-collection\/\">Tejido Jacquard (<strong>Dise\u00f1o de inspiraci\u00f3n cruzada<\/strong>)<\/a><\/p>\n<h3>\ud83e\uddf5 <strong>Composici\u00f3n del material<\/strong><\/h3>\n<p>\ud83d\udd39 <strong>Algod\u00f3n 80%<\/strong> (Suave, transpirable e hipoalerg\u00e9nico)<br \/>\n\ud83d\udd39 <strong>Poli\u00e9ster 20%<\/strong> (Resistente a las arrugas y duradero)<\/p>\n<h3>\ud83c\udfa8 <strong>Opciones de color<\/strong><\/h3>\n<ul>\n<li><strong>Azul<\/strong><\/li>\n<li><em>(Colores personalizados disponibles a pedido)<\/em><\/li>\n<\/ul>\n<h3>\ud83d\udccf <strong>Dimensiones<\/strong><\/h3>\n<ul>\n<li><strong>Ancho:<\/strong> 180 cm (70,9 pulgadas) <em>(Personalizable)<\/em><\/li>\n<li><strong>Peso:<\/strong> Est\u00e1ndar 430g <em>(Ajustable)<\/em><\/li>\n<li><strong>Recuento de hilos:<\/strong> Personalizable<\/li>\n<li><strong>Tama\u00f1o del patr\u00f3n:<\/strong> Longitud <strong>5,5 cm (2,17 pulgadas)<\/strong>, Ancho <strong>5 cm (1,97 pulgadas)<\/strong><\/li>\n<\/ul>\n<h3>\u2705 <strong>Ventajas clave<\/strong><\/h3>\n<h4>\ud83c\udf31 <strong>Fabricaci\u00f3n ecol\u00f3gica<\/strong><\/h4>\n<ul>\n<li><strong>F\u00e1bricas alimentadas con energ\u00eda solar<\/strong> con <strong>Reciclaje de agua 90%<\/strong><\/li>\n<li><strong>Certificado OEKO-TEX\u00ae Standard 100<\/strong> (Libre de qu\u00edmicos nocivos)<\/li>\n<\/ul>\n<h4>\ud83c\udfaf <strong>Soluciones personalizadas<\/strong><\/h4>\n<ul>\n<li>Personalizable <strong>color, n\u00famero de hilos y peso<\/strong><\/li>\n<li><strong>Cantidad m\u00ednima de pedido flexible<\/strong> para pedidos de peque\u00f1o volumen<\/li>\n<li><strong>Protecci\u00f3n de la propiedad intelectual<\/strong> para dise\u00f1os originales<\/li>\n<\/ul>\n<h4>\ud83d\udc57 <strong>Aplicaciones vers\u00e1tiles<\/strong><\/h4>\n<ul>\n<li><strong>Moda:<\/strong> Chaquetas, Vestidos, Trajes, Bufandas, Forros<\/li>\n<li><strong>Decoraci\u00f3n del hogar:<\/strong> Cortinas, Fundas de cojines, Tapicer\u00eda<\/li>\n<li><strong>Proyectos creativos:<\/strong> Artesan\u00edas textiles, instalaciones art\u00edsticas<\/li>\n<\/ul>\n<h4>\ud83d\udd27 <strong>Rendimiento alto<\/strong><\/h4>\n<ul>\n<li><strong>Mezcla de algod\u00f3n y poli\u00e9ster<\/strong> asegura <strong>comodidad y durabilidad<\/strong><\/li>\n<li><strong>M\u00e1s de 100.000 ciclos de abrasi\u00f3n<\/strong> (Certificado ASTM D4966)<\/li>\n<\/ul>\n<h3>\ud83d\udce6 <strong>Producci\u00f3n y Log\u00edstica<\/strong><\/h3>\n<ul>\n<li><strong>Hecho en china<\/strong><\/li>\n<li><strong>Tecnolog\u00eda de tejido impulsada por IA<\/strong> en <strong>Delta del r\u00edo Yangtze<\/strong><\/li>\n<li><strong>Sistema de Gesti\u00f3n de Calidad ISO 9001<\/strong><\/li>\n<\/ul>\n<h4>\u26a1 <strong>Entrega<\/strong><\/h4>\n<ul>\n<li><strong>Muestreo:<\/strong> 5 d\u00edas laborables <em>(Sujeto a comunicaci\u00f3n)<\/em><\/li>\n<li><strong>Pedidos al por mayor:<\/strong> 3-4 semanas <strong>env\u00edos a todo el mundo<\/strong> <em>(El tiempo de entrega final depende de la empresa log\u00edstica)<\/em><\/li>\n<\/ul>\n<\/li>\n<\/ul>","protected":false},"excerpt":{"rendered":"<h4><strong>Descripci\u00f3n general del producto<\/strong><\/h4>\n<ul>\n<li><strong>N\u00famero de modelo<\/strong>: 53203<\/li>\n<li><strong>Composici\u00f3n del material<\/strong>: 80% Algod\u00f3n, 20% Poli\u00e9ster<\/li>\n<li><strong>Opciones de color<\/strong>:Negro, Azul<\/li>\n<\/ul>\n<h4><strong>Especificaciones de la tela<\/strong><\/h4>\n<ul>\n<li><strong>Tipo<\/strong>: Tejido Jacquard<\/li>\n<li><strong>Patr\u00f3n<\/strong>:Dise\u00f1o de inspiraci\u00f3n cruzada<\/li>\n<li><strong>T\u00e9cnica<\/strong>: Tejido<\/li>\n<li><strong>Anchura<\/strong>:180 cm (70,9 pulgadas)<\/li>\n<li><strong>Peso<\/strong>: Personalizable (Est\u00e1ndar 430 g)<\/li>\n<li><strong>Recuento de hilos<\/strong>:Personalizable<\/li>\n<li><strong>Tama\u00f1o del patr\u00f3n<\/strong>: Largo 5,5 cm (2,17 pulgadas), Ancho 5 cm (1,97 pulgadas)<\/li>\n<\/ul>\n<h4><strong>Estilo y uso<\/strong><\/h4>\n<ul>\n<li><strong>Estilo<\/strong>: Tejido Jacquard<\/li>\n<li><strong>Usar<\/strong>: Adecuado para prendas, accesorios y dise\u00f1os personalizados.<\/li>\n<li><strong>Aplicable a<\/strong>:Tanto mujeres como hombres<\/li>\n<\/ul>\n<h4><strong>Producci\u00f3n y origen<\/strong><\/h4>\n<ul>\n<li><strong>Lugar de origen<\/strong>: Porcelana<\/li>\n<li><strong>Tipo de suministro<\/strong>:Hecho a pedido<\/li>\n<\/ul>\n<h4><strong>Notas importantes<\/strong><\/h4>\n<ul>\n<li><strong>Datos del producto<\/strong>:Las medidas de muestra se basan en patrones espec\u00edficos y pueden variar seg\u00fan el lote de producci\u00f3n.<\/li>\n<\/ul>","protected":false},"featured_media":2985,"template":"","meta":[],"product_brand":[],"product_cat":[41,48,49,42,50,43,45,38,46,39,40,47,35,20,30,33,44,37,34,58],"product_tag":[],"class_list":{"0":"post-2984","1":"product","2":"type-product","3":"status-publish","4":"has-post-thumbnail","6":"product_cat-10s","7":"product_cat-10s-oe","8":"product_cat-12s-oe","9":"product_cat-12s","10":"product_cat-16s-oe","11":"product_cat-16s","12":"product_cat-6s-oe","13":"product_cat-6s","14":"product_cat-7s-oe","15":"product_cat-7s","16":"product_cat-8s","17":"product_cat-8s-oe","18":"product_cat-aesthetic-collection","19":"product_cat-cotton-woven-fabric","20":"product_cat-cotton-polyster-spandex-denim-fabric","21":"product_cat-non-elastic","22":"product_cat-oe","23":"product_cat-siro","24":"product_cat-twill-fabric","25":"product_cat-ungrouped","27":"first","28":"instock","29":"shipping-taxable","30":"product-type-simple"},"aioseo_notices":[],"_links":{"self":[{"href":"https:\/\/lydenim.com\/es\/wp-json\/wp\/v2\/product\/2984","targetHints":{"allow":["GET"]}}],"collection":[{"href":"https:\/\/lydenim.com\/es\/wp-json\/wp\/v2\/product"}],"about":[{"href":"https:\/\/lydenim.com\/es\/wp-json\/wp\/v2\/types\/product"}],"version-history":[{"count":1,"href":"https:\/\/lydenim.com\/es\/wp-json\/wp\/v2\/product\/2984\/revisions"}],"predecessor-version":[{"id":2989,"href":"https:\/\/lydenim.com\/es\/wp-json\/wp\/v2\/product\/2984\/revisions\/2989"}],"wp:featuredmedia":[{"embeddable":true,"href":"https:\/\/lydenim.com\/es\/wp-json\/wp\/v2\/media\/2985"}],"wp:attachment":[{"href":"https:\/\/lydenim.com\/es\/wp-json\/wp\/v2\/media?parent=2984"}],"wp:term":[{"taxonomy":"product_brand","embeddable":true,"href":"https:\/\/lydenim.com\/es\/wp-json\/wp\/v2\/product_brand?post=2984"},{"taxonomy":"product_cat","embeddable":true,"href":"https:\/\/lydenim.com\/es\/wp-json\/wp\/v2\/product_cat?post=2984"},{"taxonomy":"product_tag","embeddable":true,"href":"https:\/\/lydenim.com\/es\/wp-json\/wp\/v2\/product_tag?post=2984"}],"curies":[{"name":"wp","href":"https:\/\/api.w.org\/{rel}","templated":true}]}}