{"id":3044,"date":"2025-02-10T17:09:04","date_gmt":"2025-02-10T09:09:04","guid":{"rendered":"https:\/\/lydenim.com\/?post_type=product&#038;p=3044"},"modified":"2025-02-10T17:16:00","modified_gmt":"2025-02-10T09:16:00","slug":"jacquard-fabric-5206a","status":"publish","type":"product","link":"https:\/\/lydenim.com\/es\/producto\/tejido-jacquard-5206a\/","title":{"rendered":"Tejido Jacquard duradero y elegante 5206A: ideal para prendas y dise\u00f1os Mezcla de algod\u00f3n y poli\u00e9ster Textura en relieve de alta calidad"},"content":{"rendered":"<ul>\n<li>\n<h3><strong>\ud83c\udf0d Descripci\u00f3n general del producto<\/strong><\/h3>\n<p><strong>N\u00famero de modelo:<\/strong> 5206A<br \/>\n<strong>Composici\u00f3n del material:<\/strong> 80% Algod\u00f3n, 20% Poli\u00e9ster<br \/>\n<strong>Color:<\/strong> Azul<\/p>\n<h3><strong>\ud83e\uddf5 Especificaciones de la tela<\/strong><\/h3>\n<ul>\n<li><strong>Tipo:<\/strong> Tejido Jacquard<\/li>\n<li><strong>Patr\u00f3n:<\/strong> Dise\u00f1o de textura en relieve<\/li>\n<li><strong>T\u00e9cnica:<\/strong> Tejido<\/li>\n<li><strong>Ancho:<\/strong> 180 cm (70,9 pulgadas)<\/li>\n<li><strong>Peso:<\/strong> Personalizable (est\u00e1ndar 430 g)<\/li>\n<li><strong>Recuento de hilos:<\/strong> Personalizable<\/li>\n<li><strong>Estilo:<\/strong> Tejido Jacquard<\/li>\n<li><strong>Tama\u00f1o del patr\u00f3n:<\/strong> Largo 5 cm (1,97 pulgadas), Ancho 2 cm (0,79 pulgadas)<\/li>\n<\/ul>\n<h3><strong>\ud83c\udfa8 Estilo y uso<\/strong><\/h3>\n<ul>\n<li><strong>Usar:<\/strong> Adecuado para prendas, accesorios y dise\u00f1os personalizados.<\/li>\n<li><strong>Aplicable a:<\/strong> Tanto mujeres como hombres<\/li>\n<\/ul>\n<h3><strong>\ud83c\udf0d Producci\u00f3n y origen<\/strong><\/h3>\n<ul>\n<li><strong>Lugar de origen:<\/strong> Porcelana<\/li>\n<li><strong>Tipo de suministro:<\/strong> Fabricaci\u00f3n por encargo<\/li>\n<\/ul>\n<h3><strong>\ud83d\udd11 Notas importantes<\/strong><\/h3>\n<ul>\n<li><strong>Datos del producto:<\/strong> Las medidas de muestra se basan en patrones espec\u00edficos y pueden variar seg\u00fan el lote de producci\u00f3n.<\/li>\n<\/ul>\n<\/li>\n<\/ul>","protected":false},"excerpt":{"rendered":"<h3><strong>Tejido Jacquard \u2013 Dise\u00f1o con textura en relieve<\/strong><\/h3>\n<h4><strong>Descripci\u00f3n general del producto<\/strong><\/h4>\n<ul>\n<li><strong>N\u00famero de modelo<\/strong>:5206A<\/li>\n<li><strong>Composici\u00f3n del material<\/strong>: 80% Algod\u00f3n, 20% Poli\u00e9ster<\/li>\n<li><strong>Color<\/strong>: Azul<\/li>\n<\/ul>\n<h4><strong>Especificaciones de la tela<\/strong><\/h4>\n<ul>\n<li><strong>Tipo<\/strong>: Tejido Jacquard<\/li>\n<li><strong>Patr\u00f3n<\/strong>:Dise\u00f1o de textura en relieve<\/li>\n<li><strong>T\u00e9cnica<\/strong>: Tejido<\/li>\n<li><strong>Anchura<\/strong>:180 cm (70,9 pulgadas)<\/li>\n<li><strong>Peso<\/strong>: Personalizable (Est\u00e1ndar 430 g)<\/li>\n<li><strong>Recuento de hilos<\/strong>:Personalizable<\/li>\n<li><strong>Tama\u00f1o del patr\u00f3n<\/strong>: Largo 5 cm (1,97 pulgadas), Ancho 2 cm (0,79 pulgadas)<\/li>\n<\/ul>\n<h4><strong>Estilo y uso<\/strong><\/h4>\n<ul>\n<li><strong>Estilo<\/strong>: Tejido Jacquard<\/li>\n<li><strong>Usar<\/strong>: Adecuado para prendas, accesorios y dise\u00f1os personalizados.<\/li>\n<li><strong>Aplicable a<\/strong>:Tanto mujeres como hombres<\/li>\n<\/ul>\n<h4><strong>Producci\u00f3n y origen<\/strong><\/h4>\n<ul>\n<li><strong>Lugar de origen<\/strong>: Porcelana<\/li>\n<li><strong>Tipo de suministro<\/strong>:Hecho a pedido<\/li>\n<\/ul>\n<h4><strong>Notas importantes<\/strong><\/h4>\n<ul>\n<li><strong>Datos del producto<\/strong>:Las medidas de muestra se basan en patrones espec\u00edficos y pueden variar seg\u00fan el lote de producci\u00f3n.<\/li>\n<\/ul>","protected":false},"featured_media":3049,"template":"","meta":[],"product_brand":[],"product_cat":[41,48,49,42,50,43,45,38,46,39,40,47,35,20,30,33,44,37,34,58],"product_tag":[],"class_list":{"0":"post-3044","1":"product","2":"type-product","3":"status-publish","4":"has-post-thumbnail","6":"product_cat-10s","7":"product_cat-10s-oe","8":"product_cat-12s-oe","9":"product_cat-12s","10":"product_cat-16s-oe","11":"product_cat-16s","12":"product_cat-6s-oe","13":"product_cat-6s","14":"product_cat-7s-oe","15":"product_cat-7s","16":"product_cat-8s","17":"product_cat-8s-oe","18":"product_cat-aesthetic-collection","19":"product_cat-cotton-woven-fabric","20":"product_cat-cotton-polyster-spandex-denim-fabric","21":"product_cat-non-elastic","22":"product_cat-oe","23":"product_cat-siro","24":"product_cat-twill-fabric","25":"product_cat-ungrouped","27":"first","28":"instock","29":"shipping-taxable","30":"product-type-simple"},"aioseo_notices":[],"_links":{"self":[{"href":"https:\/\/lydenim.com\/es\/wp-json\/wp\/v2\/product\/3044","targetHints":{"allow":["GET"]}}],"collection":[{"href":"https:\/\/lydenim.com\/es\/wp-json\/wp\/v2\/product"}],"about":[{"href":"https:\/\/lydenim.com\/es\/wp-json\/wp\/v2\/types\/product"}],"version-history":[{"count":1,"href":"https:\/\/lydenim.com\/es\/wp-json\/wp\/v2\/product\/3044\/revisions"}],"predecessor-version":[{"id":3050,"href":"https:\/\/lydenim.com\/es\/wp-json\/wp\/v2\/product\/3044\/revisions\/3050"}],"wp:featuredmedia":[{"embeddable":true,"href":"https:\/\/lydenim.com\/es\/wp-json\/wp\/v2\/media\/3049"}],"wp:attachment":[{"href":"https:\/\/lydenim.com\/es\/wp-json\/wp\/v2\/media?parent=3044"}],"wp:term":[{"taxonomy":"product_brand","embeddable":true,"href":"https:\/\/lydenim.com\/es\/wp-json\/wp\/v2\/product_brand?post=3044"},{"taxonomy":"product_cat","embeddable":true,"href":"https:\/\/lydenim.com\/es\/wp-json\/wp\/v2\/product_cat?post=3044"},{"taxonomy":"product_tag","embeddable":true,"href":"https:\/\/lydenim.com\/es\/wp-json\/wp\/v2\/product_tag?post=3044"}],"curies":[{"name":"wp","href":"https:\/\/api.w.org\/{rel}","templated":true}]}}