{"id":3411,"date":"2025-02-17T18:50:21","date_gmt":"2025-02-17T10:50:21","guid":{"rendered":"https:\/\/lydenim.com\/?post_type=product&#038;p=3411"},"modified":"2025-02-17T18:52:16","modified_gmt":"2025-02-17T10:52:16","slug":"jacquard-fabric-1071","status":"publish","type":"product","link":"https:\/\/lydenim.com\/es\/producto\/tejido-jacquard-1071\/","title":{"rendered":"Tejido Jacquard Premium 1071 | Ancho y peso personalizables | Ideal para moda y decoraci\u00f3n del hogar"},"content":{"rendered":"<ul>\n<li>\n<h2 data-start=\"654\" data-end=\"682\"><strong data-start=\"657\" data-end=\"680\">\ud83c\udf0d Descripci\u00f3n general del producto<\/strong><\/h2>\n<p data-start=\"683\" data-end=\"875\"><strong data-start=\"683\" data-end=\"700\">N\u00famero de modelo:<\/strong> 1071<br data-start=\"705\" data-end=\"708\" \/><strong data-start=\"708\" data-end=\"733\">Composici\u00f3n del material:<\/strong> Personalizable seg\u00fan requisitos espec\u00edficos de tela (por ejemplo, <strong data-start=\"792\" data-end=\"836\">Algod\u00f3n org\u00e1nico o poli\u00e9ster ecol\u00f3gico.<\/strong>)<br data-start=\"837\" data-end=\"840\" \/><strong data-start=\"840\" data-end=\"850\">Color:<\/strong> Consulte las muestras de im\u00e1genes<\/p>\n<h3 data-start=\"877\" data-end=\"911\"><strong data-start=\"881\" data-end=\"909\">\ud83e\uddf5 Especificaciones de la tela<\/strong><\/h3>\n<ul data-start=\"912\" data-end=\"1388\">\n<li data-start=\"912\" data-end=\"945\"><strong data-start=\"914\" data-end=\"923\">Tipo:<\/strong> <strong data-start=\"924\" data-end=\"943\">Tejido Jacquard<\/strong><\/li>\n<li data-start=\"946\" data-end=\"973\"><strong data-start=\"948\" data-end=\"961\">T\u00e9cnica:<\/strong> <strong data-start=\"962\" data-end=\"971\">Tejido<\/strong><\/li>\n<li data-start=\"974\" data-end=\"1068\"><strong data-start=\"976\" data-end=\"986\">Ancho:<\/strong> Personalizable seg\u00fan requisitos espec\u00edficos de tela (est\u00e1ndar 180 cm, ajustable)<\/li>\n<li data-start=\"1069\" data-end=\"1203\"><strong data-start=\"1071\" data-end=\"1082\">Peso:<\/strong> Personalizable (probado seg\u00fan <strong data-start=\"1117\" data-end=\"1176\"><a target=\"_new\" rel=\"noopener\" data-start=\"1119\" data-end=\"1174\">ISO 3801:1977<\/a><\/strong> peso textil est\u00e1ndar)<\/li>\n<li data-start=\"1204\" data-end=\"1309\"><strong data-start=\"1206\" data-end=\"1221\">Recuento de hilos:<\/strong> Personalizable (<strong data-start=\"1236\" data-end=\"1264\">Tejido de alto n\u00famero de hilos<\/strong> para una mayor durabilidad y transpirabilidad)<\/li>\n<li data-start=\"1310\" data-end=\"1343\"><strong data-start=\"1312\" data-end=\"1322\">Estilo:<\/strong> <strong data-start=\"1323\" data-end=\"1341\">Tejido Jacquard<\/strong><\/li>\n<li data-start=\"1344\" data-end=\"1388\"><strong data-start=\"1346\" data-end=\"1363\">Tama\u00f1o del patr\u00f3n:<\/strong> Consulte las muestras de im\u00e1genes<\/li>\n<\/ul>\n<h3 data-start=\"1390\" data-end=\"1416\"><strong data-start=\"1394\" data-end=\"1414\">\ud83c\udfa8 Estilo y uso<\/strong><\/h3>\n<ul data-start=\"1417\" data-end=\"1599\">\n<li data-start=\"1417\" data-end=\"1557\"><strong data-start=\"1419\" data-end=\"1427\">Usar:<\/strong> Adecuado para <strong data-start=\"1441\" data-end=\"1486\">Prendas, accesorios y dise\u00f1os personalizados<\/strong>, ampliamente aplicado en <strong data-start=\"1506\" data-end=\"1555\">Moda de alta gama, artesan\u00eda y decoraci\u00f3n del hogar.<\/strong><\/li>\n<li data-start=\"1558\" data-end=\"1599\"><strong data-start=\"1560\" data-end=\"1578\">Aplicable a:<\/strong> Tanto hombres como mujeres<\/li>\n<\/ul>\n<h3 data-start=\"1601\" data-end=\"1633\"><strong data-start=\"1605\" data-end=\"1631\">\ud83c\udf0d Producci\u00f3n y origen<\/strong><\/h3>\n<ul data-start=\"1634\" data-end=\"1703\">\n<li data-start=\"1634\" data-end=\"1664\"><strong data-start=\"1636\" data-end=\"1656\">Lugar de origen:<\/strong> Porcelana<\/li>\n<li data-start=\"1665\" data-end=\"1703\"><strong data-start=\"1667\" data-end=\"1683\">Tipo de suministro:<\/strong> <strong data-start=\"1684\" data-end=\"1701\">Fabricaci\u00f3n por encargo<\/strong><\/li>\n<\/ul>\n<h3 data-start=\"1705\" data-end=\"1733\"><strong data-start=\"1709\" data-end=\"1731\">\ud83d\udd11 Notas importantes<\/strong><\/h3>\n<ul data-start=\"1734\" data-end=\"1849\">\n<li data-start=\"1734\" data-end=\"1849\"><strong data-start=\"1736\" data-end=\"1753\">Datos del producto:<\/strong> Las medidas de muestra se basan en patrones espec\u00edficos y pueden variar seg\u00fan el lote de producci\u00f3n.<\/li>\n<\/ul>\n<\/li>\n<\/ul>","protected":false},"excerpt":{"rendered":"<p data-start=\"494\" data-end=\"645\"><strong data-start=\"494\" data-end=\"504\">MODELO:<\/strong> 1071<br data-start=\"509\" data-end=\"512\" \/><strong data-start=\"512\" data-end=\"521\">TIPO:<\/strong> <strong data-start=\"522\" data-end=\"541\">Tejido jacquard<\/strong><br data-start=\"541\" data-end=\"544\" \/><strong data-start=\"544\" data-end=\"557\">MATERIAL:<\/strong> Personalizable (<strong data-start=\"572\" data-end=\"614\">Algod\u00f3n org\u00e1nico, poli\u00e9ster ecol\u00f3gico<\/strong>)<br data-start=\"615\" data-end=\"618\" \/><strong data-start=\"618\" data-end=\"628\">COLOR:<\/strong> Consulte la imagen<\/p>\n<h3 data-start=\"647\" data-end=\"681\"><strong data-start=\"651\" data-end=\"679\">\ud83e\uddf5 ESPECIFICACIONES DEL TEJIDO<\/strong><\/h3>\n<ul data-start=\"682\" data-end=\"837\">\n<li data-start=\"682\" data-end=\"709\"><strong data-start=\"684\" data-end=\"697\">T\u00c9CNICA:<\/strong> <strong data-start=\"698\" data-end=\"707\">TEJIDO<\/strong><\/li>\n<li data-start=\"710\" data-end=\"743\"><strong data-start=\"712\" data-end=\"722\">ANCHO:<\/strong> 180cm (ajustable)<\/li>\n<li data-start=\"744\" data-end=\"772\"><strong data-start=\"746\" data-end=\"757\">PESO:<\/strong> Personalizable<\/li>\n<li data-start=\"773\" data-end=\"803\"><strong data-start=\"775\" data-end=\"790\">CUENTA DE HILOS:<\/strong> Ajustable<\/li>\n<li data-start=\"804\" data-end=\"837\"><strong data-start=\"806\" data-end=\"816\">ESTILO:<\/strong> <strong data-start=\"817\" data-end=\"835\">Tejido jacquard<\/strong><\/li>\n<\/ul>\n<h3 data-start=\"839\" data-end=\"865\"><strong data-start=\"843\" data-end=\"863\">\ud83c\udfa8 ESTILO Y USO<\/strong><\/h3>\n<ul data-start=\"866\" data-end=\"945\">\n<li data-start=\"866\" data-end=\"915\"><strong data-start=\"868\" data-end=\"876\">USAR:<\/strong> <strong data-start=\"877\" data-end=\"913\">Moda, Accesorios, Decoraci\u00f3n del hogar<\/strong><\/li>\n<li data-start=\"916\" data-end=\"945\"><strong data-start=\"918\" data-end=\"936\">APLICABLE A:<\/strong> Unisexo<\/li>\n<\/ul>\n<h3 data-start=\"947\" data-end=\"979\"><strong data-start=\"951\" data-end=\"977\">\ud83c\udf0dPRODUCCI\u00d3N Y ORIGEN<\/strong><\/h3>\n<ul data-start=\"980\" data-end=\"1040\">\n<li data-start=\"980\" data-end=\"1001\"><strong data-start=\"982\" data-end=\"993\">ORIGEN:<\/strong> Porcelana<\/li>\n<li data-start=\"1002\" data-end=\"1040\"><strong data-start=\"1004\" data-end=\"1020\">TIPO DE SUMINISTRO:<\/strong> <strong data-start=\"1021\" data-end=\"1038\">FABRICACI\u00d3N BAJO PEDIDO<\/strong><\/li>\n<\/ul>\n<h3 data-start=\"1042\" data-end=\"1070\"><strong data-start=\"1046\" data-end=\"1068\">\ud83d\udd11 NOTAS IMPORTANTES<\/strong><\/h3>\n<ul data-start=\"1071\" data-end=\"1144\">\n<li data-start=\"1071\" data-end=\"1144\"><strong data-start=\"1073\" data-end=\"1090\">DATOS DEL PRODUCTO:<\/strong> Las medidas se basan en muestras y pueden variar seg\u00fan el lote.<\/li>\n<\/ul>","protected":false},"featured_media":3413,"template":"","meta":[],"product_brand":[],"product_cat":[41,48,49,42,50,43,45,38,46,39,40,47,35,20,30,33,44,37,34,58],"product_tag":[],"class_list":{"0":"post-3411","1":"product","2":"type-product","3":"status-publish","4":"has-post-thumbnail","6":"product_cat-10s","7":"product_cat-10s-oe","8":"product_cat-12s-oe","9":"product_cat-12s","10":"product_cat-16s-oe","11":"product_cat-16s","12":"product_cat-6s-oe","13":"product_cat-6s","14":"product_cat-7s-oe","15":"product_cat-7s","16":"product_cat-8s","17":"product_cat-8s-oe","18":"product_cat-aesthetic-collection","19":"product_cat-cotton-woven-fabric","20":"product_cat-cotton-polyster-spandex-denim-fabric","21":"product_cat-non-elastic","22":"product_cat-oe","23":"product_cat-siro","24":"product_cat-twill-fabric","25":"product_cat-ungrouped","27":"first","28":"instock","29":"shipping-taxable","30":"product-type-simple"},"aioseo_notices":[],"_links":{"self":[{"href":"https:\/\/lydenim.com\/es\/wp-json\/wp\/v2\/product\/3411","targetHints":{"allow":["GET"]}}],"collection":[{"href":"https:\/\/lydenim.com\/es\/wp-json\/wp\/v2\/product"}],"about":[{"href":"https:\/\/lydenim.com\/es\/wp-json\/wp\/v2\/types\/product"}],"version-history":[{"count":1,"href":"https:\/\/lydenim.com\/es\/wp-json\/wp\/v2\/product\/3411\/revisions"}],"predecessor-version":[{"id":3417,"href":"https:\/\/lydenim.com\/es\/wp-json\/wp\/v2\/product\/3411\/revisions\/3417"}],"wp:featuredmedia":[{"embeddable":true,"href":"https:\/\/lydenim.com\/es\/wp-json\/wp\/v2\/media\/3413"}],"wp:attachment":[{"href":"https:\/\/lydenim.com\/es\/wp-json\/wp\/v2\/media?parent=3411"}],"wp:term":[{"taxonomy":"product_brand","embeddable":true,"href":"https:\/\/lydenim.com\/es\/wp-json\/wp\/v2\/product_brand?post=3411"},{"taxonomy":"product_cat","embeddable":true,"href":"https:\/\/lydenim.com\/es\/wp-json\/wp\/v2\/product_cat?post=3411"},{"taxonomy":"product_tag","embeddable":true,"href":"https:\/\/lydenim.com\/es\/wp-json\/wp\/v2\/product_tag?post=3411"}],"curies":[{"name":"wp","href":"https:\/\/api.w.org\/{rel}","templated":true}]}}