{"id":3663,"date":"2025-02-20T16:22:04","date_gmt":"2025-02-20T08:22:04","guid":{"rendered":"https:\/\/lydenim.com\/?post_type=product&#038;p=3663"},"modified":"2025-02-20T16:30:27","modified_gmt":"2025-02-20T08:30:27","slug":"flower-chenille-jacquard-denim-1113-fabric","status":"publish","type":"product","link":"https:\/\/lydenim.com\/es\/producto\/tela-vaquera-jacquard-de-chenilla-con-flores-1113\/","title":{"rendered":"Tejido de mezclilla jacquard de chenilla con estampado de flores 1113"},"content":{"rendered":"<ul>\n<li>\n<h3>\ud83c\udf0d DESCRIPCI\u00d3N GENERAL DEL PRODUCTO<\/h3>\n<p><strong>MODELO<\/strong>: 1113<br \/>\n<strong>TIPO<\/strong>: Tela vaquera de chenilla jacquard<br \/>\n<strong>MATERIAL<\/strong>:Mezclas personalizadas (algod\u00f3n org\u00e1nico) <a href=\"https:\/\/en.wikipedia.org\/wiki\/Global_Organic_Textile_Standard\" target=\"_blank\" rel=\"noopener noreferrer\">Wiki de GOTS<\/a>Poli\u00e9ster reciclado <a href=\"https:\/\/textileexchange.org\/recycled-polyester\/\" target=\"_blank\" rel=\"noopener noreferrer\">Bolsa de textiles<\/a>)<br \/>\n<strong>COLOR<\/strong>:Personalizaci\u00f3n con colores Pantone <a href=\"https:\/\/www.pantone.com\/color-finder\" target=\"_blank\" rel=\"noopener noreferrer\">Buscador de colores Pantone<\/a><\/p>\n<h3>\ud83e\uddf5 ESPECIFICACIONES DEL TEJIDO<\/h3>\n<p><strong>T\u00c9CNICA<\/strong>: Jacquard tejido <a href=\"https:\/\/en.wikipedia.org\/wiki\/Jacquard_weaving\" target=\"_blank\" rel=\"noopener noreferrer\">Wiki de tejido Jacquard<\/a><br \/>\n<strong>PESO<\/strong>:Personalizable \u00a0<a href=\"https:\/\/www.denimhunters.com\/denim-wiki\/denim-weight\/\" target=\"_blank\" rel=\"noopener noreferrer\">Gu\u00eda de peso de mezclilla<\/a><br \/>\n<strong>N\u00daMERO DE HILOS<\/strong>:Ajustable\u00a0 <a href=\"https:\/\/www.textileschool.com\/197\/yarn-count-numbering-system\/\" target=\"_blank\" rel=\"noopener noreferrer\">Conceptos b\u00e1sicos del recuento de hilos<\/a><br \/>\n<strong>ESTILO<\/strong>: Patrones Jacquard Geom\u00e9tricos Complejos<br \/>\n<strong>ANCHO<\/strong>:Determinado por patr\u00f3n y grosor <a href=\"https:\/\/www.britannica.com\/technology\/loom\" target=\"_blank\" rel=\"noopener noreferrer\">Est\u00e1ndares de ancho del telar<\/a><\/p>\n<h3>\ud83c\udfa8 ESTILO Y USO<\/h3>\n<p><strong>USAR<\/strong>:<\/p>\n<ul>\n<li>Ropa vaquera de alta costura (<a href=\"https:\/\/www.wgsn.com\/fashion\" target=\"_blank\" rel=\"noopener noreferrer\">Tendencias de mezclilla de WGSN 2024<\/a>)<\/li>\n<li>Accesorios de declaraci\u00f3n (bolsos\/cinturones)<\/li>\n<li>Tapicer\u00eda contempor\u00e1nea<br \/>\n<strong>APLICABLE A<\/strong>Marcas de dise\u00f1ador, startups de moda sostenible<\/li>\n<\/ul>\n<h3>\ud83c\udf0dPRODUCCI\u00d3N Y ORIGEN<\/h3>\n<p><strong>ORIGEN<\/strong>: Porcelana<br \/>\n<strong>TIPO DE SUMINISTRO<\/strong>:Hecho a pedido<\/p>\n<h3>\ud83d\udd11 NOTAS IMPORTANTES<\/h3>\n<ol>\n<li>DATOS DEL PRODUCTO: Las medidas se basan en muestras y pueden variar seg\u00fan el lote.<\/li>\n<li><a href=\"https:\/\/lydenim.com\/es\/contacto\/\">Contacto para pedidos<\/a>r: Para consultas, opciones de personalizaci\u00f3n o pedidos al por mayor, no dude en contactarnos. Nuestro equipo se compromete a ofrecer telas de alta calidad adaptadas a sus necesidades.<\/li>\n<\/ol>\n<\/li>\n<\/ul>","protected":false},"excerpt":{"rendered":"<h3 data-start=\"394\" data-end=\"415\"><strong data-start=\"398\" data-end=\"408\">MODELO:<\/strong> 1113<\/h3>\n<h3 data-start=\"416\" data-end=\"470\"><strong data-start=\"420\" data-end=\"429\">TIPO:<\/strong> Tela vaquera de chenilla jacquard<\/h3>\n<h3 data-start=\"471\" data-end=\"544\"><strong data-start=\"475\" data-end=\"488\">MATERIAL:<\/strong> Personalizable (algod\u00f3n org\u00e1nico, poli\u00e9ster ecol\u00f3gico)<\/h3>\n<h3 data-start=\"545\" data-end=\"576\"><strong data-start=\"549\" data-end=\"559\">COLOR:<\/strong> Consulte la imagen<\/h3>\n<h3 data-start=\"578\" data-end=\"608\">\ud83e\uddf5 ESPECIFICACIONES DEL TEJIDO<\/h3>\n<p data-start=\"609\" data-end=\"741\">T\u00c9CNICAS: TEJIDO<br data-start=\"624\" data-end=\"627\" \/>PESO: Personalizable<br data-start=\"647\" data-end=\"650\" \/>N\u00daMERO DE HILOS: Ajustable<br data-start=\"672\" data-end=\"675\" \/>ESTILO: TEJIDO JACQUARD<br data-start=\"696\" data-end=\"699\" \/>ANCHO: Determinado por el patr\u00f3n y el grosor<\/p>\n<h3 data-start=\"743\" data-end=\"765\">\ud83c\udfa8 ESTILO Y USO<\/h3>\n<p data-start=\"766\" data-end=\"829\">USO: Moda, Accesorios, Decoraci\u00f3n del hogar<br data-start=\"803\" data-end=\"806\" \/>APLICABLE A: Unisex<\/p>\n<h3 data-start=\"831\" data-end=\"859\">\ud83c\udf0dPRODUCCI\u00d3N Y ORIGEN<\/h3>\n<p data-start=\"860\" data-end=\"904\">ORIGEN: China<br data-start=\"873\" data-end=\"876\" \/>TIPO DE SUMINISTRO: FABRICACI\u00d3N BAJO PEDIDO<\/p>\n<h3 data-start=\"906\" data-end=\"930\">\ud83d\udd11 NOTAS IMPORTANTES<\/h3>\n<p data-start=\"931\" data-end=\"997\" data-is-last-node=\"\">DATOS DEL PRODUCTO: Las medidas se basan en muestras y pueden variar seg\u00fan el lote.<\/p>","protected":false},"featured_media":3670,"template":"","meta":[],"product_brand":[],"product_cat":[20,41,48,42,49,50,43,38,45,46,39,47,40,35,30,33,44,37,34,58],"product_tag":[],"class_list":{"0":"post-3663","1":"product","2":"type-product","3":"status-publish","4":"has-post-thumbnail","6":"product_cat-cotton-woven-fabric","7":"product_cat-10s","8":"product_cat-10s-oe","9":"product_cat-12s","10":"product_cat-12s-oe","11":"product_cat-16s-oe","12":"product_cat-16s","13":"product_cat-6s","14":"product_cat-6s-oe","15":"product_cat-7s-oe","16":"product_cat-7s","17":"product_cat-8s-oe","18":"product_cat-8s","19":"product_cat-aesthetic-collection","20":"product_cat-cotton-polyster-spandex-denim-fabric","21":"product_cat-non-elastic","22":"product_cat-oe","23":"product_cat-siro","24":"product_cat-twill-fabric","25":"product_cat-ungrouped","27":"first","28":"instock","29":"shipping-taxable","30":"product-type-simple"},"aioseo_notices":[],"_links":{"self":[{"href":"https:\/\/lydenim.com\/es\/wp-json\/wp\/v2\/product\/3663","targetHints":{"allow":["GET"]}}],"collection":[{"href":"https:\/\/lydenim.com\/es\/wp-json\/wp\/v2\/product"}],"about":[{"href":"https:\/\/lydenim.com\/es\/wp-json\/wp\/v2\/types\/product"}],"version-history":[{"count":1,"href":"https:\/\/lydenim.com\/es\/wp-json\/wp\/v2\/product\/3663\/revisions"}],"predecessor-version":[{"id":3675,"href":"https:\/\/lydenim.com\/es\/wp-json\/wp\/v2\/product\/3663\/revisions\/3675"}],"wp:featuredmedia":[{"embeddable":true,"href":"https:\/\/lydenim.com\/es\/wp-json\/wp\/v2\/media\/3670"}],"wp:attachment":[{"href":"https:\/\/lydenim.com\/es\/wp-json\/wp\/v2\/media?parent=3663"}],"wp:term":[{"taxonomy":"product_brand","embeddable":true,"href":"https:\/\/lydenim.com\/es\/wp-json\/wp\/v2\/product_brand?post=3663"},{"taxonomy":"product_cat","embeddable":true,"href":"https:\/\/lydenim.com\/es\/wp-json\/wp\/v2\/product_cat?post=3663"},{"taxonomy":"product_tag","embeddable":true,"href":"https:\/\/lydenim.com\/es\/wp-json\/wp\/v2\/product_tag?post=3663"}],"curies":[{"name":"wp","href":"https:\/\/api.w.org\/{rel}","templated":true}]}}