{"id":3761,"date":"2025-02-27T16:16:22","date_gmt":"2025-02-27T08:16:22","guid":{"rendered":"https:\/\/lydenim.com\/?post_type=product&#038;p=3761"},"modified":"2025-03-09T14:15:24","modified_gmt":"2025-03-09T06:15:24","slug":"%f0%9f%8c%88-colored-stretch-denim-18-color-options-professional-customization","status":"publish","type":"product","link":"https:\/\/lydenim.com\/es\/producto\/\ud83c\udf08-denim-elastico-de-color-18-opciones-de-color-personalizacion-profesional\/","title":{"rendered":"\ud83c\udf08 Denim el\u00e1stico de colores | 18 opciones de color | Personalizaci\u00f3n profesional"},"content":{"rendered":"<ul>\n<li>\n<p data-start=\"27\" data-end=\"55\"><img loading=\"lazy\" decoding=\"async\" class=\"alignnone wp-image-3878\" src=\"https:\/\/lydenim.com\/wp-content\/uploads\/2025\/03\/IMG_5439.jpg\" alt=\"\" width=\"600\" height=\"600\" srcset=\"https:\/\/lydenim.com\/wp-content\/uploads\/2025\/03\/IMG_5439.jpg 2196w, https:\/\/lydenim.com\/wp-content\/uploads\/2025\/03\/IMG_5439-300x300.jpg 300w, https:\/\/lydenim.com\/wp-content\/uploads\/2025\/03\/IMG_5439-1024x1024.jpg 1024w, https:\/\/lydenim.com\/wp-content\/uploads\/2025\/03\/IMG_5439-150x150.jpg 150w, https:\/\/lydenim.com\/wp-content\/uploads\/2025\/03\/IMG_5439-768x768.jpg 768w, https:\/\/lydenim.com\/wp-content\/uploads\/2025\/03\/IMG_5439-1536x1536.jpg 1536w, https:\/\/lydenim.com\/wp-content\/uploads\/2025\/03\/IMG_5439-2048x2048.jpg 2048w, https:\/\/lydenim.com\/wp-content\/uploads\/2025\/03\/IMG_5439-12x12.jpg 12w, https:\/\/lydenim.com\/wp-content\/uploads\/2025\/03\/IMG_5439-600x600.jpg 600w\" sizes=\"auto, (max-width: 600px) 100vw, 600px\" \/><img loading=\"lazy\" decoding=\"async\" class=\"alignnone size-full wp-image-3879\" src=\"https:\/\/lydenim.com\/wp-content\/uploads\/2025\/03\/IMG_5441-e1741413058191.jpg\" alt=\"\" width=\"600\" height=\"600\" \/><img loading=\"lazy\" decoding=\"async\" class=\"alignnone size-full wp-image-3880\" src=\"https:\/\/lydenim.com\/wp-content\/uploads\/2025\/03\/IMG_5443-e1741413093105.jpg\" alt=\"\" width=\"600\" height=\"600\" \/><img loading=\"lazy\" decoding=\"async\" class=\"alignnone size-full wp-image-3881\" src=\"https:\/\/lydenim.com\/wp-content\/uploads\/2025\/03\/IMG_5444-e1741413124247.jpg\" alt=\"\" width=\"600\" height=\"600\" \/><img loading=\"lazy\" decoding=\"async\" class=\"alignnone size-full wp-image-3882\" src=\"https:\/\/lydenim.com\/wp-content\/uploads\/2025\/03\/IMG_5445-e1741413144700.jpg\" alt=\"\" width=\"600\" height=\"600\" \/><img loading=\"lazy\" decoding=\"async\" class=\"alignnone size-full wp-image-3883\" src=\"https:\/\/lydenim.com\/wp-content\/uploads\/2025\/03\/IMG_5446-e1741413168741.jpg\" alt=\"\" width=\"600\" height=\"600\" \/><img loading=\"lazy\" decoding=\"async\" class=\"alignnone size-full wp-image-3884\" src=\"https:\/\/lydenim.com\/wp-content\/uploads\/2025\/03\/IMG_5448-e1741413186325.jpg\" alt=\"\" width=\"600\" height=\"600\" \/><img loading=\"lazy\" decoding=\"async\" class=\"alignnone size-full wp-image-3885\" src=\"https:\/\/lydenim.com\/wp-content\/uploads\/2025\/03\/IMG_5449-e1741413222796.jpg\" alt=\"\" width=\"600\" height=\"600\" \/><img loading=\"lazy\" decoding=\"async\" class=\"alignnone size-full wp-image-3886\" src=\"https:\/\/lydenim.com\/wp-content\/uploads\/2025\/03\/IMG_5450-e1741413245539.jpg\" alt=\"\" width=\"600\" height=\"600\" \/><img loading=\"lazy\" decoding=\"async\" class=\"alignnone size-full wp-image-3887\" src=\"https:\/\/lydenim.com\/wp-content\/uploads\/2025\/03\/IMG_5452-e1741413263201.jpg\" alt=\"\" width=\"600\" height=\"600\" \/><img loading=\"lazy\" decoding=\"async\" class=\"alignnone size-full wp-image-3888\" src=\"https:\/\/lydenim.com\/wp-content\/uploads\/2025\/03\/IMG_5453-e1741413287724.jpg\" alt=\"\" width=\"600\" height=\"600\" \/><img loading=\"lazy\" decoding=\"async\" class=\"alignnone size-full wp-image-3889\" src=\"https:\/\/lydenim.com\/wp-content\/uploads\/2025\/03\/IMG_5454-e1741413319614.jpg\" alt=\"\" width=\"600\" height=\"600\" \/><img loading=\"lazy\" decoding=\"async\" class=\"alignnone size-full wp-image-3890\" src=\"https:\/\/lydenim.com\/wp-content\/uploads\/2025\/03\/IMG_5455-e1741413340463.jpg\" alt=\"\" width=\"600\" height=\"600\" \/><img loading=\"lazy\" decoding=\"async\" class=\"alignnone size-full wp-image-3892\" src=\"https:\/\/lydenim.com\/wp-content\/uploads\/2025\/03\/IMG_5457-e1741413393972.jpg\" alt=\"\" width=\"600\" height=\"600\" \/><img loading=\"lazy\" decoding=\"async\" class=\"alignnone size-full wp-image-3893\" src=\"https:\/\/lydenim.com\/wp-content\/uploads\/2025\/03\/IMG_5458-e1741413416594.jpg\" alt=\"\" width=\"600\" height=\"600\" \/><img loading=\"lazy\" decoding=\"async\" class=\"alignnone size-full wp-image-3894\" src=\"https:\/\/lydenim.com\/wp-content\/uploads\/2025\/03\/IMG_5459-e1741413438629.jpg\" alt=\"\" width=\"600\" height=\"600\" \/><\/p>\n<\/li>\n<li>\n<p data-start=\"27\" data-end=\"55\">\ud83d\udccc <strong data-start=\"30\" data-end=\"47\">N\u00famero de modelo:<\/strong> M9692<\/p>\n<p data-start=\"57\" data-end=\"87\">\ud83e\uddf5 <strong data-start=\"60\" data-end=\"85\">Especificaciones de la tela<\/strong><\/p>\n<ul data-start=\"88\" data-end=\"497\">\n<li data-start=\"88\" data-end=\"114\"><strong data-start=\"90\" data-end=\"99\">Tipo:<\/strong> Tejido de sarga<\/li>\n<li data-start=\"115\" data-end=\"182\"><strong data-start=\"117\" data-end=\"142\">Composici\u00f3n del material:<\/strong> 75% Algod\u00f3n, 22% Lyocell, 3% Poli\u00e9ster<\/li>\n<li data-start=\"183\" data-end=\"225\"><strong data-start=\"185\" data-end=\"203\">Opciones de color:<\/strong> 18 colores disponibles<\/li>\n<li data-start=\"226\" data-end=\"254\"><strong data-start=\"228\" data-end=\"240\">Patr\u00f3n:<\/strong> Sarga s\u00f3lida<\/li>\n<li data-start=\"255\" data-end=\"278\"><strong data-start=\"257\" data-end=\"270\">T\u00e9cnica:<\/strong> Tejido<\/li>\n<li data-start=\"279\" data-end=\"342\"><strong data-start=\"281\" data-end=\"291\">Ancho:<\/strong> 180 cm (70,9 pulgadas) (personalizable a pedido)<\/li>\n<li data-start=\"343\" data-end=\"440\"><strong data-start=\"345\" data-end=\"356\">Peso:<\/strong> 10.8 onzas<\/li>\n<li data-start=\"441\" data-end=\"464\"><strong data-start=\"443\" data-end=\"458\">Recuento de hilos:<\/strong> 10 segundos<\/li>\n<li data-start=\"465\" data-end=\"497\"><strong data-start=\"467\" data-end=\"477\">Estilo:<\/strong> Sarga multicolor<\/li>\n<\/ul>\n<p data-start=\"499\" data-end=\"521\">\ud83c\udfa8 <strong data-start=\"502\" data-end=\"519\">Estilo y uso<\/strong><\/p>\n<ul data-start=\"522\" data-end=\"640\">\n<li data-start=\"522\" data-end=\"598\"><strong data-start=\"524\" data-end=\"540\">Solicitud:<\/strong> Ideal para prendas, ropa de moda y dise\u00f1os personalizados.<\/li>\n<li data-start=\"599\" data-end=\"640\"><strong data-start=\"601\" data-end=\"619\">Aplicable a:<\/strong> Tanto hombres como mujeres<\/li>\n<\/ul>\n<p data-start=\"642\" data-end=\"670\">\ud83c\udf0d <strong data-start=\"645\" data-end=\"668\">Producci\u00f3n y origen<\/strong><\/p>\n<ul data-start=\"671\" data-end=\"736\">\n<li data-start=\"671\" data-end=\"701\"><strong data-start=\"673\" data-end=\"693\">Lugar de origen:<\/strong> Porcelana<\/li>\n<li data-start=\"702\" data-end=\"736\"><strong data-start=\"704\" data-end=\"720\">Tipo de suministro:<\/strong> Fabricaci\u00f3n por encargo<\/li>\n<\/ul>\n<p data-start=\"738\" data-end=\"762\">\ud83d\udd11 <strong data-start=\"741\" data-end=\"760\">Notas importantes<\/strong><\/p>\n<ul data-start=\"763\" data-end=\"889\" data-is-last-node=\"\" data-is-only-node=\"\">\n<li data-start=\"763\" data-end=\"889\" data-is-last-node=\"\"><strong data-start=\"765\" data-end=\"782\">Datos del producto:<\/strong> Las medidas de muestra se basan en lotes de producci\u00f3n espec\u00edficos y pueden variar debido a las tolerancias de fabricaci\u00f3n.<\/li>\n<\/ul>\n<\/li>\n<\/ul>\n<p>&nbsp;<\/p>","protected":false},"excerpt":{"rendered":"<p data-start=\"28\" data-end=\"54\"><strong data-start=\"28\" data-end=\"52\">Descripci\u00f3n del Producto:<\/strong><\/p>\n<ul data-start=\"55\" data-end=\"693\">\n<li data-start=\"55\" data-end=\"82\"><strong data-start=\"57\" data-end=\"74\">N\u00famero de modelo:<\/strong> M9692<\/li>\n<li data-start=\"83\" data-end=\"109\"><strong data-start=\"85\" data-end=\"94\">Tipo:<\/strong> Tejido de sarga<\/li>\n<li data-start=\"110\" data-end=\"188\"><strong data-start=\"112\" data-end=\"137\">Composici\u00f3n del material:<\/strong> C: 75% (Algod\u00f3n), Lyocell: 22%, T: 3% (Poli\u00e9ster)<\/li>\n<li data-start=\"189\" data-end=\"231\"><strong data-start=\"191\" data-end=\"209\">Opciones de color:<\/strong> 18 colores disponibles<\/li>\n<li data-start=\"232\" data-end=\"260\"><strong data-start=\"234\" data-end=\"246\">Patr\u00f3n:<\/strong> Sarga s\u00f3lida<\/li>\n<li data-start=\"261\" data-end=\"284\"><strong data-start=\"263\" data-end=\"276\">T\u00e9cnica:<\/strong> Tejido<\/li>\n<li data-start=\"285\" data-end=\"320\"><strong data-start=\"287\" data-end=\"297\">Ancho:<\/strong> 180 cm (70,9 pulgadas)<\/li>\n<li data-start=\"321\" data-end=\"359\"><strong data-start=\"323\" data-end=\"334\">Peso:<\/strong> 10,8 oz (personalizable)<\/li>\n<li data-start=\"360\" data-end=\"383\"><strong data-start=\"362\" data-end=\"377\">Recuento de hilos:<\/strong> 10 segundos<\/li>\n<li data-start=\"384\" data-end=\"416\"><strong data-start=\"386\" data-end=\"396\">Estilo:<\/strong> Sarga multicolor<\/li>\n<li data-start=\"417\" data-end=\"488\"><strong data-start=\"419\" data-end=\"427\">Usar:<\/strong> Adecuado para prendas, ropa de moda y dise\u00f1os personalizados.<\/li>\n<li data-start=\"489\" data-end=\"530\"><strong data-start=\"491\" data-end=\"509\">Aplicable a:<\/strong> Tanto mujeres como hombres<\/li>\n<li data-start=\"531\" data-end=\"561\"><strong data-start=\"533\" data-end=\"553\">Lugar de origen:<\/strong> Porcelana<\/li>\n<li data-start=\"562\" data-end=\"596\"><strong data-start=\"564\" data-end=\"580\">Tipo de suministro:<\/strong> Fabricaci\u00f3n por encargo<\/li>\n<li data-start=\"597\" data-end=\"693\"><strong data-start=\"599\" data-end=\"616\">Datos del producto:<\/strong> Las medidas de muestra se basan en lotes de producci\u00f3n espec\u00edficos y pueden variar.<\/li>\n<\/ul>","protected":false},"featured_media":3874,"template":"","meta":[],"product_brand":[],"product_cat":[41,48,42,49,50,43,38,45,46,39,47,40,35,20,30,44,37,34,58],"product_tag":[],"class_list":{"0":"post-3761","1":"product","2":"type-product","3":"status-publish","4":"has-post-thumbnail","6":"product_cat-10s","7":"product_cat-10s-oe","8":"product_cat-12s","9":"product_cat-12s-oe","10":"product_cat-16s-oe","11":"product_cat-16s","12":"product_cat-6s","13":"product_cat-6s-oe","14":"product_cat-7s-oe","15":"product_cat-7s","16":"product_cat-8s-oe","17":"product_cat-8s","18":"product_cat-aesthetic-collection","19":"product_cat-cotton-woven-fabric","20":"product_cat-cotton-polyster-spandex-denim-fabric","21":"product_cat-oe","22":"product_cat-siro","23":"product_cat-twill-fabric","24":"product_cat-ungrouped","26":"first","27":"instock","28":"shipping-taxable","29":"product-type-simple"},"aioseo_notices":[],"_links":{"self":[{"href":"https:\/\/lydenim.com\/es\/wp-json\/wp\/v2\/product\/3761","targetHints":{"allow":["GET"]}}],"collection":[{"href":"https:\/\/lydenim.com\/es\/wp-json\/wp\/v2\/product"}],"about":[{"href":"https:\/\/lydenim.com\/es\/wp-json\/wp\/v2\/types\/product"}],"version-history":[{"count":4,"href":"https:\/\/lydenim.com\/es\/wp-json\/wp\/v2\/product\/3761\/revisions"}],"predecessor-version":[{"id":3877,"href":"https:\/\/lydenim.com\/es\/wp-json\/wp\/v2\/product\/3761\/revisions\/3877"}],"wp:featuredmedia":[{"embeddable":true,"href":"https:\/\/lydenim.com\/es\/wp-json\/wp\/v2\/media\/3874"}],"wp:attachment":[{"href":"https:\/\/lydenim.com\/es\/wp-json\/wp\/v2\/media?parent=3761"}],"wp:term":[{"taxonomy":"product_brand","embeddable":true,"href":"https:\/\/lydenim.com\/es\/wp-json\/wp\/v2\/product_brand?post=3761"},{"taxonomy":"product_cat","embeddable":true,"href":"https:\/\/lydenim.com\/es\/wp-json\/wp\/v2\/product_cat?post=3761"},{"taxonomy":"product_tag","embeddable":true,"href":"https:\/\/lydenim.com\/es\/wp-json\/wp\/v2\/product_tag?post=3761"}],"curies":[{"name":"wp","href":"https:\/\/api.w.org\/{rel}","templated":true}]}}