{"id":1840,"date":"2024-12-02T14:14:03","date_gmt":"2024-12-02T06:14:03","guid":{"rendered":"https:\/\/lydenim.com\/?page_id=1840"},"modified":"2025-06-11T21:28:47","modified_gmt":"2025-06-11T13:28:47","slug":"service-for-garment-factories","status":"publish","type":"page","link":"https:\/\/lydenim.com\/fr\/service-pour-les-usines-de-vetements\/","title":{"rendered":"Service pour les usines de confection"},"content":{"rendered":"<div data-elementor-type=\"wp-page\" data-elementor-id=\"1840\" class=\"elementor elementor-1840\" data-elementor-post-type=\"page\">\n\t\t\t\t<div class=\"wd-negative-gap elementor-element elementor-element-3e1298b e-flex e-con-boxed e-con e-parent\" data-id=\"3e1298b\" data-element_type=\"container\" data-e-type=\"container\">\n\t\t\t\t\t<div class=\"e-con-inner\">\n\t\t<div class=\"elementor-element elementor-element-66089b3 e-con-full e-flex e-con e-child\" data-id=\"66089b3\" data-element_type=\"container\" data-e-type=\"container\" data-settings=\"{&quot;background_background&quot;:&quot;classic&quot;}\">\n\t\t\t\t<div class=\"elementor-element elementor-element-69e14c6 wd-width-100 elementor-widget elementor-widget-wd_title\" data-id=\"69e14c6\" data-element_type=\"widget\" data-e-type=\"widget\" data-widget_type=\"wd_title.default\">\n\t\t\t\t<div class=\"elementor-widget-container\">\n\t\t\t\t\t\t\t<div class=\"title-wrapper wd-set-mb reset-last-child wd-title-color-default wd-title-style-default wd-title-size-default text-center\">\n\n\t\t\t\n\t\t\t<div class=\"liner-continer\">\n\t\t\t\t<h2 class=\"woodmart-title-container title wd-fontsize-l\">Comment b\u00e9n\u00e9ficier de nos produits et services ?<\/h2> \n\t\t\t\t\t\t\t<\/div>\n\n\t\t\t\t\t<\/div>\n\t\t\t\t\t\t<\/div>\n\t\t\t\t<\/div>\n\t\t\t\t<\/div>\n\t\t<div class=\"elementor-element elementor-element-b6eb7f7 e-con-full e-flex e-con e-child\" data-id=\"b6eb7f7\" data-element_type=\"container\" data-e-type=\"container\">\n\t\t<div class=\"elementor-element elementor-element-4550113 e-con-full e-flex e-con e-child\" data-id=\"4550113\" data-element_type=\"container\" data-e-type=\"container\">\n\t\t<div class=\"elementor-element elementor-element-45febdf e-con-full e-flex e-con e-child\" data-id=\"45febdf\" data-element_type=\"container\" data-e-type=\"container\">\n\t\t\t\t<div class=\"elementor-element elementor-element-68f0459 wd-width-100 elementor-widget elementor-widget-wd_title\" data-id=\"68f0459\" data-element_type=\"widget\" data-e-type=\"widget\" data-widget_type=\"wd_title.default\">\n\t\t\t\t<div class=\"elementor-widget-container\">\n\t\t\t\t\t\t\t<div class=\"title-wrapper wd-set-mb reset-last-child wd-title-color-default wd-title-style-default wd-title-size-default text-left\">\n\n\t\t\t\n\t\t\t<div class=\"liner-continer\">\n\t\t\t\t<h4 class=\"woodmart-title-container title wd-fontsize-l\">80 % de tissus en stock<\/h4> \n\t\t\t\t\t\t\t<\/div>\n\n\t\t\t\t\t<\/div>\n\t\t\t\t\t\t<\/div>\n\t\t\t\t<\/div>\n\t\t\t\t<div class=\"elementor-element elementor-element-28c4d06 elementor-icon-list--layout-traditional elementor-list-item-link-full_width elementor-widget elementor-widget-icon-list\" data-id=\"28c4d06\" data-element_type=\"widget\" data-e-type=\"widget\" data-widget_type=\"icon-list.default\">\n\t\t\t\t<div class=\"elementor-widget-container\">\n\t\t\t\t\t\t\t<ul class=\"elementor-icon-list-items\">\n\t\t\t\t\t\t\t<li class=\"elementor-icon-list-item\">\n\t\t\t\t\t\t\t\t\t\t\t<span class=\"elementor-icon-list-icon\">\n\t\t\t\t\t\t\t<svg aria-hidden=\"true\" class=\"e-font-icon-svg e-fas-dot-circle\" viewbox=\"0 0 512 512\" xmlns=\"http:\/\/www.w3.org\/2000\/svg\"><path d=\"M256 8C119.033 8 8 119.033 8 256s111.033 248 248 248 248-111.033 248-248S392.967 8 256 8zm80 248c0 44.112-35.888 80-80 80s-80-35.888-80-80 35.888-80 80-80 80 35.888 80 80z\"><\/path><\/svg>\t\t\t\t\t\t<\/span>\n\t\t\t\t\t\t\t\t\t\t<span class=\"elementor-icon-list-text\">Petite quantit\u00e9<\/span>\n\t\t\t\t\t\t\t\t\t<\/li>\n\t\t\t\t\t\t\t\t<li class=\"elementor-icon-list-item\">\n\t\t\t\t\t\t\t\t\t\t\t<span class=\"elementor-icon-list-icon\">\n\t\t\t\t\t\t\t<svg aria-hidden=\"true\" class=\"e-font-icon-svg e-fas-dot-circle\" viewbox=\"0 0 512 512\" xmlns=\"http:\/\/www.w3.org\/2000\/svg\"><path d=\"M256 8C119.033 8 8 119.033 8 256s111.033 248 248 248 248-111.033 248-248S392.967 8 256 8zm80 248c0 44.112-35.888 80-80 80s-80-35.888-80-80 35.888-80 80-80 80 35.888 80 80z\"><\/path><\/svg>\t\t\t\t\t\t<\/span>\n\t\t\t\t\t\t\t\t\t\t<span class=\"elementor-icon-list-text\"> D\u00e9lai court<\/span>\n\t\t\t\t\t\t\t\t\t<\/li>\n\t\t\t\t\t\t<\/ul>\n\t\t\t\t\t\t<\/div>\n\t\t\t\t<\/div>\n\t\t\t\t<\/div>\n\t\t<div class=\"elementor-element elementor-element-d095f6e e-con-full e-flex e-con e-child\" data-id=\"d095f6e\" data-element_type=\"container\" data-e-type=\"container\">\n\t\t\t\t<div class=\"elementor-element elementor-element-b8fe7be wd-width-100 elementor-widget elementor-widget-wd_title\" data-id=\"b8fe7be\" data-element_type=\"widget\" data-e-type=\"widget\" data-widget_type=\"wd_title.default\">\n\t\t\t\t<div class=\"elementor-widget-container\">\n\t\t\t\t\t\t\t<div class=\"title-wrapper wd-set-mb reset-last-child wd-title-color-default wd-title-style-default wd-title-size-default text-left\">\n\n\t\t\t\n\t\t\t<div class=\"liner-continer\">\n\t\t\t\t<h4 class=\"woodmart-title-container title wd-fontsize-l\">Large choix de tissus<\/h4> \n\t\t\t\t\t\t\t<\/div>\n\n\t\t\t\t\t<\/div>\n\t\t\t\t\t\t<\/div>\n\t\t\t\t<\/div>\n\t\t\t\t<div class=\"elementor-element elementor-element-b68a97b elementor-icon-list--layout-traditional elementor-list-item-link-full_width elementor-widget elementor-widget-icon-list\" data-id=\"b68a97b\" data-element_type=\"widget\" data-e-type=\"widget\" data-widget_type=\"icon-list.default\">\n\t\t\t\t<div class=\"elementor-widget-container\">\n\t\t\t\t\t\t\t<ul class=\"elementor-icon-list-items\">\n\t\t\t\t\t\t\t<li class=\"elementor-icon-list-item\">\n\t\t\t\t\t\t\t\t\t\t\t<span class=\"elementor-icon-list-icon\">\n\t\t\t\t\t\t\t<svg aria-hidden=\"true\" class=\"e-font-icon-svg e-fas-dot-circle\" viewbox=\"0 0 512 512\" xmlns=\"http:\/\/www.w3.org\/2000\/svg\"><path d=\"M256 8C119.033 8 8 119.033 8 256s111.033 248 248 248 248-111.033 248-248S392.967 8 256 8zm80 248c0 44.112-35.888 80-80 80s-80-35.888-80-80 35.888-80 80-80 80 35.888 80 80z\"><\/path><\/svg>\t\t\t\t\t\t<\/span>\n\t\t\t\t\t\t\t\t\t\t<span class=\"elementor-icon-list-text\">4 \u00e0 14 oz<\/span>\n\t\t\t\t\t\t\t\t\t<\/li>\n\t\t\t\t\t\t\t\t<li class=\"elementor-icon-list-item\">\n\t\t\t\t\t\t\t\t\t\t\t<span class=\"elementor-icon-list-icon\">\n\t\t\t\t\t\t\t<svg aria-hidden=\"true\" class=\"e-font-icon-svg e-fas-dot-circle\" viewbox=\"0 0 512 512\" xmlns=\"http:\/\/www.w3.org\/2000\/svg\"><path d=\"M256 8C119.033 8 8 119.033 8 256s111.033 248 248 248 248-111.033 248-248S392.967 8 256 8zm80 248c0 44.112-35.888 80-80 80s-80-35.888-80-80 35.888-80 80-80 80 35.888 80 80z\"><\/path><\/svg>\t\t\t\t\t\t<\/span>\n\t\t\t\t\t\t\t\t\t\t<span class=\"elementor-icon-list-text\"> Basique, luxuriant, fonctionnel, durable, esth\u00e9tique<\/span>\n\t\t\t\t\t\t\t\t\t<\/li>\n\t\t\t\t\t\t<\/ul>\n\t\t\t\t\t\t<\/div>\n\t\t\t\t<\/div>\n\t\t\t\t<\/div>\n\t\t<div class=\"elementor-element elementor-element-0f086bd e-con-full e-flex e-con e-child\" data-id=\"0f086bd\" data-element_type=\"container\" data-e-type=\"container\">\n\t\t\t\t<div class=\"elementor-element elementor-element-2ddfbd7 wd-width-100 elementor-widget elementor-widget-wd_title\" data-id=\"2ddfbd7\" data-element_type=\"widget\" data-e-type=\"widget\" data-widget_type=\"wd_title.default\">\n\t\t\t\t<div class=\"elementor-widget-container\">\n\t\t\t\t\t\t\t<div class=\"title-wrapper wd-set-mb reset-last-child wd-title-color-default wd-title-style-default wd-title-size-default text-left\">\n\n\t\t\t\n\t\t\t<div class=\"liner-continer\">\n\t\t\t\t<h4 class=\"woodmart-title-container title wd-fontsize-l\">Qualit\u00e9 stable<\/h4> \n\t\t\t\t\t\t\t<\/div>\n\n\t\t\t\t\t<\/div>\n\t\t\t\t\t\t<\/div>\n\t\t\t\t<\/div>\n\t\t\t\t<div class=\"elementor-element elementor-element-7cf678b elementor-icon-list--layout-traditional elementor-list-item-link-full_width elementor-widget elementor-widget-icon-list\" data-id=\"7cf678b\" data-element_type=\"widget\" data-e-type=\"widget\" data-widget_type=\"icon-list.default\">\n\t\t\t\t<div class=\"elementor-widget-container\">\n\t\t\t\t\t\t\t<ul class=\"elementor-icon-list-items\">\n\t\t\t\t\t\t\t<li class=\"elementor-icon-list-item\">\n\t\t\t\t\t\t\t\t\t\t\t<span class=\"elementor-icon-list-icon\">\n\t\t\t\t\t\t\t<svg aria-hidden=\"true\" class=\"e-font-icon-svg e-fas-dot-circle\" viewbox=\"0 0 512 512\" xmlns=\"http:\/\/www.w3.org\/2000\/svg\"><path d=\"M256 8C119.033 8 8 119.033 8 256s111.033 248 248 248 248-111.033 248-248S392.967 8 256 8zm80 248c0 44.112-35.888 80-80 80s-80-35.888-80-80 35.888-80 80-80 80 35.888 80 80z\"><\/path><\/svg>\t\t\t\t\t\t<\/span>\n\t\t\t\t\t\t\t\t\t\t<span class=\"elementor-icon-list-text\"> Proc\u00e9dure de contr\u00f4le de qualit\u00e9 compl\u00e8te, du fil au tissu<\/span>\n\t\t\t\t\t\t\t\t\t<\/li>\n\t\t\t\t\t\t<\/ul>\n\t\t\t\t\t\t<\/div>\n\t\t\t\t<\/div>\n\t\t\t\t<\/div>\n\t\t\t\t<\/div>\n\t\t<div class=\"elementor-element elementor-element-ab2e3b4 e-con-full e-flex e-con e-child\" data-id=\"ab2e3b4\" data-element_type=\"container\" data-e-type=\"container\">\n\t\t\t\t<div class=\"elementor-element elementor-element-cd38685 elementor-widget elementor-widget-wd_image_or_svg\" data-id=\"cd38685\" data-element_type=\"widget\" data-e-type=\"widget\" data-widget_type=\"wd_image_or_svg.default\">\n\t\t\t\t<div class=\"elementor-widget-container\">\n\t\t\t\t\t\n\t\t<div class=\"wd-image text-left\">\n\t\t\t\t\t\t\t\t<img loading=\"lazy\" decoding=\"async\" width=\"2266\" height=\"1372\" src=\"https:\/\/lydenim.com\/wp-content\/uploads\/2024\/12\/\u7eb1\u5e93\u5b58.jpeg\" class=\"attachment-full size-full\" alt=\"\" srcset=\"https:\/\/lydenim.com\/wp-content\/uploads\/2024\/12\/\u7eb1\u5e93\u5b58.jpeg 2266w, https:\/\/lydenim.com\/wp-content\/uploads\/2024\/12\/\u7eb1\u5e93\u5b58-150x91.jpeg 150w, https:\/\/lydenim.com\/wp-content\/uploads\/2024\/12\/\u7eb1\u5e93\u5b58-600x363.jpeg 600w, https:\/\/lydenim.com\/wp-content\/uploads\/2024\/12\/\u7eb1\u5e93\u5b58-300x182.jpeg 300w, https:\/\/lydenim.com\/wp-content\/uploads\/2024\/12\/\u7eb1\u5e93\u5b58-1024x620.jpeg 1024w, https:\/\/lydenim.com\/wp-content\/uploads\/2024\/12\/\u7eb1\u5e93\u5b58-768x465.jpeg 768w, https:\/\/lydenim.com\/wp-content\/uploads\/2024\/12\/\u7eb1\u5e93\u5b58-1536x930.jpeg 1536w, https:\/\/lydenim.com\/wp-content\/uploads\/2024\/12\/\u7eb1\u5e93\u5b58-2048x1240.jpeg 2048w, https:\/\/lydenim.com\/wp-content\/uploads\/2024\/12\/\u7eb1\u5e93\u5b58-18x12.jpeg 18w\" sizes=\"auto, (max-width: 2266px) 100vw, 2266px\" \/>\t\t\t\t\t<\/div>\n\n\t\t\t\t\t\t<\/div>\n\t\t\t\t<\/div>\n\t\t\t\t<\/div>\n\t\t\t\t<\/div>\n\t\t<div class=\"elementor-element elementor-element-a6ebc2b e-con-full e-flex e-con e-child\" data-id=\"a6ebc2b\" data-element_type=\"container\" data-e-type=\"container\">\n\t\t<div class=\"elementor-element elementor-element-e8447c0 e-con-full e-flex e-con e-child\" data-id=\"e8447c0\" data-element_type=\"container\" data-e-type=\"container\">\n\t\t\t\t<div class=\"elementor-element elementor-element-d288815 wd-width-100 elementor-widget elementor-widget-wd_title\" data-id=\"d288815\" data-element_type=\"widget\" data-e-type=\"widget\" data-widget_type=\"wd_title.default\">\n\t\t\t\t<div class=\"elementor-widget-container\">\n\t\t\t\t\t\t\t<div class=\"title-wrapper wd-set-mb reset-last-child wd-title-color-primary wd-title-style-simple wd-title-size-default text-left\">\n\n\t\t\t\n\t\t\t<div class=\"liner-continer\">\n\t\t\t\t<h3 class=\"woodmart-title-container title wd-fontsize-l\">Machines avanc\u00e9es<\/h3> \n\t\t\t\t\t\t\t<\/div>\n\n\t\t\t\t\t\t\t<div class=\"title-after_title reset-last-child wd-fontsize-xs\">\n\t\t\t\t\t<p>Nous avons commenc\u00e9 notre parcours en tant que fabricant et fournisseur de denim \u00e0 Foshan, en 2000. Avec 240 m\u00e9tiers \u00e0 tisser \u00e0 pinces ultramodernes import\u00e9s de Belgique et d'Italie, notre capacit\u00e9 de production atteint 20 millions de m\u00e8tres par an.<\/p>\t\t\t\t<\/div>\n\t\t\t\t\t<\/div>\n\t\t\t\t\t\t<\/div>\n\t\t\t\t<\/div>\n\t\t\t\t<\/div>\n\t\t<div class=\"elementor-element elementor-element-e85b47f e-con-full e-flex e-con e-child\" data-id=\"e85b47f\" data-element_type=\"container\" data-e-type=\"container\">\n\t\t\t\t<div class=\"elementor-element elementor-element-c18650a elementor-widget elementor-widget-wd_image_or_svg\" data-id=\"c18650a\" data-element_type=\"widget\" data-e-type=\"widget\" data-widget_type=\"wd_image_or_svg.default\">\n\t\t\t\t<div class=\"elementor-widget-container\">\n\t\t\t\t\t\n\t\t<div class=\"wd-image text-left\">\n\t\t\t\t\t\t\t\t<img loading=\"lazy\" decoding=\"async\" width=\"2560\" height=\"1440\" src=\"https:\/\/lydenim.com\/wp-content\/uploads\/2024\/12\/\u7ec7\u5e03\u673a-1-scaled.jpg\" class=\"attachment-full size-full\" alt=\"\" srcset=\"https:\/\/lydenim.com\/wp-content\/uploads\/2024\/12\/\u7ec7\u5e03\u673a-1-scaled.jpg 2560w, https:\/\/lydenim.com\/wp-content\/uploads\/2024\/12\/\u7ec7\u5e03\u673a-1-scaled-150x84.jpg 150w, https:\/\/lydenim.com\/wp-content\/uploads\/2024\/12\/\u7ec7\u5e03\u673a-1-scaled-600x338.jpg 600w, https:\/\/lydenim.com\/wp-content\/uploads\/2024\/12\/\u7ec7\u5e03\u673a-1-300x169.jpg 300w, https:\/\/lydenim.com\/wp-content\/uploads\/2024\/12\/\u7ec7\u5e03\u673a-1-1024x576.jpg 1024w, https:\/\/lydenim.com\/wp-content\/uploads\/2024\/12\/\u7ec7\u5e03\u673a-1-768x432.jpg 768w, https:\/\/lydenim.com\/wp-content\/uploads\/2024\/12\/\u7ec7\u5e03\u673a-1-1536x864.jpg 1536w, https:\/\/lydenim.com\/wp-content\/uploads\/2024\/12\/\u7ec7\u5e03\u673a-1-2048x1152.jpg 2048w, https:\/\/lydenim.com\/wp-content\/uploads\/2024\/12\/\u7ec7\u5e03\u673a-1-18x10.jpg 18w\" sizes=\"auto, (max-width: 2560px) 100vw, 2560px\" \/>\t\t\t\t\t<\/div>\n\n\t\t\t\t\t\t<\/div>\n\t\t\t\t<\/div>\n\t\t\t\t<\/div>\n\t\t\t\t<\/div>\n\t\t<div class=\"elementor-element elementor-element-12cdf81 e-con-full e-flex e-con e-child\" data-id=\"12cdf81\" data-element_type=\"container\" data-e-type=\"container\">\n\t\t<div class=\"elementor-element elementor-element-f4255e5 e-con-full e-flex e-con e-child\" data-id=\"f4255e5\" data-element_type=\"container\" data-e-type=\"container\">\n\t\t\t\t<div class=\"elementor-element elementor-element-45ca4b4 wd-width-100 elementor-widget elementor-widget-wd_title\" data-id=\"45ca4b4\" data-element_type=\"widget\" data-e-type=\"widget\" data-widget_type=\"wd_title.default\">\n\t\t\t\t<div class=\"elementor-widget-container\">\n\t\t\t\t\t\t\t<div class=\"title-wrapper wd-set-mb reset-last-child wd-title-color-primary wd-title-style-simple wd-title-size-default text-left\">\n\n\t\t\t\n\t\t\t<div class=\"liner-continer\">\n\t\t\t\t<h3 class=\"woodmart-title-container title wd-fontsize-l\">Service int\u00e9gr\u00e9 de production et de vente de tissus<\/h3> \n\t\t\t\t\t\t\t<\/div>\n\n\t\t\t\t\t\t\t<div class=\"title-after_title reset-last-child wd-fontsize-xs\">\n\t\t\t\t\t<p>Nous fabriquons des tissus sur mesure pour nos clients, mais nous concevons, produisons et vendons \u00e9galement nos propres tissus, localement ou dans le monde entier. Nous avons cr\u00e9\u00e9 une salle d'\u00e9chantillons et une succursale de vente au niveau local, dans le but d'aider les usines de v\u00eatements \u00e0 visualiser le processus allant du tissu au v\u00eatement, et de r\u00e9soudre les probl\u00e8mes li\u00e9s aux QMo \u00e9lev\u00e9s et aux longs d\u00e9lais de production, ce qui est particuli\u00e8rement important pour les grossistes en tissus pendant la haute saison de vente. <a href=\"https:\/\/lydenim.com\/fr\/product\/\"><span style=\"text-decoration: underline\">Cliquez ici<\/span><\/a>, en savoir plus sur nos derniers produits ou <span style=\"text-decoration: underline\"><a href=\"http:\/\/liangyuantextile.m.en.alibaba.com\">Personnalisation de v\u00eatements<\/a><\/span><\/p>\t\t\t\t<\/div>\n\t\t\t\t\t<\/div>\n\t\t\t\t\t\t<\/div>\n\t\t\t\t<\/div>\n\t\t\t\t<\/div>\n\t\t<div class=\"elementor-element elementor-element-94db684 e-con-full e-flex e-con e-child\" data-id=\"94db684\" data-element_type=\"container\" data-e-type=\"container\">\n\t\t\t\t<div class=\"elementor-element elementor-element-4a9fb53 elementor-widget elementor-widget-wd_image_or_svg\" data-id=\"4a9fb53\" data-element_type=\"widget\" data-e-type=\"widget\" data-widget_type=\"wd_image_or_svg.default\">\n\t\t\t\t<div class=\"elementor-widget-container\">\n\t\t\t\t\t\n\t\t<div class=\"wd-image text-left\">\n\t\t\t\t\t\t\t\t<img loading=\"lazy\" decoding=\"async\" width=\"1120\" height=\"720\" src=\"https:\/\/lydenim.com\/wp-content\/uploads\/2024\/12\/\u6863\u53e3\u56fe1-1120x720.jpg\" class=\"attachment-1120x720 size-1120x720\" alt=\"\" \/>\t\t\t\t\t<\/div>\n\n\t\t\t\t\t\t<\/div>\n\t\t\t\t<\/div>\n\t\t\t\t<\/div>\n\t\t\t\t<\/div>\n\t\t<div class=\"elementor-element elementor-element-411fd0a e-con-full e-flex e-con e-child\" data-id=\"411fd0a\" data-element_type=\"container\" data-e-type=\"container\">\n\t\t<div class=\"elementor-element elementor-element-a30804c e-con-full e-flex e-con e-child\" data-id=\"a30804c\" data-element_type=\"container\" data-e-type=\"container\">\n\t\t\t\t<div class=\"elementor-element elementor-element-2924179 wd-width-100 elementor-widget elementor-widget-wd_title\" data-id=\"2924179\" data-element_type=\"widget\" data-e-type=\"widget\" data-widget_type=\"wd_title.default\">\n\t\t\t\t<div class=\"elementor-widget-container\">\n\t\t\t\t\t\t\t<div class=\"title-wrapper wd-set-mb reset-last-child wd-title-color-primary wd-title-style-simple wd-title-size-default text-left\">\n\n\t\t\t\n\t\t\t<div class=\"liner-continer\">\n\t\t\t\t<h3 class=\"woodmart-title-container title wd-fontsize-l\">Recherche et d\u00e9veloppement conjoints pour promouvoir l'innovation dans le domaine des tissus<\/h3> \n\t\t\t\t\t\t\t<\/div>\n\n\t\t\t\t\t\t\t<div class=\"title-after_title reset-last-child wd-fontsize-xs\">\n\t\t\t\t\t<p>Nous sommes d\u00e9termin\u00e9s \u00e0 nous plonger profond\u00e9ment dans la partie tissage et \u00e0 confier les autres processus de production \u00e0 ceux qui ne font qu'une chose comme nous, y compris la filature, la teinture ou le processus de finition. Nos partenaires sont des innovateurs et des leaders dans leur domaine, jouissant d'une bonne r\u00e9putation gr\u00e2ce \u00e0 leur capacit\u00e9 de production \u00e9lev\u00e9e et \u00e0 la diversit\u00e9 de leurs fils ou technologies brevet\u00e9s. Ils int\u00e8grent toutes les sources dans un m\u00eame domaine, afin d'augmenter la capacit\u00e9 de production, de r\u00e9duire les co\u00fbts et d'am\u00e9liorer le d\u00e9veloppement de la R&amp;D, ce dont nous b\u00e9n\u00e9ficions et que nous transf\u00e9rons \u00e0 nos clients. Nous avons mis en place un bureau de d\u00e9veloppement commun avec notre partenaire de filature, afin de d\u00e9velopper ensemble des fils techniques, ainsi qu'un bureau commun dans l'usine de teinture en 2010, afin d'explorer conjointement les couleurs de teinture.<\/p>\t\t\t\t<\/div>\n\t\t\t\t\t<\/div>\n\t\t\t\t\t\t<\/div>\n\t\t\t\t<\/div>\n\t\t\t\t<\/div>\n\t\t<div class=\"elementor-element elementor-element-cb0b8a8 e-con-full e-flex e-con e-child\" data-id=\"cb0b8a8\" data-element_type=\"container\" data-e-type=\"container\">\n\t\t\t\t<div class=\"elementor-element elementor-element-7f28bf3 elementor-widget elementor-widget-wd_image_or_svg\" data-id=\"7f28bf3\" data-element_type=\"widget\" data-e-type=\"widget\" data-widget_type=\"wd_image_or_svg.default\">\n\t\t\t\t<div class=\"elementor-widget-container\">\n\t\t\t\t\t\n\t\t<div class=\"wd-image text-left\">\n\t\t\t\t\t\t\t\t<img loading=\"lazy\" decoding=\"async\" width=\"1120\" height=\"720\" src=\"https:\/\/lydenim.com\/wp-content\/uploads\/2024\/12\/\u67d3\u8272-1120x720.jpg\" class=\"attachment-1120x720 size-1120x720\" alt=\"\" srcset=\"https:\/\/lydenim.com\/wp-content\/uploads\/2024\/12\/\u67d3\u8272-1120x720.jpg 1120w, https:\/\/lydenim.com\/wp-content\/uploads\/2024\/12\/\u67d3\u8272-150x96.jpg 150w, https:\/\/lydenim.com\/wp-content\/uploads\/2024\/12\/\u67d3\u8272-600x385.jpg 600w, https:\/\/lydenim.com\/wp-content\/uploads\/2024\/12\/\u67d3\u8272-300x193.jpg 300w, https:\/\/lydenim.com\/wp-content\/uploads\/2024\/12\/\u67d3\u8272-1024x658.jpg 1024w, https:\/\/lydenim.com\/wp-content\/uploads\/2024\/12\/\u67d3\u8272-768x493.jpg 768w, https:\/\/lydenim.com\/wp-content\/uploads\/2024\/12\/\u67d3\u8272-1536x987.jpg 1536w, https:\/\/lydenim.com\/wp-content\/uploads\/2024\/12\/\u67d3\u8272-18x12.jpg 18w, https:\/\/lydenim.com\/wp-content\/uploads\/2024\/12\/\u67d3\u8272.jpg 1890w\" sizes=\"auto, (max-width: 1120px) 100vw, 1120px\" \/>\t\t\t\t\t<\/div>\n\n\t\t\t\t\t\t<\/div>\n\t\t\t\t<\/div>\n\t\t\t\t<\/div>\n\t\t\t\t<\/div>\n\t\t\t\t\t<\/div>\n\t\t\t\t<\/div>\n\t\t<div class=\"wd-negative-gap elementor-element elementor-element-59c5094 e-flex e-con-boxed e-con e-parent\" data-id=\"59c5094\" data-element_type=\"container\" data-e-type=\"container\">\n\t\t\t\t\t<div class=\"e-con-inner\">\n\t\t\t\t<div class=\"elementor-element elementor-element-d135181 wd-width-100 elementor-widget elementor-widget-wd_title\" data-id=\"d135181\" data-element_type=\"widget\" data-e-type=\"widget\" data-widget_type=\"wd_title.default\">\n\t\t\t\t<div class=\"elementor-widget-container\">\n\t\t\t\t\t\t\t<div class=\"title-wrapper wd-set-mb reset-last-child wd-title-color-default wd-title-style-default wd-title-size-default text-center\">\n\n\t\t\t\n\t\t\t<div class=\"liner-continer\">\n\t\t\t\t<h4 class=\"woodmart-title-container title wd-fontsize-l\">Nous sommes pr\u00e9sents dans l'industrie du denim depuis plusieurs d\u00e9cennies et nous sommes d\u00e9termin\u00e9s \u00e0 continuer \u00e0 progresser dans le domaine du denim, \u00e0 fabriquer des tissus de denim \u00e9l\u00e9gants, \u00e0 la mode et de qualit\u00e9 stable. <\/h4> \n\t\t\t\t\t\t\t<\/div>\n\n\t\t\t\t\t<\/div>\n\t\t\t\t\t\t<\/div>\n\t\t\t\t<\/div>\n\t\t\t\t\t<\/div>\n\t\t\t\t<\/div>\n\t\t\t\t<\/div>","protected":false},"excerpt":{"rendered":"<p>Comment b\u00e9n\u00e9ficiez-vous de nos produits et services\u00a0? 80% Tissu en stock Petit MOQ D\u00e9lai de livraison court Large choix de tissus<\/p>","protected":false},"author":2,"featured_media":0,"parent":0,"menu_order":0,"comment_status":"closed","ping_status":"closed","template":"","meta":{"two_page_speed":[],"footnotes":""},"class_list":["post-1840","page","type-page","status-publish","hentry"],"aioseo_notices":[],"_links":{"self":[{"href":"https:\/\/lydenim.com\/fr\/wp-json\/wp\/v2\/pages\/1840","targetHints":{"allow":["GET"]}}],"collection":[{"href":"https:\/\/lydenim.com\/fr\/wp-json\/wp\/v2\/pages"}],"about":[{"href":"https:\/\/lydenim.com\/fr\/wp-json\/wp\/v2\/types\/page"}],"author":[{"embeddable":true,"href":"https:\/\/lydenim.com\/fr\/wp-json\/wp\/v2\/users\/2"}],"replies":[{"embeddable":true,"href":"https:\/\/lydenim.com\/fr\/wp-json\/wp\/v2\/comments?post=1840"}],"version-history":[{"count":21,"href":"https:\/\/lydenim.com\/fr\/wp-json\/wp\/v2\/pages\/1840\/revisions"}],"predecessor-version":[{"id":5398,"href":"https:\/\/lydenim.com\/fr\/wp-json\/wp\/v2\/pages\/1840\/revisions\/5398"}],"wp:attachment":[{"href":"https:\/\/lydenim.com\/fr\/wp-json\/wp\/v2\/media?parent=1840"}],"curies":[{"name":"wp","href":"https:\/\/api.w.org\/{rel}","templated":true}]}}