{"id":1844,"date":"2024-12-02T14:15:11","date_gmt":"2024-12-02T06:15:11","guid":{"rendered":"https:\/\/lydenim.com\/?page_id=1844"},"modified":"2024-12-22T17:27:00","modified_gmt":"2024-12-22T09:27:00","slug":"quality","status":"publish","type":"page","link":"https:\/\/lydenim.com\/fr\/qualite\/","title":{"rendered":"Qualit\u00e9"},"content":{"rendered":"<div data-elementor-type=\"wp-page\" data-elementor-id=\"1844\" class=\"elementor elementor-1844\" data-elementor-post-type=\"page\">\n\t\t\t\t<div class=\"wd-negative-gap elementor-element elementor-element-61e44dc e-flex e-con-boxed e-con e-parent\" data-id=\"61e44dc\" data-element_type=\"container\" data-e-type=\"container\">\n\t\t\t\t\t<div class=\"e-con-inner\">\n\t\t\t\t<div class=\"elementor-element elementor-element-b3228d5 wd-width-100 elementor-widget elementor-widget-wd_title\" data-id=\"b3228d5\" data-element_type=\"widget\" data-e-type=\"widget\" data-widget_type=\"wd_title.default\">\n\t\t\t\t<div class=\"elementor-widget-container\">\n\t\t\t\t\t\t\t<div class=\"title-wrapper wd-set-mb reset-last-child wd-title-color-primary wd-title-style-simple wd-title-size-default text-center\">\n\n\t\t\t\n\t\t\t<div class=\"liner-continer\">\n\t\t\t\t<h2 class=\"woodmart-title-container title wd-fontsize-l\">Certification du syst\u00e8me<\/h2> \n\t\t\t\t\t\t\t<\/div>\n\n\t\t\t\t\t\t\t<div class=\"title-after_title reset-last-child wd-fontsize-xs\">\n\t\t\t\t\t<p>Nous nous concentrons sur la recherche de l'excellence dans la fabrication de tissus denim. Nos produits r\u00e9pondent aux normes internationales et sont principalement export\u00e9s vers l'Europe, les \u00c9tats-Unis et d'autres parties du monde.<\/p>\t\t\t\t<\/div>\n\t\t\t\t\t<\/div>\n\t\t\t\t\t\t<\/div>\n\t\t\t\t<\/div>\n\t\t\t\t<div class=\"elementor-element elementor-element-d93479c wd-width-100 elementor-widget elementor-widget-wd_images_gallery\" data-id=\"d93479c\" data-element_type=\"widget\" data-e-type=\"widget\" data-widget_type=\"wd_images_gallery.default\">\n\t\t\t\t<div class=\"elementor-widget-container\">\n\t\t\t\t\t\t\t<div class=\"wd-images-gallery photoswipe-images wd-carousel-container\" style=\"--wd-align-items:center; --wd-justify-content:center;\">\n\t\t\t\t\t\t\t<div class=\"wd-carousel-inner\">\n\t\t\t\t\t\t<div class=\"wd-carousel wd-grid\" data-speed=\"5000\" data-autoplay=\"yes\" data-scroll_per_page=\"yes\" style=\"--wd-col-lg:4;--wd-col-md:4;--wd-col-sm:1;--wd-gap-lg:0px;\">\n\t\t\t\t\t\t\t\t\t<div class=\"wd-carousel-wrap\">\n\t\t\t\t\t\t\t\t\t\t\t\t\t\t\t\t\t\t<div class=\"wd-gallery-item wd-carousel-item\">\n\t\t\t\t\t\t\t\t\t\t\t\t\t<a  href=\"https:\/\/lydenim.com\/wp-content\/uploads\/2024\/12\/images-1.jpg\" data-width=\"189\" data-height=\"267\" data-index=\"1\" data-elementor-open-lightbox=\"no\">\n\t\t\t\t\t\t\n\t\t\t\t\t\t<img loading=\"lazy\" decoding=\"async\" width=\"189\" height=\"267\" src=\"https:\/\/lydenim.com\/wp-content\/uploads\/2024\/12\/images-1.jpg\" class=\"attachment-full size-full\" alt=\"images (1)\" srcset=\"https:\/\/lydenim.com\/wp-content\/uploads\/2024\/12\/images-1.jpg 189w, https:\/\/lydenim.com\/wp-content\/uploads\/2024\/12\/images-1-150x212.jpg 150w\" sizes=\"auto, (max-width: 189px) 100vw, 189px\" \/>\n\t\t\t\t\t\t\t\t\t\t\t\t\t<\/a>\n\t\t\t\t\t\t\t\t\t\t\t<\/div>\n\t\t\t\t\t\t\t\t\t\t\t\t\t\t\t<div class=\"wd-gallery-item wd-carousel-item\">\n\t\t\t\t\t\t\t\t\t\t\t\t\t<a  href=\"https:\/\/lydenim.com\/wp-content\/uploads\/2024\/12\/images.jpg\" data-width=\"189\" data-height=\"267\" data-index=\"2\" data-elementor-open-lightbox=\"no\">\n\t\t\t\t\t\t\n\t\t\t\t\t\t<img loading=\"lazy\" decoding=\"async\" width=\"189\" height=\"267\" src=\"https:\/\/lydenim.com\/wp-content\/uploads\/2024\/12\/images.jpg\" class=\"attachment-full size-full\" alt=\"images\" srcset=\"https:\/\/lydenim.com\/wp-content\/uploads\/2024\/12\/images.jpg 189w, https:\/\/lydenim.com\/wp-content\/uploads\/2024\/12\/images-150x212.jpg 150w\" sizes=\"auto, (max-width: 189px) 100vw, 189px\" \/>\n\t\t\t\t\t\t\t\t\t\t\t\t\t<\/a>\n\t\t\t\t\t\t\t\t\t\t\t<\/div>\n\t\t\t\t\t\t\t\t\t\t\t\t\t\t\t<div class=\"wd-gallery-item wd-carousel-item\">\n\t\t\t\t\t\t\t\t\t\t\t\t\t<a  href=\"https:\/\/lydenim.com\/wp-content\/uploads\/2024\/12\/images-3.jpg\" data-width=\"189\" data-height=\"267\" data-index=\"3\" data-elementor-open-lightbox=\"no\">\n\t\t\t\t\t\t\n\t\t\t\t\t\t<img loading=\"lazy\" decoding=\"async\" width=\"189\" height=\"267\" src=\"https:\/\/lydenim.com\/wp-content\/uploads\/2024\/12\/images-3.jpg\" class=\"attachment-full size-full\" alt=\"images (3)\" srcset=\"https:\/\/lydenim.com\/wp-content\/uploads\/2024\/12\/images-3.jpg 189w, https:\/\/lydenim.com\/wp-content\/uploads\/2024\/12\/images-3-150x212.jpg 150w\" sizes=\"auto, (max-width: 189px) 100vw, 189px\" \/>\n\t\t\t\t\t\t\t\t\t\t\t\t\t<\/a>\n\t\t\t\t\t\t\t\t\t\t\t<\/div>\n\t\t\t\t\t\t\t\t\t\t\t\t\t\t\t<div class=\"wd-gallery-item wd-carousel-item\">\n\t\t\t\t\t\t\t\t\t\t\t\t\t<a  href=\"https:\/\/lydenim.com\/wp-content\/uploads\/2024\/12\/images-2.jpg\" data-width=\"189\" data-height=\"267\" data-index=\"4\" data-elementor-open-lightbox=\"no\">\n\t\t\t\t\t\t\n\t\t\t\t\t\t<img loading=\"lazy\" decoding=\"async\" width=\"189\" height=\"267\" src=\"https:\/\/lydenim.com\/wp-content\/uploads\/2024\/12\/images-2.jpg\" class=\"attachment-full size-full\" alt=\"images (2)\" srcset=\"https:\/\/lydenim.com\/wp-content\/uploads\/2024\/12\/images-2.jpg 189w, https:\/\/lydenim.com\/wp-content\/uploads\/2024\/12\/images-2-150x212.jpg 150w\" sizes=\"auto, (max-width: 189px) 100vw, 189px\" \/>\n\t\t\t\t\t\t\t\t\t\t\t\t\t<\/a>\n\t\t\t\t\t\t\t\t\t\t\t<\/div>\n\t\t\t\t\t\t\t\t\t\t\t\t\t\t\t<div class=\"wd-gallery-item wd-carousel-item\">\n\t\t\t\t\t\t\t\t\t\t\t\t\t<a  href=\"https:\/\/lydenim.com\/wp-content\/uploads\/2024\/12\/images-1.png\" data-width=\"190\" data-height=\"266\" data-index=\"5\" data-elementor-open-lightbox=\"no\">\n\t\t\t\t\t\t\n\t\t\t\t\t\t<img loading=\"lazy\" decoding=\"async\" width=\"190\" height=\"266\" src=\"https:\/\/lydenim.com\/wp-content\/uploads\/2024\/12\/images-1.png\" class=\"attachment-full size-full\" alt=\"images\" srcset=\"https:\/\/lydenim.com\/wp-content\/uploads\/2024\/12\/images-1.png 190w, https:\/\/lydenim.com\/wp-content\/uploads\/2024\/12\/images-1-150x210.png 150w\" sizes=\"auto, (max-width: 190px) 100vw, 190px\" \/>\n\t\t\t\t\t\t\t\t\t\t\t\t\t<\/a>\n\t\t\t\t\t\t\t\t\t\t\t<\/div>\n\t\t\t\t\t\t\t\t\t\t\t\t\t\t\t\t<\/div>\n\t\t\t\t\t\t\t\t<\/div>\n\t\t\t\t\t\t\t\t\t\t\t\t\t\t<div class=\"wd-nav-arrows wd-pos-sep wd-hover-1 wd-icon-1\">\n\t\t\t<div class=\"wd-btn-arrow wd-prev wd-disabled\">\n\t\t\t\t<div class=\"wd-arrow-inner\"><\/div>\n\t\t\t<\/div>\n\t\t\t<div class=\"wd-btn-arrow wd-next\">\n\t\t\t\t<div class=\"wd-arrow-inner\"><\/div>\n\t\t\t<\/div>\n\t\t<\/div>\n\t\t\t\t\t\t\n\t\t\t\t<\/div>\n\n\t\t\t\t\t\t<div class=\"wd-nav-pagin-wrap text-center wd-style-shape wd-hide-md-sm wd-hide-sm\">\n\t\t\t<ul class=\"wd-nav-pagin\"><\/ul>\n\t\t<\/div>\n\t\t\t\t\t\t\t\t\t\t\t<\/div>\n\t\t\t\t\t\t<\/div>\n\t\t\t\t<\/div>\n\t\t\t\t\t<\/div>\n\t\t\t\t<\/div>\n\t\t<div class=\"wd-negative-gap elementor-element elementor-element-c70cdfe e-flex e-con-boxed e-con e-parent\" data-id=\"c70cdfe\" data-element_type=\"container\" data-e-type=\"container\">\n\t\t\t\t\t<div class=\"e-con-inner\">\n\t\t<div class=\"elementor-element elementor-element-c0621e1 e-con-full e-flex e-con e-child\" data-id=\"c0621e1\" data-element_type=\"container\" data-e-type=\"container\">\n\t\t\t\t<div class=\"elementor-element elementor-element-890231f elementor-widget elementor-widget-wd_image_or_svg\" data-id=\"890231f\" data-element_type=\"widget\" data-e-type=\"widget\" data-widget_type=\"wd_image_or_svg.default\">\n\t\t\t\t<div class=\"elementor-widget-container\">\n\t\t\t\t\t\n\t\t<div class=\"wd-image text-left\">\n\t\t\t\t\t\t\t\t<img loading=\"lazy\" decoding=\"async\" width=\"1281\" height=\"720\" src=\"https:\/\/lydenim.com\/wp-content\/uploads\/2024\/12\/1715160506071_cleanup.png\" class=\"attachment-full size-full\" alt=\"Contr\u00f4le de qualit\u00e9\" srcset=\"https:\/\/lydenim.com\/wp-content\/uploads\/2024\/12\/1715160506071_cleanup.png 1281w, https:\/\/lydenim.com\/wp-content\/uploads\/2024\/12\/1715160506071_cleanup-150x84.png 150w, https:\/\/lydenim.com\/wp-content\/uploads\/2024\/12\/1715160506071_cleanup-600x337.png 600w, https:\/\/lydenim.com\/wp-content\/uploads\/2024\/12\/1715160506071_cleanup-300x169.png 300w, https:\/\/lydenim.com\/wp-content\/uploads\/2024\/12\/1715160506071_cleanup-1024x576.png 1024w, https:\/\/lydenim.com\/wp-content\/uploads\/2024\/12\/1715160506071_cleanup-768x432.png 768w\" sizes=\"auto, (max-width: 1281px) 100vw, 1281px\" \/>\t\t\t\t\t<\/div>\n\n\t\t\t\t\t\t<\/div>\n\t\t\t\t<\/div>\n\t\t\t\t<\/div>\n\t\t<div class=\"elementor-element elementor-element-fce997f e-con-full e-flex e-con e-child\" data-id=\"fce997f\" data-element_type=\"container\" data-e-type=\"container\">\n\t\t\t\t<div class=\"elementor-element elementor-element-bb968fc wd-width-100 elementor-widget elementor-widget-wd_title\" data-id=\"bb968fc\" data-element_type=\"widget\" data-e-type=\"widget\" data-widget_type=\"wd_title.default\">\n\t\t\t\t<div class=\"elementor-widget-container\">\n\t\t\t\t\t\t\t<div class=\"title-wrapper wd-set-mb reset-last-child wd-title-color-primary wd-title-style-simple wd-title-size-default text-left\">\n\n\t\t\t\t\t\t\t\t\t\t\t<div class=\"title-subtitle subtitle-color-primary subtitle-style-default wd-fontsize-xs\">\n\t\t\t\t\t NOTRE FORCE\t\t\t\t<\/div>\n\t\t\t\n\t\t\t<div class=\"liner-continer\">\n\t\t\t\t<h2 class=\"woodmart-title-container title wd-fontsize-l\">La production est r\u00e9alis\u00e9e sous un strict contr\u00f4le de qualit\u00e9<\/h2> \n\t\t\t\t\t\t\t<\/div>\n\n\t\t\t\t\t\t\t<div class=\"title-after_title reset-last-child wd-fontsize-xs\">\n\t\t\t\t\t<p>Nous sommes d\u00e9termin\u00e9s \u00e0 nous plonger profond\u00e9ment dans la partie tissage et \u00e0 confier les autres processus de production \u00e0 ceux qui ne font qu'une chose comme nous, y compris la filature, la teinture ou le processus de finition. Nos partenaires sont des innovateurs et des leaders dans leur domaine, jouissant d'une bonne r\u00e9putation gr\u00e2ce \u00e0 leur capacit\u00e9 de production \u00e9lev\u00e9e et \u00e0 la diversit\u00e9 de leurs fils ou technologies brevet\u00e9s. Ils int\u00e8grent toutes les sources dans un m\u00eame domaine, afin d'augmenter la capacit\u00e9 de production, de r\u00e9duire les co\u00fbts et d'am\u00e9liorer le d\u00e9veloppement de la R&amp;D, ce dont nous b\u00e9n\u00e9ficions et que nous transf\u00e9rons \u00e0 nos clients. Nous avons mis en place un bureau de d\u00e9veloppement commun avec notre partenaire de filature, afin de d\u00e9velopper ensemble des fils techniques, ainsi qu'un bureau commun dans l'usine de teinture en 2010, afin d'explorer conjointement les couleurs de teinture.<\/p><p>Nous croyons que la qualit\u00e9 stable et sup\u00e9rieure est essentielle pour gagner la fid\u00e9lit\u00e9 des clients. C'est pourquoi nous apportons un soin profond \u00e0 la qualit\u00e9 \u00e0 toutes les \u00e9tapes de la production int\u00e9gr\u00e9e, du filage jusqu\u2019au processus de finition. Nous avons d\u00e9velopp\u00e9 des normes rigoureuses et syst\u00e9matiques de contr\u00f4le de qualit\u00e9 pour guider de mani\u00e8re optimale les inspections. En plus de la norme am\u00e9ricaine d'inspection des Quatre Points, nous utilisons \u00e9galement les derni\u00e8res infrastructures pour tester la filature, la performance des couleurs et la finition<\/p>\t\t\t\t<\/div>\n\t\t\t\t\t<\/div>\n\t\t\t\t\t\t<\/div>\n\t\t\t\t<\/div>\n\t\t\t\t<\/div>\n\t\t\t\t\t<\/div>\n\t\t\t\t<\/div>\n\t\t<div class=\"wd-negative-gap elementor-element elementor-element-20017cd wd-section-stretch e-flex e-con-boxed e-con e-parent\" data-id=\"20017cd\" data-element_type=\"container\" data-e-type=\"container\" data-settings=\"{&quot;background_background&quot;:&quot;classic&quot;}\">\n\t\t\t\t\t<div class=\"e-con-inner\">\n\t\t\t\t<div class=\"elementor-element elementor-element-efa3f6e wd-width-100 elementor-widget elementor-widget-wd_title\" data-id=\"efa3f6e\" data-element_type=\"widget\" data-e-type=\"widget\" data-widget_type=\"wd_title.default\">\n\t\t\t\t<div class=\"elementor-widget-container\">\n\t\t\t\t\t\t\t<div class=\"title-wrapper wd-set-mb reset-last-child wd-title-color-primary wd-title-style-simple wd-title-size-default text-center\">\n\n\t\t\t\n\t\t\t<div class=\"liner-continer\">\n\t\t\t\t<h2 class=\"woodmart-title-container title wd-fontsize-l\">Fabrique<\/h2> \n\t\t\t\t\t\t\t<\/div>\n\n\t\t\t\t\t<\/div>\n\t\t\t\t\t\t<\/div>\n\t\t\t\t<\/div>\n\t\t\t\t<div class=\"elementor-element elementor-element-2ddea8b elementor-skin-coverflow elementor-arrows-yes elementor-pagination-type-bullets elementor-pagination-position-outside elementor-widget elementor-widget-media-carousel\" data-id=\"2ddea8b\" data-element_type=\"widget\" data-e-type=\"widget\" data-settings=\"{&quot;skin&quot;:&quot;coverflow&quot;,&quot;show_arrows&quot;:&quot;yes&quot;,&quot;pagination&quot;:&quot;bullets&quot;,&quot;speed&quot;:500,&quot;autoplay&quot;:&quot;yes&quot;,&quot;autoplay_speed&quot;:5000,&quot;loop&quot;:&quot;yes&quot;,&quot;pause_on_hover&quot;:&quot;yes&quot;,&quot;pause_on_interaction&quot;:&quot;yes&quot;,&quot;space_between&quot;:{&quot;unit&quot;:&quot;px&quot;,&quot;size&quot;:10,&quot;sizes&quot;:[]},&quot;space_between_tablet&quot;:{&quot;unit&quot;:&quot;px&quot;,&quot;size&quot;:10,&quot;sizes&quot;:[]},&quot;space_between_mobile&quot;:{&quot;unit&quot;:&quot;px&quot;,&quot;size&quot;:10,&quot;sizes&quot;:[]}}\" data-widget_type=\"media-carousel.default\">\n\t\t\t\t<div class=\"elementor-widget-container\">\n\t\t\t\t\t\t\t\t\t<div class=\"elementor-swiper\">\n\t\t\t\t\t<div class=\"elementor-main-swiper swiper\" role=\"region\" aria-roledescription=\"carousel\" aria-label=\"Diapositives\">\n\t\t\t\t<div class=\"swiper-wrapper\">\n\t\t\t\t\t\t\t\t\t\t\t<div class=\"swiper-slide\" role=\"group\" aria-roledescription=\"slide\">\n\t\t\t\t\t\t\t\t\t<div class=\"elementor-carousel-image\" role=\"img\" aria-label=\"d\u00e9faut\" style=\"background-image: url(&#039;https:\/\/lydenim.com\/wp-content\/uploads\/2024\/12\/dac-scaled.jpg&#039;)\">\n\n\t\t\t\n\t\t\t\t\t<\/div>\n\t\t\t\t\t\t\t\t<\/div>\n\t\t\t\t\t\t\t\t\t\t\t<div class=\"swiper-slide\" role=\"group\" aria-roledescription=\"slide\">\n\t\t\t\t\t\t\t\t\t<div class=\"elementor-carousel-image\" role=\"img\" aria-label=\"Colorants\" style=\"background-image: url(&#039;https:\/\/lydenim.com\/wp-content\/uploads\/2024\/12\/\u67d3\u82722-scaled.jpg&#039;)\">\n\n\t\t\t\n\t\t\t\t\t<\/div>\n\t\t\t\t\t\t\t\t<\/div>\n\t\t\t\t\t\t\t\t\t\t\t<div class=\"swiper-slide\" role=\"group\" aria-roledescription=\"slide\">\n\t\t\t\t\t\t\t\t\t<div class=\"elementor-carousel-image\" role=\"img\" aria-label=\"d\u00e9faut\" style=\"background-image: url(&#039;https:\/\/lydenim.com\/wp-content\/uploads\/2024\/12\/\u7ec7\u5e03\u673a-1-scaled.jpg&#039;)\">\n\n\t\t\t\n\t\t\t\t\t<\/div>\n\t\t\t\t\t\t\t\t<\/div>\n\t\t\t\t\t\t\t\t\t\t\t<div class=\"swiper-slide\" role=\"group\" aria-roledescription=\"slide\">\n\t\t\t\t\t\t\t\t\t<div class=\"elementor-carousel-image\" role=\"img\" aria-label=\"Tissage\" style=\"background-image: url(&#039;https:\/\/lydenim.com\/wp-content\/uploads\/2024\/12\/\u5e8f\u5217-Sequence-01.00_05_31_21.Still032-scaled.jpg&#039;)\">\n\n\t\t\t\n\t\t\t\t\t<\/div>\n\t\t\t\t\t\t\t\t<\/div>\n\t\t\t\t\t\t\t\t\t\t\t<div class=\"swiper-slide\" role=\"group\" aria-roledescription=\"slide\">\n\t\t\t\t\t\t\t\t\t<div class=\"elementor-carousel-image\" role=\"img\" aria-label=\"tissage de denim\" style=\"background-image: url(&#039;https:\/\/lydenim.com\/wp-content\/uploads\/2024\/12\/\u5e8f\u5217-Sequence-01.00_05_11_14.Still028-scaled.jpg&#039;)\">\n\n\t\t\t\n\t\t\t\t\t<\/div>\n\t\t\t\t\t\t\t\t<\/div>\n\t\t\t\t\t\t\t\t\t\t\t<div class=\"swiper-slide\" role=\"group\" aria-roledescription=\"slide\">\n\t\t\t\t\t\t\t\t\t<div class=\"elementor-carousel-image\" role=\"img\" aria-label=\"Processus de finition\" style=\"background-image: url(&#039;https:\/\/lydenim.com\/wp-content\/uploads\/2024\/12\/\u540e\u6574-scaled.jpg&#039;)\">\n\n\t\t\t\n\t\t\t\t\t<\/div>\n\t\t\t\t\t\t\t\t<\/div>\n\t\t\t\t\t\t\t\t\t\t\t<div class=\"swiper-slide\" role=\"group\" aria-roledescription=\"slide\">\n\t\t\t\t\t\t\t\t\t<div class=\"elementor-carousel-image\" role=\"img\" aria-label=\"\u88c5\u67dc\" style=\"background-image: url(&#039;https:\/\/lydenim.com\/wp-content\/uploads\/2024\/12\/\u88c5\u67dc.jpeg&#039;)\">\n\n\t\t\t\n\t\t\t\t\t<\/div>\n\t\t\t\t\t\t\t\t<\/div>\n\t\t\t\t\t\t\t\t\t\t\t<div class=\"swiper-slide\" role=\"group\" aria-roledescription=\"slide\">\n\t\t\t\t\t\t\t\t\t<div class=\"elementor-carousel-image\" role=\"img\" aria-label=\"\u00c0 propos de nous\" style=\"background-image: url(&#039;https:\/\/lydenim.com\/wp-content\/uploads\/2024\/12\/\u6863\u53e3\u56fe1.jpg&#039;)\">\n\n\t\t\t\n\t\t\t\t\t<\/div>\n\t\t\t\t\t\t\t\t<\/div>\n\t\t\t\t\t\t\t\t\t<\/div>\n\t\t\t\t\t\t\t\t\t\t\t\t\t\t\t<div class=\"elementor-swiper-button elementor-swiper-button-prev\" role=\"button\" tabindex=\"0\" aria-label=\"Pr\u00e9c\u00e9dent\">\n\t\t\t\t\t\t\t<svg aria-hidden=\"true\" class=\"e-font-icon-svg e-eicon-chevron-left\" viewbox=\"0 0 1000 1000\" xmlns=\"http:\/\/www.w3.org\/2000\/svg\"><path d=\"M646 125C629 125 613 133 604 142L308 442C296 454 292 471 292 487 292 504 296 521 308 533L604 854C617 867 629 875 646 875 663 875 679 871 692 858 704 846 713 829 713 812 713 796 708 779 692 767L438 487 692 225C700 217 708 204 708 187 708 171 704 154 692 142 675 129 663 125 646 125Z\"><\/path><\/svg>\t\t\t\t\t\t<\/div>\n\t\t\t\t\t\t<div class=\"elementor-swiper-button elementor-swiper-button-next\" role=\"button\" tabindex=\"0\" aria-label=\"Suivant\">\n\t\t\t\t\t\t\t<svg aria-hidden=\"true\" class=\"e-font-icon-svg e-eicon-chevron-right\" viewbox=\"0 0 1000 1000\" xmlns=\"http:\/\/www.w3.org\/2000\/svg\"><path d=\"M696 533C708 521 713 504 713 487 713 471 708 454 696 446L400 146C388 133 375 125 354 125 338 125 325 129 313 142 300 154 292 171 292 187 292 204 296 221 308 233L563 492 304 771C292 783 288 800 288 817 288 833 296 850 308 863 321 871 338 875 354 875 371 875 388 867 400 854L696 533Z\"><\/path><\/svg>\t\t\t\t\t\t<\/div>\n\t\t\t\t\t\t\t\t\t\t\t\t\t\t\t\t<div class=\"swiper-pagination\"><\/div>\n\t\t\t\t\t\t\t\t\t\t\t\t<\/div>\n\t\t\t\t<\/div>\n\t\t\t\t\t\t\t\t<\/div>\n\t\t\t\t<\/div>\n\t\t\t\t\t<\/div>\n\t\t\t\t<\/div>\n\t\t\t\t<\/div>","protected":false},"excerpt":{"rendered":"<p>Certification du syst\u00e8me\u00a0: nous visons l&#039;excellence dans la fabrication de denim. Nos produits r\u00e9pondent aux normes internationales et sont principalement export\u00e9s.<\/p>","protected":false},"author":2,"featured_media":0,"parent":0,"menu_order":0,"comment_status":"closed","ping_status":"closed","template":"","meta":{"two_page_speed":[],"footnotes":""},"class_list":["post-1844","page","type-page","status-publish","hentry"],"aioseo_notices":[],"_links":{"self":[{"href":"https:\/\/lydenim.com\/fr\/wp-json\/wp\/v2\/pages\/1844","targetHints":{"allow":["GET"]}}],"collection":[{"href":"https:\/\/lydenim.com\/fr\/wp-json\/wp\/v2\/pages"}],"about":[{"href":"https:\/\/lydenim.com\/fr\/wp-json\/wp\/v2\/types\/page"}],"author":[{"embeddable":true,"href":"https:\/\/lydenim.com\/fr\/wp-json\/wp\/v2\/users\/2"}],"replies":[{"embeddable":true,"href":"https:\/\/lydenim.com\/fr\/wp-json\/wp\/v2\/comments?post=1844"}],"version-history":[{"count":19,"href":"https:\/\/lydenim.com\/fr\/wp-json\/wp\/v2\/pages\/1844\/revisions"}],"predecessor-version":[{"id":2587,"href":"https:\/\/lydenim.com\/fr\/wp-json\/wp\/v2\/pages\/1844\/revisions\/2587"}],"wp:attachment":[{"href":"https:\/\/lydenim.com\/fr\/wp-json\/wp\/v2\/media?parent=1844"}],"curies":[{"name":"wp","href":"https:\/\/api.w.org\/{rel}","templated":true}]}}