{"id":2630,"date":"2025-01-05T13:50:24","date_gmt":"2025-01-05T05:50:24","guid":{"rendered":"https:\/\/lydenim.com\/?post_type=product&#038;p=2630"},"modified":"2025-01-05T14:00:04","modified_gmt":"2025-01-05T06:00:04","slug":"0533t8-darkbluejetblack-denim-fabric","status":"publish","type":"product","link":"https:\/\/lydenim.com\/fr\/produit\/tissu-denim-0533t8-bleu-fonce-noir-de-jais\/","title":{"rendered":"Tissu denim bleu fonc\u00e9 et noir de jais 0533T8"},"content":{"rendered":"<h4>Pr\u00e9sentation du produit<\/h4>\n<p><strong>Num\u00e9ro de mod\u00e8le<\/strong>: <a href=\"https:\/\/lydenim.com\/fr\/product\/0533t8-darkbluej\u2026ack-denim-fabric\/\">0533T8<\/a><br \/>\n<strong>Taper<\/strong>: Tissu denim de qualit\u00e9 sup\u00e9rieure<\/p>\n<h4>Composition du mat\u00e9riau<\/h4>\n<p>Ce tissu denim est fabriqu\u00e9 \u00e0 partir d&#039;un m\u00e9lange de fibres soigneusement s\u00e9lectionn\u00e9es :<\/p>\n<ul>\n<li><strong>Coton (C)<\/strong>: 70.9%. Il offre douceur et respirabilit\u00e9, garantissant confort.<\/li>\n<li><strong>\u00c9lasthanne (SP)<\/strong>: 1.4%. Il conf\u00e8re au tissu une excellente \u00e9lasticit\u00e9 et un confort optimal.<\/li>\n<li><strong>Polyester (T)<\/strong>: 27.7%. Il renforce la r\u00e9sistance, r\u00e9duit les plis et aide le tissu \u00e0 conserver sa couleur.<\/li>\n<\/ul>\n<p>Ce m\u00e9lange rend le tissu \u00e0 la fois durable et confortable, ce qui le rend adapt\u00e9 \u00e0 une large gamme d&#039;utilisations, du port quotidien aux applications sp\u00e9cialis\u00e9es.<\/p>\n<h4>Caract\u00e9ristiques principales<\/h4>\n<ul>\n<li><strong>Couleur<\/strong>:La combinaison de <strong>Bleu fonc\u00e9<\/strong> et <strong>Noir de jais<\/strong> Cr\u00e9e un look moderne et \u00e9l\u00e9gant. Parfait pour les cr\u00e9ations tendance.<\/li>\n<li><strong>Mod\u00e8le<\/strong>:La technique de teinture du fil garantit des couleurs vives et durables.<\/li>\n<li><strong>Technique<\/strong>:Tiss\u00e9 de mani\u00e8re experte pour une finition lisse et durable.<\/li>\n<li><strong>Largeur<\/strong>: 170 cm (66,9 pouces), id\u00e9al pour une vari\u00e9t\u00e9 de mod\u00e8les de v\u00eatements.<\/li>\n<li><strong>Poids<\/strong>: 9,3 oz (315 g), convient \u00e0 un port toute l&#039;ann\u00e9e.<\/li>\n<li><strong>Nombre de fils<\/strong>:10s, qui offre une texture \u00e9quilibr\u00e9e, ni trop grossi\u00e8re ni trop fine, garantissant une sensation de confort sur la peau tout en maintenant la durabilit\u00e9.<\/li>\n<\/ul>\n<h4>Utilisation et applications<\/h4>\n<p>Ce tissu denim est parfait pour confectionner une vari\u00e9t\u00e9 de v\u00eatements, notamment :<\/p>\n<ul>\n<li><strong>Habits<\/strong>:Robes, pantalons, jeans et uniformes.<\/li>\n<li><strong>Versatilit\u00e9<\/strong>:En cons\u00e9quence, il convient non seulement aux v\u00eatements d\u00e9contract\u00e9s et aux v\u00eatements de travail, mais \u00e9galement aux cr\u00e9ations de haute couture, offrant des possibilit\u00e9s infinies de cr\u00e9ation de v\u00eatements.<\/li>\n<li><strong>Applicable pour<\/strong>:Ce tissu est parfait pour les v\u00eatements pour femmes et pour hommes, offrant un large attrait \u00e0 une vari\u00e9t\u00e9 de styles et de pr\u00e9f\u00e9rences.<\/li>\n<\/ul>\n<h4>Fabrication et personnalisation<\/h4>\n<ul>\n<li><strong>Lieu d&#039;origine<\/strong>: Chine. Nous utilisons des techniques de pointe et des mati\u00e8res premi\u00e8res de haute qualit\u00e9.<\/li>\n<li><strong>Type d&#039;approvisionnement<\/strong>:Fabriqu\u00e9 sur commande, avec options de personnalisation disponibles.<\/li>\n<li><strong>Personnalisation<\/strong>:La largeur, le poids et la couleur du tissu peuvent \u00eatre ajust\u00e9s pour les commandes en gros.<\/li>\n<\/ul>\n<h4>D\u00e9tails techniques<\/h4>\n<p>Les mesures des \u00e9chantillons sont bas\u00e9es sur des mod\u00e8les sp\u00e9cifiques\u00a0; toutefois, de l\u00e9g\u00e8res variations peuvent survenir selon le lot de production. Nous vous encourageons donc \u00e0 nous contacter pour obtenir un \u00e9chantillon afin de garantir un ajustement pr\u00e9cis et une qualit\u00e9 optimale.<\/p>\n<h4><a href=\"https:\/\/lydenim.com\/fr\/contact\/\">Contact pour les commandes<\/a><\/h4>\n<p>Pour toute demande de renseignements, pour des options de personnalisation ou pour des commandes group\u00e9es, n&#039;h\u00e9sitez pas \u00e0 nous contacter. Notre \u00e9quipe s&#039;engage \u00e0 vous fournir des tissus de haute qualit\u00e9, adapt\u00e9s \u00e0 vos besoins.<\/p>","protected":false},"excerpt":{"rendered":"<h1>Description du produit :<\/h1>\n<h3>Num\u00e9ro de mod\u00e8le : 0533<br \/>\nType : Tissu en jean<br \/>\nComposition du mat\u00e9riau : C : 70,91 TP3T (coton), SP : 1,41 TP3T (\u00e9lasthanne), T : 27,71 TP3T (polyester)<br \/>\nCouleur : bleu fonc\u00e9 + noir de jais<br \/>\nMotif : Fil teint<br \/>\nTechnique : Tiss\u00e9<br \/>\nLargeur : 170 cm (66,9 pouces)<br \/>\nPoids : 9,3 oz (315 g)<br \/>\nNombre de fils : 10<br \/>\nUtilisation : Convient aux v\u00eatements tels que les robes, les pantalons, les jeans et les uniformes<br \/>\nApplicable \u00e0 : Femmes et hommes<br \/>\nLieu d&#039;origine : Chine<br \/>\nType d&#039;approvisionnement : Fabrication sur commande<br \/>\nDonn\u00e9es du produit : Les mesures des \u00e9chantillons sont bas\u00e9es sur des mod\u00e8les sp\u00e9cifiques et peuvent varier en fonction du lot de production.<\/h3>","protected":false},"featured_media":2632,"template":"","meta":[],"product_brand":[],"product_cat":[55,41,20,30,31],"product_tag":[],"class_list":{"0":"post-2630","1":"product","2":"type-product","3":"status-publish","4":"has-post-thumbnail","6":"product_cat-10s-spuer-siro","7":"product_cat-10s","8":"product_cat-cotton-woven-fabric","9":"product_cat-cotton-polyster-spandex-denim-fabric","10":"product_cat-high-stretch-denim-fabric","12":"first","13":"instock","14":"shipping-taxable","15":"product-type-simple"},"aioseo_notices":[],"_links":{"self":[{"href":"https:\/\/lydenim.com\/fr\/wp-json\/wp\/v2\/product\/2630","targetHints":{"allow":["GET"]}}],"collection":[{"href":"https:\/\/lydenim.com\/fr\/wp-json\/wp\/v2\/product"}],"about":[{"href":"https:\/\/lydenim.com\/fr\/wp-json\/wp\/v2\/types\/product"}],"version-history":[{"count":2,"href":"https:\/\/lydenim.com\/fr\/wp-json\/wp\/v2\/product\/2630\/revisions"}],"predecessor-version":[{"id":2649,"href":"https:\/\/lydenim.com\/fr\/wp-json\/wp\/v2\/product\/2630\/revisions\/2649"}],"wp:featuredmedia":[{"embeddable":true,"href":"https:\/\/lydenim.com\/fr\/wp-json\/wp\/v2\/media\/2632"}],"wp:attachment":[{"href":"https:\/\/lydenim.com\/fr\/wp-json\/wp\/v2\/media?parent=2630"}],"wp:term":[{"taxonomy":"product_brand","embeddable":true,"href":"https:\/\/lydenim.com\/fr\/wp-json\/wp\/v2\/product_brand?post=2630"},{"taxonomy":"product_cat","embeddable":true,"href":"https:\/\/lydenim.com\/fr\/wp-json\/wp\/v2\/product_cat?post=2630"},{"taxonomy":"product_tag","embeddable":true,"href":"https:\/\/lydenim.com\/fr\/wp-json\/wp\/v2\/product_tag?post=2630"}],"curies":[{"name":"wp","href":"https:\/\/api.w.org\/{rel}","templated":true}]}}