{"id":2693,"date":"2025-01-05T15:34:09","date_gmt":"2025-01-05T07:34:09","guid":{"rendered":"https:\/\/lydenim.com\/?post_type=product&#038;p=2693"},"modified":"2025-01-05T15:45:07","modified_gmt":"2025-01-05T07:45:07","slug":"1221h-indigo-blue-gray-denim-fabric-wide-versatile","status":"publish","type":"product","link":"https:\/\/lydenim.com\/fr\/produit\/tissu-denim-bleu-indigo-gris-1221h-large-et-polyvalent\/","title":{"rendered":"Tissu denim bleu indigo et gris 1221H \u2013 Large et polyvalent"},"content":{"rendered":"<h4>Pr\u00e9sentation du produit<\/h4>\n<p><strong>Num\u00e9ro de mod\u00e8le<\/strong>: <a href=\"https:\/\/lydenim.com\/fr\/product\/1221h-indigo-blu\u2026c-wide-versatile\/\">1221H<\/a><br \/>\n<strong>Taper<\/strong>: Tissu denim teint en fil de haute qualit\u00e9<\/p>\n<h4>Composition du mat\u00e9riau<\/h4>\n<p>Ce tissu denim int\u00e8gre un m\u00e9lange soigneusement \u00e9quilibr\u00e9 de fibres pour des performances optimales :<\/p>\n<ul>\n<li><strong>Coton (C)<\/strong>: 69.6%, offrant douceur, respirabilit\u00e9 et durabilit\u00e9 naturelle.<\/li>\n<li><strong>Polyester (T)<\/strong>: 25.6%, am\u00e9liorant la r\u00e9sistance, la r\u00e9tention de la couleur et la r\u00e9sistance aux plis.<\/li>\n<li><strong>Rayonne (R)<\/strong>: 3.8%, ajoutant de la douceur et un drap\u00e9 luxueux pour des v\u00eatements raffin\u00e9s.<\/li>\n<li><strong>\u00c9lasthanne (SP)<\/strong>: 1%, offrant \u00e9lasticit\u00e9 et flexibilit\u00e9 pour un confort tout au long de la journ\u00e9e.<\/li>\n<\/ul>\n<p>Cette composition unique garantit que le tissu est polyvalent, durable et confortable, adapt\u00e9 \u00e0 diverses applications.<\/p>\n<h4>Caract\u00e9ristiques principales<\/h4>\n<ul>\n<li><strong>Couleur<\/strong>: Bleu indigo + gris, une combinaison bicolore \u00e9l\u00e9gante parfaite pour les designs modernes et classiques.<\/li>\n<li><strong>Mod\u00e8le<\/strong>: Fil teint, garantissant des couleurs vives et durables avec une excellente r\u00e9sistance \u00e0 la d\u00e9coloration.<\/li>\n<li><strong>Technique<\/strong>:Tiss\u00e9 de mani\u00e8re experte, offrant une finition haut de gamme et des performances robustes.<\/li>\n<li><strong>Largeur<\/strong>: 188-190 cm (74-74,8 pouces), l&#039;un des tissus denim les plus larges disponibles, ce qui le rend id\u00e9al pour la production de v\u00eatements \u00e0 grande \u00e9chelle.<\/li>\n<li><strong>Poids<\/strong>: [\u00c0 d\u00e9terminer], adapt\u00e9 aux v\u00eatements toutes saisons et \u00e0 diverses applications vestimentaires.<\/li>\n<li><strong>Nombre de fils<\/strong>:10s, offrant une texture \u00e9quilibr\u00e9e \u00e0 la fois durable et confortable.<\/li>\n<\/ul>\n<h4>Applications<\/h4>\n<p>Ce tissu denim est tr\u00e8s polyvalent et parfait pour cr\u00e9er :<\/p>\n<ul>\n<li><strong>Habits<\/strong>:Robes, pantalons, jeans et uniformes.<\/li>\n<li><strong>Styles contemporains<\/strong>:Id\u00e9al pour les v\u00eatements d\u00e9contract\u00e9s et professionnels.<\/li>\n<li><strong>Des mod\u00e8les neutres en termes de genre<\/strong>:Con\u00e7u pour les femmes et les hommes, s&#039;adressant \u00e0 divers march\u00e9s de la mode.<\/li>\n<\/ul>\n<h4>Fabrication et personnalisation<\/h4>\n<ul>\n<li><strong>Lieu d&#039;origine<\/strong>:La Chine s&#039;appuie sur une technologie de tissage avanc\u00e9e pour une qualit\u00e9 constante.<\/li>\n<li><strong>Type d&#039;approvisionnement<\/strong>:La production sur commande permet une personnalisation pour r\u00e9pondre aux besoins sp\u00e9cifiques de conception et de projet.<\/li>\n<li><strong>Options de personnalisation<\/strong>: Ajustez la largeur, le poids ou la couleur des commandes group\u00e9es en fonction des pr\u00e9f\u00e9rences individuelles.<\/li>\n<\/ul>\n<h4>D\u00e9tails techniques<\/h4>\n<p>Les mesures des \u00e9chantillons sont bas\u00e9es sur des mod\u00e8les sp\u00e9cifiques. Des variations mineures peuvent survenir en raison des diff\u00e9rences de lots de production. Pour une \u00e9valuation d\u00e9taill\u00e9e, nous vous recommandons de demander un \u00e9chantillon.<\/p>\n<h4><a href=\"https:\/\/lydenim.com\/fr\/contact\/\">Contactez-nous<\/a><\/h4>\n<p>Pour plus d&#039;informations, des options de personnalisation ou pour passer commande, n&#039;h\u00e9sitez pas \u00e0 nous contacter. Nous nous engageons \u00e0 vous fournir des tissus sur mesure de haute qualit\u00e9 pour r\u00e9pondre \u00e0 vos besoins sp\u00e9cifiques.<\/p>","protected":false},"excerpt":{"rendered":"<h3>Description du produit :<\/h3>\n<h3>Num\u00e9ro de mod\u00e8le : 1221H<br \/>\nType : Tissu en jean<br \/>\nComposition du mat\u00e9riau : C : 69,61 TP3T (coton), T : 25,61 TP3T (polyester), R : 3,81 TP3T (rayonne), SP : 11 TP3T (\u00e9lasthanne)<br \/>\nCouleur : Bleu indigo + gris<br \/>\nMotif : Fil teint<br \/>\nTechnique : Tiss\u00e9<br \/>\nLargeur : 188-190 cm (74-74,8 pouces)<br \/>\nPoids: -<br \/>\nNombre de fils : 10<br \/>\nUtilisation : Convient aux v\u00eatements tels que les robes, les pantalons, les jeans et les uniformes<br \/>\nApplicable \u00e0 : Femmes et hommes<br \/>\nLieu d&#039;origine : Chine<br \/>\nType d&#039;approvisionnement : Fabrication sur commande<br \/>\nDonn\u00e9es du produit : Les mesures des \u00e9chantillons sont bas\u00e9es sur des mod\u00e8les sp\u00e9cifiques et peuvent varier en fonction du lot de production.<\/h3>","protected":false},"featured_media":2700,"template":"","meta":[],"product_brand":[],"product_cat":[41,20,30,31],"product_tag":[],"class_list":{"0":"post-2693","1":"product","2":"type-product","3":"status-publish","4":"has-post-thumbnail","6":"product_cat-10s","7":"product_cat-cotton-woven-fabric","8":"product_cat-cotton-polyster-spandex-denim-fabric","9":"product_cat-high-stretch-denim-fabric","11":"first","12":"instock","13":"shipping-taxable","14":"product-type-simple"},"aioseo_notices":[],"_links":{"self":[{"href":"https:\/\/lydenim.com\/fr\/wp-json\/wp\/v2\/product\/2693","targetHints":{"allow":["GET"]}}],"collection":[{"href":"https:\/\/lydenim.com\/fr\/wp-json\/wp\/v2\/product"}],"about":[{"href":"https:\/\/lydenim.com\/fr\/wp-json\/wp\/v2\/types\/product"}],"version-history":[{"count":1,"href":"https:\/\/lydenim.com\/fr\/wp-json\/wp\/v2\/product\/2693\/revisions"}],"predecessor-version":[{"id":2701,"href":"https:\/\/lydenim.com\/fr\/wp-json\/wp\/v2\/product\/2693\/revisions\/2701"}],"wp:featuredmedia":[{"embeddable":true,"href":"https:\/\/lydenim.com\/fr\/wp-json\/wp\/v2\/media\/2700"}],"wp:attachment":[{"href":"https:\/\/lydenim.com\/fr\/wp-json\/wp\/v2\/media?parent=2693"}],"wp:term":[{"taxonomy":"product_brand","embeddable":true,"href":"https:\/\/lydenim.com\/fr\/wp-json\/wp\/v2\/product_brand?post=2693"},{"taxonomy":"product_cat","embeddable":true,"href":"https:\/\/lydenim.com\/fr\/wp-json\/wp\/v2\/product_cat?post=2693"},{"taxonomy":"product_tag","embeddable":true,"href":"https:\/\/lydenim.com\/fr\/wp-json\/wp\/v2\/product_tag?post=2693"}],"curies":[{"name":"wp","href":"https:\/\/api.w.org\/{rel}","templated":true}]}}