{"id":2941,"date":"2025-02-10T02:08:38","date_gmt":"2025-02-09T18:08:38","guid":{"rendered":"https:\/\/lydenim.com\/?post_type=product&#038;p=2941"},"modified":"2025-02-10T02:08:39","modified_gmt":"2025-02-09T18:08:39","slug":"jacquard-fabric-7996","status":"publish","type":"product","link":"https:\/\/lydenim.com\/fr\/produit\/tissu-jacquard-7996\/","title":{"rendered":"Tissu Jacquard personnalis\u00e9 7996 certifi\u00e9 Rose Design, fournisseur chinois"},"content":{"rendered":"<ul>\n<li>\n<h3><strong>Mod\u00e8le : 7996<\/strong><\/h3>\n<h4><strong>Taper: <a href=\"https:\/\/lydenim.com\/fr\/product-category\/non-elastic\/\">Tissu Jacquard<\/a>(Texture florale de rose 3D)<\/strong><\/h4>\n<h3><strong>Mat\u00e9riel:<\/strong><\/h3>\n<p>\ud83d\udd39 <strong>Coton 80%<\/strong>\uff08<a href=\"https:\/\/en.wikipedia.org\/wiki\/Cotton\">Respirant et hypoallerg\u00e9nique<\/a>\uff09<br \/>\n\ud83d\udd39 <strong>Polyester 20%<\/strong>\uff08<a href=\"https:\/\/en.wikipedia.org\/wiki\/Polyester\">Technologie anti-plis<\/a>\uff09<\/p>\n<h3><strong>Certification:<\/strong><\/h3>\n<p>\u2714 <a href=\"https:\/\/www.oeko-tex.com\/en\/\"><strong>OEKO-TEX\u00ae Standard 100<\/strong><\/a><\/p>\n<h3><strong>Options de couleur :<\/strong><\/h3>\n<p>\ud83c\udfa8 Choix multiples<\/p>\n<h3><strong>Dimensions:<\/strong><\/h3>\n<p>\ud83d\udccf <strong>Largeur:<\/strong> 180 cm (70,9 pouces) (personnalisable)<br \/>\n\u2696 <strong>Poids:<\/strong> 430 g Standard (r\u00e9glable)<br \/>\n\ud83e\uddf5 <strong>Nombre de fils :<\/strong> 7-40s r\u00e9glable\uff08<a href=\"ttps:\/\/en.wikipedia.org\/wiki\/Yarn_count\">Guide du syst\u00e8me de fil<\/a>\uff09<br \/>\n\ud83d\udcd0 <strong>Taille du motif :<\/strong> 9 \u00d7 6 cm (3,54 x 2,36 pouces) (conception du nombre d&#039;or)<\/p>\n<hr \/>\n<h2><strong>\ud83c\udf3f Avantages concurrentiels<\/strong><\/h2>\n<h3>\u2705 <strong>Fabrication durable<\/strong><\/h3>\n<p>\u2714 <strong>Aliment\u00e9 par l&#039;\u00e9nergie solaire<\/strong> usines avec <strong>90% recyclage de l&#039;eau<\/strong><br \/>\n\u2714 <strong>Z\u00e9ro risque chimique<\/strong>, v\u00e9rifi\u00e9 par <strong>OEKO-TEX\u00ae<\/strong><\/p>\n<h3>\u2705 <strong>Solutions sur mesure<\/strong><\/h3>\n<p>\u2714 Soutient <strong>commandes de petit volume<\/strong> &amp; <strong>communication de mod\u00e8le personnalis\u00e9<\/strong><br \/>\n\u2714 <strong>Protection de la propri\u00e9t\u00e9 intellectuelle<\/strong> pour des cr\u00e9ations originales<\/p>\n<h3>\u2705 <strong>Applications multi-sc\u00e9narios<\/strong><\/h3>\n<p>\ud83d\udc57 <strong>Mode:<\/strong> Robes, foulards, doublures<br \/>\n\ud83c\udfe1 <strong>D\u00e9coration d&#039;int\u00e9rieur :<\/strong> Rideaux, housses de coussin<br \/>\n\ud83c\udfa8 <strong>Projets artistiques :<\/strong> Installations, bricolages<\/p>\n<h3>\u2705 <strong>Performances sup\u00e9rieures<\/strong><\/h3>\n<p>\u2714 <strong>M\u00e9lange coton-polyester :<\/strong> Parfait <strong>\u00e9quilibre entre confort et durabilit\u00e9<\/strong><br \/>\n\u2714 <strong>Plus de 100 000 cycles d&#039;abrasion<\/strong> (<strong>Certifi\u00e9 ASTM D4966<\/strong>)<\/p>\n<hr \/>\n<h2><strong>\ud83d\udce6 Production et logistique<\/strong><\/h2>\n<p>\ud83d\udccd <strong>Fabriqu\u00e9 en Chine<\/strong><br \/>\n\u2714 <strong>Technologie de tissage pilot\u00e9e par l&#039;IA<\/strong> dans <strong>Delta du fleuve Yangtze<\/strong><br \/>\n\u2714 <strong>Syst\u00e8me de gestion de la qualit\u00e9 ISO 9001<\/strong><\/p>\n<p>\u26a1 <strong>Livraison efficace<\/strong><br \/>\n\ud83d\ude80 <strong>\u00c9chantillonnage:<\/strong> <strong>5 jours ouvrables<\/strong> (Sous r\u00e9serve de communication)<br \/>\n\ud83d\ude9b <strong>Commandes en gros :<\/strong> <strong>Exp\u00e9dition dans le monde entier sous 3 \u00e0 4 semaines<\/strong> (Le d\u00e9lai final d\u00e9pend de l&#039;entreprise de logistique)<\/li>\n<\/ul>","protected":false},"excerpt":{"rendered":"<h2>Description du produit :<\/h2>\n<h3>Num\u00e9ro de mod\u00e8le : 7996<br \/>\nType : Tissu Jacquard<br \/>\nComposition du mat\u00e9riau : C : 80% (coton), T : 20% (polyester)<br \/>\nCouleur : Personnalisable en plusieurs couleurs<br \/>\nMotif : Motif floral rose<br \/>\nTechnique : Tiss\u00e9<br \/>\nLargeur : 180 cm (70,9 pouces)<br \/>\nPoids : \u2014 (Personnalisable, standard 430 g)<br \/>\nNombre de fils : personnalisable<br \/>\nStyle : Style long<br \/>\nTaille du motif : Longueur 9 cm (3,54 pouces), Largeur 6 cm (2,36 pouces)<br \/>\nUtilisation : Convient aux v\u00eatements, accessoires et cr\u00e9ations personnalis\u00e9es<br \/>\nApplicable \u00e0 : Femmes et hommes<br \/>\nLieu d&#039;origine : Chine<br \/>\nType d&#039;approvisionnement : Fabrication sur commande<br \/>\nDonn\u00e9es du produit : Les mesures des \u00e9chantillons sont bas\u00e9es sur des mod\u00e8les sp\u00e9cifiques et peuvent varier en fonction du lot de production.<\/h3>","protected":false},"featured_media":2949,"template":"","meta":[],"product_brand":[],"product_cat":[41,48,49,42,50,43,45,38,46,39,40,47,35,20,30,33,44,37,34,58],"product_tag":[],"class_list":{"0":"post-2941","1":"product","2":"type-product","3":"status-publish","4":"has-post-thumbnail","6":"product_cat-10s","7":"product_cat-10s-oe","8":"product_cat-12s-oe","9":"product_cat-12s","10":"product_cat-16s-oe","11":"product_cat-16s","12":"product_cat-6s-oe","13":"product_cat-6s","14":"product_cat-7s-oe","15":"product_cat-7s","16":"product_cat-8s","17":"product_cat-8s-oe","18":"product_cat-aesthetic-collection","19":"product_cat-cotton-woven-fabric","20":"product_cat-cotton-polyster-spandex-denim-fabric","21":"product_cat-non-elastic","22":"product_cat-oe","23":"product_cat-siro","24":"product_cat-twill-fabric","25":"product_cat-ungrouped","27":"first","28":"instock","29":"shipping-taxable","30":"product-type-simple"},"aioseo_notices":[],"_links":{"self":[{"href":"https:\/\/lydenim.com\/fr\/wp-json\/wp\/v2\/product\/2941","targetHints":{"allow":["GET"]}}],"collection":[{"href":"https:\/\/lydenim.com\/fr\/wp-json\/wp\/v2\/product"}],"about":[{"href":"https:\/\/lydenim.com\/fr\/wp-json\/wp\/v2\/types\/product"}],"version-history":[{"count":7,"href":"https:\/\/lydenim.com\/fr\/wp-json\/wp\/v2\/product\/2941\/revisions"}],"predecessor-version":[{"id":2955,"href":"https:\/\/lydenim.com\/fr\/wp-json\/wp\/v2\/product\/2941\/revisions\/2955"}],"wp:featuredmedia":[{"embeddable":true,"href":"https:\/\/lydenim.com\/fr\/wp-json\/wp\/v2\/media\/2949"}],"wp:attachment":[{"href":"https:\/\/lydenim.com\/fr\/wp-json\/wp\/v2\/media?parent=2941"}],"wp:term":[{"taxonomy":"product_brand","embeddable":true,"href":"https:\/\/lydenim.com\/fr\/wp-json\/wp\/v2\/product_brand?post=2941"},{"taxonomy":"product_cat","embeddable":true,"href":"https:\/\/lydenim.com\/fr\/wp-json\/wp\/v2\/product_cat?post=2941"},{"taxonomy":"product_tag","embeddable":true,"href":"https:\/\/lydenim.com\/fr\/wp-json\/wp\/v2\/product_tag?post=2941"}],"curies":[{"name":"wp","href":"https:\/\/api.w.org\/{rel}","templated":true}]}}