{"id":2963,"date":"2025-02-10T02:48:50","date_gmt":"2025-02-09T18:48:50","guid":{"rendered":"https:\/\/lydenim.com\/?post_type=product&#038;p=2963"},"modified":"2025-02-10T03:00:05","modified_gmt":"2025-02-09T19:00:05","slug":"blue-jacquard-fabric-53364","status":"publish","type":"product","link":"https:\/\/lydenim.com\/fr\/produit\/tissu-jacquard-bleu-53364\/","title":{"rendered":"Tissu Jacquard Bleu 53364 | Fil 7-12s | Certifi\u00e9 OEKO | Options de couleur\/poids personnalisables pour la mode et la d\u00e9coration int\u00e9rieure, fabriqu\u00e9 en Chine et livraison rapide dans le monde entier."},"content":{"rendered":"<ul>\n<li>\n<h3>\ud83c\udf3f Sp\u00e9cifications cl\u00e9s<\/h3>\n<p><strong>Mod\u00e8le:<\/strong> 53364<br \/>\n<strong>Taper:<\/strong> <a href=\"https:\/\/lydenim.com\/fr\/product-category\/non-elastic\/\">Tissu Jacquard (motif ondul\u00e9)<\/a><\/p>\n<p><strong>Mat\u00e9riel:<\/strong><br \/>\n\ud83d\udd39 <strong>Coton 80%<\/strong>\uff08Respirant et hypoallerg\u00e9nique\uff09<br \/>\n\ud83d\udd39 <strong>Polyester 20%<\/strong>\uff08Infroissable et durable\uff09<\/p>\n<p><strong>Certification:<\/strong><br \/>\n\u2714 <strong>OEKO-TEX\u00ae Standard 100<\/strong><\/p>\n<p><strong>Options de couleur :<\/strong><br \/>\n\ud83c\udfa8 Noir, Bleu (Couleurs personnalis\u00e9es disponibles)<\/p>\n<p><strong>Dimensions:<\/strong><br \/>\n\ud83d\udccf <strong>Largeur:<\/strong> 180 cm (70,9 pouces) (personnalisable)<br \/>\n\u2696 <strong>Poids:<\/strong> Standard 430g (r\u00e9glable)<br \/>\n\ud83e\uddf5 <strong>Nombre de fils :<\/strong> Personnalisable<br \/>\n\ud83d\udcd0 <strong>Taille du motif :<\/strong> Tissage jacquard de style ondul\u00e9<\/p>\n<hr \/>\n<h3>\u2705 Avantages concurrentiels<\/h3>\n<p><strong>\ud83c\udf31 Fabrication durable<\/strong><br \/>\n\u2714 Usines aliment\u00e9es \u00e0 l&#039;\u00e9nergie solaire avec recyclage de l&#039;eau 90%<br \/>\n\u2714 Sans produits chimiques nocifs, certifi\u00e9 par OEKO-TEX\u00ae<\/p>\n<p><strong>\ud83c\udfaf Solutions sur mesure<\/strong><br \/>\n\u2714 Prend en charge les commandes de petit volume et personnalis\u00e9es<br \/>\n\u2714 Protection de la propri\u00e9t\u00e9 intellectuelle pour les conceptions originales<\/p>\n<p><strong>\ud83d\udc57 Applications multi-sc\u00e9narios<\/strong><br \/>\n\ud83d\udc55 <strong>Mode:<\/strong> Robes, costumes, foulards<br \/>\n\ud83c\udfe1 <strong>D\u00e9coration d&#039;int\u00e9rieur :<\/strong> Rideaux, tissus d&#039;ameublement, coussins<br \/>\n\ud83c\udfa8 <strong>Projets d&#039;art et de bricolage :<\/strong> Artisanat et installations textiles<\/p>\n<p><strong>\ud83d\udd27 Performances sup\u00e9rieures<\/strong><br \/>\n\u2714 M\u00e9lange coton-polyester : \u00e9quilibre entre confort et durabilit\u00e9<br \/>\n\u2714 Plus de 100 000 cycles d&#039;abrasion (certifi\u00e9 ASTM D4966)<\/p>\n<hr \/>\n<h3>\ud83d\udce6 Production et logistique<\/h3>\n<p>\ud83d\udccd <strong>Fabriqu\u00e9 en Chine<\/strong><br \/>\n\u2714 Technologie de tissage pilot\u00e9e par l&#039;IA dans <strong>Delta du fleuve Yangtze<\/strong><br \/>\n\u2714 ISO 9001 <strong>Syst\u00e8me de gestion de la qualit\u00e9<\/strong><\/p>\n<p>\u26a1 <strong>Livraison efficace<\/strong><br \/>\n\ud83d\ude80 <strong>\u00c9chantillonnage:<\/strong> 5 jours ouvrables (sous r\u00e9serve de communication)<br \/>\n\ud83d\ude9b <strong>Commandes en gros :<\/strong> Exp\u00e9dition dans le monde entier sous 3 \u00e0 4 semaines (le d\u00e9lai final d\u00e9pend de l&#039;entreprise de logistique)<\/li>\n<\/ul>","protected":false},"excerpt":{"rendered":"<h3><strong>Titre du produit<\/strong><\/h3>\n<p><strong>Tissu Jacquard \u2013 Motif ondul\u00e9<\/strong><br \/>\n<strong>Num\u00e9ro de mod\u00e8le<\/strong>: 53364<br \/>\n<strong>Composition du mat\u00e9riau<\/strong>: 80% Coton, 20% Polyester<br \/>\n<strong>Options de couleur<\/strong>: Noir, Bleu<\/p>\n<h3><strong>D\u00e9tails du tissu<\/strong><\/h3>\n<ul>\n<li><strong>Taper<\/strong>: Tissu Jacquard<\/li>\n<li><strong>Mod\u00e8le<\/strong>: Conception de style vague<\/li>\n<li><strong>Technique<\/strong>: Tiss\u00e9<\/li>\n<li><strong>Largeur<\/strong>: 180 cm (70,9 pouces)<\/li>\n<li><strong>Poids<\/strong>: Personnalisable (Standard 430 g)<\/li>\n<li><strong>Nombre de fils<\/strong>: Personnalisable<\/li>\n<\/ul>\n<h3><strong>Style et utilisation<\/strong><\/h3>\n<ul>\n<li><strong>Style<\/strong>: Tissage Jacquard<\/li>\n<li><strong>Utiliser<\/strong>:Convient aux v\u00eatements, accessoires et cr\u00e9ations personnalis\u00e9es<\/li>\n<li><strong>Applicable \u00e0<\/strong>:Femmes et hommes<\/li>\n<\/ul>\n<h3><strong>Production et origine<\/strong><\/h3>\n<ul>\n<li><strong>Lieu d&#039;origine<\/strong>: Chine<\/li>\n<li><strong>Type d&#039;approvisionnement<\/strong>:Fabriqu\u00e9 sur commande<\/li>\n<\/ul>\n<h3><strong>Notes importantes<\/strong><\/h3>\n<ul>\n<li><strong>Donn\u00e9es du produit<\/strong>:Les mesures des \u00e9chantillons sont bas\u00e9es sur des mod\u00e8les sp\u00e9cifiques et peuvent varier en fonction du lot de production.<\/li>\n<\/ul>","protected":false},"featured_media":2964,"template":"","meta":[],"product_brand":[],"product_cat":[41,48,49,42,50,43,45,38,46,39,40,47,35,20,30,33,44,37,34,58],"product_tag":[],"class_list":{"0":"post-2963","1":"product","2":"type-product","3":"status-publish","4":"has-post-thumbnail","6":"product_cat-10s","7":"product_cat-10s-oe","8":"product_cat-12s-oe","9":"product_cat-12s","10":"product_cat-16s-oe","11":"product_cat-16s","12":"product_cat-6s-oe","13":"product_cat-6s","14":"product_cat-7s-oe","15":"product_cat-7s","16":"product_cat-8s","17":"product_cat-8s-oe","18":"product_cat-aesthetic-collection","19":"product_cat-cotton-woven-fabric","20":"product_cat-cotton-polyster-spandex-denim-fabric","21":"product_cat-non-elastic","22":"product_cat-oe","23":"product_cat-siro","24":"product_cat-twill-fabric","25":"product_cat-ungrouped","27":"first","28":"instock","29":"shipping-taxable","30":"product-type-simple"},"aioseo_notices":[],"_links":{"self":[{"href":"https:\/\/lydenim.com\/fr\/wp-json\/wp\/v2\/product\/2963","targetHints":{"allow":["GET"]}}],"collection":[{"href":"https:\/\/lydenim.com\/fr\/wp-json\/wp\/v2\/product"}],"about":[{"href":"https:\/\/lydenim.com\/fr\/wp-json\/wp\/v2\/types\/product"}],"version-history":[{"count":5,"href":"https:\/\/lydenim.com\/fr\/wp-json\/wp\/v2\/product\/2963\/revisions"}],"predecessor-version":[{"id":2972,"href":"https:\/\/lydenim.com\/fr\/wp-json\/wp\/v2\/product\/2963\/revisions\/2972"}],"wp:featuredmedia":[{"embeddable":true,"href":"https:\/\/lydenim.com\/fr\/wp-json\/wp\/v2\/media\/2964"}],"wp:attachment":[{"href":"https:\/\/lydenim.com\/fr\/wp-json\/wp\/v2\/media?parent=2963"}],"wp:term":[{"taxonomy":"product_brand","embeddable":true,"href":"https:\/\/lydenim.com\/fr\/wp-json\/wp\/v2\/product_brand?post=2963"},{"taxonomy":"product_cat","embeddable":true,"href":"https:\/\/lydenim.com\/fr\/wp-json\/wp\/v2\/product_cat?post=2963"},{"taxonomy":"product_tag","embeddable":true,"href":"https:\/\/lydenim.com\/fr\/wp-json\/wp\/v2\/product_tag?post=2963"}],"curies":[{"name":"wp","href":"https:\/\/api.w.org\/{rel}","templated":true}]}}