{"id":2983,"date":"2025-02-10T15:00:12","date_gmt":"2025-02-10T07:00:12","guid":{"rendered":"https:\/\/lydenim.com\/?post_type=product&#038;p=2983"},"modified":"2025-02-10T15:36:48","modified_gmt":"2025-02-10T07:36:48","slug":"jacquard-fabric-53354","status":"publish","type":"product","link":"https:\/\/lydenim.com\/fr\/produit\/tissu-jacquard-53354\/","title":{"rendered":"Tissu Jacquard Diamant 53354 (coton 80%) | Personnalisable et \u00e9cologique"},"content":{"rendered":"<ul>\n<li>\n<h2><strong>\ud83c\udf3f Pr\u00e9sentation du produit<\/strong><\/h2>\n<p><strong>Num\u00e9ro de mod\u00e8le :<\/strong> 53354<br \/>\n<strong>Taper:<\/strong> Tissu Jacquard (motif en forme de losange)<\/p>\n<h3><strong>\ud83e\uddf5 Composition du mat\u00e9riau<\/strong><\/h3>\n<p>\ud83d\udd39 <strong>Coton 80%<\/strong> \u2013 Doux, respirant et hypoallerg\u00e9nique<br \/>\n\ud83d\udd39 <strong>Polyester 20%<\/strong> \u2013 R\u00e9sistant aux plis et durable<\/p>\n<h3><strong>\ud83c\udfa8 Options de couleur<\/strong><\/h3>\n<ul>\n<li><strong>Bleu<\/strong><\/li>\n<li><em>Couleurs personnalis\u00e9es disponibles sur demande<\/em><\/li>\n<\/ul>\n<h3><strong>\ud83d\udccf Dimensions<\/strong><\/h3>\n<ul>\n<li><strong>Largeur:<\/strong> 180 cm (70,9 pouces) <em>(Personnalisable)<\/em><\/li>\n<li><strong>Poids:<\/strong> Standard 430g <em>(R\u00e9glable)<\/em><\/li>\n<li><strong>Nombre de fils :<\/strong> Personnalisable<\/li>\n<li><strong>Taille du motif :<\/strong> Longueur <strong>1,5 cm (0,59 pouce)<\/strong>, Largeur <strong>1 cm (0,39 pouce)<\/strong><\/li>\n<\/ul>\n<h3><strong>\u2705 Principaux avantages<\/strong><\/h3>\n<h4>\ud83c\udf31 <strong>Fabrication respectueuse de l&#039;environnement<\/strong><\/h4>\n<ul>\n<li><strong>Usines aliment\u00e9es \u00e0 l&#039;\u00e9nergie solaire<\/strong> avec <strong>90% recyclage de l&#039;eau<\/strong><\/li>\n<li><strong>Certifi\u00e9 OEKO-TEX\u00ae<\/strong>, sans produits chimiques nocifs<\/li>\n<\/ul>\n<h4>\ud83c\udfaf <strong>Solutions personnalis\u00e9es<\/strong><\/h4>\n<ul>\n<li>Personnalisable <strong>couleur, nombre de fils et poids<\/strong><\/li>\n<li><strong>Quantit\u00e9 minimale de commande flexible pour les commandes de petit volume<\/strong><\/li>\n<li><strong>Protection de la propri\u00e9t\u00e9 intellectuelle pour les dessins et mod\u00e8les originaux<\/strong><\/li>\n<\/ul>\n<h4>\ud83d\udc57 <strong>Applications polyvalentes<\/strong><\/h4>\n<ul>\n<li><strong>Mode:<\/strong> Manteaux, Robes, Costumes, \u00c9charpes, Doublures<\/li>\n<li><strong>D\u00e9coration d&#039;int\u00e9rieur :<\/strong> Rideaux, coussins, tissus d&#039;ameublement<\/li>\n<li><strong>Projets cr\u00e9atifs :<\/strong> Art textile, installations<\/li>\n<\/ul>\n<h4>\ud83d\udd27 <strong>Haute performance<\/strong><\/h4>\n<ul>\n<li><strong>m\u00e9lange coton-polyester<\/strong> assure un \u00e9quilibre parfait entre confort et durabilit\u00e9<\/li>\n<li><strong>Plus de 100 000 cycles d&#039;abrasion (certifi\u00e9 ASTM D4966)<\/strong><\/li>\n<\/ul>\n<h3><strong>\ud83d\udce6 Production et logistique<\/strong><\/h3>\n<ul>\n<li><strong>Fabriqu\u00e9 en Chine<\/strong><\/li>\n<li><strong>Technologie de tissage pilot\u00e9e par l&#039;IA dans le delta du fleuve Yangtze<\/strong><\/li>\n<li><strong>Syst\u00e8me de gestion de la qualit\u00e9 ISO 9001<\/strong><\/li>\n<\/ul>\n<h4>\u26a1 <strong>Livraison<\/strong><\/h4>\n<ul>\n<li><strong>\u00c9chantillonnage:<\/strong> 5 jours ouvrables <em>(Sous r\u00e9serve de communication)<\/em><\/li>\n<li><strong>Commandes en gros :<\/strong> 3-4 semaines <strong>exp\u00e9dition dans le monde entier<\/strong> <em>(Le d\u00e9lai de livraison final d\u00e9pend de l&#039;entreprise de logistique)<\/em><\/li>\n<\/ul>\n<\/li>\n<\/ul>","protected":false},"excerpt":{"rendered":"<h3><strong>Tissu Jacquard \u2013 Motif en forme de losange<\/strong><\/h3>\n<h4><strong>Pr\u00e9sentation du produit<\/strong><\/h4>\n<ul>\n<li><strong>Num\u00e9ro de mod\u00e8le<\/strong>: 53354<\/li>\n<li><strong>Composition du mat\u00e9riau<\/strong>: 80% Coton, 20% Polyester<\/li>\n<li><strong>Couleur<\/strong>: Bleu<\/li>\n<\/ul>\n<h4><strong>Sp\u00e9cifications du tissu<\/strong><\/h4>\n<ul>\n<li><strong>Taper<\/strong>: Tissu Jacquard<\/li>\n<li><strong>Mod\u00e8le<\/strong>:Conception en forme de diamant<\/li>\n<li><strong>Technique<\/strong>: Tiss\u00e9<\/li>\n<li><strong>Largeur<\/strong>: 180 cm (70,9 pouces)<\/li>\n<li><strong>Poids<\/strong>: Personnalisable (Standard 430 g)<\/li>\n<li><strong>Nombre de fils<\/strong>: Personnalisable<\/li>\n<li><strong>Taille du motif<\/strong>: Longueur 1,5 cm (0,59 pouces), largeur 1 cm (0,39 pouces)<\/li>\n<\/ul>\n<h4><strong>Style et utilisation<\/strong><\/h4>\n<ul>\n<li><strong>Style<\/strong>: Tissage Jacquard<\/li>\n<li><strong>Utiliser<\/strong>:Convient aux v\u00eatements, accessoires et cr\u00e9ations personnalis\u00e9es<\/li>\n<li><strong>Applicable \u00e0<\/strong>:Femmes et hommes<\/li>\n<\/ul>\n<h4><strong>Production et origine<\/strong><\/h4>\n<ul>\n<li><strong>Lieu d&#039;origine<\/strong>: Chine<\/li>\n<li><strong>Type d&#039;approvisionnement<\/strong>:Fabriqu\u00e9 sur commande<\/li>\n<\/ul>","protected":false},"featured_media":2990,"template":"","meta":[],"product_brand":[],"product_cat":[41,48,49,42,50,43,45,38,46,39,40,47,35,20,30,33,44,37,34,58],"product_tag":[],"class_list":{"0":"post-2983","1":"product","2":"type-product","3":"status-publish","4":"has-post-thumbnail","6":"product_cat-10s","7":"product_cat-10s-oe","8":"product_cat-12s-oe","9":"product_cat-12s","10":"product_cat-16s-oe","11":"product_cat-16s","12":"product_cat-6s-oe","13":"product_cat-6s","14":"product_cat-7s-oe","15":"product_cat-7s","16":"product_cat-8s","17":"product_cat-8s-oe","18":"product_cat-aesthetic-collection","19":"product_cat-cotton-woven-fabric","20":"product_cat-cotton-polyster-spandex-denim-fabric","21":"product_cat-non-elastic","22":"product_cat-oe","23":"product_cat-siro","24":"product_cat-twill-fabric","25":"product_cat-ungrouped","27":"first","28":"instock","29":"shipping-taxable","30":"product-type-simple"},"aioseo_notices":[],"_links":{"self":[{"href":"https:\/\/lydenim.com\/fr\/wp-json\/wp\/v2\/product\/2983","targetHints":{"allow":["GET"]}}],"collection":[{"href":"https:\/\/lydenim.com\/fr\/wp-json\/wp\/v2\/product"}],"about":[{"href":"https:\/\/lydenim.com\/fr\/wp-json\/wp\/v2\/types\/product"}],"version-history":[{"count":2,"href":"https:\/\/lydenim.com\/fr\/wp-json\/wp\/v2\/product\/2983\/revisions"}],"predecessor-version":[{"id":2995,"href":"https:\/\/lydenim.com\/fr\/wp-json\/wp\/v2\/product\/2983\/revisions\/2995"}],"wp:featuredmedia":[{"embeddable":true,"href":"https:\/\/lydenim.com\/fr\/wp-json\/wp\/v2\/media\/2990"}],"wp:attachment":[{"href":"https:\/\/lydenim.com\/fr\/wp-json\/wp\/v2\/media?parent=2983"}],"wp:term":[{"taxonomy":"product_brand","embeddable":true,"href":"https:\/\/lydenim.com\/fr\/wp-json\/wp\/v2\/product_brand?post=2983"},{"taxonomy":"product_cat","embeddable":true,"href":"https:\/\/lydenim.com\/fr\/wp-json\/wp\/v2\/product_cat?post=2983"},{"taxonomy":"product_tag","embeddable":true,"href":"https:\/\/lydenim.com\/fr\/wp-json\/wp\/v2\/product_tag?post=2983"}],"curies":[{"name":"wp","href":"https:\/\/api.w.org\/{rel}","templated":true}]}}