{"id":3026,"date":"2025-02-10T16:52:28","date_gmt":"2025-02-10T08:52:28","guid":{"rendered":"https:\/\/lydenim.com\/?post_type=product&#038;p=3026"},"modified":"2025-02-10T16:56:29","modified_gmt":"2025-02-10T08:56:29","slug":"jacquard-fabric-53363","status":"publish","type":"product","link":"https:\/\/lydenim.com\/fr\/produit\/tissu-jacquard-53363\/","title":{"rendered":"Tissu jacquard \u00e0 n\u0153ud papillon long 53363 | Tissu bleu en coton et polyester, id\u00e9al pour la mode, de haute qualit\u00e9"},"content":{"rendered":"<ul>\n<li>\n<h3><strong>\ud83c\udf0d Pr\u00e9sentation du produit<\/strong><\/h3>\n<p><strong>Num\u00e9ro de mod\u00e8le :<\/strong> 53363<br \/>\n<strong>Composition du mat\u00e9riau :<\/strong> 80% Coton, 20% Polyester<br \/>\n<strong>Couleur:<\/strong> Bleu<\/p>\n<h3><strong>\ud83e\uddf5 Sp\u00e9cifications du tissu<\/strong><\/h3>\n<ul>\n<li><strong>Taper:<\/strong> Tissu Jacquard<\/li>\n<li><strong>Mod\u00e8le:<\/strong> Conception de n\u0153ud papillon long<\/li>\n<li><strong>Technique:<\/strong> Tiss\u00e9<\/li>\n<li><strong>Largeur:<\/strong> 180 cm (70,9 pouces)<\/li>\n<li><strong>Poids:<\/strong> Personnalisable (Standard 430g)<\/li>\n<li><strong>Nombre de fils :<\/strong> Personnalisable<\/li>\n<li><strong>Taille du motif :<\/strong> Longueur <strong>5 cm (1,97 pouces)<\/strong>, Largeur <strong>2 cm (0,79 pouces)<\/strong><\/li>\n<\/ul>\n<h3><strong>\ud83c\udfa8 Style et utilisation<\/strong><\/h3>\n<ul>\n<li><strong>Style:<\/strong> Tissage Jacquard<\/li>\n<li><strong>Utiliser:<\/strong> Convient aux v\u00eatements, accessoires et cr\u00e9ations personnalis\u00e9es<\/li>\n<li><strong>Applicable \u00e0 :<\/strong> Femmes et hommes<\/li>\n<\/ul>\n<h3><strong>\ud83c\udf0d Production et origine<\/strong><\/h3>\n<ul>\n<li><strong>Lieu d&#039;origine :<\/strong> Chine<\/li>\n<li><strong>Type d&#039;approvisionnement :<\/strong> Fabrication sur commande<\/li>\n<\/ul>\n<h3><strong>\ud83d\udd11 Notes importantes<\/strong><\/h3>\n<ul>\n<li><strong>Donn\u00e9es du produit :<\/strong> Les mesures des \u00e9chantillons sont bas\u00e9es sur des mod\u00e8les sp\u00e9cifiques et peuvent varier en fonction du lot de production.<\/li>\n<\/ul>\n<\/li>\n<\/ul>","protected":false},"excerpt":{"rendered":"<h3><strong>Tissu Jacquard \u2013 Motif n\u0153ud papillon long<\/strong><\/h3>\n<h4><strong>Pr\u00e9sentation du produit<\/strong><\/h4>\n<ul>\n<li><strong>Num\u00e9ro de mod\u00e8le<\/strong>: 53363<\/li>\n<li><strong>Composition du mat\u00e9riau<\/strong>: 80% Coton, 20% Polyester<\/li>\n<li><strong>Couleur<\/strong>: Bleu<\/li>\n<\/ul>\n<h4><strong>Sp\u00e9cifications du tissu<\/strong><\/h4>\n<ul>\n<li><strong>Taper<\/strong>: Tissu Jacquard<\/li>\n<li><strong>Mod\u00e8le<\/strong>: Conception de n\u0153ud papillon long<\/li>\n<li><strong>Technique<\/strong>: Tiss\u00e9<\/li>\n<li><strong>Largeur<\/strong>: 180 cm (70,9 pouces)<\/li>\n<li><strong>Poids<\/strong>: Personnalisable (Standard 430 g)<\/li>\n<li><strong>Nombre de fils<\/strong>: Personnalisable<\/li>\n<li><strong>Taille du motif<\/strong>: Longueur 5 cm (1,97 pouces), largeur 2 cm (0,79 pouces)<\/li>\n<\/ul>\n<h4><strong>Style et utilisation<\/strong><\/h4>\n<ul>\n<li><strong>Style<\/strong>: Tissage Jacquard<\/li>\n<li><strong>Utiliser<\/strong>:Convient aux v\u00eatements, accessoires et cr\u00e9ations personnalis\u00e9es<\/li>\n<li><strong>Applicable \u00e0<\/strong>:Femmes et hommes<\/li>\n<\/ul>\n<h4><strong>Production et origine<\/strong><\/h4>\n<ul>\n<li><strong>Lieu d&#039;origine<\/strong>: Chine<\/li>\n<li><strong>Type d&#039;approvisionnement<\/strong>:Fabriqu\u00e9 sur commande<\/li>\n<\/ul>\n<h4><strong>Notes importantes<\/strong><\/h4>\n<ul>\n<li><strong>Donn\u00e9es du produit<\/strong>:Les mesures des \u00e9chantillons sont bas\u00e9es sur des mod\u00e8les sp\u00e9cifiques et peuvent varier en fonction du lot de production.<\/li>\n<\/ul>","protected":false},"featured_media":3027,"template":"","meta":[],"product_brand":[],"product_cat":[41,48,49,42,50,43,45,38,46,39,40,47,35,20,30,33,44,37,34,58],"product_tag":[],"class_list":{"0":"post-3026","1":"product","2":"type-product","3":"status-publish","4":"has-post-thumbnail","6":"product_cat-10s","7":"product_cat-10s-oe","8":"product_cat-12s-oe","9":"product_cat-12s","10":"product_cat-16s-oe","11":"product_cat-16s","12":"product_cat-6s-oe","13":"product_cat-6s","14":"product_cat-7s-oe","15":"product_cat-7s","16":"product_cat-8s","17":"product_cat-8s-oe","18":"product_cat-aesthetic-collection","19":"product_cat-cotton-woven-fabric","20":"product_cat-cotton-polyster-spandex-denim-fabric","21":"product_cat-non-elastic","22":"product_cat-oe","23":"product_cat-siro","24":"product_cat-twill-fabric","25":"product_cat-ungrouped","27":"first","28":"instock","29":"shipping-taxable","30":"product-type-simple"},"aioseo_notices":[],"_links":{"self":[{"href":"https:\/\/lydenim.com\/fr\/wp-json\/wp\/v2\/product\/3026","targetHints":{"allow":["GET"]}}],"collection":[{"href":"https:\/\/lydenim.com\/fr\/wp-json\/wp\/v2\/product"}],"about":[{"href":"https:\/\/lydenim.com\/fr\/wp-json\/wp\/v2\/types\/product"}],"version-history":[{"count":1,"href":"https:\/\/lydenim.com\/fr\/wp-json\/wp\/v2\/product\/3026\/revisions"}],"predecessor-version":[{"id":3031,"href":"https:\/\/lydenim.com\/fr\/wp-json\/wp\/v2\/product\/3026\/revisions\/3031"}],"wp:featuredmedia":[{"embeddable":true,"href":"https:\/\/lydenim.com\/fr\/wp-json\/wp\/v2\/media\/3027"}],"wp:attachment":[{"href":"https:\/\/lydenim.com\/fr\/wp-json\/wp\/v2\/media?parent=3026"}],"wp:term":[{"taxonomy":"product_brand","embeddable":true,"href":"https:\/\/lydenim.com\/fr\/wp-json\/wp\/v2\/product_brand?post=3026"},{"taxonomy":"product_cat","embeddable":true,"href":"https:\/\/lydenim.com\/fr\/wp-json\/wp\/v2\/product_cat?post=3026"},{"taxonomy":"product_tag","embeddable":true,"href":"https:\/\/lydenim.com\/fr\/wp-json\/wp\/v2\/product_tag?post=3026"}],"curies":[{"name":"wp","href":"https:\/\/api.w.org\/{rel}","templated":true}]}}