{"id":3363,"date":"2025-02-17T16:46:28","date_gmt":"2025-02-17T08:46:28","guid":{"rendered":"https:\/\/lydenim.com\/?post_type=product&#038;p=3363"},"modified":"2025-02-17T16:48:28","modified_gmt":"2025-02-17T08:48:28","slug":"jacquard-fabric-1062","status":"publish","type":"product","link":"https:\/\/lydenim.com\/fr\/produit\/tissu-jacquard-1062\/","title":{"rendered":"Tissu Jacquard Premium 1062 | Largeur et poids personnalisables | Id\u00e9al pour la mode et la d\u00e9coration int\u00e9rieure"},"content":{"rendered":"<ul>\n<li>\n<h2 data-start=\"654\" data-end=\"682\"><strong data-start=\"657\" data-end=\"680\">\ud83c\udf0d Pr\u00e9sentation du produit<\/strong><\/h2>\n<p data-start=\"683\" data-end=\"875\"><strong data-start=\"683\" data-end=\"700\">Num\u00e9ro de mod\u00e8le :<\/strong> 1062<br data-start=\"705\" data-end=\"708\" \/><strong data-start=\"708\" data-end=\"733\">Composition du mat\u00e9riau :<\/strong> Personnalisable en fonction des exigences sp\u00e9cifiques du tissu (par exemple, <strong data-start=\"792\" data-end=\"836\">coton biologique ou polyester \u00e9cologique<\/strong>)<br data-start=\"837\" data-end=\"840\" \/><strong data-start=\"840\" data-end=\"850\">Couleur:<\/strong> Se r\u00e9f\u00e9rer aux exemples d&#039;images<\/p>\n<h3 data-start=\"877\" data-end=\"911\"><strong data-start=\"881\" data-end=\"909\">\ud83e\uddf5 Sp\u00e9cifications du tissu<\/strong><\/h3>\n<ul data-start=\"912\" data-end=\"1388\">\n<li data-start=\"912\" data-end=\"945\"><strong data-start=\"914\" data-end=\"923\">Taper:<\/strong> <strong data-start=\"924\" data-end=\"943\">Tissu Jacquard<\/strong><\/li>\n<li data-start=\"946\" data-end=\"973\"><strong data-start=\"948\" data-end=\"961\">Technique:<\/strong> <strong data-start=\"962\" data-end=\"971\">Tiss\u00e9<\/strong><\/li>\n<li data-start=\"974\" data-end=\"1068\"><strong data-start=\"976\" data-end=\"986\">Largeur:<\/strong> Personnalisable en fonction des exigences sp\u00e9cifiques du tissu (standard 180 cm, r\u00e9glable)<\/li>\n<li data-start=\"1069\" data-end=\"1203\"><strong data-start=\"1071\" data-end=\"1082\">Poids:<\/strong> Personnalisable (test\u00e9 selon <strong data-start=\"1117\" data-end=\"1176\"><a target=\"_new\" rel=\"noopener\" data-start=\"1119\" data-end=\"1174\">ISO 3801:1977<\/a><\/strong> norme de poids textile)<\/li>\n<li data-start=\"1204\" data-end=\"1309\"><strong data-start=\"1206\" data-end=\"1221\">Nombre de fils :<\/strong> Personnalisable (<strong data-start=\"1236\" data-end=\"1264\">Tissu \u00e0 nombre de fils \u00e9lev\u00e9<\/strong> pour une durabilit\u00e9 et une respirabilit\u00e9 am\u00e9lior\u00e9es)<\/li>\n<li data-start=\"1310\" data-end=\"1343\"><strong data-start=\"1312\" data-end=\"1322\">Style:<\/strong> <strong data-start=\"1323\" data-end=\"1341\">Tissage Jacquard<\/strong><\/li>\n<li data-start=\"1344\" data-end=\"1388\"><strong data-start=\"1346\" data-end=\"1363\">Taille du motif :<\/strong> Se r\u00e9f\u00e9rer aux exemples d&#039;images<\/li>\n<\/ul>\n<h3 data-start=\"1390\" data-end=\"1416\"><strong data-start=\"1394\" data-end=\"1414\">\ud83c\udfa8 Style et utilisation<\/strong><\/h3>\n<ul data-start=\"1417\" data-end=\"1599\">\n<li data-start=\"1417\" data-end=\"1557\"><strong data-start=\"1419\" data-end=\"1427\">Utiliser:<\/strong> Convient pour <strong data-start=\"1441\" data-end=\"1486\">v\u00eatements, accessoires et cr\u00e9ations personnalis\u00e9es<\/strong>, largement appliqu\u00e9 dans <strong data-start=\"1506\" data-end=\"1555\">mode haut de gamme, artisanat et d\u00e9coration int\u00e9rieure<\/strong><\/li>\n<li data-start=\"1558\" data-end=\"1599\"><strong data-start=\"1560\" data-end=\"1578\">Applicable \u00e0 :<\/strong> Hommes et femmes<\/li>\n<\/ul>\n<h3 data-start=\"1601\" data-end=\"1633\"><strong data-start=\"1605\" data-end=\"1631\">\ud83c\udf0d Production et origine<\/strong><\/h3>\n<ul data-start=\"1634\" data-end=\"1703\">\n<li data-start=\"1634\" data-end=\"1664\"><strong data-start=\"1636\" data-end=\"1656\">Lieu d&#039;origine :<\/strong> Chine<\/li>\n<li data-start=\"1665\" data-end=\"1703\"><strong data-start=\"1667\" data-end=\"1683\">Type d&#039;approvisionnement :<\/strong> <strong data-start=\"1684\" data-end=\"1701\">Fabrication sur commande<\/strong><\/li>\n<\/ul>\n<h3 data-start=\"1705\" data-end=\"1733\"><strong data-start=\"1709\" data-end=\"1731\">\ud83d\udd11 Notes importantes<\/strong><\/h3>\n<ul data-start=\"1734\" data-end=\"1849\">\n<li data-start=\"1734\" data-end=\"1849\"><strong data-start=\"1736\" data-end=\"1753\">Donn\u00e9es du produit :<\/strong> Les mesures des \u00e9chantillons sont bas\u00e9es sur des mod\u00e8les sp\u00e9cifiques et peuvent varier en fonction du lot de production<\/li>\n<\/ul>\n<\/li>\n<\/ul>","protected":false},"excerpt":{"rendered":"<p data-start=\"494\" data-end=\"645\"><strong data-start=\"494\" data-end=\"504\">MOD\u00c8LE:<\/strong> 1062<br data-start=\"509\" data-end=\"512\" \/><strong data-start=\"512\" data-end=\"521\">TAPER:<\/strong> <strong data-start=\"522\" data-end=\"541\">TISSU JACQUARD<\/strong><br data-start=\"541\" data-end=\"544\" \/><strong data-start=\"544\" data-end=\"557\">MAT\u00c9RIEL:<\/strong> Personnalisable (<strong data-start=\"572\" data-end=\"614\">Coton biologique, polyester \u00e9cologique<\/strong>)<br data-start=\"615\" data-end=\"618\" \/><strong data-start=\"618\" data-end=\"628\">COULEUR:<\/strong> Se r\u00e9f\u00e9rer \u00e0 l&#039;image<\/p>\n<h3 data-start=\"647\" data-end=\"681\"><strong data-start=\"651\" data-end=\"679\">\ud83e\uddf5 SP\u00c9CIFICATIONS DU TISSU<\/strong><\/h3>\n<ul data-start=\"682\" data-end=\"837\">\n<li data-start=\"682\" data-end=\"709\"><strong data-start=\"684\" data-end=\"697\">TECHNIQUE:<\/strong> <strong data-start=\"698\" data-end=\"707\">TISS\u00c9<\/strong><\/li>\n<li data-start=\"710\" data-end=\"743\"><strong data-start=\"712\" data-end=\"722\">LARGEUR:<\/strong> 180 cm (r\u00e9glable)<\/li>\n<li data-start=\"744\" data-end=\"772\"><strong data-start=\"746\" data-end=\"757\">POIDS:<\/strong> Personnalisable<\/li>\n<li data-start=\"773\" data-end=\"803\"><strong data-start=\"775\" data-end=\"790\">NOMBRE DE FILS :<\/strong> R\u00e9glable<\/li>\n<li data-start=\"804\" data-end=\"837\"><strong data-start=\"806\" data-end=\"816\">STYLE:<\/strong> <strong data-start=\"817\" data-end=\"835\">TISSAGE JACQUARD<\/strong><\/li>\n<\/ul>\n<h3 data-start=\"839\" data-end=\"865\"><strong data-start=\"843\" data-end=\"863\">\ud83c\udfa8 STYLE ET UTILISATION<\/strong><\/h3>\n<ul data-start=\"866\" data-end=\"945\">\n<li data-start=\"866\" data-end=\"915\"><strong data-start=\"868\" data-end=\"876\">UTILISER:<\/strong> <strong data-start=\"877\" data-end=\"913\">Mode, accessoires, d\u00e9coration int\u00e9rieure<\/strong><\/li>\n<li data-start=\"916\" data-end=\"945\"><strong data-start=\"918\" data-end=\"936\">APPLICABLE \u00c0 :<\/strong> Unisexe<\/li>\n<\/ul>\n<h3 data-start=\"947\" data-end=\"979\"><strong data-start=\"951\" data-end=\"977\">\ud83c\udf0d PRODUCTION ET ORIGINE<\/strong><\/h3>\n<ul data-start=\"980\" data-end=\"1040\">\n<li data-start=\"980\" data-end=\"1001\"><strong data-start=\"982\" data-end=\"993\">ORIGINE:<\/strong> Chine<\/li>\n<li data-start=\"1002\" data-end=\"1040\"><strong data-start=\"1004\" data-end=\"1020\">TYPE D&#039;ALIMENTATION :<\/strong> <strong data-start=\"1021\" data-end=\"1038\">FABRIQU\u00c9 SUR COMMANDE<\/strong><\/li>\n<\/ul>\n<h3 data-start=\"1042\" data-end=\"1070\"><strong data-start=\"1046\" data-end=\"1068\">\ud83d\udd11 REMARQUES IMPORTANTES<\/strong><\/h3>\n<ul data-start=\"1071\" data-end=\"1144\">\n<li data-start=\"1071\" data-end=\"1144\"><strong data-start=\"1073\" data-end=\"1090\">DONN\u00c9ES DU PRODUIT :<\/strong> Les mesures sont bas\u00e9es sur des \u00e9chantillons et peuvent varier selon le lot<\/li>\n<\/ul>","protected":false},"featured_media":3366,"template":"","meta":[],"product_brand":[],"product_cat":[41,48,49,42,50,43,45,38,46,39,40,47,35,20,30,33,44,37,34,58],"product_tag":[],"class_list":{"0":"post-3363","1":"product","2":"type-product","3":"status-publish","4":"has-post-thumbnail","6":"product_cat-10s","7":"product_cat-10s-oe","8":"product_cat-12s-oe","9":"product_cat-12s","10":"product_cat-16s-oe","11":"product_cat-16s","12":"product_cat-6s-oe","13":"product_cat-6s","14":"product_cat-7s-oe","15":"product_cat-7s","16":"product_cat-8s","17":"product_cat-8s-oe","18":"product_cat-aesthetic-collection","19":"product_cat-cotton-woven-fabric","20":"product_cat-cotton-polyster-spandex-denim-fabric","21":"product_cat-non-elastic","22":"product_cat-oe","23":"product_cat-siro","24":"product_cat-twill-fabric","25":"product_cat-ungrouped","27":"first","28":"instock","29":"shipping-taxable","30":"product-type-simple"},"aioseo_notices":[],"_links":{"self":[{"href":"https:\/\/lydenim.com\/fr\/wp-json\/wp\/v2\/product\/3363","targetHints":{"allow":["GET"]}}],"collection":[{"href":"https:\/\/lydenim.com\/fr\/wp-json\/wp\/v2\/product"}],"about":[{"href":"https:\/\/lydenim.com\/fr\/wp-json\/wp\/v2\/types\/product"}],"version-history":[{"count":1,"href":"https:\/\/lydenim.com\/fr\/wp-json\/wp\/v2\/product\/3363\/revisions"}],"predecessor-version":[{"id":3370,"href":"https:\/\/lydenim.com\/fr\/wp-json\/wp\/v2\/product\/3363\/revisions\/3370"}],"wp:featuredmedia":[{"embeddable":true,"href":"https:\/\/lydenim.com\/fr\/wp-json\/wp\/v2\/media\/3366"}],"wp:attachment":[{"href":"https:\/\/lydenim.com\/fr\/wp-json\/wp\/v2\/media?parent=3363"}],"wp:term":[{"taxonomy":"product_brand","embeddable":true,"href":"https:\/\/lydenim.com\/fr\/wp-json\/wp\/v2\/product_brand?post=3363"},{"taxonomy":"product_cat","embeddable":true,"href":"https:\/\/lydenim.com\/fr\/wp-json\/wp\/v2\/product_cat?post=3363"},{"taxonomy":"product_tag","embeddable":true,"href":"https:\/\/lydenim.com\/fr\/wp-json\/wp\/v2\/product_tag?post=3363"}],"curies":[{"name":"wp","href":"https:\/\/api.w.org\/{rel}","templated":true}]}}