{"id":3611,"date":"2025-02-20T15:01:39","date_gmt":"2025-02-20T07:01:39","guid":{"rendered":"https:\/\/lydenim.com\/?post_type=product&#038;p=3611"},"modified":"2025-02-20T15:04:13","modified_gmt":"2025-02-20T07:04:13","slug":"chenille-jacquard-denim-1102-fabric","status":"publish","type":"product","link":"https:\/\/lydenim.com\/fr\/produit\/tissu-denim-jacquard-chenille-1102\/","title":{"rendered":"Tissu Chenille Jacquard Denim 1102"},"content":{"rendered":"<ul>\n<li>\n<h3>\ud83c\udf0d APER\u00c7U DU PRODUIT<\/h3>\n<p><strong>MOD\u00c8LE<\/strong>: 1102<br \/>\n<strong>TAPER<\/strong>: Tissu denim jacquard chenille<br \/>\n<strong>MAT\u00c9RIEL<\/strong>: M\u00e9langes personnalis\u00e9s (coton biologique) <a href=\"https:\/\/en.wikipedia.org\/wiki\/Global_Organic_Textile_Standard\" target=\"_blank\" rel=\"noopener noreferrer\">Wiki GOTS<\/a>Polyester recycl\u00e9 <a href=\"https:\/\/textileexchange.org\/recycled-polyester\/\" target=\"_blank\" rel=\"noopener noreferrer\">Bourse du textile<\/a>)<br \/>\n<strong>COULEUR<\/strong>: Personnalisation assortie au Pantone <a href=\"https:\/\/www.pantone.com\/color-finder\" target=\"_blank\" rel=\"noopener noreferrer\">Recherche de couleurs Pantone<\/a><\/p>\n<h3>\ud83e\uddf5 SP\u00c9CIFICATIONS DU TISSU<\/h3>\n<p><strong>TECHNIQUE<\/strong>: Jacquard tiss\u00e9 <a href=\"https:\/\/en.wikipedia.org\/wiki\/Jacquard_weaving\" target=\"_blank\" rel=\"noopener noreferrer\">Wiki sur le tissage Jacquard<\/a><br \/>\n<strong>POIDS<\/strong>: Personnalisable \u00a0<a href=\"https:\/\/www.denimhunters.com\/denim-wiki\/denim-weight\/\" target=\"_blank\" rel=\"noopener noreferrer\">Guide du poids du denim<\/a><br \/>\n<strong>COMPTAGE DU FIL<\/strong>: R\u00e9glable\u00a0 <a href=\"https:\/\/www.textileschool.com\/197\/yarn-count-numbering-system\/\" target=\"_blank\" rel=\"noopener noreferrer\">Notions de base sur le comptage des fils<\/a><br \/>\n<strong>STYLE<\/strong>: Motifs jacquard g\u00e9om\u00e9triques complexes<br \/>\n<strong>LARGEUR<\/strong>:D\u00e9termin\u00e9 par le motif et l&#039;\u00e9paisseur <a href=\"https:\/\/www.britannica.com\/technology\/loom\" target=\"_blank\" rel=\"noopener noreferrer\">Normes de largeur des m\u00e9tiers \u00e0 tisser<\/a><\/p>\n<h3>\ud83c\udfa8 STYLE ET UTILISATION<\/h3>\n<p><strong>UTILISER<\/strong>:<\/p>\n<ul>\n<li>V\u00eatements en jean haute couture (<a href=\"https:\/\/www.wgsn.com\/fashion\" target=\"_blank\" rel=\"noopener noreferrer\">Tendances denim WGSN 2024<\/a>)<\/li>\n<li>Accessoires de d\u00e9claration (sacs\/ceintures)<\/li>\n<li>Tapisserie contemporaine<br \/>\n<strong>APPLICABLE \u00c0<\/strong>: Marques de cr\u00e9ateurs, startups de mode durable<\/li>\n<\/ul>\n<h3>\ud83c\udf0d PRODUCTION ET ORIGINE<\/h3>\n<p><strong>ORIGINE<\/strong>: Chine<br \/>\n<strong>TYPE D&#039;ALIMENTATION<\/strong>:Fabriqu\u00e9 sur commande<\/p>\n<h3>\ud83d\udd11 REMARQUES IMPORTANTES<\/h3>\n<ol>\n<li>DONN\u00c9ES SUR LE PRODUIT : Les mesures sont bas\u00e9es sur des \u00e9chantillons et peuvent varier selon le lot.<\/li>\n<li><a href=\"https:\/\/lydenim.com\/fr\/contact\/\">Contact pour commande<\/a>r\u00a0: Pour toute demande de renseignements, pour des options de personnalisation ou pour des commandes group\u00e9es, n&#039;h\u00e9sitez pas \u00e0 nous contacter. Notre \u00e9quipe s&#039;engage \u00e0 vous fournir des tissus de haute qualit\u00e9, adapt\u00e9s \u00e0 vos besoins.<\/li>\n<\/ol>\n<\/li>\n<\/ul>","protected":false},"excerpt":{"rendered":"<h3 data-start=\"394\" data-end=\"415\"><strong data-start=\"398\" data-end=\"408\">MOD\u00c8LE:<\/strong> 1102<\/h3>\n<h3 data-start=\"416\" data-end=\"470\"><strong data-start=\"420\" data-end=\"429\">TAPER:<\/strong> Tissu denim jacquard chenille<\/h3>\n<h3 data-start=\"471\" data-end=\"544\"><strong data-start=\"475\" data-end=\"488\">MAT\u00c9RIEL:<\/strong> Personnalisable (coton biologique, polyester \u00e9cologique)<\/h3>\n<h3 data-start=\"545\" data-end=\"576\"><strong data-start=\"549\" data-end=\"559\">COULEUR:<\/strong> Se r\u00e9f\u00e9rer \u00e0 l&#039;image<\/h3>\n<h3 data-start=\"578\" data-end=\"608\">\ud83e\uddf5 SP\u00c9CIFICATIONS DU TISSU<\/h3>\n<p data-start=\"609\" data-end=\"741\">TECHNIQUE : TISS\u00c9<br data-start=\"624\" data-end=\"627\" \/>POIDS : Personnalisable<br data-start=\"647\" data-end=\"650\" \/>COMPTAGE DU FIL : R\u00e9glable<br data-start=\"672\" data-end=\"675\" \/>STYLE : TISSAGE JACQUARD<br data-start=\"696\" data-end=\"699\" \/>LARGEUR : D\u00e9termin\u00e9e par le motif et l&#039;\u00e9paisseur<\/p>\n<h3 data-start=\"743\" data-end=\"765\">\ud83c\udfa8 STYLE ET UTILISATION<\/h3>\n<p data-start=\"766\" data-end=\"829\">UTILISATION : Mode, Accessoires, D\u00e9coration d&#039;int\u00e9rieur<br data-start=\"803\" data-end=\"806\" \/>APPLICABLE \u00c0 : Unisexe<\/p>\n<h3 data-start=\"831\" data-end=\"859\">\ud83c\udf0d PRODUCTION ET ORIGINE<\/h3>\n<p data-start=\"860\" data-end=\"904\">ORIGINE : Chine<br data-start=\"873\" data-end=\"876\" \/>TYPE DE FOURNITURE : FABRICATION SUR COMMANDE<\/p>\n<h3 data-start=\"906\" data-end=\"930\">\ud83d\udd11 REMARQUES IMPORTANTES<\/h3>\n<p data-start=\"931\" data-end=\"997\" data-is-last-node=\"\">DONN\u00c9ES SUR LE PRODUIT : Les mesures sont bas\u00e9es sur des \u00e9chantillons et peuvent varier selon le lot.<\/p>","protected":false},"featured_media":3610,"template":"","meta":[],"product_brand":[],"product_cat":[20,41,48,42,49,50,43,38,45,46,39,47,40,35,30,33,44,37,34,58],"product_tag":[],"class_list":{"0":"post-3611","1":"product","2":"type-product","3":"status-publish","4":"has-post-thumbnail","6":"product_cat-cotton-woven-fabric","7":"product_cat-10s","8":"product_cat-10s-oe","9":"product_cat-12s","10":"product_cat-12s-oe","11":"product_cat-16s-oe","12":"product_cat-16s","13":"product_cat-6s","14":"product_cat-6s-oe","15":"product_cat-7s-oe","16":"product_cat-7s","17":"product_cat-8s-oe","18":"product_cat-8s","19":"product_cat-aesthetic-collection","20":"product_cat-cotton-polyster-spandex-denim-fabric","21":"product_cat-non-elastic","22":"product_cat-oe","23":"product_cat-siro","24":"product_cat-twill-fabric","25":"product_cat-ungrouped","27":"first","28":"instock","29":"shipping-taxable","30":"product-type-simple"},"aioseo_notices":[],"_links":{"self":[{"href":"https:\/\/lydenim.com\/fr\/wp-json\/wp\/v2\/product\/3611","targetHints":{"allow":["GET"]}}],"collection":[{"href":"https:\/\/lydenim.com\/fr\/wp-json\/wp\/v2\/product"}],"about":[{"href":"https:\/\/lydenim.com\/fr\/wp-json\/wp\/v2\/types\/product"}],"version-history":[{"count":1,"href":"https:\/\/lydenim.com\/fr\/wp-json\/wp\/v2\/product\/3611\/revisions"}],"predecessor-version":[{"id":3618,"href":"https:\/\/lydenim.com\/fr\/wp-json\/wp\/v2\/product\/3611\/revisions\/3618"}],"wp:featuredmedia":[{"embeddable":true,"href":"https:\/\/lydenim.com\/fr\/wp-json\/wp\/v2\/media\/3610"}],"wp:attachment":[{"href":"https:\/\/lydenim.com\/fr\/wp-json\/wp\/v2\/media?parent=3611"}],"wp:term":[{"taxonomy":"product_brand","embeddable":true,"href":"https:\/\/lydenim.com\/fr\/wp-json\/wp\/v2\/product_brand?post=3611"},{"taxonomy":"product_cat","embeddable":true,"href":"https:\/\/lydenim.com\/fr\/wp-json\/wp\/v2\/product_cat?post=3611"},{"taxonomy":"product_tag","embeddable":true,"href":"https:\/\/lydenim.com\/fr\/wp-json\/wp\/v2\/product_tag?post=3611"}],"curies":[{"name":"wp","href":"https:\/\/api.w.org\/{rel}","templated":true}]}}