{"id":3914,"date":"2025-03-09T14:13:18","date_gmt":"2025-03-09T06:13:18","guid":{"rendered":"https:\/\/lydenim.com\/?post_type=product&#038;p=3914"},"modified":"2025-03-09T14:14:57","modified_gmt":"2025-03-09T06:14:57","slug":"no-stretch-denim-18-color-options-professional-customization","status":"publish","type":"product","link":"https:\/\/lydenim.com\/fr\/produit\/denim-non-extensible-18-options-de-couleurs-personnalisation-professionnelle\/","title":{"rendered":"\ud83c\udf08 Denim color\u00e9 non extensible | 18 couleurs au choix | Personnalisation professionnelle"},"content":{"rendered":"<p data-start=\"27\" data-end=\"55\">\n<ul>\n<li>\n<p data-start=\"27\" data-end=\"55\">\ud83d\udccc <strong data-start=\"30\" data-end=\"47\">Num\u00e9ro de mod\u00e8le :<\/strong> M9693<\/p>\n<p data-start=\"57\" data-end=\"87\">\ud83e\uddf5 <strong data-start=\"60\" data-end=\"85\">Sp\u00e9cifications du tissu<\/strong><\/p>\n<ul data-start=\"88\" data-end=\"497\">\n<li data-start=\"88\" data-end=\"114\"><strong data-start=\"90\" data-end=\"99\">Taper:<\/strong> Tissu serg\u00e9<\/li>\n<li data-start=\"115\" data-end=\"182\"><strong data-start=\"117\" data-end=\"142\">Composition du mat\u00e9riau :<\/strong> 75% Coton, 22% Lyocell, 3% Polyester<\/li>\n<li data-start=\"183\" data-end=\"225\"><strong data-start=\"185\" data-end=\"203\">Options de couleur :<\/strong> 18 couleurs disponibles<\/li>\n<li data-start=\"226\" data-end=\"254\"><strong data-start=\"228\" data-end=\"240\">Mod\u00e8le:<\/strong> Serg\u00e9 uni<\/li>\n<li data-start=\"255\" data-end=\"278\"><strong data-start=\"257\" data-end=\"270\">Technique:<\/strong> Tiss\u00e9<\/li>\n<li data-start=\"279\" data-end=\"342\"><strong data-start=\"281\" data-end=\"291\">Largeur:<\/strong> 180 cm (70,9 pouces) (Personnalisable sur demande)<\/li>\n<li data-start=\"343\" data-end=\"440\"><strong data-start=\"345\" data-end=\"356\">Poids:<\/strong> 10,8 oz<\/li>\n<li data-start=\"441\" data-end=\"464\"><strong data-start=\"443\" data-end=\"458\">Nombre de fils :<\/strong> 10s<\/li>\n<li data-start=\"465\" data-end=\"497\"><strong data-start=\"467\" data-end=\"477\">Style:<\/strong> Serg\u00e9 multicolore<\/li>\n<\/ul>\n<p data-start=\"499\" data-end=\"521\">\ud83c\udfa8 <strong data-start=\"502\" data-end=\"519\">Style et utilisation<\/strong><\/p>\n<ul data-start=\"522\" data-end=\"640\">\n<li data-start=\"522\" data-end=\"598\"><strong data-start=\"524\" data-end=\"540\">Application:<\/strong> Id\u00e9al pour les v\u00eatements, les v\u00eatements de mode et les cr\u00e9ations personnalis\u00e9es<\/li>\n<li data-start=\"599\" data-end=\"640\"><strong data-start=\"601\" data-end=\"619\">Applicable \u00e0 :<\/strong> Hommes et femmes<\/li>\n<\/ul>\n<p data-start=\"642\" data-end=\"670\">\ud83c\udf0d <strong data-start=\"645\" data-end=\"668\">Production et origine<\/strong><\/p>\n<ul data-start=\"671\" data-end=\"736\">\n<li data-start=\"671\" data-end=\"701\"><strong data-start=\"673\" data-end=\"693\">Lieu d&#039;origine :<\/strong> Chine<\/li>\n<li data-start=\"702\" data-end=\"736\"><strong data-start=\"704\" data-end=\"720\">Type d&#039;approvisionnement :<\/strong> Fabrication sur commande<\/li>\n<\/ul>\n<p data-start=\"738\" data-end=\"762\">\ud83d\udd11 <strong data-start=\"741\" data-end=\"760\">Notes importantes<\/strong><\/p>\n<ul data-start=\"763\" data-end=\"889\" data-is-last-node=\"\" data-is-only-node=\"\">\n<li data-start=\"763\" data-end=\"889\" data-is-last-node=\"\"><strong data-start=\"765\" data-end=\"782\">Donn\u00e9es du produit :<\/strong> Les mesures des \u00e9chantillons sont bas\u00e9es sur des lots de production sp\u00e9cifiques et peuvent varier en raison des tol\u00e9rances de fabrication.<\/li>\n<\/ul>\n<\/li>\n<\/ul>\n<p>&nbsp;<\/p>","protected":false},"excerpt":{"rendered":"<p data-start=\"28\" data-end=\"54\"><strong data-start=\"28\" data-end=\"52\">Description du produit :<\/strong><\/p>\n<ul data-start=\"55\" data-end=\"693\">\n<li data-start=\"55\" data-end=\"82\"><strong data-start=\"57\" data-end=\"74\">Num\u00e9ro de mod\u00e8le :<\/strong> M9693<\/li>\n<li data-start=\"83\" data-end=\"109\"><strong data-start=\"85\" data-end=\"94\">Taper:<\/strong> Tissu serg\u00e9<\/li>\n<li data-start=\"110\" data-end=\"188\"><strong data-start=\"112\" data-end=\"137\">Composition du mat\u00e9riau :<\/strong> C : 75% (Coton), Lyocell : 22%, T : 3% (Polyester)<\/li>\n<li data-start=\"189\" data-end=\"231\"><strong data-start=\"191\" data-end=\"209\">Options de couleur :<\/strong> 18 couleurs disponibles<\/li>\n<li data-start=\"232\" data-end=\"260\"><strong data-start=\"234\" data-end=\"246\">Mod\u00e8le:<\/strong> Serg\u00e9 uni<\/li>\n<li data-start=\"261\" data-end=\"284\"><strong data-start=\"263\" data-end=\"276\">Technique:<\/strong> Tiss\u00e9<\/li>\n<li data-start=\"285\" data-end=\"320\"><strong data-start=\"287\" data-end=\"297\">Largeur:<\/strong> 180 cm (70,9 pouces)<\/li>\n<li data-start=\"321\" data-end=\"359\"><strong data-start=\"323\" data-end=\"334\">Poids:<\/strong> 10,8 oz (personnalisable)<\/li>\n<li data-start=\"360\" data-end=\"383\"><strong data-start=\"362\" data-end=\"377\">Nombre de fils :<\/strong> 10s<\/li>\n<li data-start=\"384\" data-end=\"416\"><strong data-start=\"386\" data-end=\"396\">Style:<\/strong> Serg\u00e9 multicolore<\/li>\n<li data-start=\"417\" data-end=\"488\"><strong data-start=\"419\" data-end=\"427\">Utiliser:<\/strong> Convient aux v\u00eatements, aux v\u00eatements de mode et aux cr\u00e9ations personnalis\u00e9es<\/li>\n<li data-start=\"489\" data-end=\"530\"><strong data-start=\"491\" data-end=\"509\">Applicable \u00e0 :<\/strong> Femmes et hommes<\/li>\n<li data-start=\"531\" data-end=\"561\"><strong data-start=\"533\" data-end=\"553\">Lieu d&#039;origine :<\/strong> Chine<\/li>\n<li data-start=\"562\" data-end=\"596\"><strong data-start=\"564\" data-end=\"580\">Type d&#039;approvisionnement :<\/strong> Fabrication sur commande<\/li>\n<li data-start=\"597\" data-end=\"693\"><strong data-start=\"599\" data-end=\"616\">Donn\u00e9es du produit :<\/strong> Les mesures des \u00e9chantillons sont bas\u00e9es sur des lots de production sp\u00e9cifiques et peuvent varier.<\/li>\n<\/ul>","protected":false},"featured_media":3874,"template":"","meta":[],"product_brand":[],"product_cat":[41,48,42,49,50,43,38,45,46,39,47,40,35,20,30,44,37,34,58],"product_tag":[],"class_list":{"0":"post-3914","1":"product","2":"type-product","3":"status-publish","4":"has-post-thumbnail","6":"product_cat-10s","7":"product_cat-10s-oe","8":"product_cat-12s","9":"product_cat-12s-oe","10":"product_cat-16s-oe","11":"product_cat-16s","12":"product_cat-6s","13":"product_cat-6s-oe","14":"product_cat-7s-oe","15":"product_cat-7s","16":"product_cat-8s-oe","17":"product_cat-8s","18":"product_cat-aesthetic-collection","19":"product_cat-cotton-woven-fabric","20":"product_cat-cotton-polyster-spandex-denim-fabric","21":"product_cat-oe","22":"product_cat-siro","23":"product_cat-twill-fabric","24":"product_cat-ungrouped","26":"first","27":"instock","28":"shipping-taxable","29":"product-type-simple"},"aioseo_notices":[],"_links":{"self":[{"href":"https:\/\/lydenim.com\/fr\/wp-json\/wp\/v2\/product\/3914","targetHints":{"allow":["GET"]}}],"collection":[{"href":"https:\/\/lydenim.com\/fr\/wp-json\/wp\/v2\/product"}],"about":[{"href":"https:\/\/lydenim.com\/fr\/wp-json\/wp\/v2\/types\/product"}],"version-history":[{"count":2,"href":"https:\/\/lydenim.com\/fr\/wp-json\/wp\/v2\/product\/3914\/revisions"}],"predecessor-version":[{"id":5106,"href":"https:\/\/lydenim.com\/fr\/wp-json\/wp\/v2\/product\/3914\/revisions\/5106"}],"wp:featuredmedia":[{"embeddable":true,"href":"https:\/\/lydenim.com\/fr\/wp-json\/wp\/v2\/media\/3874"}],"wp:attachment":[{"href":"https:\/\/lydenim.com\/fr\/wp-json\/wp\/v2\/media?parent=3914"}],"wp:term":[{"taxonomy":"product_brand","embeddable":true,"href":"https:\/\/lydenim.com\/fr\/wp-json\/wp\/v2\/product_brand?post=3914"},{"taxonomy":"product_cat","embeddable":true,"href":"https:\/\/lydenim.com\/fr\/wp-json\/wp\/v2\/product_cat?post=3914"},{"taxonomy":"product_tag","embeddable":true,"href":"https:\/\/lydenim.com\/fr\/wp-json\/wp\/v2\/product_tag?post=3914"}],"curies":[{"name":"wp","href":"https:\/\/api.w.org\/{rel}","templated":true}]}}