{"id":3917,"date":"2025-03-09T16:24:45","date_gmt":"2025-03-09T08:24:45","guid":{"rendered":"https:\/\/lydenim.com\/?post_type=product&#038;p=3917"},"modified":"2025-03-09T16:28:15","modified_gmt":"2025-03-09T08:28:15","slug":"7s-4-1-woven-denim-fabric-4-colors","status":"publish","type":"product","link":"https:\/\/lydenim.com\/fr\/produit\/tissu-denim-tisse-7s-4-1-4-couleurs\/","title":{"rendered":"Tissu denim tiss\u00e9 7S 4\/1 \u2013 4 couleurs"},"content":{"rendered":"<h3 data-start=\"552\" data-end=\"581\"><strong data-start=\"556\" data-end=\"579\">\ud83c\udf0d Pr\u00e9sentation du produit<\/strong><\/h3>\n<ul data-start=\"582\" data-end=\"922\">\n<li data-start=\"582\" data-end=\"671\"><strong data-start=\"584\" data-end=\"601\">Num\u00e9ro de mod\u00e8le :<\/strong> 9086 Bleu \/ 9086 Noir \/ 9086 Bleu-Gris \/ 8976 Dessus noir - Base noire<\/li>\n<li data-start=\"672\" data-end=\"842\"><strong data-start=\"674\" data-end=\"699\">Composition du mat\u00e9riau :<\/strong>\n<ul data-start=\"704\" data-end=\"842\">\n<li data-start=\"704\" data-end=\"769\"><strong data-start=\"706\" data-end=\"750\">9086 Bleu \/ 9086 Noir \/ 9086 Bleu-Gris :<\/strong> C: 100% (Coton)<\/li>\n<li data-start=\"772\" data-end=\"842\"><strong data-start=\"774\" data-end=\"804\">8976 Dessus noir-Base noire :<\/strong> C : 85% (Coton), T : 15% (Polyester)<\/li>\n<\/ul>\n<\/li>\n<li data-start=\"843\" data-end=\"922\"><strong data-start=\"845\" data-end=\"863\">Options de couleur :<\/strong> 4 choix \u2013 Bleu, Kaki, Bleu-Gris, Haut Kaki-Base Kaki<\/li>\n<\/ul>\n<h3 data-start=\"924\" data-end=\"958\"><strong data-start=\"928\" data-end=\"956\">\ud83e\uddf5 Sp\u00e9cifications du tissu<\/strong><\/h3>\n<ul data-start=\"959\" data-end=\"1136\">\n<li data-start=\"959\" data-end=\"990\"><strong data-start=\"961\" data-end=\"970\">Taper:<\/strong> Tissage \u00e0 5 lames 4\/1<\/li>\n<li data-start=\"991\" data-end=\"1014\"><strong data-start=\"993\" data-end=\"1006\">Technique:<\/strong> Tiss\u00e9<\/li>\n<li data-start=\"1015\" data-end=\"1050\"><strong data-start=\"1017\" data-end=\"1027\">Largeur:<\/strong> 180 cm (70,9 pouces)<\/li>\n<li data-start=\"1051\" data-end=\"1080\"><strong data-start=\"1053\" data-end=\"1064\">Poids:<\/strong> Environ 375 g<\/li>\n<li data-start=\"1081\" data-end=\"1103\"><strong data-start=\"1083\" data-end=\"1098\">Nombre de fils :<\/strong> 7S<\/li>\n<li data-start=\"1104\" data-end=\"1136\"><strong data-start=\"1106\" data-end=\"1116\">Style:<\/strong> Tissage \u00e0 5 lames 4\/1<\/li>\n<\/ul>\n<h3 data-start=\"1138\" data-end=\"1164\"><strong data-start=\"1142\" data-end=\"1162\">\ud83c\udfa8 Style et utilisation<\/strong><\/h3>\n<ul data-start=\"1165\" data-end=\"1274\">\n<li data-start=\"1165\" data-end=\"1232\"><strong data-start=\"1167\" data-end=\"1175\">Utiliser:<\/strong> Convient aux v\u00eatements, accessoires et cr\u00e9ations personnalis\u00e9es<\/li>\n<li data-start=\"1233\" data-end=\"1274\"><strong data-start=\"1235\" data-end=\"1253\">Applicable \u00e0 :<\/strong> Femmes et hommes<\/li>\n<\/ul>\n<h3 data-start=\"1276\" data-end=\"1308\"><strong data-start=\"1280\" data-end=\"1306\">\ud83c\udf0d Production et origine<\/strong><\/h3>\n<ul data-start=\"1309\" data-end=\"1374\">\n<li data-start=\"1309\" data-end=\"1339\"><strong data-start=\"1311\" data-end=\"1331\">Lieu d&#039;origine :<\/strong> Chine<\/li>\n<li data-start=\"1340\" data-end=\"1374\"><strong data-start=\"1342\" data-end=\"1358\">Type d&#039;approvisionnement :<\/strong> Fabrication sur commande<\/li>\n<\/ul>\n<h3 data-start=\"1376\" data-end=\"1404\"><strong data-start=\"1380\" data-end=\"1402\">\ud83d\udd11 Notes importantes<\/strong><\/h3>\n<ul data-start=\"1405\" data-end=\"1489\">\n<li data-start=\"1405\" data-end=\"1489\"><strong data-start=\"1407\" data-end=\"1424\">Donn\u00e9es du produit :<\/strong> Les d\u00e9tails r\u00e9els du produit peuvent varier en fonction du lot de production.<\/li>\n<\/ul>","protected":false},"excerpt":{"rendered":"<p data-start=\"0\" data-end=\"113\"><strong data-start=\"26\" data-end=\"43\">Num\u00e9ro de mod\u00e8le :<\/strong> 9086 Bleu \/ 9086 Noir \/ 9086 Bleu-Gris \/ 8976 Dessus noir-Base noire<\/p>\n<p data-start=\"115\" data-end=\"281\"><strong data-start=\"115\" data-end=\"140\">Composition du mat\u00e9riau :<\/strong><br data-start=\"140\" data-end=\"143\" \/>\ud83d\udd39 <strong data-start=\"146\" data-end=\"190\">9086 Bleu \/ 9086 Noir \/ 9086 Bleu-Gris :<\/strong> C: 100% (Coton)<br data-start=\"207\" data-end=\"210\" \/>\ud83d\udd39 <strong data-start=\"213\" data-end=\"243\">8976 Dessus noir-Base noire :<\/strong> C : 85% (Coton), T : 15% (Polyester)<\/p>\n<p data-start=\"283\" data-end=\"365\"><strong data-start=\"283\" data-end=\"301\">Options de couleur :<\/strong><br data-start=\"301\" data-end=\"304\" \/>\ud83c\udfa8 4 choix \u2013 Bleu, Noir, Bleu-Gris, Dessus noir-Base noire<\/p>\n<p data-start=\"367\" data-end=\"563\">\ud83e\uddf5 <strong data-start=\"370\" data-end=\"395\">Sp\u00e9cifications du tissu<\/strong><br data-start=\"395\" data-end=\"398\" \/><strong data-start=\"398\" data-end=\"407\">Taper:<\/strong> Tissage \u00e0 5 lames 4\/1<br data-start=\"425\" data-end=\"428\" \/><strong data-start=\"428\" data-end=\"441\">Technique:<\/strong> Tiss\u00e9<br data-start=\"447\" data-end=\"450\" \/><strong data-start=\"450\" data-end=\"460\" data-is-only-node=\"\">Largeur:<\/strong> 180 cm (70,9 pouces)<br data-start=\"481\" data-end=\"484\" \/><strong data-start=\"484\" data-end=\"495\">Poids:<\/strong> Environ 375 g<br data-start=\"509\" data-end=\"512\" \/><strong data-start=\"512\" data-end=\"527\">Nombre de fils :<\/strong> 7S<br data-start=\"530\" data-end=\"533\" \/><strong data-start=\"533\" data-end=\"543\">Style:<\/strong> Tissage \u00e0 5 lames 4\/1<\/p>\n<p data-start=\"565\" data-end=\"693\">\ud83c\udfa8 <strong data-start=\"568\" data-end=\"585\">Style et utilisation<\/strong><br data-start=\"585\" data-end=\"588\" \/><strong data-start=\"588\" data-end=\"596\">Utiliser:<\/strong> Convient aux v\u00eatements, accessoires et cr\u00e9ations personnalis\u00e9es<br data-start=\"651\" data-end=\"654\" \/><strong data-start=\"654\" data-end=\"672\">Applicable \u00e0 :<\/strong> Femmes et hommes<\/p>\n<p data-start=\"695\" data-end=\"785\">\ud83c\udf0d <strong data-start=\"698\" data-end=\"721\">Production et origine<\/strong><br data-start=\"721\" data-end=\"724\" \/><strong data-start=\"724\" data-end=\"744\">Lieu d&#039;origine :<\/strong> Chine<br data-start=\"750\" data-end=\"753\" \/><strong data-start=\"753\" data-end=\"769\">Type d&#039;approvisionnement :<\/strong> Fabrication sur commande<\/p>\n<p data-start=\"787\" data-end=\"892\" data-is-last-node=\"\" data-is-only-node=\"\">\ud83d\udd11 <strong data-start=\"790\" data-end=\"809\">Notes importantes<\/strong><br data-start=\"809\" data-end=\"812\" \/><strong data-start=\"812\" data-end=\"829\">Donn\u00e9es du produit :<\/strong> Les d\u00e9tails r\u00e9els du produit peuvent varier en fonction du lot de production.<\/p>","protected":false},"featured_media":3919,"template":"","meta":[],"product_brand":[],"product_cat":[53,39,20,30,34],"product_tag":[],"class_list":{"0":"post-3917","1":"product","2":"type-product","3":"status-publish","4":"has-post-thumbnail","6":"product_cat-7s-spuer-siro","7":"product_cat-7s","8":"product_cat-cotton-woven-fabric","9":"product_cat-cotton-polyster-spandex-denim-fabric","10":"product_cat-twill-fabric","12":"first","13":"instock","14":"shipping-taxable","15":"product-type-simple"},"aioseo_notices":[],"_links":{"self":[{"href":"https:\/\/lydenim.com\/fr\/wp-json\/wp\/v2\/product\/3917","targetHints":{"allow":["GET"]}}],"collection":[{"href":"https:\/\/lydenim.com\/fr\/wp-json\/wp\/v2\/product"}],"about":[{"href":"https:\/\/lydenim.com\/fr\/wp-json\/wp\/v2\/types\/product"}],"version-history":[{"count":3,"href":"https:\/\/lydenim.com\/fr\/wp-json\/wp\/v2\/product\/3917\/revisions"}],"predecessor-version":[{"id":3931,"href":"https:\/\/lydenim.com\/fr\/wp-json\/wp\/v2\/product\/3917\/revisions\/3931"}],"wp:featuredmedia":[{"embeddable":true,"href":"https:\/\/lydenim.com\/fr\/wp-json\/wp\/v2\/media\/3919"}],"wp:attachment":[{"href":"https:\/\/lydenim.com\/fr\/wp-json\/wp\/v2\/media?parent=3917"}],"wp:term":[{"taxonomy":"product_brand","embeddable":true,"href":"https:\/\/lydenim.com\/fr\/wp-json\/wp\/v2\/product_brand?post=3917"},{"taxonomy":"product_cat","embeddable":true,"href":"https:\/\/lydenim.com\/fr\/wp-json\/wp\/v2\/product_cat?post=3917"},{"taxonomy":"product_tag","embeddable":true,"href":"https:\/\/lydenim.com\/fr\/wp-json\/wp\/v2\/product_tag?post=3917"}],"curies":[{"name":"wp","href":"https:\/\/api.w.org\/{rel}","templated":true}]}}