{"id":3932,"date":"2025-03-09T16:28:25","date_gmt":"2025-03-09T08:28:25","guid":{"rendered":"https:\/\/lydenim.com\/?post_type=product&#038;p=3932"},"modified":"2025-03-09T16:39:58","modified_gmt":"2025-03-09T08:39:58","slug":"8s-4-1-slub-denim-fabric-4-colors","status":"publish","type":"product","link":"https:\/\/lydenim.com\/fr\/produit\/tissu-denim-flamme-8s-4-1-4-couleurs\/","title":{"rendered":"Tissu denim flamm\u00e9 8S 4\/1 \u2013 4 couleurs"},"content":{"rendered":"<h3 data-start=\"571\" data-end=\"600\"><strong data-start=\"575\" data-end=\"598\">\ud83c\udf0d Pr\u00e9sentation du produit<\/strong><\/h3>\n<ul data-start=\"601\" data-end=\"935\">\n<li data-start=\"601\" data-end=\"686\"><strong data-start=\"603\" data-end=\"613\">Mod\u00e8le:<\/strong> 0126 Bleu, 0126 Noir, 0126 Bleu-Gris, 0123 Surface noire et dos noir<\/li>\n<li data-start=\"687\" data-end=\"850\"><strong data-start=\"689\" data-end=\"714\">Composition du mat\u00e9riau :<\/strong>\n<ul data-start=\"720\" data-end=\"850\">\n<li data-start=\"720\" data-end=\"762\"><strong data-start=\"722\" data-end=\"738\">S\u00e9rie 0126 :<\/strong> Coton 100% (C\u00a0: 100%)<\/li>\n<li data-start=\"766\" data-end=\"850\"><strong data-start=\"768\" data-end=\"804\">0123 Surface noire et dos noir :<\/strong> 85% Coton (C\u00a0: 85%), 15% Polyester (T\u00a0: 15%)<\/li>\n<\/ul>\n<\/li>\n<li data-start=\"851\" data-end=\"935\"><strong data-start=\"853\" data-end=\"871\">Options de couleur :<\/strong> 4 couleurs \u2014 Bleu, Noir, Bleu-Gris, Surface Noire et Dos Noir<\/li>\n<\/ul>\n<hr data-start=\"937\" data-end=\"940\" \/>\n<h3 data-start=\"942\" data-end=\"976\"><strong data-start=\"946\" data-end=\"974\">\ud83e\uddf5 Sp\u00e9cifications du tissu<\/strong><\/h3>\n<ul data-start=\"977\" data-end=\"1187\">\n<li data-start=\"977\" data-end=\"1016\"><strong data-start=\"979\" data-end=\"988\">Taper:<\/strong> Proc\u00e9d\u00e9 de tissage \u00e0 5 brins 4\/1<\/li>\n<li data-start=\"1017\" data-end=\"1040\"><strong data-start=\"1019\" data-end=\"1032\">Technique:<\/strong> Tiss\u00e9<\/li>\n<li data-start=\"1041\" data-end=\"1076\"><strong data-start=\"1043\" data-end=\"1053\">Largeur:<\/strong> 180 cm (70,9 pouces)<\/li>\n<li data-start=\"1077\" data-end=\"1105\"><strong data-start=\"1079\" data-end=\"1090\">Poids:<\/strong> Environ 370 g<\/li>\n<li data-start=\"1106\" data-end=\"1128\"><strong data-start=\"1108\" data-end=\"1123\">Nombre de fils :<\/strong> 8S<\/li>\n<li data-start=\"1129\" data-end=\"1187\"><strong data-start=\"1131\" data-end=\"1141\">Style:<\/strong> Proc\u00e9d\u00e9 de tissage 5 plis 4\/1 avec texture flamm\u00e9e<\/li>\n<\/ul>\n<hr data-start=\"1189\" data-end=\"1192\" \/>\n<h3 data-start=\"1194\" data-end=\"1220\"><strong data-start=\"1198\" data-end=\"1218\">\ud83c\udfa8 Style et utilisation<\/strong><\/h3>\n<ul data-start=\"1221\" data-end=\"1330\">\n<li data-start=\"1221\" data-end=\"1288\"><strong data-start=\"1223\" data-end=\"1231\">Utiliser:<\/strong> Convient aux v\u00eatements, accessoires et cr\u00e9ations personnalis\u00e9es<\/li>\n<li data-start=\"1289\" data-end=\"1330\"><strong data-start=\"1291\" data-end=\"1309\">Applicable \u00e0 :<\/strong> Femmes et hommes<\/li>\n<\/ul>\n<hr data-start=\"1332\" data-end=\"1335\" \/>\n<h3 data-start=\"1337\" data-end=\"1369\"><strong data-start=\"1341\" data-end=\"1367\">\ud83c\udf0d Production et origine<\/strong><\/h3>\n<ul data-start=\"1370\" data-end=\"1435\">\n<li data-start=\"1370\" data-end=\"1400\"><strong data-start=\"1372\" data-end=\"1392\">Lieu d&#039;origine :<\/strong> Chine<\/li>\n<li data-start=\"1401\" data-end=\"1435\"><strong data-start=\"1403\" data-end=\"1419\">Type d&#039;approvisionnement :<\/strong> Fabrication sur commande<\/li>\n<\/ul>\n<hr data-start=\"1437\" data-end=\"1440\" \/>\n<h3 data-start=\"1442\" data-end=\"1470\"><strong data-start=\"1446\" data-end=\"1468\">\ud83d\udd11 Notes importantes<\/strong><\/h3>\n<ul data-start=\"1471\" data-end=\"1556\">\n<li data-start=\"1471\" data-end=\"1556\"><strong data-start=\"1473\" data-end=\"1490\">Donn\u00e9es du produit :<\/strong> Les mesures r\u00e9elles peuvent varier en fonction du lot de production.<\/li>\n<\/ul>","protected":false},"excerpt":{"rendered":"<p data-start=\"0\" data-end=\"113\"><strong data-start=\"26\" data-end=\"43\">Num\u00e9ro de mod\u00e8le :<\/strong> 9086 Bleu \/ 9086 Noir \/ 9086 Bleu-Gris \/ 8976 Dessus noir-Base noire<\/p>\n<p data-start=\"115\" data-end=\"281\"><strong data-start=\"115\" data-end=\"140\">Composition du mat\u00e9riau :<\/strong><br data-start=\"140\" data-end=\"143\" \/>\ud83d\udd39 <strong data-start=\"146\" data-end=\"190\">9086 Bleu \/ 9086 Noir \/ 9086 Bleu-Gris :<\/strong> C: 100% (Coton)<br data-start=\"207\" data-end=\"210\" \/>\ud83d\udd39 <strong data-start=\"213\" data-end=\"243\">8976 Dessus noir-Base noire :<\/strong> C : 85% (Coton), T : 15% (Polyester)<\/p>\n<p data-start=\"283\" data-end=\"365\"><strong data-start=\"283\" data-end=\"301\">Options de couleur :<\/strong><br data-start=\"301\" data-end=\"304\" \/>\ud83c\udfa8 4 choix \u2013 Bleu, Noir, Bleu-Gris, Dessus noir-Base noire<\/p>\n<p data-start=\"367\" data-end=\"563\">\ud83e\uddf5 <strong data-start=\"370\" data-end=\"395\">Sp\u00e9cifications du tissu<\/strong><br data-start=\"395\" data-end=\"398\" \/><strong data-start=\"398\" data-end=\"407\">Taper:<\/strong> Tissage \u00e0 5 lames 4\/1<br data-start=\"425\" data-end=\"428\" \/><strong data-start=\"428\" data-end=\"441\">Technique:<\/strong> Tiss\u00e9<br data-start=\"447\" data-end=\"450\" \/><strong data-start=\"450\" data-end=\"460\" data-is-only-node=\"\">Largeur:<\/strong> 180 cm (70,9 pouces)<br data-start=\"481\" data-end=\"484\" \/><strong data-start=\"484\" data-end=\"495\">Poids:<\/strong> Environ 375 g<br data-start=\"509\" data-end=\"512\" \/><strong data-start=\"512\" data-end=\"527\">Nombre de fils :<\/strong> 7S<br data-start=\"530\" data-end=\"533\" \/><strong data-start=\"533\" data-end=\"543\">Style:<\/strong> Tissage \u00e0 5 lames 4\/1<\/p>\n<p data-start=\"565\" data-end=\"693\">\ud83c\udfa8 <strong data-start=\"568\" data-end=\"585\">Style et utilisation<\/strong><br data-start=\"585\" data-end=\"588\" \/><strong data-start=\"588\" data-end=\"596\">Utiliser:<\/strong> Convient aux v\u00eatements, accessoires et cr\u00e9ations personnalis\u00e9es<br data-start=\"651\" data-end=\"654\" \/><strong data-start=\"654\" data-end=\"672\">Applicable \u00e0 :<\/strong> Femmes et hommes<\/p>\n<p data-start=\"695\" data-end=\"785\">\ud83c\udf0d <strong data-start=\"698\" data-end=\"721\">Production et origine<\/strong><br data-start=\"721\" data-end=\"724\" \/><strong data-start=\"724\" data-end=\"744\">Lieu d&#039;origine :<\/strong> Chine<br data-start=\"750\" data-end=\"753\" \/><strong data-start=\"753\" data-end=\"769\">Type d&#039;approvisionnement :<\/strong> Fabrication sur commande<\/p>\n<p data-start=\"787\" data-end=\"892\" data-is-last-node=\"\" data-is-only-node=\"\">\ud83d\udd11 <strong data-start=\"790\" data-end=\"809\">Notes importantes<\/strong><br data-start=\"809\" data-end=\"812\" \/><strong data-start=\"812\" data-end=\"829\">Donn\u00e9es du produit :<\/strong> Les d\u00e9tails r\u00e9els du produit peuvent varier en fonction du lot de production.<\/p>","protected":false},"featured_media":3934,"template":"","meta":[],"product_brand":[],"product_cat":[54,40,20,30,34],"product_tag":[],"class_list":{"0":"post-3932","1":"product","2":"type-product","3":"status-publish","4":"has-post-thumbnail","6":"product_cat-8s-spuer-siro","7":"product_cat-8s","8":"product_cat-cotton-woven-fabric","9":"product_cat-cotton-polyster-spandex-denim-fabric","10":"product_cat-twill-fabric","12":"first","13":"instock","14":"shipping-taxable","15":"product-type-simple"},"aioseo_notices":[],"_links":{"self":[{"href":"https:\/\/lydenim.com\/fr\/wp-json\/wp\/v2\/product\/3932","targetHints":{"allow":["GET"]}}],"collection":[{"href":"https:\/\/lydenim.com\/fr\/wp-json\/wp\/v2\/product"}],"about":[{"href":"https:\/\/lydenim.com\/fr\/wp-json\/wp\/v2\/types\/product"}],"version-history":[{"count":2,"href":"https:\/\/lydenim.com\/fr\/wp-json\/wp\/v2\/product\/3932\/revisions"}],"predecessor-version":[{"id":3950,"href":"https:\/\/lydenim.com\/fr\/wp-json\/wp\/v2\/product\/3932\/revisions\/3950"}],"wp:featuredmedia":[{"embeddable":true,"href":"https:\/\/lydenim.com\/fr\/wp-json\/wp\/v2\/media\/3934"}],"wp:attachment":[{"href":"https:\/\/lydenim.com\/fr\/wp-json\/wp\/v2\/media?parent=3932"}],"wp:term":[{"taxonomy":"product_brand","embeddable":true,"href":"https:\/\/lydenim.com\/fr\/wp-json\/wp\/v2\/product_brand?post=3932"},{"taxonomy":"product_cat","embeddable":true,"href":"https:\/\/lydenim.com\/fr\/wp-json\/wp\/v2\/product_cat?post=3932"},{"taxonomy":"product_tag","embeddable":true,"href":"https:\/\/lydenim.com\/fr\/wp-json\/wp\/v2\/product_tag?post=3932"}],"curies":[{"name":"wp","href":"https:\/\/api.w.org\/{rel}","templated":true}]}}