{"id":3951,"date":"2025-03-09T17:23:23","date_gmt":"2025-03-09T09:23:23","guid":{"rendered":"https:\/\/lydenim.com\/?post_type=product&#038;p=3951"},"modified":"2025-03-11T11:25:02","modified_gmt":"2025-03-11T03:25:02","slug":"32s-plain-weave-denim-fabric","status":"publish","type":"product","link":"https:\/\/lydenim.com\/fr\/produit\/tissu-denim-uni-32s\/","title":{"rendered":"Tissu denim \u00e0 armure toile 32S 812\/814"},"content":{"rendered":"<h3 data-start=\"472\" data-end=\"501\"><strong data-start=\"476\" data-end=\"499\">\ud83c\udf0d Pr\u00e9sentation du produit<\/strong><\/h3>\n<ul data-start=\"502\" data-end=\"613\">\n<li data-start=\"502\" data-end=\"544\"><strong data-start=\"504\" data-end=\"521\">Num\u00e9ro de mod\u00e8le :<\/strong> 812 Bleu \/ 814 Noir<\/li>\n<li data-start=\"545\" data-end=\"586\"><strong data-start=\"547\" data-end=\"572\">Composition du mat\u00e9riau :<\/strong> Coton 100%<\/li>\n<li data-start=\"587\" data-end=\"613\"><strong data-start=\"589\" data-end=\"599\">Couleur:<\/strong> Bleu, noir<\/li>\n<\/ul>\n<h3 data-start=\"615\" data-end=\"649\"><strong data-start=\"619\" data-end=\"647\">\ud83e\uddf5 Sp\u00e9cifications du tissu<\/strong><\/h3>\n<ul data-start=\"650\" data-end=\"834\">\n<li data-start=\"650\" data-end=\"680\"><strong data-start=\"652\" data-end=\"661\">Taper:<\/strong> Tissu denim 32S<\/li>\n<li data-start=\"681\" data-end=\"704\"><strong data-start=\"683\" data-end=\"696\">Technique:<\/strong> Tiss\u00e9<\/li>\n<li data-start=\"705\" data-end=\"740\"><strong data-start=\"707\" data-end=\"717\">Largeur:<\/strong> 170 cm (66,9 pouces)<\/li>\n<li data-start=\"741\" data-end=\"783\"><strong data-start=\"743\" data-end=\"754\">Poids:<\/strong> Environ 5 oz (environ 170 g)<\/li>\n<li data-start=\"784\" data-end=\"807\"><strong data-start=\"786\" data-end=\"801\">Nombre de fils :<\/strong> 32S<\/li>\n<li data-start=\"808\" data-end=\"834\"><strong data-start=\"810\" data-end=\"820\">Style:<\/strong> Tissage uni<\/li>\n<\/ul>\n<h3 data-start=\"836\" data-end=\"862\"><strong data-start=\"840\" data-end=\"860\">\ud83c\udfa8 Style et utilisation<\/strong><\/h3>\n<ul data-start=\"863\" data-end=\"972\">\n<li data-start=\"863\" data-end=\"930\"><strong data-start=\"865\" data-end=\"873\">Utiliser:<\/strong> Convient aux v\u00eatements, accessoires et cr\u00e9ations personnalis\u00e9es<\/li>\n<li data-start=\"931\" data-end=\"972\"><strong data-start=\"933\" data-end=\"951\">Applicable \u00e0 :<\/strong> Hommes et femmes<\/li>\n<\/ul>\n<h3 data-start=\"974\" data-end=\"1006\"><strong data-start=\"978\" data-end=\"1004\">\ud83c\udf0d Production et origine<\/strong><\/h3>\n<ul data-start=\"1007\" data-end=\"1072\">\n<li data-start=\"1007\" data-end=\"1037\"><strong data-start=\"1009\" data-end=\"1029\">Lieu d&#039;origine :<\/strong> Chine<\/li>\n<li data-start=\"1038\" data-end=\"1072\"><strong data-start=\"1040\" data-end=\"1056\">Type d&#039;approvisionnement :<\/strong> Fabrication sur commande<\/li>\n<\/ul>\n<h3 data-start=\"1074\" data-end=\"1102\"><strong data-start=\"1078\" data-end=\"1100\">\ud83d\udd11 Notes importantes<\/strong><\/h3>\n<ul data-start=\"1103\" data-end=\"1194\">\n<li data-start=\"1103\" data-end=\"1194\"><strong data-start=\"1105\" data-end=\"1122\">Donn\u00e9es du produit :<\/strong> Les sp\u00e9cifications r\u00e9elles du produit peuvent varier en fonction du lot de production.<\/li>\n<\/ul>","protected":false},"excerpt":{"rendered":"<h3 data-start=\"472\" data-end=\"501\"><strong data-start=\"476\" data-end=\"499\">\ud83c\udf0d Pr\u00e9sentation du produit<\/strong><\/h3>\n<ul data-start=\"502\" data-end=\"613\">\n<li data-start=\"502\" data-end=\"544\"><strong data-start=\"504\" data-end=\"521\">Num\u00e9ro de mod\u00e8le :<\/strong> 812 Bleu \/ 814 Noir<\/li>\n<li data-start=\"545\" data-end=\"586\"><strong data-start=\"547\" data-end=\"572\">Composition du mat\u00e9riau :<\/strong> Coton 100%<\/li>\n<li data-start=\"587\" data-end=\"613\"><strong data-start=\"589\" data-end=\"599\">Couleur:<\/strong> Bleu, noir<\/li>\n<\/ul>\n<h3 data-start=\"615\" data-end=\"649\"><strong data-start=\"619\" data-end=\"647\">\ud83e\uddf5 Sp\u00e9cifications du tissu<\/strong><\/h3>\n<ul data-start=\"650\" data-end=\"834\">\n<li data-start=\"650\" data-end=\"680\"><strong data-start=\"652\" data-end=\"661\">Taper:<\/strong> Tissu denim 32S<\/li>\n<li data-start=\"681\" data-end=\"704\"><strong data-start=\"683\" data-end=\"696\">Technique:<\/strong> Tiss\u00e9<\/li>\n<li data-start=\"705\" data-end=\"740\"><strong data-start=\"707\" data-end=\"717\">Largeur:<\/strong> 170 cm (66,9 pouces)<\/li>\n<li data-start=\"741\" data-end=\"783\"><strong data-start=\"743\" data-end=\"754\">Poids:<\/strong> Environ 5 oz (environ 170 g)<\/li>\n<li data-start=\"784\" data-end=\"807\"><strong data-start=\"786\" data-end=\"801\">Nombre de fils :<\/strong> 32S<\/li>\n<li data-start=\"808\" data-end=\"834\"><strong data-start=\"810\" data-end=\"820\">Style:<\/strong> Tissage uni<\/li>\n<\/ul>\n<h3 data-start=\"836\" data-end=\"862\"><strong data-start=\"840\" data-end=\"860\">\ud83c\udfa8 Style et utilisation<\/strong><\/h3>\n<ul data-start=\"863\" data-end=\"972\">\n<li data-start=\"863\" data-end=\"930\"><strong data-start=\"865\" data-end=\"873\">Utiliser:<\/strong> Convient aux v\u00eatements, accessoires et cr\u00e9ations personnalis\u00e9es<\/li>\n<li data-start=\"931\" data-end=\"972\"><strong data-start=\"933\" data-end=\"951\">Applicable \u00e0 :<\/strong> Hommes et femmes<\/li>\n<\/ul>\n<h3 data-start=\"974\" data-end=\"1006\"><strong data-start=\"978\" data-end=\"1004\">\ud83c\udf0d Production et origine<\/strong><\/h3>\n<ul data-start=\"1007\" data-end=\"1072\">\n<li data-start=\"1007\" data-end=\"1037\"><strong data-start=\"1009\" data-end=\"1029\">Lieu d&#039;origine :<\/strong> Chine<\/li>\n<li data-start=\"1038\" data-end=\"1072\"><strong data-start=\"1040\" data-end=\"1056\">Type d&#039;approvisionnement :<\/strong> Fabrication sur commande<\/li>\n<\/ul>\n<h3 data-start=\"1074\" data-end=\"1102\"><strong data-start=\"1078\" data-end=\"1100\">\ud83d\udd11 Notes importantes<\/strong><\/h3>\n<ul data-start=\"1103\" data-end=\"1194\">\n<li data-start=\"1103\" data-end=\"1194\"><strong data-start=\"1105\" data-end=\"1122\">Donn\u00e9es du produit :<\/strong> Les sp\u00e9cifications r\u00e9elles du produit peuvent varier en fonction du lot de production.<\/li>\n<\/ul>","protected":false},"featured_media":3952,"template":"","meta":[],"product_brand":[],"product_cat":[20,33,44,37,51,34],"product_tag":[],"class_list":{"0":"post-3951","1":"product","2":"type-product","3":"status-publish","4":"has-post-thumbnail","6":"product_cat-cotton-woven-fabric","7":"product_cat-non-elastic","8":"product_cat-oe","9":"product_cat-siro","10":"product_cat-spuer-siro","11":"product_cat-twill-fabric","13":"first","14":"instock","15":"shipping-taxable","16":"product-type-simple"},"aioseo_notices":[],"_links":{"self":[{"href":"https:\/\/lydenim.com\/fr\/wp-json\/wp\/v2\/product\/3951","targetHints":{"allow":["GET"]}}],"collection":[{"href":"https:\/\/lydenim.com\/fr\/wp-json\/wp\/v2\/product"}],"about":[{"href":"https:\/\/lydenim.com\/fr\/wp-json\/wp\/v2\/types\/product"}],"version-history":[{"count":3,"href":"https:\/\/lydenim.com\/fr\/wp-json\/wp\/v2\/product\/3951\/revisions"}],"predecessor-version":[{"id":3993,"href":"https:\/\/lydenim.com\/fr\/wp-json\/wp\/v2\/product\/3951\/revisions\/3993"}],"wp:featuredmedia":[{"embeddable":true,"href":"https:\/\/lydenim.com\/fr\/wp-json\/wp\/v2\/media\/3952"}],"wp:attachment":[{"href":"https:\/\/lydenim.com\/fr\/wp-json\/wp\/v2\/media?parent=3951"}],"wp:term":[{"taxonomy":"product_brand","embeddable":true,"href":"https:\/\/lydenim.com\/fr\/wp-json\/wp\/v2\/product_brand?post=3951"},{"taxonomy":"product_cat","embeddable":true,"href":"https:\/\/lydenim.com\/fr\/wp-json\/wp\/v2\/product_cat?post=3951"},{"taxonomy":"product_tag","embeddable":true,"href":"https:\/\/lydenim.com\/fr\/wp-json\/wp\/v2\/product_tag?post=3951"}],"curies":[{"name":"wp","href":"https:\/\/api.w.org\/{rel}","templated":true}]}}