{"id":4002,"date":"2025-03-11T11:56:29","date_gmt":"2025-03-11T03:56:29","guid":{"rendered":"https:\/\/lydenim.com\/?post_type=product&#038;p=4002"},"modified":"2025-03-11T12:02:42","modified_gmt":"2025-03-11T04:02:42","slug":"10s-non-fading-black-denim-2165-21-durable-slub-texture-fabric","status":"publish","type":"product","link":"https:\/\/lydenim.com\/fr\/produit\/tissu-denim-noir-10s-resistant-a-la-lumiere-2165-21-a-texture-flammee-durable\/","title":{"rendered":"Denim noir 10S r\u00e9sistant \u00e0 la lumi\u00e8re 2165-21 \u2013 Tissu textur\u00e9 flamm\u00e9 durable"},"content":{"rendered":"<h3 data-start=\"513\" data-end=\"542\"><strong data-start=\"517\" data-end=\"540\">\ud83c\udf0d Pr\u00e9sentation du produit<\/strong><\/h3>\n<ul data-start=\"543\" data-end=\"680\">\n<li data-start=\"543\" data-end=\"591\"><strong data-start=\"545\" data-end=\"562\">Num\u00e9ro de mod\u00e8le :<\/strong> 2165-21 Noir (ne se d\u00e9colore pas)<\/li>\n<li data-start=\"592\" data-end=\"659\"><strong data-start=\"594\" data-end=\"619\">Composition du mat\u00e9riau :<\/strong> 81% Coton, 16% Polyester, 3% Viscose<\/li>\n<li data-start=\"660\" data-end=\"680\"><strong data-start=\"662\" data-end=\"672\">Couleur:<\/strong> Noir<\/li>\n<\/ul>\n<h3 data-start=\"682\" data-end=\"716\"><strong data-start=\"686\" data-end=\"714\">\ud83e\uddf5 Sp\u00e9cifications du tissu<\/strong><\/h3>\n<ul data-start=\"717\" data-end=\"904\">\n<li data-start=\"717\" data-end=\"747\"><strong data-start=\"719\" data-end=\"728\">Taper:<\/strong> Tissu denim 10S<\/li>\n<li data-start=\"748\" data-end=\"771\"><strong data-start=\"750\" data-end=\"763\">Technique:<\/strong> Tiss\u00e9<\/li>\n<li data-start=\"772\" data-end=\"807\"><strong data-start=\"774\" data-end=\"784\">Largeur:<\/strong> 180 cm (70,9 pouces)<\/li>\n<li data-start=\"808\" data-end=\"852\"><strong data-start=\"810\" data-end=\"821\">Poids:<\/strong> Environ 9,8 oz (environ 278 g)<\/li>\n<li data-start=\"853\" data-end=\"876\"><strong data-start=\"855\" data-end=\"870\">Nombre de fils :<\/strong> 10S<\/li>\n<li data-start=\"877\" data-end=\"904\"><strong data-start=\"879\" data-end=\"889\">Style:<\/strong> Texture flamm\u00e9e<\/li>\n<\/ul>\n<h3 data-start=\"906\" data-end=\"932\"><strong data-start=\"910\" data-end=\"930\">\ud83c\udfa8 Style et utilisation<\/strong><\/h3>\n<ul data-start=\"933\" data-end=\"1042\">\n<li data-start=\"933\" data-end=\"1000\"><strong data-start=\"935\" data-end=\"943\">Utiliser:<\/strong> Convient aux v\u00eatements, accessoires et cr\u00e9ations personnalis\u00e9es<\/li>\n<li data-start=\"1001\" data-end=\"1042\"><strong data-start=\"1003\" data-end=\"1021\">Applicable \u00e0 :<\/strong> Hommes et femmes<\/li>\n<\/ul>\n<h3 data-start=\"1044\" data-end=\"1076\"><strong data-start=\"1048\" data-end=\"1074\">\ud83c\udf0d Production et origine<\/strong><\/h3>\n<ul data-start=\"1077\" data-end=\"1142\">\n<li data-start=\"1077\" data-end=\"1107\"><strong data-start=\"1079\" data-end=\"1099\">Lieu d&#039;origine :<\/strong> Chine<\/li>\n<li data-start=\"1108\" data-end=\"1142\"><strong data-start=\"1110\" data-end=\"1126\">Type d&#039;approvisionnement :<\/strong> Fabrication sur commande<\/li>\n<\/ul>\n<h3 data-start=\"1144\" data-end=\"1172\"><strong data-start=\"1148\" data-end=\"1170\">\ud83d\udd11 Notes importantes<\/strong><\/h3>\n<ul data-start=\"1173\" data-end=\"1264\">\n<li data-start=\"1173\" data-end=\"1264\"><strong data-start=\"1175\" data-end=\"1192\">Donn\u00e9es du produit :<\/strong> Les sp\u00e9cifications r\u00e9elles du produit peuvent varier en fonction du lot de production.<\/li>\n<\/ul>\n<hr data-start=\"1266\" data-end=\"1269\" \/>\n<h3 data-start=\"1271\" data-end=\"1300\"><\/h3>","protected":false},"excerpt":{"rendered":"<h3 data-start=\"513\" data-end=\"542\"><strong data-start=\"517\" data-end=\"540\">\ud83c\udf0d Pr\u00e9sentation du produit<\/strong><\/h3>\n<ul data-start=\"543\" data-end=\"680\">\n<li data-start=\"543\" data-end=\"591\"><strong data-start=\"545\" data-end=\"562\">Num\u00e9ro de mod\u00e8le :<\/strong> 2165-21 Noir (ne se d\u00e9colore pas)<\/li>\n<li data-start=\"592\" data-end=\"659\"><strong data-start=\"594\" data-end=\"619\">Composition du mat\u00e9riau :<\/strong> 81% Coton, 16% Polyester, 3% Viscose<\/li>\n<li data-start=\"660\" data-end=\"680\"><strong data-start=\"662\" data-end=\"672\">Couleur:<\/strong> Noir<\/li>\n<\/ul>\n<h3 data-start=\"682\" data-end=\"716\"><strong data-start=\"686\" data-end=\"714\">\ud83e\uddf5 Sp\u00e9cifications du tissu<\/strong><\/h3>\n<ul data-start=\"717\" data-end=\"904\">\n<li data-start=\"717\" data-end=\"747\"><strong data-start=\"719\" data-end=\"728\">Taper:<\/strong> Tissu denim 10S<\/li>\n<li data-start=\"748\" data-end=\"771\"><strong data-start=\"750\" data-end=\"763\">Technique:<\/strong> Tiss\u00e9<\/li>\n<li data-start=\"772\" data-end=\"807\"><strong data-start=\"774\" data-end=\"784\">Largeur:<\/strong> 180 cm (70,9 pouces)<\/li>\n<li data-start=\"808\" data-end=\"852\"><strong data-start=\"810\" data-end=\"821\">Poids:<\/strong> Environ 9,8 oz (environ 278 g)<\/li>\n<li data-start=\"853\" data-end=\"876\"><strong data-start=\"855\" data-end=\"870\">Nombre de fils :<\/strong> 10S<\/li>\n<li data-start=\"877\" data-end=\"904\"><strong data-start=\"879\" data-end=\"889\">Style:<\/strong> Texture flamm\u00e9e<\/li>\n<\/ul>\n<h3 data-start=\"906\" data-end=\"932\"><strong data-start=\"910\" data-end=\"930\">\ud83c\udfa8 Style et utilisation<\/strong><\/h3>\n<ul data-start=\"933\" data-end=\"1042\">\n<li data-start=\"933\" data-end=\"1000\"><strong data-start=\"935\" data-end=\"943\">Utiliser:<\/strong> Convient aux v\u00eatements, accessoires et cr\u00e9ations personnalis\u00e9es<\/li>\n<li data-start=\"1001\" data-end=\"1042\"><strong data-start=\"1003\" data-end=\"1021\">Applicable \u00e0 :<\/strong> Hommes et femmes<\/li>\n<\/ul>\n<h3 data-start=\"1044\" data-end=\"1076\"><strong data-start=\"1048\" data-end=\"1074\">\ud83c\udf0d Production et origine<\/strong><\/h3>\n<ul data-start=\"1077\" data-end=\"1142\">\n<li data-start=\"1077\" data-end=\"1107\"><strong data-start=\"1079\" data-end=\"1099\">Lieu d&#039;origine :<\/strong> Chine<\/li>\n<li data-start=\"1108\" data-end=\"1142\"><strong data-start=\"1110\" data-end=\"1126\">Type d&#039;approvisionnement :<\/strong> Fabrication sur commande<\/li>\n<\/ul>\n<h3 data-start=\"1144\" data-end=\"1172\"><strong data-start=\"1148\" data-end=\"1170\">\ud83d\udd11 Notes importantes<\/strong><\/h3>\n<ul data-start=\"1173\" data-end=\"1264\">\n<li data-start=\"1173\" data-end=\"1264\"><strong data-start=\"1175\" data-end=\"1192\">Donn\u00e9es du produit :<\/strong> Les sp\u00e9cifications r\u00e9elles du produit peuvent varier en fonction du lot de production.<\/li>\n<\/ul>\n<hr data-start=\"1266\" data-end=\"1269\" \/>\n<h3 data-start=\"1271\" data-end=\"1300\"><\/h3>","protected":false},"featured_media":4003,"template":"","meta":[],"product_brand":[],"product_cat":[41,55,20,30,33,37,51],"product_tag":[],"class_list":{"0":"post-4002","1":"product","2":"type-product","3":"status-publish","4":"has-post-thumbnail","6":"product_cat-10s","7":"product_cat-10s-spuer-siro","8":"product_cat-cotton-woven-fabric","9":"product_cat-cotton-polyster-spandex-denim-fabric","10":"product_cat-non-elastic","11":"product_cat-siro","12":"product_cat-spuer-siro","14":"first","15":"instock","16":"shipping-taxable","17":"product-type-simple"},"aioseo_notices":[],"_links":{"self":[{"href":"https:\/\/lydenim.com\/fr\/wp-json\/wp\/v2\/product\/4002","targetHints":{"allow":["GET"]}}],"collection":[{"href":"https:\/\/lydenim.com\/fr\/wp-json\/wp\/v2\/product"}],"about":[{"href":"https:\/\/lydenim.com\/fr\/wp-json\/wp\/v2\/types\/product"}],"version-history":[{"count":2,"href":"https:\/\/lydenim.com\/fr\/wp-json\/wp\/v2\/product\/4002\/revisions"}],"predecessor-version":[{"id":4008,"href":"https:\/\/lydenim.com\/fr\/wp-json\/wp\/v2\/product\/4002\/revisions\/4008"}],"wp:featuredmedia":[{"embeddable":true,"href":"https:\/\/lydenim.com\/fr\/wp-json\/wp\/v2\/media\/4003"}],"wp:attachment":[{"href":"https:\/\/lydenim.com\/fr\/wp-json\/wp\/v2\/media?parent=4002"}],"wp:term":[{"taxonomy":"product_brand","embeddable":true,"href":"https:\/\/lydenim.com\/fr\/wp-json\/wp\/v2\/product_brand?post=4002"},{"taxonomy":"product_cat","embeddable":true,"href":"https:\/\/lydenim.com\/fr\/wp-json\/wp\/v2\/product_cat?post=4002"},{"taxonomy":"product_tag","embeddable":true,"href":"https:\/\/lydenim.com\/fr\/wp-json\/wp\/v2\/product_tag?post=4002"}],"curies":[{"name":"wp","href":"https:\/\/api.w.org\/{rel}","templated":true}]}}