{"id":4009,"date":"2025-03-11T12:04:43","date_gmt":"2025-03-11T04:04:43","guid":{"rendered":"https:\/\/lydenim.com\/?post_type=product&#038;p=4009"},"modified":"2025-03-11T12:08:57","modified_gmt":"2025-03-11T04:08:57","slug":"10s-non-fading-blue-denim-2202-21-durable-slub-texture-fabric","status":"publish","type":"product","link":"https:\/\/lydenim.com\/fr\/produit\/tissu-denim-bleu-10s-resistant-a-la-decoloration-2202-21-a-texture-flammee-durable\/","title":{"rendered":"Denim bleu 10S r\u00e9sistant \u00e0 la lumi\u00e8re 2202-21 \u2013 Tissu textur\u00e9 flamm\u00e9 durable"},"content":{"rendered":"<h3 data-start=\"517\" data-end=\"546\"><strong data-start=\"521\" data-end=\"544\">\ud83c\udf0d Pr\u00e9sentation du produit<\/strong><\/h3>\n<ul data-start=\"547\" data-end=\"682\">\n<li data-start=\"547\" data-end=\"594\"><strong data-start=\"549\" data-end=\"566\">Num\u00e9ro de mod\u00e8le :<\/strong> 2202-21 Bleu (ne se d\u00e9colore pas)<\/li>\n<li data-start=\"595\" data-end=\"662\"><strong data-start=\"597\" data-end=\"622\">Composition du mat\u00e9riau :<\/strong> 81% Coton, 16% Polyester, 3% Viscose<\/li>\n<li data-start=\"663\" data-end=\"682\"><strong data-start=\"665\" data-end=\"675\">Couleur:<\/strong> Bleu<\/li>\n<\/ul>\n<h3 data-start=\"684\" data-end=\"718\"><strong data-start=\"688\" data-end=\"716\">\ud83e\uddf5 Sp\u00e9cifications du tissu<\/strong><\/h3>\n<ul data-start=\"719\" data-end=\"906\">\n<li data-start=\"719\" data-end=\"749\"><strong data-start=\"721\" data-end=\"730\">Taper:<\/strong> Tissu denim 10S<\/li>\n<li data-start=\"750\" data-end=\"773\"><strong data-start=\"752\" data-end=\"765\">Technique:<\/strong> Tiss\u00e9<\/li>\n<li data-start=\"774\" data-end=\"809\"><strong data-start=\"776\" data-end=\"786\">Largeur:<\/strong> 180 cm (70,9 pouces)<\/li>\n<li data-start=\"810\" data-end=\"854\"><strong data-start=\"812\" data-end=\"823\">Poids:<\/strong> Environ 9,8 oz (environ 332 g)<\/li>\n<li data-start=\"855\" data-end=\"878\"><strong data-start=\"857\" data-end=\"872\">Nombre de fils :<\/strong> 10S<\/li>\n<li data-start=\"879\" data-end=\"906\"><strong data-start=\"881\" data-end=\"891\">Style:<\/strong> Texture flamm\u00e9e<\/li>\n<\/ul>\n<h3 data-start=\"908\" data-end=\"934\"><strong data-start=\"912\" data-end=\"932\">\ud83c\udfa8 Style et utilisation<\/strong><\/h3>\n<ul data-start=\"935\" data-end=\"1044\">\n<li data-start=\"935\" data-end=\"1002\"><strong data-start=\"937\" data-end=\"945\">Utiliser:<\/strong> Convient aux v\u00eatements, accessoires et cr\u00e9ations personnalis\u00e9es<\/li>\n<li data-start=\"1003\" data-end=\"1044\"><strong data-start=\"1005\" data-end=\"1023\">Applicable \u00e0 :<\/strong> Hommes et femmes<\/li>\n<\/ul>\n<h3 data-start=\"1046\" data-end=\"1078\"><strong data-start=\"1050\" data-end=\"1076\">\ud83c\udf0d Production et origine<\/strong><\/h3>\n<ul data-start=\"1079\" data-end=\"1144\">\n<li data-start=\"1079\" data-end=\"1109\"><strong data-start=\"1081\" data-end=\"1101\">Lieu d&#039;origine :<\/strong> Chine<\/li>\n<li data-start=\"1110\" data-end=\"1144\"><strong data-start=\"1112\" data-end=\"1128\">Type d&#039;approvisionnement :<\/strong> Fabrication sur commande<\/li>\n<\/ul>\n<h3 data-start=\"1146\" data-end=\"1174\"><strong data-start=\"1150\" data-end=\"1172\">\ud83d\udd11 Notes importantes<\/strong><\/h3>\n<ul data-start=\"1175\" data-end=\"1266\">\n<li data-start=\"1175\" data-end=\"1266\"><strong data-start=\"1177\" data-end=\"1194\">Donn\u00e9es du produit :<\/strong> Les sp\u00e9cifications r\u00e9elles du produit peuvent varier en fonction du lot de production.<\/li>\n<\/ul>","protected":false},"excerpt":{"rendered":"<h3 data-start=\"517\" data-end=\"546\"><strong data-start=\"521\" data-end=\"544\">\ud83c\udf0d Pr\u00e9sentation du produit<\/strong><\/h3>\n<ul data-start=\"547\" data-end=\"682\">\n<li data-start=\"547\" data-end=\"594\"><strong data-start=\"549\" data-end=\"566\">Num\u00e9ro de mod\u00e8le :<\/strong> 2202-21 Bleu (ne se d\u00e9colore pas)<\/li>\n<li data-start=\"595\" data-end=\"662\"><strong data-start=\"597\" data-end=\"622\">Composition du mat\u00e9riau :<\/strong> 81% Coton, 16% Polyester, 3% Viscose<\/li>\n<li data-start=\"663\" data-end=\"682\"><strong data-start=\"665\" data-end=\"675\">Couleur:<\/strong> Bleu<\/li>\n<\/ul>\n<h3 data-start=\"684\" data-end=\"718\"><strong data-start=\"688\" data-end=\"716\">\ud83e\uddf5 Sp\u00e9cifications du tissu<\/strong><\/h3>\n<ul data-start=\"719\" data-end=\"906\">\n<li data-start=\"719\" data-end=\"749\"><strong data-start=\"721\" data-end=\"730\">Taper:<\/strong> Tissu denim 10S<\/li>\n<li data-start=\"750\" data-end=\"773\"><strong data-start=\"752\" data-end=\"765\">Technique:<\/strong> Tiss\u00e9<\/li>\n<li data-start=\"774\" data-end=\"809\"><strong data-start=\"776\" data-end=\"786\">Largeur:<\/strong> 180 cm (70,9 pouces)<\/li>\n<li data-start=\"810\" data-end=\"854\"><strong data-start=\"812\" data-end=\"823\">Poids:<\/strong> Environ 9,8 oz (environ 332 g)<\/li>\n<li data-start=\"855\" data-end=\"878\"><strong data-start=\"857\" data-end=\"872\">Nombre de fils :<\/strong> 10S<\/li>\n<li data-start=\"879\" data-end=\"906\"><strong data-start=\"881\" data-end=\"891\">Style:<\/strong> Texture flamm\u00e9e<\/li>\n<\/ul>\n<h3 data-start=\"908\" data-end=\"934\"><strong data-start=\"912\" data-end=\"932\">\ud83c\udfa8 Style et utilisation<\/strong><\/h3>\n<ul data-start=\"935\" data-end=\"1044\">\n<li data-start=\"935\" data-end=\"1002\"><strong data-start=\"937\" data-end=\"945\">Utiliser:<\/strong> Convient aux v\u00eatements, accessoires et cr\u00e9ations personnalis\u00e9es<\/li>\n<li data-start=\"1003\" data-end=\"1044\"><strong data-start=\"1005\" data-end=\"1023\">Applicable \u00e0 :<\/strong> Hommes et femmes<\/li>\n<\/ul>\n<h3 data-start=\"1046\" data-end=\"1078\"><strong data-start=\"1050\" data-end=\"1076\">\ud83c\udf0d Production et origine<\/strong><\/h3>\n<ul data-start=\"1079\" data-end=\"1144\">\n<li data-start=\"1079\" data-end=\"1109\"><strong data-start=\"1081\" data-end=\"1101\">Lieu d&#039;origine :<\/strong> Chine<\/li>\n<li data-start=\"1110\" data-end=\"1144\"><strong data-start=\"1112\" data-end=\"1128\">Type d&#039;approvisionnement :<\/strong> Fabrication sur commande<\/li>\n<\/ul>\n<h3 data-start=\"1146\" data-end=\"1174\"><strong data-start=\"1150\" data-end=\"1172\">\ud83d\udd11 Notes importantes<\/strong><\/h3>\n<ul data-start=\"1175\" data-end=\"1266\">\n<li data-start=\"1175\" data-end=\"1266\"><strong data-start=\"1177\" data-end=\"1194\">Donn\u00e9es du produit :<\/strong> Les sp\u00e9cifications r\u00e9elles du produit peuvent varier en fonction du lot de production.<\/li>\n<\/ul>","protected":false},"featured_media":4010,"template":"","meta":[],"product_brand":[],"product_cat":[41,55,20,30,33,37,51],"product_tag":[],"class_list":{"0":"post-4009","1":"product","2":"type-product","3":"status-publish","4":"has-post-thumbnail","6":"product_cat-10s","7":"product_cat-10s-spuer-siro","8":"product_cat-cotton-woven-fabric","9":"product_cat-cotton-polyster-spandex-denim-fabric","10":"product_cat-non-elastic","11":"product_cat-siro","12":"product_cat-spuer-siro","14":"first","15":"instock","16":"shipping-taxable","17":"product-type-simple"},"aioseo_notices":[],"_links":{"self":[{"href":"https:\/\/lydenim.com\/fr\/wp-json\/wp\/v2\/product\/4009","targetHints":{"allow":["GET"]}}],"collection":[{"href":"https:\/\/lydenim.com\/fr\/wp-json\/wp\/v2\/product"}],"about":[{"href":"https:\/\/lydenim.com\/fr\/wp-json\/wp\/v2\/types\/product"}],"version-history":[{"count":1,"href":"https:\/\/lydenim.com\/fr\/wp-json\/wp\/v2\/product\/4009\/revisions"}],"predecessor-version":[{"id":4015,"href":"https:\/\/lydenim.com\/fr\/wp-json\/wp\/v2\/product\/4009\/revisions\/4015"}],"wp:featuredmedia":[{"embeddable":true,"href":"https:\/\/lydenim.com\/fr\/wp-json\/wp\/v2\/media\/4010"}],"wp:attachment":[{"href":"https:\/\/lydenim.com\/fr\/wp-json\/wp\/v2\/media?parent=4009"}],"wp:term":[{"taxonomy":"product_brand","embeddable":true,"href":"https:\/\/lydenim.com\/fr\/wp-json\/wp\/v2\/product_brand?post=4009"},{"taxonomy":"product_cat","embeddable":true,"href":"https:\/\/lydenim.com\/fr\/wp-json\/wp\/v2\/product_cat?post=4009"},{"taxonomy":"product_tag","embeddable":true,"href":"https:\/\/lydenim.com\/fr\/wp-json\/wp\/v2\/product_tag?post=4009"}],"curies":[{"name":"wp","href":"https:\/\/api.w.org\/{rel}","templated":true}]}}