{"id":4016,"date":"2025-03-11T12:12:12","date_gmt":"2025-03-11T04:12:12","guid":{"rendered":"https:\/\/lydenim.com\/?post_type=product&#038;p=4016"},"modified":"2025-03-11T12:43:39","modified_gmt":"2025-03-11T04:43:39","slug":"8s-slub-9131l-2-denim-fabric-durable-colorfast-blue-design","status":"publish","type":"product","link":"https:\/\/lydenim.com\/fr\/produit\/tissu-denim-8s-slub-9131l-2-couleur-bleu-resistant\/","title":{"rendered":"Tissu denim 8S Slub 9131L-2 \u2013 Bleu, r\u00e9sistant et grand teint"},"content":{"rendered":"<h3 data-start=\"500\" data-end=\"529\"><strong data-start=\"504\" data-end=\"527\">\ud83c\udf0d Pr\u00e9sentation du produit<\/strong><\/h3>\n<ul data-start=\"530\" data-end=\"664\">\n<li data-start=\"530\" data-end=\"576\"><strong data-start=\"532\" data-end=\"549\">Num\u00e9ro de mod\u00e8le :<\/strong> 9131L-2Bleu (grand teint)<\/li>\n<li data-start=\"577\" data-end=\"644\"><strong data-start=\"579\" data-end=\"604\">Composition du mat\u00e9riau :<\/strong> 62% Coton, 26% Polyester, 11% Lyocel<\/li>\n<li data-start=\"645\" data-end=\"664\"><strong data-start=\"647\" data-end=\"657\">Couleur:<\/strong> Bleu<\/li>\n<\/ul>\n<h3 data-start=\"666\" data-end=\"700\"><strong data-start=\"670\" data-end=\"698\">\ud83e\uddf5 Sp\u00e9cifications du tissu<\/strong><\/h3>\n<ul data-start=\"701\" data-end=\"879\">\n<li data-start=\"701\" data-end=\"730\"><strong data-start=\"703\" data-end=\"712\">Taper:<\/strong> Tissu denim 8S<\/li>\n<li data-start=\"731\" data-end=\"754\"><strong data-start=\"733\" data-end=\"746\">Technique:<\/strong> Tiss\u00e9<\/li>\n<li data-start=\"755\" data-end=\"790\"><strong data-start=\"757\" data-end=\"767\">Largeur:<\/strong> 180 cm (70,9 pouces)<\/li>\n<li data-start=\"791\" data-end=\"836\"><strong data-start=\"793\" data-end=\"804\">Poids:<\/strong> Environ 10,8 oz (environ 365 g)<\/li>\n<li data-start=\"837\" data-end=\"859\"><strong data-start=\"839\" data-end=\"854\">Nombre de fils :<\/strong> 8S<\/li>\n<li data-start=\"860\" data-end=\"879\"><strong data-start=\"862\" data-end=\"872\">Style:<\/strong> Flamme<\/li>\n<\/ul>\n<h3 data-start=\"881\" data-end=\"907\"><strong data-start=\"885\" data-end=\"905\">\ud83c\udfa8 Style et utilisation<\/strong><\/h3>\n<ul data-start=\"908\" data-end=\"1017\">\n<li data-start=\"908\" data-end=\"975\"><strong data-start=\"910\" data-end=\"918\">Utiliser:<\/strong> Convient aux v\u00eatements, accessoires et cr\u00e9ations personnalis\u00e9es<\/li>\n<li data-start=\"976\" data-end=\"1017\"><strong data-start=\"978\" data-end=\"996\">Applicable \u00e0 :<\/strong> Hommes et femmes<\/li>\n<\/ul>\n<h3 data-start=\"1019\" data-end=\"1051\"><strong data-start=\"1023\" data-end=\"1049\">\ud83c\udf0d Production et origine<\/strong><\/h3>\n<ul data-start=\"1052\" data-end=\"1117\">\n<li data-start=\"1052\" data-end=\"1082\"><strong data-start=\"1054\" data-end=\"1074\">Lieu d&#039;origine :<\/strong> Chine<\/li>\n<li data-start=\"1083\" data-end=\"1117\"><strong data-start=\"1085\" data-end=\"1101\">Type d&#039;approvisionnement :<\/strong> Fabrication sur commande<\/li>\n<\/ul>\n<h3 data-start=\"1119\" data-end=\"1147\"><strong data-start=\"1123\" data-end=\"1145\">\ud83d\udd11 Notes importantes<\/strong><\/h3>\n<ul data-start=\"1148\" data-end=\"1239\">\n<li data-start=\"1148\" data-end=\"1239\"><strong data-start=\"1150\" data-end=\"1167\">Donn\u00e9es du produit :<\/strong> Les sp\u00e9cifications r\u00e9elles du produit peuvent varier en fonction du lot de production.<\/li>\n<\/ul>","protected":false},"excerpt":{"rendered":"<h3 data-start=\"500\" data-end=\"529\"><strong data-start=\"504\" data-end=\"527\">\ud83c\udf0d Pr\u00e9sentation du produit<\/strong><\/h3>\n<ul data-start=\"530\" data-end=\"664\">\n<li data-start=\"530\" data-end=\"576\"><strong data-start=\"532\" data-end=\"549\">Num\u00e9ro de mod\u00e8le :<\/strong> 9131L-2Bleu (grand teint)<\/li>\n<li data-start=\"577\" data-end=\"644\"><strong data-start=\"579\" data-end=\"604\">Composition du mat\u00e9riau :<\/strong><\/li>\n<li data-start=\"577\" data-end=\"644\">62% Coton, 26% Polyester, 11% Lyocel<\/li>\n<li data-start=\"645\" data-end=\"664\"><strong data-start=\"647\" data-end=\"657\">Couleur:<\/strong> Bleu<\/li>\n<\/ul>\n<h3 data-start=\"666\" data-end=\"700\"><strong data-start=\"670\" data-end=\"698\">\ud83e\uddf5 Sp\u00e9cifications du tissu<\/strong><\/h3>\n<ul data-start=\"701\" data-end=\"879\">\n<li data-start=\"701\" data-end=\"730\"><strong data-start=\"703\" data-end=\"712\">Taper:<\/strong> Tissu denim 8S<\/li>\n<li data-start=\"731\" data-end=\"754\"><strong data-start=\"733\" data-end=\"746\">Technique:<\/strong> Tiss\u00e9<\/li>\n<li data-start=\"755\" data-end=\"790\"><strong data-start=\"757\" data-end=\"767\">Largeur:<\/strong> 180 cm (70,9 pouces)<\/li>\n<li data-start=\"791\" data-end=\"836\"><strong data-start=\"793\" data-end=\"804\">Poids:<\/strong> Environ 10,8 oz (environ 365 g)<\/li>\n<li data-start=\"837\" data-end=\"859\"><strong data-start=\"839\" data-end=\"854\">Nombre de fils :<\/strong> 8S<\/li>\n<li data-start=\"860\" data-end=\"879\"><strong data-start=\"862\" data-end=\"872\">Style:<\/strong> Flamme<\/li>\n<\/ul>\n<h3 data-start=\"881\" data-end=\"907\"><strong data-start=\"885\" data-end=\"905\">\ud83c\udfa8 Style et utilisation<\/strong><\/h3>\n<ul data-start=\"908\" data-end=\"1017\">\n<li data-start=\"908\" data-end=\"975\"><strong data-start=\"910\" data-end=\"918\">Utiliser:<\/strong> Convient aux v\u00eatements, accessoires et cr\u00e9ations personnalis\u00e9es<\/li>\n<li data-start=\"976\" data-end=\"1017\"><strong data-start=\"978\" data-end=\"996\">Applicable \u00e0 :<\/strong> Hommes et femmes<\/li>\n<\/ul>\n<h3 data-start=\"1019\" data-end=\"1051\"><strong data-start=\"1023\" data-end=\"1049\">\ud83c\udf0d Production et origine<\/strong><\/h3>\n<ul data-start=\"1052\" data-end=\"1117\">\n<li data-start=\"1052\" data-end=\"1082\"><strong data-start=\"1054\" data-end=\"1074\">Lieu d&#039;origine :<\/strong> Chine<\/li>\n<li data-start=\"1083\" data-end=\"1117\"><strong data-start=\"1085\" data-end=\"1101\">Type d&#039;approvisionnement :<\/strong> Fabrication sur commande<\/li>\n<\/ul>\n<h3 data-start=\"1119\" data-end=\"1147\"><strong data-start=\"1123\" data-end=\"1145\">\ud83d\udd11 Notes importantes<\/strong><\/h3>\n<ul data-start=\"1148\" data-end=\"1239\">\n<li data-start=\"1148\" data-end=\"1239\"><strong data-start=\"1150\" data-end=\"1167\">Donn\u00e9es du produit :<\/strong> Les sp\u00e9cifications r\u00e9elles du produit peuvent varier en fonction du lot de production.<\/li>\n<\/ul>","protected":false},"featured_media":4017,"template":"","meta":[],"product_brand":[],"product_cat":[40,54,20,30,33,37,51],"product_tag":[],"class_list":{"0":"post-4016","1":"product","2":"type-product","3":"status-publish","4":"has-post-thumbnail","6":"product_cat-8s","7":"product_cat-8s-spuer-siro","8":"product_cat-cotton-woven-fabric","9":"product_cat-cotton-polyster-spandex-denim-fabric","10":"product_cat-non-elastic","11":"product_cat-siro","12":"product_cat-spuer-siro","14":"first","15":"instock","16":"shipping-taxable","17":"product-type-simple"},"aioseo_notices":[],"_links":{"self":[{"href":"https:\/\/lydenim.com\/fr\/wp-json\/wp\/v2\/product\/4016","targetHints":{"allow":["GET"]}}],"collection":[{"href":"https:\/\/lydenim.com\/fr\/wp-json\/wp\/v2\/product"}],"about":[{"href":"https:\/\/lydenim.com\/fr\/wp-json\/wp\/v2\/types\/product"}],"version-history":[{"count":3,"href":"https:\/\/lydenim.com\/fr\/wp-json\/wp\/v2\/product\/4016\/revisions"}],"predecessor-version":[{"id":4042,"href":"https:\/\/lydenim.com\/fr\/wp-json\/wp\/v2\/product\/4016\/revisions\/4042"}],"wp:featuredmedia":[{"embeddable":true,"href":"https:\/\/lydenim.com\/fr\/wp-json\/wp\/v2\/media\/4017"}],"wp:attachment":[{"href":"https:\/\/lydenim.com\/fr\/wp-json\/wp\/v2\/media?parent=4016"}],"wp:term":[{"taxonomy":"product_brand","embeddable":true,"href":"https:\/\/lydenim.com\/fr\/wp-json\/wp\/v2\/product_brand?post=4016"},{"taxonomy":"product_cat","embeddable":true,"href":"https:\/\/lydenim.com\/fr\/wp-json\/wp\/v2\/product_cat?post=4016"},{"taxonomy":"product_tag","embeddable":true,"href":"https:\/\/lydenim.com\/fr\/wp-json\/wp\/v2\/product_tag?post=4016"}],"curies":[{"name":"wp","href":"https:\/\/api.w.org\/{rel}","templated":true}]}}