{"id":4030,"date":"2025-03-11T12:31:02","date_gmt":"2025-03-11T04:31:02","guid":{"rendered":"https:\/\/lydenim.com\/?post_type=product&#038;p=4030"},"modified":"2025-03-11T12:34:13","modified_gmt":"2025-03-11T04:34:13","slug":"high-quality-slub-9136-20-denim-customizable-for-garments-accessories","status":"publish","type":"product","link":"https:\/\/lydenim.com\/fr\/produit\/denim-flamme-de-haute-qualite-9136-20-personnalisable-pour-accessoires-vestimentaires\/","title":{"rendered":"Denim flamm\u00e9 9136-20 de haute qualit\u00e9 \u2013 Personnalisable pour v\u00eatements et accessoires"},"content":{"rendered":"<h3 data-start=\"510\" data-end=\"539\"><strong data-start=\"514\" data-end=\"537\">\ud83c\udf0d Pr\u00e9sentation du produit<\/strong><\/h3>\n<ul data-start=\"540\" data-end=\"674\">\n<li data-start=\"540\" data-end=\"586\"><strong data-start=\"542\" data-end=\"559\">Num\u00e9ro de mod\u00e8le :<\/strong> 9136-20 Bleu (grand teint)<\/li>\n<li data-start=\"587\" data-end=\"654\"><strong data-start=\"589\" data-end=\"614\">Composition du mat\u00e9riau :<\/strong> 81% Coton, 16% Polyester, 3% Viscose<\/li>\n<li data-start=\"655\" data-end=\"674\"><strong data-start=\"657\" data-end=\"667\">Couleur:<\/strong> Bleu<\/li>\n<\/ul>\n<h3 data-start=\"676\" data-end=\"710\"><strong data-start=\"680\" data-end=\"708\">\ud83e\uddf5 Sp\u00e9cifications du tissu<\/strong><\/h3>\n<ul data-start=\"711\" data-end=\"895\">\n<li data-start=\"711\" data-end=\"740\"><strong data-start=\"713\" data-end=\"722\">Taper:<\/strong> Tissu denim 8S<\/li>\n<li data-start=\"741\" data-end=\"764\"><strong data-start=\"743\" data-end=\"756\">Technique:<\/strong> Tiss\u00e9<\/li>\n<li data-start=\"765\" data-end=\"800\"><strong data-start=\"767\" data-end=\"777\">Largeur:<\/strong> 180 cm (70,9 pouces)<\/li>\n<li data-start=\"801\" data-end=\"844\"><strong data-start=\"803\" data-end=\"814\">Poids:<\/strong> Environ 11 oz (environ 373 g)<\/li>\n<li data-start=\"845\" data-end=\"867\"><strong data-start=\"847\" data-end=\"862\">Nombre de fils :<\/strong> 8S<\/li>\n<li data-start=\"868\" data-end=\"895\"><strong data-start=\"870\" data-end=\"880\">Style:<\/strong> Texture flamm\u00e9e<\/li>\n<\/ul>\n<h3 data-start=\"897\" data-end=\"923\"><strong data-start=\"901\" data-end=\"921\">\ud83c\udfa8 Style et utilisation<\/strong><\/h3>\n<ul data-start=\"924\" data-end=\"1033\">\n<li data-start=\"924\" data-end=\"991\"><strong data-start=\"926\" data-end=\"934\">Utiliser:<\/strong> Convient aux v\u00eatements, accessoires et cr\u00e9ations personnalis\u00e9es<\/li>\n<li data-start=\"992\" data-end=\"1033\"><strong data-start=\"994\" data-end=\"1012\">Applicable \u00e0 :<\/strong> Hommes et femmes<\/li>\n<\/ul>\n<h3 data-start=\"1035\" data-end=\"1067\"><strong data-start=\"1039\" data-end=\"1065\">\ud83c\udf0d Production et origine<\/strong><\/h3>\n<ul data-start=\"1068\" data-end=\"1133\">\n<li data-start=\"1068\" data-end=\"1098\"><strong data-start=\"1070\" data-end=\"1090\">Lieu d&#039;origine :<\/strong> Chine<\/li>\n<li data-start=\"1099\" data-end=\"1133\"><strong data-start=\"1101\" data-end=\"1117\">Type d&#039;approvisionnement :<\/strong> Fabrication sur commande<\/li>\n<\/ul>\n<h3 data-start=\"1135\" data-end=\"1163\"><strong data-start=\"1139\" data-end=\"1161\">\ud83d\udd11 Notes importantes<\/strong><\/h3>\n<ul data-start=\"1164\" data-end=\"1255\">\n<li data-start=\"1164\" data-end=\"1255\"><strong data-start=\"1166\" data-end=\"1183\">Donn\u00e9es du produit :<\/strong> Les sp\u00e9cifications r\u00e9elles du produit peuvent varier en fonction du lot de production.<\/li>\n<\/ul>","protected":false},"excerpt":{"rendered":"<h3 data-start=\"510\" data-end=\"539\"><strong data-start=\"514\" data-end=\"537\">\ud83c\udf0d Pr\u00e9sentation du produit<\/strong><\/h3>\n<ul data-start=\"540\" data-end=\"674\">\n<li data-start=\"540\" data-end=\"586\"><strong data-start=\"542\" data-end=\"559\">Num\u00e9ro de mod\u00e8le :<\/strong> 9136-20 Bleu (grand teint)<\/li>\n<li data-start=\"587\" data-end=\"654\"><strong data-start=\"589\" data-end=\"614\">Composition du mat\u00e9riau :<\/strong> 81% Coton, 16% Polyester, 3% Viscose<\/li>\n<li data-start=\"655\" data-end=\"674\"><strong data-start=\"657\" data-end=\"667\">Couleur:<\/strong> Bleu<\/li>\n<\/ul>\n<h3 data-start=\"676\" data-end=\"710\"><strong data-start=\"680\" data-end=\"708\">\ud83e\uddf5 Sp\u00e9cifications du tissu<\/strong><\/h3>\n<ul data-start=\"711\" data-end=\"895\">\n<li data-start=\"711\" data-end=\"740\"><strong data-start=\"713\" data-end=\"722\">Taper:<\/strong> Tissu denim 8S<\/li>\n<li data-start=\"741\" data-end=\"764\"><strong data-start=\"743\" data-end=\"756\">Technique:<\/strong> Tiss\u00e9<\/li>\n<li data-start=\"765\" data-end=\"800\"><strong data-start=\"767\" data-end=\"777\">Largeur:<\/strong> 180 cm (70,9 pouces)<\/li>\n<li data-start=\"801\" data-end=\"844\"><strong data-start=\"803\" data-end=\"814\">Poids:<\/strong> Environ 11 oz (environ 373 g)<\/li>\n<li data-start=\"845\" data-end=\"867\"><strong data-start=\"847\" data-end=\"862\">Nombre de fils :<\/strong> 8S<\/li>\n<li data-start=\"868\" data-end=\"895\"><strong data-start=\"870\" data-end=\"880\">Style:<\/strong> Texture flamm\u00e9e<\/li>\n<\/ul>\n<h3 data-start=\"897\" data-end=\"923\"><strong data-start=\"901\" data-end=\"921\">\ud83c\udfa8 Style et utilisation<\/strong><\/h3>\n<ul data-start=\"924\" data-end=\"1033\">\n<li data-start=\"924\" data-end=\"991\"><strong data-start=\"926\" data-end=\"934\">Utiliser:<\/strong> Convient aux v\u00eatements, accessoires et cr\u00e9ations personnalis\u00e9es<\/li>\n<li data-start=\"992\" data-end=\"1033\"><strong data-start=\"994\" data-end=\"1012\">Applicable \u00e0 :<\/strong> Hommes et femmes<\/li>\n<\/ul>\n<h3 data-start=\"1035\" data-end=\"1067\"><strong data-start=\"1039\" data-end=\"1065\">\ud83c\udf0d Production et origine<\/strong><\/h3>\n<ul data-start=\"1068\" data-end=\"1133\">\n<li data-start=\"1068\" data-end=\"1098\"><strong data-start=\"1070\" data-end=\"1090\">Lieu d&#039;origine :<\/strong> Chine<\/li>\n<li data-start=\"1099\" data-end=\"1133\"><strong data-start=\"1101\" data-end=\"1117\">Type d&#039;approvisionnement :<\/strong> Fabrication sur commande<\/li>\n<\/ul>\n<h3 data-start=\"1135\" data-end=\"1163\"><strong data-start=\"1139\" data-end=\"1161\">\ud83d\udd11 Notes importantes<\/strong><\/h3>\n<ul data-start=\"1164\" data-end=\"1255\">\n<li data-start=\"1164\" data-end=\"1255\"><strong data-start=\"1166\" data-end=\"1183\">Donn\u00e9es du produit :<\/strong> Les sp\u00e9cifications r\u00e9elles du produit peuvent varier en fonction du lot de production.<\/li>\n<\/ul>","protected":false},"featured_media":4029,"template":"","meta":[],"product_brand":[],"product_cat":[40,54,20,30,33,37,51],"product_tag":[],"class_list":{"0":"post-4030","1":"product","2":"type-product","3":"status-publish","4":"has-post-thumbnail","6":"product_cat-8s","7":"product_cat-8s-spuer-siro","8":"product_cat-cotton-woven-fabric","9":"product_cat-cotton-polyster-spandex-denim-fabric","10":"product_cat-non-elastic","11":"product_cat-siro","12":"product_cat-spuer-siro","14":"first","15":"instock","16":"shipping-taxable","17":"product-type-simple"},"aioseo_notices":[],"_links":{"self":[{"href":"https:\/\/lydenim.com\/fr\/wp-json\/wp\/v2\/product\/4030","targetHints":{"allow":["GET"]}}],"collection":[{"href":"https:\/\/lydenim.com\/fr\/wp-json\/wp\/v2\/product"}],"about":[{"href":"https:\/\/lydenim.com\/fr\/wp-json\/wp\/v2\/types\/product"}],"version-history":[{"count":2,"href":"https:\/\/lydenim.com\/fr\/wp-json\/wp\/v2\/product\/4030\/revisions"}],"predecessor-version":[{"id":4035,"href":"https:\/\/lydenim.com\/fr\/wp-json\/wp\/v2\/product\/4030\/revisions\/4035"}],"wp:featuredmedia":[{"embeddable":true,"href":"https:\/\/lydenim.com\/fr\/wp-json\/wp\/v2\/media\/4029"}],"wp:attachment":[{"href":"https:\/\/lydenim.com\/fr\/wp-json\/wp\/v2\/media?parent=4030"}],"wp:term":[{"taxonomy":"product_brand","embeddable":true,"href":"https:\/\/lydenim.com\/fr\/wp-json\/wp\/v2\/product_brand?post=4030"},{"taxonomy":"product_cat","embeddable":true,"href":"https:\/\/lydenim.com\/fr\/wp-json\/wp\/v2\/product_cat?post=4030"},{"taxonomy":"product_tag","embeddable":true,"href":"https:\/\/lydenim.com\/fr\/wp-json\/wp\/v2\/product_tag?post=4030"}],"curies":[{"name":"wp","href":"https:\/\/api.w.org\/{rel}","templated":true}]}}