{"id":4066,"date":"2025-03-11T13:22:22","date_gmt":"2025-03-11T05:22:22","guid":{"rendered":"https:\/\/lydenim.com\/?post_type=product&#038;p=4066"},"modified":"2025-03-11T13:24:09","modified_gmt":"2025-03-11T05:24:09","slug":"8s-slub-9136-2-denim-fabric-durable-colorfast-blue-design","status":"publish","type":"product","link":"https:\/\/lydenim.com\/fr\/produit\/tissu-denim-8s-slub-9136-2-couleur-bleu-resistant\/","title":{"rendered":"Tissu denim 8S Slub 9136-2 \u2013 Bleu, r\u00e9sistant et grand teint"},"content":{"rendered":"<h3 data-start=\"511\" data-end=\"540\"><strong data-start=\"515\" data-end=\"538\">\ud83c\udf0d Pr\u00e9sentation du produit<\/strong><\/h3>\n<ul data-start=\"541\" data-end=\"677\">\n<li data-start=\"541\" data-end=\"589\"><strong data-start=\"543\" data-end=\"560\">Num\u00e9ro de mod\u00e8le :<\/strong> 9136-2 (bleu \/ r\u00e9sistant \u00e0 la lumi\u00e8re)<\/li>\n<li data-start=\"590\" data-end=\"657\"><strong data-start=\"592\" data-end=\"617\">Composition du mat\u00e9riau :<\/strong> 62% Coton, 37% Polyester, 1% \u00c9lasthanne<\/li>\n<li data-start=\"658\" data-end=\"677\"><strong data-start=\"660\" data-end=\"670\">Couleur:<\/strong> Bleu<\/li>\n<\/ul>\n<h3 data-start=\"679\" data-end=\"713\"><strong data-start=\"683\" data-end=\"711\">\ud83e\uddf5 Sp\u00e9cifications du tissu<\/strong><\/h3>\n<ul data-start=\"714\" data-end=\"898\">\n<li data-start=\"714\" data-end=\"743\"><strong data-start=\"716\" data-end=\"725\">Taper:<\/strong> Tissu denim 8S<\/li>\n<li data-start=\"744\" data-end=\"767\"><strong data-start=\"746\" data-end=\"759\">Technique:<\/strong> Tiss\u00e9<\/li>\n<li data-start=\"768\" data-end=\"803\"><strong data-start=\"770\" data-end=\"780\">Largeur:<\/strong> 180 cm (70,9 pouces)<\/li>\n<li data-start=\"804\" data-end=\"847\"><strong data-start=\"806\" data-end=\"817\">Poids:<\/strong> Environ 10,6 oz (environ 360 g)<\/li>\n<li data-start=\"848\" data-end=\"870\"><strong data-start=\"850\" data-end=\"865\">Nombre de fils :<\/strong> 8S<\/li>\n<li data-start=\"871\" data-end=\"898\"><strong data-start=\"873\" data-end=\"883\">Style:<\/strong> Texture flamm\u00e9e<\/li>\n<\/ul>\n<h3 data-start=\"900\" data-end=\"926\"><strong data-start=\"904\" data-end=\"924\">\ud83c\udfa8 Style et utilisation<\/strong><\/h3>\n<ul data-start=\"927\" data-end=\"1036\">\n<li data-start=\"927\" data-end=\"994\"><strong data-start=\"929\" data-end=\"937\">Utiliser:<\/strong> Convient aux v\u00eatements, accessoires et cr\u00e9ations personnalis\u00e9es<\/li>\n<li data-start=\"995\" data-end=\"1036\"><strong data-start=\"997\" data-end=\"1015\">Applicable \u00e0 :<\/strong> Hommes et femmes<\/li>\n<\/ul>\n<h3 data-start=\"1038\" data-end=\"1070\"><strong data-start=\"1042\" data-end=\"1068\">\ud83c\udf0d Production et origine<\/strong><\/h3>\n<ul data-start=\"1071\" data-end=\"1136\">\n<li data-start=\"1071\" data-end=\"1101\"><strong data-start=\"1073\" data-end=\"1093\">Lieu d&#039;origine :<\/strong> Chine<\/li>\n<li data-start=\"1102\" data-end=\"1136\"><strong data-start=\"1104\" data-end=\"1120\">Type d&#039;approvisionnement :<\/strong> Fabrication sur commande<\/li>\n<\/ul>\n<h3 data-start=\"1138\" data-end=\"1166\"><strong data-start=\"1142\" data-end=\"1164\">\ud83d\udd11 Notes importantes<\/strong><\/h3>\n<ul data-start=\"1167\" data-end=\"1258\">\n<li data-start=\"1167\" data-end=\"1258\"><strong data-start=\"1169\" data-end=\"1186\">Donn\u00e9es du produit :<\/strong> Les sp\u00e9cifications r\u00e9elles du produit peuvent varier en fonction du lot de production.<\/li>\n<\/ul>","protected":false},"excerpt":{"rendered":"<h3 data-start=\"511\" data-end=\"540\"><strong data-start=\"515\" data-end=\"538\">\ud83c\udf0d Pr\u00e9sentation du produit<\/strong><\/h3>\n<ul data-start=\"541\" data-end=\"677\">\n<li data-start=\"541\" data-end=\"589\"><strong data-start=\"543\" data-end=\"560\">Num\u00e9ro de mod\u00e8le :<\/strong> 9136-2 (bleu \/ r\u00e9sistant \u00e0 la lumi\u00e8re)<\/li>\n<li data-start=\"590\" data-end=\"657\"><strong data-start=\"592\" data-end=\"617\">Composition du mat\u00e9riau :<\/strong> 62% Coton, 37% Polyester, 1% \u00c9lasthanne<\/li>\n<li data-start=\"658\" data-end=\"677\"><strong data-start=\"660\" data-end=\"670\">Couleur:<\/strong> Bleu<\/li>\n<\/ul>\n<h3 data-start=\"679\" data-end=\"713\"><strong data-start=\"683\" data-end=\"711\">\ud83e\uddf5 Sp\u00e9cifications du tissu<\/strong><\/h3>\n<ul data-start=\"714\" data-end=\"898\">\n<li data-start=\"714\" data-end=\"743\"><strong data-start=\"716\" data-end=\"725\">Taper:<\/strong> Tissu denim 8S<\/li>\n<li data-start=\"744\" data-end=\"767\"><strong data-start=\"746\" data-end=\"759\">Technique:<\/strong> Tiss\u00e9<\/li>\n<li data-start=\"768\" data-end=\"803\"><strong data-start=\"770\" data-end=\"780\">Largeur:<\/strong> 180 cm (70,9 pouces)<\/li>\n<li data-start=\"804\" data-end=\"847\"><strong data-start=\"806\" data-end=\"817\">Poids:<\/strong> Environ 10,6 oz (environ 360 g)<\/li>\n<li data-start=\"848\" data-end=\"870\"><strong data-start=\"850\" data-end=\"865\">Nombre de fils :<\/strong> 8S<\/li>\n<li data-start=\"871\" data-end=\"898\"><strong data-start=\"873\" data-end=\"883\">Style:<\/strong> Texture flamm\u00e9e<\/li>\n<\/ul>\n<h3 data-start=\"900\" data-end=\"926\"><strong data-start=\"904\" data-end=\"924\">\ud83c\udfa8 Style et utilisation<\/strong><\/h3>\n<ul data-start=\"927\" data-end=\"1036\">\n<li data-start=\"927\" data-end=\"994\"><strong data-start=\"929\" data-end=\"937\">Utiliser:<\/strong> Convient aux v\u00eatements, accessoires et cr\u00e9ations personnalis\u00e9es<\/li>\n<li data-start=\"995\" data-end=\"1036\"><strong data-start=\"997\" data-end=\"1015\">Applicable \u00e0 :<\/strong> Hommes et femmes<\/li>\n<\/ul>\n<h3 data-start=\"1038\" data-end=\"1070\"><strong data-start=\"1042\" data-end=\"1068\">\ud83c\udf0d Production et origine<\/strong><\/h3>\n<ul data-start=\"1071\" data-end=\"1136\">\n<li data-start=\"1071\" data-end=\"1101\"><strong data-start=\"1073\" data-end=\"1093\">Lieu d&#039;origine :<\/strong> Chine<\/li>\n<li data-start=\"1102\" data-end=\"1136\"><strong data-start=\"1104\" data-end=\"1120\">Type d&#039;approvisionnement :<\/strong> Fabrication sur commande<\/li>\n<\/ul>\n<h3 data-start=\"1138\" data-end=\"1166\"><strong data-start=\"1142\" data-end=\"1164\">\ud83d\udd11 Notes importantes<\/strong><\/h3>\n<ul data-start=\"1167\" data-end=\"1258\">\n<li data-start=\"1167\" data-end=\"1258\"><strong data-start=\"1169\" data-end=\"1186\">Donn\u00e9es du produit :<\/strong> Les sp\u00e9cifications r\u00e9elles du produit peuvent varier en fonction du lot de production.<\/li>\n<\/ul>","protected":false},"featured_media":4063,"template":"","meta":[],"product_brand":[],"product_cat":[40,54,20,30,33,37,51],"product_tag":[],"class_list":{"0":"post-4066","1":"product","2":"type-product","3":"status-publish","4":"has-post-thumbnail","6":"product_cat-8s","7":"product_cat-8s-spuer-siro","8":"product_cat-cotton-woven-fabric","9":"product_cat-cotton-polyster-spandex-denim-fabric","10":"product_cat-non-elastic","11":"product_cat-siro","12":"product_cat-spuer-siro","14":"first","15":"instock","16":"shipping-taxable","17":"product-type-simple"},"aioseo_notices":[],"_links":{"self":[{"href":"https:\/\/lydenim.com\/fr\/wp-json\/wp\/v2\/product\/4066","targetHints":{"allow":["GET"]}}],"collection":[{"href":"https:\/\/lydenim.com\/fr\/wp-json\/wp\/v2\/product"}],"about":[{"href":"https:\/\/lydenim.com\/fr\/wp-json\/wp\/v2\/types\/product"}],"version-history":[{"count":1,"href":"https:\/\/lydenim.com\/fr\/wp-json\/wp\/v2\/product\/4066\/revisions"}],"predecessor-version":[{"id":4068,"href":"https:\/\/lydenim.com\/fr\/wp-json\/wp\/v2\/product\/4066\/revisions\/4068"}],"wp:featuredmedia":[{"embeddable":true,"href":"https:\/\/lydenim.com\/fr\/wp-json\/wp\/v2\/media\/4063"}],"wp:attachment":[{"href":"https:\/\/lydenim.com\/fr\/wp-json\/wp\/v2\/media?parent=4066"}],"wp:term":[{"taxonomy":"product_brand","embeddable":true,"href":"https:\/\/lydenim.com\/fr\/wp-json\/wp\/v2\/product_brand?post=4066"},{"taxonomy":"product_cat","embeddable":true,"href":"https:\/\/lydenim.com\/fr\/wp-json\/wp\/v2\/product_cat?post=4066"},{"taxonomy":"product_tag","embeddable":true,"href":"https:\/\/lydenim.com\/fr\/wp-json\/wp\/v2\/product_tag?post=4066"}],"curies":[{"name":"wp","href":"https:\/\/api.w.org\/{rel}","templated":true}]}}