{"id":4069,"date":"2025-03-11T13:29:16","date_gmt":"2025-03-11T05:29:16","guid":{"rendered":"https:\/\/lydenim.com\/?post_type=product&#038;p=4069"},"modified":"2025-03-11T13:33:06","modified_gmt":"2025-03-11T05:33:06","slug":"colorfast-8s-9118l-6-denim-fabric-strong-stylish-design","status":"publish","type":"product","link":"https:\/\/lydenim.com\/fr\/produit\/tissu-denim-grand-teint-8s-9118l-6-design-elegant-et-resistant\/","title":{"rendered":"Tissu denim Colorfast 8S 9118L-6 \u2013 Design robuste et \u00e9l\u00e9gant"},"content":{"rendered":"<h3 data-start=\"541\" data-end=\"570\"><strong data-start=\"545\" data-end=\"568\">\ud83c\udf0d Pr\u00e9sentation du produit<\/strong><\/h3>\n<ul data-start=\"571\" data-end=\"718\">\n<li data-start=\"571\" data-end=\"617\"><strong data-start=\"573\" data-end=\"590\">Num\u00e9ro de mod\u00e8le :<\/strong> 9118L-6 (bleu grand teint)<\/li>\n<li data-start=\"618\" data-end=\"698\"><strong data-start=\"620\" data-end=\"645\">Composition du mat\u00e9riau :<\/strong> 64% Coton, 21% Lyocell, 14% Polyester, 1% \u00c9lasthanne<\/li>\n<li data-start=\"699\" data-end=\"718\"><strong data-start=\"701\" data-end=\"711\">Couleur:<\/strong> Bleu<\/li>\n<\/ul>\n<h3 data-start=\"720\" data-end=\"754\"><strong data-start=\"724\" data-end=\"752\">\ud83e\uddf5 Sp\u00e9cifications du tissu<\/strong><\/h3>\n<ul data-start=\"755\" data-end=\"951\">\n<li data-start=\"755\" data-end=\"784\"><strong data-start=\"757\" data-end=\"766\">Taper:<\/strong> Tissu denim 8S<\/li>\n<li data-start=\"785\" data-end=\"808\"><strong data-start=\"787\" data-end=\"800\">Technique:<\/strong> Tiss\u00e9<\/li>\n<li data-start=\"809\" data-end=\"853\"><strong data-start=\"811\" data-end=\"821\">Largeur:<\/strong> 176-178 cm (69,3-70,1 pouces)<\/li>\n<li data-start=\"854\" data-end=\"900\"><strong data-start=\"856\" data-end=\"867\">Poids:<\/strong> Environ 10,6 oz (environ 360 g)<\/li>\n<li data-start=\"901\" data-end=\"923\"><strong data-start=\"903\" data-end=\"918\">Nombre de fils :<\/strong> 8S<\/li>\n<li data-start=\"924\" data-end=\"951\"><strong data-start=\"926\" data-end=\"936\">Style:<\/strong> Texture flamm\u00e9e<\/li>\n<\/ul>\n<h3 data-start=\"953\" data-end=\"979\"><strong data-start=\"957\" data-end=\"977\">\ud83c\udfa8 Style et utilisation<\/strong><\/h3>\n<ul data-start=\"980\" data-end=\"1089\">\n<li data-start=\"980\" data-end=\"1047\"><strong data-start=\"982\" data-end=\"990\">Utiliser:<\/strong> Convient aux v\u00eatements, accessoires et cr\u00e9ations personnalis\u00e9es<\/li>\n<li data-start=\"1048\" data-end=\"1089\"><strong data-start=\"1050\" data-end=\"1068\">Applicable \u00e0 :<\/strong> Hommes et femmes<\/li>\n<\/ul>\n<h3 data-start=\"1091\" data-end=\"1123\"><strong data-start=\"1095\" data-end=\"1121\">\ud83c\udf0d Production et origine<\/strong><\/h3>\n<ul data-start=\"1124\" data-end=\"1189\">\n<li data-start=\"1124\" data-end=\"1154\"><strong data-start=\"1126\" data-end=\"1146\">Lieu d&#039;origine :<\/strong> Chine<\/li>\n<li data-start=\"1155\" data-end=\"1189\"><strong data-start=\"1157\" data-end=\"1173\">Type d&#039;approvisionnement :<\/strong> Fabrication sur commande<\/li>\n<\/ul>\n<h3 data-start=\"1191\" data-end=\"1219\"><strong data-start=\"1195\" data-end=\"1217\">\ud83d\udd11 Notes importantes<\/strong><\/h3>\n<ul data-start=\"1220\" data-end=\"1311\">\n<li data-start=\"1220\" data-end=\"1311\"><strong data-start=\"1222\" data-end=\"1239\">Donn\u00e9es du produit :<\/strong> Les sp\u00e9cifications r\u00e9elles du produit peuvent varier en fonction du lot de production.<\/li>\n<\/ul>\n<hr data-start=\"1313\" data-end=\"1316\" \/>\n<h3 data-start=\"1318\" data-end=\"1347\"><\/h3>","protected":false},"excerpt":{"rendered":"<h3 data-start=\"541\" data-end=\"570\"><strong data-start=\"545\" data-end=\"568\">\ud83c\udf0d Pr\u00e9sentation du produit<\/strong><\/h3>\n<ul data-start=\"571\" data-end=\"718\">\n<li data-start=\"571\" data-end=\"617\"><strong data-start=\"573\" data-end=\"590\">Num\u00e9ro de mod\u00e8le :<\/strong> 9118L-6 (bleu grand teint)<\/li>\n<li data-start=\"618\" data-end=\"698\"><strong data-start=\"620\" data-end=\"645\">Composition du mat\u00e9riau :<\/strong> 64% Coton, 21% Lyocell, 14% Polyester, 1% \u00c9lasthanne<\/li>\n<li data-start=\"699\" data-end=\"718\"><strong data-start=\"701\" data-end=\"711\">Couleur:<\/strong> Bleu<\/li>\n<\/ul>\n<h3 data-start=\"720\" data-end=\"754\"><strong data-start=\"724\" data-end=\"752\">\ud83e\uddf5 Sp\u00e9cifications du tissu<\/strong><\/h3>\n<ul data-start=\"755\" data-end=\"951\">\n<li data-start=\"755\" data-end=\"784\"><strong data-start=\"757\" data-end=\"766\">Taper:<\/strong> Tissu denim 8S<\/li>\n<li data-start=\"785\" data-end=\"808\"><strong data-start=\"787\" data-end=\"800\">Technique:<\/strong> Tiss\u00e9<\/li>\n<li data-start=\"809\" data-end=\"853\"><strong data-start=\"811\" data-end=\"821\">Largeur:<\/strong> 176-178 cm (69,3-70,1 pouces)<\/li>\n<li data-start=\"854\" data-end=\"900\"><strong data-start=\"856\" data-end=\"867\">Poids:<\/strong> Environ 10,6 oz (environ 360 g)<\/li>\n<li data-start=\"901\" data-end=\"923\"><strong data-start=\"903\" data-end=\"918\">Nombre de fils :<\/strong> 8S<\/li>\n<li data-start=\"924\" data-end=\"951\"><strong data-start=\"926\" data-end=\"936\">Style:<\/strong> Texture flamm\u00e9e<\/li>\n<\/ul>\n<h3 data-start=\"953\" data-end=\"979\"><strong data-start=\"957\" data-end=\"977\">\ud83c\udfa8 Style et utilisation<\/strong><\/h3>\n<ul data-start=\"980\" data-end=\"1089\">\n<li data-start=\"980\" data-end=\"1047\"><strong data-start=\"982\" data-end=\"990\">Utiliser:<\/strong> Convient aux v\u00eatements, accessoires et cr\u00e9ations personnalis\u00e9es<\/li>\n<li data-start=\"1048\" data-end=\"1089\"><strong data-start=\"1050\" data-end=\"1068\">Applicable \u00e0 :<\/strong> Hommes et femmes<\/li>\n<\/ul>\n<h3 data-start=\"1091\" data-end=\"1123\"><strong data-start=\"1095\" data-end=\"1121\">\ud83c\udf0d Production et origine<\/strong><\/h3>\n<ul data-start=\"1124\" data-end=\"1189\">\n<li data-start=\"1124\" data-end=\"1154\"><strong data-start=\"1126\" data-end=\"1146\">Lieu d&#039;origine :<\/strong> Chine<\/li>\n<li data-start=\"1155\" data-end=\"1189\"><strong data-start=\"1157\" data-end=\"1173\">Type d&#039;approvisionnement :<\/strong> Fabrication sur commande<\/li>\n<\/ul>\n<h3 data-start=\"1191\" data-end=\"1219\"><strong data-start=\"1195\" data-end=\"1217\">\ud83d\udd11 Notes importantes<\/strong><\/h3>\n<ul data-start=\"1220\" data-end=\"1311\">\n<li data-start=\"1220\" data-end=\"1311\"><strong data-start=\"1222\" data-end=\"1239\">Donn\u00e9es du produit :<\/strong> Les sp\u00e9cifications r\u00e9elles du produit peuvent varier en fonction du lot de production.<\/li>\n<\/ul>\n<hr data-start=\"1313\" data-end=\"1316\" \/>\n<h3 data-start=\"1318\" data-end=\"1347\"><\/h3>","protected":false},"featured_media":4070,"template":"","meta":[],"product_brand":[],"product_cat":[40,54,20,30,33,37,51],"product_tag":[],"class_list":{"0":"post-4069","1":"product","2":"type-product","3":"status-publish","4":"has-post-thumbnail","6":"product_cat-8s","7":"product_cat-8s-spuer-siro","8":"product_cat-cotton-woven-fabric","9":"product_cat-cotton-polyster-spandex-denim-fabric","10":"product_cat-non-elastic","11":"product_cat-siro","12":"product_cat-spuer-siro","14":"first","15":"instock","16":"shipping-taxable","17":"product-type-simple"},"aioseo_notices":[],"_links":{"self":[{"href":"https:\/\/lydenim.com\/fr\/wp-json\/wp\/v2\/product\/4069","targetHints":{"allow":["GET"]}}],"collection":[{"href":"https:\/\/lydenim.com\/fr\/wp-json\/wp\/v2\/product"}],"about":[{"href":"https:\/\/lydenim.com\/fr\/wp-json\/wp\/v2\/types\/product"}],"version-history":[{"count":1,"href":"https:\/\/lydenim.com\/fr\/wp-json\/wp\/v2\/product\/4069\/revisions"}],"predecessor-version":[{"id":4074,"href":"https:\/\/lydenim.com\/fr\/wp-json\/wp\/v2\/product\/4069\/revisions\/4074"}],"wp:featuredmedia":[{"embeddable":true,"href":"https:\/\/lydenim.com\/fr\/wp-json\/wp\/v2\/media\/4070"}],"wp:attachment":[{"href":"https:\/\/lydenim.com\/fr\/wp-json\/wp\/v2\/media?parent=4069"}],"wp:term":[{"taxonomy":"product_brand","embeddable":true,"href":"https:\/\/lydenim.com\/fr\/wp-json\/wp\/v2\/product_brand?post=4069"},{"taxonomy":"product_cat","embeddable":true,"href":"https:\/\/lydenim.com\/fr\/wp-json\/wp\/v2\/product_cat?post=4069"},{"taxonomy":"product_tag","embeddable":true,"href":"https:\/\/lydenim.com\/fr\/wp-json\/wp\/v2\/product_tag?post=4069"}],"curies":[{"name":"wp","href":"https:\/\/api.w.org\/{rel}","templated":true}]}}