{"id":4080,"date":"2025-03-11T13:36:03","date_gmt":"2025-03-11T05:36:03","guid":{"rendered":"https:\/\/lydenim.com\/?post_type=product&#038;p=4080"},"modified":"2025-03-11T13:37:54","modified_gmt":"2025-03-11T05:37:54","slug":"durable-10s-2164-2-denim-blue-non-fading-cotton-blend-for-garments","status":"publish","type":"product","link":"https:\/\/lydenim.com\/fr\/produit\/melange-de-coton-durable-10s-2164-2-bleu-denim-resistant-a-la-lumiere-pour-vetements\/","title":{"rendered":"Denim durable 10S 2164-2 \u2013 Bleu, r\u00e9sistant \u00e0 la lumi\u00e8re, m\u00e9lange de coton pour v\u00eatements"},"content":{"rendered":"<h3 data-start=\"519\" data-end=\"548\"><strong data-start=\"523\" data-end=\"546\">\ud83c\udf0d Pr\u00e9sentation du produit<\/strong><\/h3>\n<ul data-start=\"549\" data-end=\"684\">\n<li data-start=\"549\" data-end=\"596\"><strong data-start=\"551\" data-end=\"568\">Num\u00e9ro de mod\u00e8le :<\/strong> 2164-2 (bleu, r\u00e9sistant \u00e0 la lumi\u00e8re)<\/li>\n<li data-start=\"597\" data-end=\"664\"><strong data-start=\"599\" data-end=\"624\">Composition du mat\u00e9riau :<\/strong> 61% Coton, 38% Polyester, 1% \u00c9lasthanne<\/li>\n<li data-start=\"665\" data-end=\"684\"><strong data-start=\"667\" data-end=\"677\">Couleur:<\/strong> Bleu<\/li>\n<\/ul>\n<h3 data-start=\"686\" data-end=\"720\"><strong data-start=\"690\" data-end=\"718\">\ud83e\uddf5 Sp\u00e9cifications du tissu<\/strong><\/h3>\n<ul data-start=\"721\" data-end=\"915\">\n<li data-start=\"721\" data-end=\"751\"><strong data-start=\"723\" data-end=\"732\">Taper:<\/strong> Tissu denim 10S<\/li>\n<li data-start=\"752\" data-end=\"775\"><strong data-start=\"754\" data-end=\"767\">Technique:<\/strong> Tiss\u00e9<\/li>\n<li data-start=\"776\" data-end=\"818\"><strong data-start=\"778\" data-end=\"788\">Largeur:<\/strong> 178-180 cm (70-70,9 pouces)<\/li>\n<li data-start=\"819\" data-end=\"863\"><strong data-start=\"821\" data-end=\"832\">Poids:<\/strong> Environ 9,3 oz (environ 315 g)<\/li>\n<li data-start=\"864\" data-end=\"887\"><strong data-start=\"866\" data-end=\"881\">Nombre de fils :<\/strong> 10S<\/li>\n<li data-start=\"888\" data-end=\"915\"><strong data-start=\"890\" data-end=\"900\">Style:<\/strong> Texture flamm\u00e9e<\/li>\n<\/ul>\n<h3 data-start=\"917\" data-end=\"943\"><strong data-start=\"921\" data-end=\"941\">\ud83c\udfa8 Style et utilisation<\/strong><\/h3>\n<ul data-start=\"944\" data-end=\"1053\">\n<li data-start=\"944\" data-end=\"1011\"><strong data-start=\"946\" data-end=\"954\">Utiliser:<\/strong> Convient aux v\u00eatements, accessoires et cr\u00e9ations personnalis\u00e9es<\/li>\n<li data-start=\"1012\" data-end=\"1053\"><strong data-start=\"1014\" data-end=\"1032\">Applicable \u00e0 :<\/strong> Hommes et femmes<\/li>\n<\/ul>\n<h3 data-start=\"1055\" data-end=\"1087\"><strong data-start=\"1059\" data-end=\"1085\">\ud83c\udf0d Production et origine<\/strong><\/h3>\n<ul data-start=\"1088\" data-end=\"1153\">\n<li data-start=\"1088\" data-end=\"1118\"><strong data-start=\"1090\" data-end=\"1110\">Lieu d&#039;origine :<\/strong> Chine<\/li>\n<li data-start=\"1119\" data-end=\"1153\"><strong data-start=\"1121\" data-end=\"1137\">Type d&#039;approvisionnement :<\/strong> Fabrication sur commande<\/li>\n<\/ul>\n<h3 data-start=\"1155\" data-end=\"1183\"><strong data-start=\"1159\" data-end=\"1181\">\ud83d\udd11 Notes importantes<\/strong><\/h3>\n<ul data-start=\"1184\" data-end=\"1275\">\n<li data-start=\"1184\" data-end=\"1275\"><strong data-start=\"1186\" data-end=\"1203\">Donn\u00e9es du produit :<\/strong> Les sp\u00e9cifications r\u00e9elles du produit peuvent varier en fonction du lot de production.<\/li>\n<\/ul>","protected":false},"excerpt":{"rendered":"<h3 data-start=\"519\" data-end=\"548\"><strong data-start=\"523\" data-end=\"546\">\ud83c\udf0d Pr\u00e9sentation du produit<\/strong><\/h3>\n<ul data-start=\"549\" data-end=\"684\">\n<li data-start=\"549\" data-end=\"596\"><strong data-start=\"551\" data-end=\"568\">Num\u00e9ro de mod\u00e8le :<\/strong> 2164-2 (bleu, r\u00e9sistant \u00e0 la lumi\u00e8re)<\/li>\n<li data-start=\"597\" data-end=\"664\"><strong data-start=\"599\" data-end=\"624\">Composition du mat\u00e9riau :<\/strong> 61% Coton, 38% Polyester, 1% \u00c9lasthanne<\/li>\n<li data-start=\"665\" data-end=\"684\"><strong data-start=\"667\" data-end=\"677\">Couleur:<\/strong> Bleu<\/li>\n<\/ul>\n<h3 data-start=\"686\" data-end=\"720\"><strong data-start=\"690\" data-end=\"718\">\ud83e\uddf5 Sp\u00e9cifications du tissu<\/strong><\/h3>\n<ul data-start=\"721\" data-end=\"915\">\n<li data-start=\"721\" data-end=\"751\"><strong data-start=\"723\" data-end=\"732\">Taper:<\/strong> Tissu denim 10S<\/li>\n<li data-start=\"752\" data-end=\"775\"><strong data-start=\"754\" data-end=\"767\">Technique:<\/strong> Tiss\u00e9<\/li>\n<li data-start=\"776\" data-end=\"818\"><strong data-start=\"778\" data-end=\"788\">Largeur:<\/strong> 178-180 cm (70-70,9 pouces)<\/li>\n<li data-start=\"819\" data-end=\"863\"><strong data-start=\"821\" data-end=\"832\">Poids:<\/strong> Environ 9,3 oz (environ 315 g)<\/li>\n<li data-start=\"864\" data-end=\"887\"><strong data-start=\"866\" data-end=\"881\">Nombre de fils :<\/strong> 10S<\/li>\n<li data-start=\"888\" data-end=\"915\"><strong data-start=\"890\" data-end=\"900\">Style:<\/strong> Texture flamm\u00e9e<\/li>\n<\/ul>\n<h3 data-start=\"917\" data-end=\"943\"><strong data-start=\"921\" data-end=\"941\">\ud83c\udfa8 Style et utilisation<\/strong><\/h3>\n<ul data-start=\"944\" data-end=\"1053\">\n<li data-start=\"944\" data-end=\"1011\"><strong data-start=\"946\" data-end=\"954\">Utiliser:<\/strong> Convient aux v\u00eatements, accessoires et cr\u00e9ations personnalis\u00e9es<\/li>\n<li data-start=\"1012\" data-end=\"1053\"><strong data-start=\"1014\" data-end=\"1032\">Applicable \u00e0 :<\/strong> Hommes et femmes<\/li>\n<\/ul>\n<h3 data-start=\"1055\" data-end=\"1087\"><strong data-start=\"1059\" data-end=\"1085\">\ud83c\udf0d Production et origine<\/strong><\/h3>\n<ul data-start=\"1088\" data-end=\"1153\">\n<li data-start=\"1088\" data-end=\"1118\"><strong data-start=\"1090\" data-end=\"1110\">Lieu d&#039;origine :<\/strong> Chine<\/li>\n<li data-start=\"1119\" data-end=\"1153\"><strong data-start=\"1121\" data-end=\"1137\">Type d&#039;approvisionnement :<\/strong> Fabrication sur commande<\/li>\n<\/ul>\n<h3 data-start=\"1155\" data-end=\"1183\"><strong data-start=\"1159\" data-end=\"1181\">\ud83d\udd11 Notes importantes<\/strong><\/h3>\n<ul data-start=\"1184\" data-end=\"1275\">\n<li data-start=\"1184\" data-end=\"1275\"><strong data-start=\"1186\" data-end=\"1203\">Donn\u00e9es du produit :<\/strong> Les sp\u00e9cifications r\u00e9elles du produit peuvent varier en fonction du lot de production.<\/li>\n<\/ul>","protected":false},"featured_media":4075,"template":"","meta":[],"product_brand":[],"product_cat":[41,55,20,30,33,37,51],"product_tag":[],"class_list":{"0":"post-4080","1":"product","2":"type-product","3":"status-publish","4":"has-post-thumbnail","6":"product_cat-10s","7":"product_cat-10s-spuer-siro","8":"product_cat-cotton-woven-fabric","9":"product_cat-cotton-polyster-spandex-denim-fabric","10":"product_cat-non-elastic","11":"product_cat-siro","12":"product_cat-spuer-siro","14":"first","15":"instock","16":"shipping-taxable","17":"product-type-simple"},"aioseo_notices":[],"_links":{"self":[{"href":"https:\/\/lydenim.com\/fr\/wp-json\/wp\/v2\/product\/4080","targetHints":{"allow":["GET"]}}],"collection":[{"href":"https:\/\/lydenim.com\/fr\/wp-json\/wp\/v2\/product"}],"about":[{"href":"https:\/\/lydenim.com\/fr\/wp-json\/wp\/v2\/types\/product"}],"version-history":[{"count":1,"href":"https:\/\/lydenim.com\/fr\/wp-json\/wp\/v2\/product\/4080\/revisions"}],"predecessor-version":[{"id":4081,"href":"https:\/\/lydenim.com\/fr\/wp-json\/wp\/v2\/product\/4080\/revisions\/4081"}],"wp:featuredmedia":[{"embeddable":true,"href":"https:\/\/lydenim.com\/fr\/wp-json\/wp\/v2\/media\/4075"}],"wp:attachment":[{"href":"https:\/\/lydenim.com\/fr\/wp-json\/wp\/v2\/media?parent=4080"}],"wp:term":[{"taxonomy":"product_brand","embeddable":true,"href":"https:\/\/lydenim.com\/fr\/wp-json\/wp\/v2\/product_brand?post=4080"},{"taxonomy":"product_cat","embeddable":true,"href":"https:\/\/lydenim.com\/fr\/wp-json\/wp\/v2\/product_cat?post=4080"},{"taxonomy":"product_tag","embeddable":true,"href":"https:\/\/lydenim.com\/fr\/wp-json\/wp\/v2\/product_tag?post=4080"}],"curies":[{"name":"wp","href":"https:\/\/api.w.org\/{rel}","templated":true}]}}