{"id":4109,"date":"2025-03-12T11:47:03","date_gmt":"2025-03-12T03:47:03","guid":{"rendered":"https:\/\/lydenim.com\/?post_type=product&#038;p=4109"},"modified":"2025-03-12T11:49:02","modified_gmt":"2025-03-12T03:49:02","slug":"119-4-stretch-denim-fabric-black-slub-weave-for-fashion-design","status":"publish","type":"product","link":"https:\/\/lydenim.com\/fr\/produit\/tissu-denim-extensible-119-4-tissage-flamme-noir-pour-la-conception-de-mode\/","title":{"rendered":"Tissu denim extensible 119-4 \u2013 Tissage flamm\u00e9 noir pour la mode et le design"},"content":{"rendered":"<h3 data-start=\"501\" data-end=\"530\"><strong data-start=\"505\" data-end=\"528\">\ud83c\udf0d Pr\u00e9sentation du produit<\/strong><\/h3>\n<ul data-start=\"531\" data-end=\"651\">\n<li data-start=\"531\" data-end=\"563\"><strong data-start=\"533\" data-end=\"550\">Num\u00e9ro de mod\u00e8le :<\/strong> 119-4 Noir<\/li>\n<li data-start=\"564\" data-end=\"631\"><strong data-start=\"566\" data-end=\"591\">Composition du mat\u00e9riau :<\/strong> 70% Coton, 2% \u00c9lasthanne, 28% Polyester<\/li>\n<li data-start=\"632\" data-end=\"651\"><strong data-start=\"634\" data-end=\"644\">Couleur:<\/strong> Noir<\/li>\n<\/ul>\n<h3 data-start=\"653\" data-end=\"687\"><strong data-start=\"657\" data-end=\"685\">\ud83e\uddf5 Sp\u00e9cifications du tissu<\/strong><\/h3>\n<ul data-start=\"688\" data-end=\"867\">\n<li data-start=\"688\" data-end=\"717\"><strong data-start=\"690\" data-end=\"699\">Taper:<\/strong> Tissu denim 8S<\/li>\n<li data-start=\"718\" data-end=\"741\"><strong data-start=\"720\" data-end=\"733\">Technique:<\/strong> Tiss\u00e9<\/li>\n<li data-start=\"742\" data-end=\"777\"><strong data-start=\"744\" data-end=\"754\">Largeur:<\/strong> 180 cm (70,9 pouces)<\/li>\n<li data-start=\"778\" data-end=\"824\"><strong data-start=\"780\" data-end=\"791\">Poids:<\/strong> Environ 380 g (environ 13,4 oz)<\/li>\n<li data-start=\"825\" data-end=\"847\"><strong data-start=\"827\" data-end=\"842\">Nombre de fils :<\/strong> 8S<\/li>\n<li data-start=\"848\" data-end=\"867\"><strong data-start=\"850\" data-end=\"860\">Style:<\/strong> Flamme<\/li>\n<\/ul>\n<h3 data-start=\"869\" data-end=\"895\"><strong data-start=\"873\" data-end=\"893\">\ud83c\udfa8 Style et utilisation<\/strong><\/h3>\n<ul data-start=\"896\" data-end=\"1005\">\n<li data-start=\"896\" data-end=\"963\"><strong data-start=\"898\" data-end=\"906\">Utiliser:<\/strong> Convient aux v\u00eatements, accessoires et cr\u00e9ations personnalis\u00e9es<\/li>\n<li data-start=\"964\" data-end=\"1005\"><strong data-start=\"966\" data-end=\"984\">Applicable \u00e0 :<\/strong> Hommes et femmes<\/li>\n<\/ul>\n<h3 data-start=\"1007\" data-end=\"1039\"><strong data-start=\"1011\" data-end=\"1037\">\ud83c\udf0d Production et origine<\/strong><\/h3>\n<ul data-start=\"1040\" data-end=\"1105\">\n<li data-start=\"1040\" data-end=\"1070\"><strong data-start=\"1042\" data-end=\"1062\">Lieu d&#039;origine :<\/strong> Chine<\/li>\n<li data-start=\"1071\" data-end=\"1105\"><strong data-start=\"1073\" data-end=\"1089\">Type d&#039;approvisionnement :<\/strong> Fabrication sur commande<\/li>\n<\/ul>\n<h3 data-start=\"1107\" data-end=\"1135\"><strong data-start=\"1111\" data-end=\"1133\">\ud83d\udd11 Notes importantes<\/strong><\/h3>\n<ul data-start=\"1136\" data-end=\"1227\">\n<li data-start=\"1136\" data-end=\"1227\"><strong data-start=\"1138\" data-end=\"1155\">Donn\u00e9es du produit :<\/strong> Les sp\u00e9cifications r\u00e9elles du produit peuvent varier en fonction du lot de production.<\/li>\n<\/ul>","protected":false},"excerpt":{"rendered":"<h3 data-start=\"501\" data-end=\"530\"><strong data-start=\"505\" data-end=\"528\">\ud83c\udf0d Pr\u00e9sentation du produit<\/strong><\/h3>\n<ul data-start=\"531\" data-end=\"651\">\n<li data-start=\"531\" data-end=\"563\"><strong data-start=\"533\" data-end=\"550\">Num\u00e9ro de mod\u00e8le :<\/strong> 119-4 Noir<\/li>\n<li data-start=\"564\" data-end=\"631\"><strong data-start=\"566\" data-end=\"591\">Composition du mat\u00e9riau :<\/strong> 70% Coton, 2% \u00c9lasthanne, 28% Polyester<\/li>\n<li data-start=\"632\" data-end=\"651\"><strong data-start=\"634\" data-end=\"644\">Couleur:<\/strong> Noir<\/li>\n<\/ul>\n<h3 data-start=\"653\" data-end=\"687\"><strong data-start=\"657\" data-end=\"685\">\ud83e\uddf5 Sp\u00e9cifications du tissu<\/strong><\/h3>\n<ul data-start=\"688\" data-end=\"867\">\n<li data-start=\"688\" data-end=\"717\"><strong data-start=\"690\" data-end=\"699\">Taper:<\/strong> Tissu denim 8S<\/li>\n<li data-start=\"718\" data-end=\"741\"><strong data-start=\"720\" data-end=\"733\">Technique:<\/strong> Tiss\u00e9<\/li>\n<li data-start=\"742\" data-end=\"777\"><strong data-start=\"744\" data-end=\"754\">Largeur:<\/strong> 180 cm (70,9 pouces)<\/li>\n<li data-start=\"778\" data-end=\"824\"><strong data-start=\"780\" data-end=\"791\">Poids:<\/strong> Environ 380 g (environ 13,4 oz)<\/li>\n<li data-start=\"825\" data-end=\"847\"><strong data-start=\"827\" data-end=\"842\">Nombre de fils :<\/strong> 8S<\/li>\n<li data-start=\"848\" data-end=\"867\"><strong data-start=\"850\" data-end=\"860\">Style:<\/strong> Flamme<\/li>\n<\/ul>\n<h3 data-start=\"869\" data-end=\"895\"><strong data-start=\"873\" data-end=\"893\">\ud83c\udfa8 Style et utilisation<\/strong><\/h3>\n<ul data-start=\"896\" data-end=\"1005\">\n<li data-start=\"896\" data-end=\"963\"><strong data-start=\"898\" data-end=\"906\">Utiliser:<\/strong> Convient aux v\u00eatements, accessoires et cr\u00e9ations personnalis\u00e9es<\/li>\n<li data-start=\"964\" data-end=\"1005\"><strong data-start=\"966\" data-end=\"984\">Applicable \u00e0 :<\/strong> Hommes et femmes<\/li>\n<\/ul>\n<h3 data-start=\"1007\" data-end=\"1039\"><strong data-start=\"1011\" data-end=\"1037\">\ud83c\udf0d Production et origine<\/strong><\/h3>\n<ul data-start=\"1040\" data-end=\"1105\">\n<li data-start=\"1040\" data-end=\"1070\"><strong data-start=\"1042\" data-end=\"1062\">Lieu d&#039;origine :<\/strong> Chine<\/li>\n<li data-start=\"1071\" data-end=\"1105\"><strong data-start=\"1073\" data-end=\"1089\">Type d&#039;approvisionnement :<\/strong> Fabrication sur commande<\/li>\n<\/ul>\n<h3 data-start=\"1107\" data-end=\"1135\"><strong data-start=\"1111\" data-end=\"1133\">\ud83d\udd11 Notes importantes<\/strong><\/h3>\n<ul data-start=\"1136\" data-end=\"1227\">\n<li data-start=\"1136\" data-end=\"1227\"><strong data-start=\"1138\" data-end=\"1155\">Donn\u00e9es du produit :<\/strong> Les sp\u00e9cifications r\u00e9elles du produit peuvent varier en fonction du lot de production.<\/li>\n<\/ul>","protected":false},"featured_media":4108,"template":"","meta":[],"product_brand":[],"product_cat":[47,20,30,31],"product_tag":[],"class_list":{"0":"post-4109","1":"product","2":"type-product","3":"status-publish","4":"has-post-thumbnail","6":"product_cat-8s-oe","7":"product_cat-cotton-woven-fabric","8":"product_cat-cotton-polyster-spandex-denim-fabric","9":"product_cat-high-stretch-denim-fabric","11":"first","12":"instock","13":"shipping-taxable","14":"product-type-simple"},"aioseo_notices":[],"_links":{"self":[{"href":"https:\/\/lydenim.com\/fr\/wp-json\/wp\/v2\/product\/4109","targetHints":{"allow":["GET"]}}],"collection":[{"href":"https:\/\/lydenim.com\/fr\/wp-json\/wp\/v2\/product"}],"about":[{"href":"https:\/\/lydenim.com\/fr\/wp-json\/wp\/v2\/types\/product"}],"version-history":[{"count":1,"href":"https:\/\/lydenim.com\/fr\/wp-json\/wp\/v2\/product\/4109\/revisions"}],"predecessor-version":[{"id":4113,"href":"https:\/\/lydenim.com\/fr\/wp-json\/wp\/v2\/product\/4109\/revisions\/4113"}],"wp:featuredmedia":[{"embeddable":true,"href":"https:\/\/lydenim.com\/fr\/wp-json\/wp\/v2\/media\/4108"}],"wp:attachment":[{"href":"https:\/\/lydenim.com\/fr\/wp-json\/wp\/v2\/media?parent=4109"}],"wp:term":[{"taxonomy":"product_brand","embeddable":true,"href":"https:\/\/lydenim.com\/fr\/wp-json\/wp\/v2\/product_brand?post=4109"},{"taxonomy":"product_cat","embeddable":true,"href":"https:\/\/lydenim.com\/fr\/wp-json\/wp\/v2\/product_cat?post=4109"},{"taxonomy":"product_tag","embeddable":true,"href":"https:\/\/lydenim.com\/fr\/wp-json\/wp\/v2\/product_tag?post=4109"}],"curies":[{"name":"wp","href":"https:\/\/api.w.org\/{rel}","templated":true}]}}