{"id":4122,"date":"2025-03-12T11:56:25","date_gmt":"2025-03-12T03:56:25","guid":{"rendered":"https:\/\/lydenim.com\/?post_type=product&#038;p=4122"},"modified":"2025-03-12T11:58:55","modified_gmt":"2025-03-12T03:58:55","slug":"a081-6-woven-denim-fabric-durable-stretchable-customizable","status":"publish","type":"product","link":"https:\/\/lydenim.com\/fr\/produit\/a081-6-tissu-denim-tisse-durable-extensible-personnalisable\/","title":{"rendered":"Tissu denim tiss\u00e9 A081-6 \u2013 Durable, extensible et personnalisable"},"content":{"rendered":"<h3 data-start=\"519\" data-end=\"548\"><strong data-start=\"523\" data-end=\"546\">\ud83c\udf0d Pr\u00e9sentation du produit<\/strong><\/h3>\n<ul data-start=\"549\" data-end=\"672\">\n<li data-start=\"549\" data-end=\"583\"><strong data-start=\"551\" data-end=\"568\">Num\u00e9ro de mod\u00e8le :<\/strong> A081-6 Noir<\/li>\n<li data-start=\"584\" data-end=\"651\"><strong data-start=\"586\" data-end=\"611\">Composition du mat\u00e9riau :<\/strong> 78% Coton, 2% \u00c9lasthanne, 20% Polyester<\/li>\n<li data-start=\"652\" data-end=\"672\"><strong data-start=\"654\" data-end=\"664\">Couleur:<\/strong> Noir<\/li>\n<\/ul>\n<h3 data-start=\"674\" data-end=\"708\"><strong data-start=\"678\" data-end=\"706\">\ud83e\uddf5 Sp\u00e9cifications du tissu<\/strong><\/h3>\n<ul data-start=\"709\" data-end=\"896\">\n<li data-start=\"709\" data-end=\"738\"><strong data-start=\"711\" data-end=\"720\">Taper:<\/strong> Tissu denim 7S<\/li>\n<li data-start=\"739\" data-end=\"762\"><strong data-start=\"741\" data-end=\"754\">Technique:<\/strong> Tiss\u00e9<\/li>\n<li data-start=\"763\" data-end=\"798\"><strong data-start=\"765\" data-end=\"775\">Largeur:<\/strong> 170 cm (66,9 pouces)<\/li>\n<li data-start=\"799\" data-end=\"845\"><strong data-start=\"801\" data-end=\"812\">Poids:<\/strong> Environ 445 g (environ 15,7 oz)<\/li>\n<li data-start=\"846\" data-end=\"868\"><strong data-start=\"848\" data-end=\"863\">Nombre de fils :<\/strong> 7S<\/li>\n<li data-start=\"869\" data-end=\"896\"><strong data-start=\"871\" data-end=\"881\">Style:<\/strong> Texture flamm\u00e9e<\/li>\n<\/ul>\n<h3 data-start=\"898\" data-end=\"924\"><strong data-start=\"902\" data-end=\"922\">\ud83c\udfa8 Style et utilisation<\/strong><\/h3>\n<ul data-start=\"925\" data-end=\"1034\">\n<li data-start=\"925\" data-end=\"992\"><strong data-start=\"927\" data-end=\"935\">Utiliser:<\/strong> Convient aux v\u00eatements, accessoires et cr\u00e9ations personnalis\u00e9es<\/li>\n<li data-start=\"993\" data-end=\"1034\"><strong data-start=\"995\" data-end=\"1013\">Applicable \u00e0 :<\/strong> Hommes et femmes<\/li>\n<\/ul>\n<h3 data-start=\"1036\" data-end=\"1068\"><strong data-start=\"1040\" data-end=\"1066\">\ud83c\udf0d Production et origine<\/strong><\/h3>\n<ul data-start=\"1069\" data-end=\"1134\">\n<li data-start=\"1069\" data-end=\"1099\"><strong data-start=\"1071\" data-end=\"1091\">Lieu d&#039;origine :<\/strong> Chine<\/li>\n<li data-start=\"1100\" data-end=\"1134\"><strong data-start=\"1102\" data-end=\"1118\">Type d&#039;approvisionnement :<\/strong> Fabrication sur commande<\/li>\n<\/ul>\n<h3 data-start=\"1136\" data-end=\"1164\"><strong data-start=\"1140\" data-end=\"1162\">\ud83d\udd11 Notes importantes<\/strong><\/h3>\n<ul data-start=\"1165\" data-end=\"1256\">\n<li data-start=\"1165\" data-end=\"1256\"><strong data-start=\"1167\" data-end=\"1184\">Donn\u00e9es du produit :<\/strong> Les sp\u00e9cifications r\u00e9elles du produit peuvent varier en fonction du lot de production.<\/li>\n<\/ul>","protected":false},"excerpt":{"rendered":"<h3 data-start=\"519\" data-end=\"548\"><strong data-start=\"523\" data-end=\"546\">\ud83c\udf0d Pr\u00e9sentation du produit<\/strong><\/h3>\n<ul data-start=\"549\" data-end=\"672\">\n<li data-start=\"549\" data-end=\"583\"><strong data-start=\"551\" data-end=\"568\">Num\u00e9ro de mod\u00e8le :<\/strong> A081-6 Noir<\/li>\n<li data-start=\"584\" data-end=\"651\"><strong data-start=\"586\" data-end=\"611\">Composition du mat\u00e9riau :<\/strong> 78% Coton, 2% \u00c9lasthanne, 20% Polyester<\/li>\n<li data-start=\"652\" data-end=\"672\"><strong data-start=\"654\" data-end=\"664\">Couleur:<\/strong> Noir<\/li>\n<\/ul>\n<h3 data-start=\"674\" data-end=\"708\"><strong data-start=\"678\" data-end=\"706\">\ud83e\uddf5 Sp\u00e9cifications du tissu<\/strong><\/h3>\n<ul data-start=\"709\" data-end=\"896\">\n<li data-start=\"709\" data-end=\"738\"><strong data-start=\"711\" data-end=\"720\">Taper:<\/strong> Tissu denim 7S<\/li>\n<li data-start=\"739\" data-end=\"762\"><strong data-start=\"741\" data-end=\"754\">Technique:<\/strong> Tiss\u00e9<\/li>\n<li data-start=\"763\" data-end=\"798\"><strong data-start=\"765\" data-end=\"775\">Largeur:<\/strong> 170 cm (66,9 pouces)<\/li>\n<li data-start=\"799\" data-end=\"845\"><strong data-start=\"801\" data-end=\"812\">Poids:<\/strong> Environ 445 g (environ 15,7 oz)<\/li>\n<li data-start=\"846\" data-end=\"868\"><strong data-start=\"848\" data-end=\"863\">Nombre de fils :<\/strong> 7S<\/li>\n<li data-start=\"869\" data-end=\"896\"><strong data-start=\"871\" data-end=\"881\">Style:<\/strong> Texture flamm\u00e9e<\/li>\n<\/ul>\n<h3 data-start=\"898\" data-end=\"924\"><strong data-start=\"902\" data-end=\"922\">\ud83c\udfa8 Style et utilisation<\/strong><\/h3>\n<ul data-start=\"925\" data-end=\"1034\">\n<li data-start=\"925\" data-end=\"992\"><strong data-start=\"927\" data-end=\"935\">Utiliser:<\/strong> Convient aux v\u00eatements, accessoires et cr\u00e9ations personnalis\u00e9es<\/li>\n<li data-start=\"993\" data-end=\"1034\"><strong data-start=\"995\" data-end=\"1013\">Applicable \u00e0 :<\/strong> Hommes et femmes<\/li>\n<\/ul>\n<h3 data-start=\"1036\" data-end=\"1068\"><strong data-start=\"1040\" data-end=\"1066\">\ud83c\udf0d Production et origine<\/strong><\/h3>\n<ul data-start=\"1069\" data-end=\"1134\">\n<li data-start=\"1069\" data-end=\"1099\"><strong data-start=\"1071\" data-end=\"1091\">Lieu d&#039;origine :<\/strong> Chine<\/li>\n<li data-start=\"1100\" data-end=\"1134\"><strong data-start=\"1102\" data-end=\"1118\">Type d&#039;approvisionnement :<\/strong> Fabrication sur commande<\/li>\n<\/ul>\n<h3 data-start=\"1136\" data-end=\"1164\"><strong data-start=\"1140\" data-end=\"1162\">\ud83d\udd11 Notes importantes<\/strong><\/h3>\n<ul data-start=\"1165\" data-end=\"1256\">\n<li data-start=\"1165\" data-end=\"1256\"><strong data-start=\"1167\" data-end=\"1184\">Donn\u00e9es du produit :<\/strong> Les sp\u00e9cifications r\u00e9elles du produit peuvent varier en fonction du lot de production.<\/li>\n<\/ul>","protected":false},"featured_media":4114,"template":"","meta":[],"product_brand":[],"product_cat":[47,20,30,31],"product_tag":[],"class_list":{"0":"post-4122","1":"product","2":"type-product","3":"status-publish","4":"has-post-thumbnail","6":"product_cat-8s-oe","7":"product_cat-cotton-woven-fabric","8":"product_cat-cotton-polyster-spandex-denim-fabric","9":"product_cat-high-stretch-denim-fabric","11":"first","12":"instock","13":"shipping-taxable","14":"product-type-simple"},"aioseo_notices":[],"_links":{"self":[{"href":"https:\/\/lydenim.com\/fr\/wp-json\/wp\/v2\/product\/4122","targetHints":{"allow":["GET"]}}],"collection":[{"href":"https:\/\/lydenim.com\/fr\/wp-json\/wp\/v2\/product"}],"about":[{"href":"https:\/\/lydenim.com\/fr\/wp-json\/wp\/v2\/types\/product"}],"version-history":[{"count":1,"href":"https:\/\/lydenim.com\/fr\/wp-json\/wp\/v2\/product\/4122\/revisions"}],"predecessor-version":[{"id":4127,"href":"https:\/\/lydenim.com\/fr\/wp-json\/wp\/v2\/product\/4122\/revisions\/4127"}],"wp:featuredmedia":[{"embeddable":true,"href":"https:\/\/lydenim.com\/fr\/wp-json\/wp\/v2\/media\/4114"}],"wp:attachment":[{"href":"https:\/\/lydenim.com\/fr\/wp-json\/wp\/v2\/media?parent=4122"}],"wp:term":[{"taxonomy":"product_brand","embeddable":true,"href":"https:\/\/lydenim.com\/fr\/wp-json\/wp\/v2\/product_brand?post=4122"},{"taxonomy":"product_cat","embeddable":true,"href":"https:\/\/lydenim.com\/fr\/wp-json\/wp\/v2\/product_cat?post=4122"},{"taxonomy":"product_tag","embeddable":true,"href":"https:\/\/lydenim.com\/fr\/wp-json\/wp\/v2\/product_tag?post=4122"}],"curies":[{"name":"wp","href":"https:\/\/api.w.org\/{rel}","templated":true}]}}