{"id":4218,"date":"2025-03-18T15:46:14","date_gmt":"2025-03-18T07:46:14","guid":{"rendered":"https:\/\/lydenim.com\/?post_type=product&#038;p=4218"},"modified":"2025-03-18T15:56:14","modified_gmt":"2025-03-18T07:56:14","slug":"4137-cross-10s-slub-denim-durable-comfortable","status":"publish","type":"product","link":"https:\/\/lydenim.com\/fr\/produit\/4137-cross-10s-denim-flamme-durable-et-confortable\/","title":{"rendered":"Denim flamm\u00e9 Cross 10S 4137 \u2013 Durable et confortable"},"content":{"rendered":"<h3 data-start=\"533\" data-end=\"562\"><strong data-start=\"537\" data-end=\"560\">\ud83c\udf0d Pr\u00e9sentation du produit<\/strong><\/h3>\n<ul data-start=\"563\" data-end=\"682\">\n<li data-start=\"563\" data-end=\"594\"><strong data-start=\"565\" data-end=\"582\">Num\u00e9ro de mod\u00e8le :<\/strong> 4137 Bleu<\/li>\n<li data-start=\"595\" data-end=\"662\"><strong data-start=\"597\" data-end=\"622\">Composition du mat\u00e9riau :<\/strong> 65% Coton, 2% \u00c9lasthanne, 33% Polyester<\/li>\n<li data-start=\"663\" data-end=\"682\"><strong data-start=\"665\" data-end=\"675\">Couleur:<\/strong> Bleu<\/li>\n<\/ul>\n<h3 data-start=\"684\" data-end=\"718\"><strong data-start=\"688\" data-end=\"716\">\ud83e\uddf5 Sp\u00e9cifications du tissu<\/strong><\/h3>\n<ul data-start=\"719\" data-end=\"924\">\n<li data-start=\"719\" data-end=\"749\"><strong data-start=\"721\" data-end=\"730\">Taper:<\/strong> Tissu denim 10S<\/li>\n<li data-start=\"750\" data-end=\"773\"><strong data-start=\"752\" data-end=\"765\">Technique:<\/strong> Tiss\u00e9<\/li>\n<li data-start=\"774\" data-end=\"809\"><strong data-start=\"776\" data-end=\"786\">Largeur:<\/strong> 180 cm (70,9 pouces)<\/li>\n<li data-start=\"810\" data-end=\"856\"><strong data-start=\"812\" data-end=\"823\">Poids:<\/strong> Environ 342 g (environ 12,1 oz)<\/li>\n<li data-start=\"857\" data-end=\"880\"><strong data-start=\"859\" data-end=\"874\">Nombre de fils :<\/strong> 10S<\/li>\n<li data-start=\"881\" data-end=\"924\"><strong data-start=\"883\" data-end=\"893\">Style:<\/strong> Flamme horizontale et verticale<\/li>\n<\/ul>\n<h3 data-start=\"926\" data-end=\"952\"><strong data-start=\"930\" data-end=\"950\">\ud83c\udfa8 Style et utilisation<\/strong><\/h3>\n<ul data-start=\"953\" data-end=\"1062\">\n<li data-start=\"953\" data-end=\"1020\"><strong data-start=\"955\" data-end=\"963\">Utiliser:<\/strong> Convient aux v\u00eatements, accessoires et cr\u00e9ations personnalis\u00e9es<\/li>\n<li data-start=\"1021\" data-end=\"1062\"><strong data-start=\"1023\" data-end=\"1041\">Applicable \u00e0 :<\/strong> Hommes et femmes<\/li>\n<\/ul>\n<h3 data-start=\"1064\" data-end=\"1096\"><strong data-start=\"1068\" data-end=\"1094\">\ud83c\udf0d Production et origine<\/strong><\/h3>\n<ul data-start=\"1097\" data-end=\"1162\">\n<li data-start=\"1097\" data-end=\"1127\"><strong data-start=\"1099\" data-end=\"1119\">Lieu d&#039;origine :<\/strong> Chine<\/li>\n<li data-start=\"1128\" data-end=\"1162\"><strong data-start=\"1130\" data-end=\"1146\">Type d&#039;approvisionnement :<\/strong> Fabrication sur commande<\/li>\n<\/ul>\n<h3 data-start=\"1164\" data-end=\"1192\"><strong data-start=\"1168\" data-end=\"1190\">\ud83d\udd11 Notes importantes<\/strong><\/h3>\n<ul data-start=\"1193\" data-end=\"1284\">\n<li data-start=\"1193\" data-end=\"1284\"><strong data-start=\"1195\" data-end=\"1212\">Donn\u00e9es du produit :<\/strong> Les sp\u00e9cifications r\u00e9elles du produit peuvent varier en fonction du lot de production.<\/li>\n<\/ul>","protected":false},"excerpt":{"rendered":"<h3 data-start=\"533\" data-end=\"562\"><strong data-start=\"537\" data-end=\"560\">\ud83c\udf0d Pr\u00e9sentation du produit<\/strong><\/h3>\n<ul data-start=\"563\" data-end=\"682\">\n<li data-start=\"563\" data-end=\"594\"><strong data-start=\"565\" data-end=\"582\">Num\u00e9ro de mod\u00e8le :<\/strong> 4137 Bleu<\/li>\n<li data-start=\"595\" data-end=\"662\"><strong data-start=\"597\" data-end=\"622\">Composition du mat\u00e9riau :<\/strong> 65% Coton, 2% \u00c9lasthanne, 33% Polyester<\/li>\n<li data-start=\"663\" data-end=\"682\"><strong data-start=\"665\" data-end=\"675\">Couleur:<\/strong> Bleu<\/li>\n<\/ul>\n<h3 data-start=\"684\" data-end=\"718\"><strong data-start=\"688\" data-end=\"716\">\ud83e\uddf5 Sp\u00e9cifications du tissu<\/strong><\/h3>\n<ul data-start=\"719\" data-end=\"924\">\n<li data-start=\"719\" data-end=\"749\"><strong data-start=\"721\" data-end=\"730\">Taper:<\/strong> Tissu denim 10S<\/li>\n<li data-start=\"750\" data-end=\"773\"><strong data-start=\"752\" data-end=\"765\">Technique:<\/strong> Tiss\u00e9<\/li>\n<li data-start=\"774\" data-end=\"809\"><strong data-start=\"776\" data-end=\"786\">Largeur:<\/strong> 180 cm (70,9 pouces)<\/li>\n<li data-start=\"810\" data-end=\"856\"><strong data-start=\"812\" data-end=\"823\">Poids:<\/strong> Environ 342 g (environ 12,1 oz)<\/li>\n<li data-start=\"857\" data-end=\"880\"><strong data-start=\"859\" data-end=\"874\">Nombre de fils :<\/strong> 10S<\/li>\n<li data-start=\"881\" data-end=\"924\"><strong data-start=\"883\" data-end=\"893\">Style:<\/strong> Flamme horizontale et verticale<\/li>\n<\/ul>\n<h3 data-start=\"926\" data-end=\"952\"><strong data-start=\"930\" data-end=\"950\">\ud83c\udfa8 Style et utilisation<\/strong><\/h3>\n<ul data-start=\"953\" data-end=\"1062\">\n<li data-start=\"953\" data-end=\"1020\"><strong data-start=\"955\" data-end=\"963\">Utiliser:<\/strong> Convient aux v\u00eatements, accessoires et cr\u00e9ations personnalis\u00e9es<\/li>\n<li data-start=\"1021\" data-end=\"1062\"><strong data-start=\"1023\" data-end=\"1041\">Applicable \u00e0 :<\/strong> Hommes et femmes<\/li>\n<\/ul>\n<h3 data-start=\"1064\" data-end=\"1096\"><strong data-start=\"1068\" data-end=\"1094\">\ud83c\udf0d Production et origine<\/strong><\/h3>\n<ul data-start=\"1097\" data-end=\"1162\">\n<li data-start=\"1097\" data-end=\"1127\"><strong data-start=\"1099\" data-end=\"1119\">Lieu d&#039;origine :<\/strong> Chine<\/li>\n<li data-start=\"1128\" data-end=\"1162\"><strong data-start=\"1130\" data-end=\"1146\">Type d&#039;approvisionnement :<\/strong> Fabrication sur commande<\/li>\n<\/ul>\n<h3 data-start=\"1164\" data-end=\"1192\"><strong data-start=\"1168\" data-end=\"1190\">\ud83d\udd11 Notes importantes<\/strong><\/h3>\n<ul data-start=\"1193\" data-end=\"1284\">\n<li data-start=\"1193\" data-end=\"1284\"><strong data-start=\"1195\" data-end=\"1212\">Donn\u00e9es du produit :<\/strong> Les sp\u00e9cifications r\u00e9elles du produit peuvent varier en fonction du lot de production.<\/li>\n<\/ul>","protected":false},"featured_media":4222,"template":"","meta":[],"product_brand":[],"product_cat":[48,55,41,20,30,31],"product_tag":[],"class_list":{"0":"post-4218","1":"product","2":"type-product","3":"status-publish","4":"has-post-thumbnail","6":"product_cat-10s-oe","7":"product_cat-10s-spuer-siro","8":"product_cat-10s","9":"product_cat-cotton-woven-fabric","10":"product_cat-cotton-polyster-spandex-denim-fabric","11":"product_cat-high-stretch-denim-fabric","13":"first","14":"instock","15":"shipping-taxable","16":"product-type-simple"},"aioseo_notices":[],"_links":{"self":[{"href":"https:\/\/lydenim.com\/fr\/wp-json\/wp\/v2\/product\/4218","targetHints":{"allow":["GET"]}}],"collection":[{"href":"https:\/\/lydenim.com\/fr\/wp-json\/wp\/v2\/product"}],"about":[{"href":"https:\/\/lydenim.com\/fr\/wp-json\/wp\/v2\/types\/product"}],"version-history":[{"count":2,"href":"https:\/\/lydenim.com\/fr\/wp-json\/wp\/v2\/product\/4218\/revisions"}],"predecessor-version":[{"id":4226,"href":"https:\/\/lydenim.com\/fr\/wp-json\/wp\/v2\/product\/4218\/revisions\/4226"}],"wp:featuredmedia":[{"embeddable":true,"href":"https:\/\/lydenim.com\/fr\/wp-json\/wp\/v2\/media\/4222"}],"wp:attachment":[{"href":"https:\/\/lydenim.com\/fr\/wp-json\/wp\/v2\/media?parent=4218"}],"wp:term":[{"taxonomy":"product_brand","embeddable":true,"href":"https:\/\/lydenim.com\/fr\/wp-json\/wp\/v2\/product_brand?post=4218"},{"taxonomy":"product_cat","embeddable":true,"href":"https:\/\/lydenim.com\/fr\/wp-json\/wp\/v2\/product_cat?post=4218"},{"taxonomy":"product_tag","embeddable":true,"href":"https:\/\/lydenim.com\/fr\/wp-json\/wp\/v2\/product_tag?post=4218"}],"curies":[{"name":"wp","href":"https:\/\/api.w.org\/{rel}","templated":true}]}}