{"id":4227,"date":"2025-03-18T16:05:22","date_gmt":"2025-03-18T08:05:22","guid":{"rendered":"https:\/\/lydenim.com\/?post_type=product&#038;p=4227"},"modified":"2025-03-18T16:18:12","modified_gmt":"2025-03-18T08:18:12","slug":"488-29-blue-cross-10s-slub-denim-durable-comfortable","status":"publish","type":"product","link":"https:\/\/lydenim.com\/fr\/produit\/488-29-denim-flamme-bleu-croix-10s-durable-et-confortable\/","title":{"rendered":"Denim flamm\u00e9 Blue Cross 10S 488-29 \u2013 Durable et confortable"},"content":{"rendered":"<h3 data-start=\"602\" data-end=\"631\"><strong data-start=\"606\" data-end=\"629\">\ud83c\udf0d Pr\u00e9sentation du produit<\/strong><\/h3>\n<ul data-start=\"632\" data-end=\"831\">\n<li data-start=\"632\" data-end=\"695\"><strong data-start=\"634\" data-end=\"651\">Num\u00e9ro de mod\u00e8le :<\/strong> 488-29 Bleu \/ 480 Bleu Gris \/ 491-2 Noir<\/li>\n<li data-start=\"696\" data-end=\"793\"><strong data-start=\"698\" data-end=\"723\">Composition du mat\u00e9riau :<\/strong> 62,71 TP3T Coton, 0,91 TP3T Spandex, 3,61 TP3T Fibre r\u00e9g\u00e9n\u00e9r\u00e9e, 32,81 TP3T Polyester<\/li>\n<li data-start=\"794\" data-end=\"831\"><strong data-start=\"796\" data-end=\"806\">Couleur:<\/strong> Bleu, bleu gris, noir<\/li>\n<\/ul>\n<h3 data-start=\"833\" data-end=\"867\"><strong data-start=\"837\" data-end=\"865\">\ud83e\uddf5 Sp\u00e9cifications du tissu<\/strong><\/h3>\n<ul data-start=\"868\" data-end=\"1072\">\n<li data-start=\"868\" data-end=\"898\"><strong data-start=\"870\" data-end=\"879\">Taper:<\/strong> Tissu denim 10S<\/li>\n<li data-start=\"899\" data-end=\"922\"><strong data-start=\"901\" data-end=\"914\">Technique:<\/strong> Tiss\u00e9<\/li>\n<li data-start=\"923\" data-end=\"958\"><strong data-start=\"925\" data-end=\"935\">Largeur:<\/strong> 180 cm (70,9 pouces)<\/li>\n<li data-start=\"959\" data-end=\"1006\"><strong data-start=\"961\" data-end=\"972\">Poids:<\/strong> Environ 352 g (environ 12,4 oz)<\/li>\n<li data-start=\"1007\" data-end=\"1030\"><strong data-start=\"1009\" data-end=\"1024\">Nombre de fils :<\/strong> 10S<\/li>\n<li data-start=\"1031\" data-end=\"1072\"><strong data-start=\"1033\" data-end=\"1043\">Style:<\/strong> Flamme horizontale et verticale<\/li>\n<\/ul>\n<h3 data-start=\"1074\" data-end=\"1100\"><strong data-start=\"1078\" data-end=\"1098\">\ud83c\udfa8 Style et utilisation<\/strong><\/h3>\n<ul data-start=\"1101\" data-end=\"1210\">\n<li data-start=\"1101\" data-end=\"1168\"><strong data-start=\"1103\" data-end=\"1111\">Utiliser:<\/strong> Convient aux v\u00eatements, accessoires et cr\u00e9ations personnalis\u00e9es<\/li>\n<li data-start=\"1169\" data-end=\"1210\"><strong data-start=\"1171\" data-end=\"1189\">Applicable \u00e0 :<\/strong> Hommes et femmes<\/li>\n<\/ul>\n<h3 data-start=\"1212\" data-end=\"1244\"><strong data-start=\"1216\" data-end=\"1242\">\ud83c\udf0d Production et origine<\/strong><\/h3>\n<ul data-start=\"1245\" data-end=\"1310\">\n<li data-start=\"1245\" data-end=\"1275\"><strong data-start=\"1247\" data-end=\"1267\">Lieu d&#039;origine :<\/strong> Chine<\/li>\n<li data-start=\"1276\" data-end=\"1310\"><strong data-start=\"1278\" data-end=\"1294\">Type d&#039;approvisionnement :<\/strong> Fabrication sur commande<\/li>\n<\/ul>\n<h3 data-start=\"1312\" data-end=\"1340\"><strong data-start=\"1316\" data-end=\"1338\">\ud83d\udd11 Notes importantes<\/strong><\/h3>\n<ul data-start=\"1341\" data-end=\"1432\">\n<li data-start=\"1341\" data-end=\"1432\"><strong data-start=\"1343\" data-end=\"1360\">Donn\u00e9es du produit :<\/strong> Les sp\u00e9cifications r\u00e9elles du produit peuvent varier en fonction du lot de production.<\/li>\n<\/ul>","protected":false},"excerpt":{"rendered":"<h3 data-start=\"602\" data-end=\"631\"><strong data-start=\"606\" data-end=\"629\">\ud83c\udf0d Pr\u00e9sentation du produit<\/strong><\/h3>\n<ul data-start=\"632\" data-end=\"831\">\n<li data-start=\"632\" data-end=\"695\"><strong data-start=\"634\" data-end=\"651\">Num\u00e9ro de mod\u00e8le :<\/strong> 488-29 Bleu \/ 480 Bleu Gris \/ 491-2 Noir<\/li>\n<li data-start=\"696\" data-end=\"793\"><strong data-start=\"698\" data-end=\"723\">Composition du mat\u00e9riau :<\/strong> 62,71 TP3T Coton, 0,91 TP3T Spandex, 3,61 TP3T Fibre r\u00e9g\u00e9n\u00e9r\u00e9e, 32,81 TP3T Polyester<\/li>\n<li data-start=\"794\" data-end=\"831\"><strong data-start=\"796\" data-end=\"806\">Couleur:<\/strong> Bleu, bleu gris, noir<\/li>\n<\/ul>\n<h3 data-start=\"833\" data-end=\"867\"><strong data-start=\"837\" data-end=\"865\">\ud83e\uddf5 Sp\u00e9cifications du tissu<\/strong><\/h3>\n<ul data-start=\"868\" data-end=\"1072\">\n<li data-start=\"868\" data-end=\"898\"><strong data-start=\"870\" data-end=\"879\">Taper:<\/strong> Tissu denim 10S<\/li>\n<li data-start=\"899\" data-end=\"922\"><strong data-start=\"901\" data-end=\"914\">Technique:<\/strong> Tiss\u00e9<\/li>\n<li data-start=\"923\" data-end=\"958\"><strong data-start=\"925\" data-end=\"935\">Largeur:<\/strong> 180 cm (70,9 pouces)<\/li>\n<li data-start=\"959\" data-end=\"1006\"><strong data-start=\"961\" data-end=\"972\">Poids:<\/strong> Environ 352 g (environ 12,4 oz)<\/li>\n<li data-start=\"1007\" data-end=\"1030\"><strong data-start=\"1009\" data-end=\"1024\">Nombre de fils :<\/strong> 10S<\/li>\n<li data-start=\"1031\" data-end=\"1072\"><strong data-start=\"1033\" data-end=\"1043\">Style:<\/strong> Flamme horizontale et verticale<\/li>\n<\/ul>\n<h3 data-start=\"1074\" data-end=\"1100\"><strong data-start=\"1078\" data-end=\"1098\">\ud83c\udfa8 Style et utilisation<\/strong><\/h3>\n<ul data-start=\"1101\" data-end=\"1210\">\n<li data-start=\"1101\" data-end=\"1168\"><strong data-start=\"1103\" data-end=\"1111\">Utiliser:<\/strong> Convient aux v\u00eatements, accessoires et cr\u00e9ations personnalis\u00e9es<\/li>\n<li data-start=\"1169\" data-end=\"1210\"><strong data-start=\"1171\" data-end=\"1189\">Applicable \u00e0 :<\/strong> Hommes et femmes<\/li>\n<\/ul>\n<h3 data-start=\"1212\" data-end=\"1244\"><strong data-start=\"1216\" data-end=\"1242\">\ud83c\udf0d Production et origine<\/strong><\/h3>\n<ul data-start=\"1245\" data-end=\"1310\">\n<li data-start=\"1245\" data-end=\"1275\"><strong data-start=\"1247\" data-end=\"1267\">Lieu d&#039;origine :<\/strong> Chine<\/li>\n<li data-start=\"1276\" data-end=\"1310\"><strong data-start=\"1278\" data-end=\"1294\">Type d&#039;approvisionnement :<\/strong> Fabrication sur commande<\/li>\n<\/ul>\n<h3 data-start=\"1312\" data-end=\"1340\"><strong data-start=\"1316\" data-end=\"1338\">\ud83d\udd11 Notes importantes<\/strong><\/h3>\n<ul data-start=\"1341\" data-end=\"1432\">\n<li data-start=\"1341\" data-end=\"1432\"><strong data-start=\"1343\" data-end=\"1360\">Donn\u00e9es du produit :<\/strong> Les sp\u00e9cifications r\u00e9elles du produit peuvent varier en fonction du lot de production.<\/li>\n<\/ul>","protected":false},"featured_media":4228,"template":"","meta":[],"product_brand":[],"product_cat":[48,55,41,20,30,31],"product_tag":[],"class_list":{"0":"post-4227","1":"product","2":"type-product","3":"status-publish","4":"has-post-thumbnail","6":"product_cat-10s-oe","7":"product_cat-10s-spuer-siro","8":"product_cat-10s","9":"product_cat-cotton-woven-fabric","10":"product_cat-cotton-polyster-spandex-denim-fabric","11":"product_cat-high-stretch-denim-fabric","13":"first","14":"instock","15":"shipping-taxable","16":"product-type-simple"},"aioseo_notices":[],"_links":{"self":[{"href":"https:\/\/lydenim.com\/fr\/wp-json\/wp\/v2\/product\/4227","targetHints":{"allow":["GET"]}}],"collection":[{"href":"https:\/\/lydenim.com\/fr\/wp-json\/wp\/v2\/product"}],"about":[{"href":"https:\/\/lydenim.com\/fr\/wp-json\/wp\/v2\/types\/product"}],"version-history":[{"count":1,"href":"https:\/\/lydenim.com\/fr\/wp-json\/wp\/v2\/product\/4227\/revisions"}],"predecessor-version":[{"id":4232,"href":"https:\/\/lydenim.com\/fr\/wp-json\/wp\/v2\/product\/4227\/revisions\/4232"}],"wp:featuredmedia":[{"embeddable":true,"href":"https:\/\/lydenim.com\/fr\/wp-json\/wp\/v2\/media\/4228"}],"wp:attachment":[{"href":"https:\/\/lydenim.com\/fr\/wp-json\/wp\/v2\/media?parent=4227"}],"wp:term":[{"taxonomy":"product_brand","embeddable":true,"href":"https:\/\/lydenim.com\/fr\/wp-json\/wp\/v2\/product_brand?post=4227"},{"taxonomy":"product_cat","embeddable":true,"href":"https:\/\/lydenim.com\/fr\/wp-json\/wp\/v2\/product_cat?post=4227"},{"taxonomy":"product_tag","embeddable":true,"href":"https:\/\/lydenim.com\/fr\/wp-json\/wp\/v2\/product_tag?post=4227"}],"curies":[{"name":"wp","href":"https:\/\/api.w.org\/{rel}","templated":true}]}}