{"id":4248,"date":"2025-03-18T16:24:42","date_gmt":"2025-03-18T08:24:42","guid":{"rendered":"https:\/\/lydenim.com\/?post_type=product&#038;p=4248"},"modified":"2025-03-18T16:34:32","modified_gmt":"2025-03-18T08:34:32","slug":"2902-blue-cross-8s-slub-denim-durable-comfortable","status":"publish","type":"product","link":"https:\/\/lydenim.com\/fr\/produit\/2902-blue-cross-8s-denim-flamme-durable-et-confortable\/","title":{"rendered":"Denim flamm\u00e9 2902 Blue Cross 8S \u2013 Durable et confortable"},"content":{"rendered":"<h3 data-start=\"542\" data-end=\"571\"><strong data-start=\"546\" data-end=\"569\">\ud83c\udf0d Pr\u00e9sentation du produit<\/strong><\/h3>\n<ul data-start=\"572\" data-end=\"739\">\n<li data-start=\"572\" data-end=\"633\"><strong data-start=\"574\" data-end=\"591\">Num\u00e9ro de mod\u00e8le :<\/strong> 2902 Bleu \/ 2903 Bleu Gris \/ 2904 Noir<\/li>\n<li data-start=\"634\" data-end=\"701\"><strong data-start=\"636\" data-end=\"661\">Composition du mat\u00e9riau :<\/strong> 65% Coton, 2% \u00c9lasthanne, 33% Polyester<\/li>\n<li data-start=\"702\" data-end=\"739\"><strong data-start=\"704\" data-end=\"714\">Couleur:<\/strong> Bleu, bleu gris, noir<\/li>\n<\/ul>\n<h3 data-start=\"741\" data-end=\"775\"><strong data-start=\"745\" data-end=\"773\">\ud83e\uddf5 Sp\u00e9cifications du tissu<\/strong><\/h3>\n<ul data-start=\"776\" data-end=\"969\">\n<li data-start=\"776\" data-end=\"805\"><strong data-start=\"778\" data-end=\"787\">Taper:<\/strong> Tissu denim 8S<\/li>\n<li data-start=\"806\" data-end=\"829\"><strong data-start=\"808\" data-end=\"821\">Technique:<\/strong> Tiss\u00e9<\/li>\n<li data-start=\"830\" data-end=\"865\"><strong data-start=\"832\" data-end=\"842\">Largeur:<\/strong> 180 cm (70,9 pouces)<\/li>\n<li data-start=\"866\" data-end=\"904\"><strong data-start=\"868\" data-end=\"879\">Poids:<\/strong> Environ 364 g (12,8 oz)<\/li>\n<li data-start=\"905\" data-end=\"927\"><strong data-start=\"907\" data-end=\"922\">Nombre de fils :<\/strong> 8S<\/li>\n<li data-start=\"928\" data-end=\"969\"><strong data-start=\"930\" data-end=\"940\">Style:<\/strong> Flamme horizontale et verticale<\/li>\n<\/ul>\n<h3 data-start=\"971\" data-end=\"997\"><strong data-start=\"975\" data-end=\"995\">\ud83c\udfa8 Style et utilisation<\/strong><\/h3>\n<ul data-start=\"998\" data-end=\"1107\">\n<li data-start=\"998\" data-end=\"1065\"><strong data-start=\"1000\" data-end=\"1008\">Utiliser:<\/strong> Convient aux v\u00eatements, accessoires et cr\u00e9ations personnalis\u00e9es<\/li>\n<li data-start=\"1066\" data-end=\"1107\"><strong data-start=\"1068\" data-end=\"1086\">Applicable \u00e0 :<\/strong> Hommes et femmes<\/li>\n<\/ul>\n<h3 data-start=\"1109\" data-end=\"1141\"><strong data-start=\"1113\" data-end=\"1139\">\ud83c\udf0d Production et origine<\/strong><\/h3>\n<ul data-start=\"1142\" data-end=\"1207\">\n<li data-start=\"1142\" data-end=\"1172\"><strong data-start=\"1144\" data-end=\"1164\">Lieu d&#039;origine :<\/strong> Chine<\/li>\n<li data-start=\"1173\" data-end=\"1207\"><strong data-start=\"1175\" data-end=\"1191\">Type d&#039;approvisionnement :<\/strong> Fabrication sur commande<\/li>\n<\/ul>\n<h3 data-start=\"1209\" data-end=\"1237\"><strong data-start=\"1213\" data-end=\"1235\">\ud83d\udd11 Notes importantes<\/strong><\/h3>\n<ul data-start=\"1238\" data-end=\"1329\">\n<li data-start=\"1238\" data-end=\"1329\"><strong data-start=\"1240\" data-end=\"1257\">Donn\u00e9es du produit :<\/strong> Les sp\u00e9cifications r\u00e9elles du produit peuvent varier en fonction du lot de production.<\/li>\n<\/ul>","protected":false},"excerpt":{"rendered":"<h3 data-start=\"542\" data-end=\"571\"><strong data-start=\"546\" data-end=\"569\">\ud83c\udf0d Pr\u00e9sentation du produit<\/strong><\/h3>\n<ul data-start=\"572\" data-end=\"739\">\n<li data-start=\"572\" data-end=\"633\"><strong data-start=\"574\" data-end=\"591\">Num\u00e9ro de mod\u00e8le :<\/strong> 2902 Bleu \/ 2903 Bleu Gris \/ 2904 Noir<\/li>\n<li data-start=\"634\" data-end=\"701\"><strong data-start=\"636\" data-end=\"661\">Composition du mat\u00e9riau :<\/strong> 65% Coton, 2% \u00c9lasthanne, 33% Polyester<\/li>\n<li data-start=\"702\" data-end=\"739\"><strong data-start=\"704\" data-end=\"714\">Couleur:<\/strong> Bleu, bleu gris, noir<\/li>\n<\/ul>\n<h3 data-start=\"741\" data-end=\"775\"><strong data-start=\"745\" data-end=\"773\">\ud83e\uddf5 Sp\u00e9cifications du tissu<\/strong><\/h3>\n<ul data-start=\"776\" data-end=\"969\">\n<li data-start=\"776\" data-end=\"805\"><strong data-start=\"778\" data-end=\"787\">Taper:<\/strong> Tissu denim 8S<\/li>\n<li data-start=\"806\" data-end=\"829\"><strong data-start=\"808\" data-end=\"821\">Technique:<\/strong> Tiss\u00e9<\/li>\n<li data-start=\"830\" data-end=\"865\"><strong data-start=\"832\" data-end=\"842\">Largeur:<\/strong> 180 cm (70,9 pouces)<\/li>\n<li data-start=\"866\" data-end=\"904\"><strong data-start=\"868\" data-end=\"879\">Poids:<\/strong> Environ 364 g (12,8 oz)<\/li>\n<li data-start=\"905\" data-end=\"927\"><strong data-start=\"907\" data-end=\"922\">Nombre de fils :<\/strong> 8S<\/li>\n<li data-start=\"928\" data-end=\"969\"><strong data-start=\"930\" data-end=\"940\">Style:<\/strong> Flamme horizontale et verticale<\/li>\n<\/ul>\n<h3 data-start=\"971\" data-end=\"997\"><strong data-start=\"975\" data-end=\"995\">\ud83c\udfa8 Style et utilisation<\/strong><\/h3>\n<ul data-start=\"998\" data-end=\"1107\">\n<li data-start=\"998\" data-end=\"1065\"><strong data-start=\"1000\" data-end=\"1008\">Utiliser:<\/strong> Convient aux v\u00eatements, accessoires et cr\u00e9ations personnalis\u00e9es<\/li>\n<li data-start=\"1066\" data-end=\"1107\"><strong data-start=\"1068\" data-end=\"1086\">Applicable \u00e0 :<\/strong> Hommes et femmes<\/li>\n<\/ul>\n<h3 data-start=\"1109\" data-end=\"1141\"><strong data-start=\"1113\" data-end=\"1139\">\ud83c\udf0d Production et origine<\/strong><\/h3>\n<ul data-start=\"1142\" data-end=\"1207\">\n<li data-start=\"1142\" data-end=\"1172\"><strong data-start=\"1144\" data-end=\"1164\">Lieu d&#039;origine :<\/strong> Chine<\/li>\n<li data-start=\"1173\" data-end=\"1207\"><strong data-start=\"1175\" data-end=\"1191\">Type d&#039;approvisionnement :<\/strong> Fabrication sur commande<\/li>\n<\/ul>\n<h3 data-start=\"1209\" data-end=\"1237\"><strong data-start=\"1213\" data-end=\"1235\">\ud83d\udd11 Notes importantes<\/strong><\/h3>\n<ul data-start=\"1238\" data-end=\"1329\">\n<li data-start=\"1238\" data-end=\"1329\"><strong data-start=\"1240\" data-end=\"1257\">Donn\u00e9es du produit :<\/strong> Les sp\u00e9cifications r\u00e9elles du produit peuvent varier en fonction du lot de production.<\/li>\n<\/ul>","protected":false},"featured_media":4249,"template":"","meta":[],"product_brand":[],"product_cat":[54,47,20,30,31],"product_tag":[],"class_list":{"0":"post-4248","1":"product","2":"type-product","3":"status-publish","4":"has-post-thumbnail","6":"product_cat-8s-spuer-siro","7":"product_cat-8s-oe","8":"product_cat-cotton-woven-fabric","9":"product_cat-cotton-polyster-spandex-denim-fabric","10":"product_cat-high-stretch-denim-fabric","12":"first","13":"instock","14":"shipping-taxable","15":"product-type-simple"},"aioseo_notices":[],"_links":{"self":[{"href":"https:\/\/lydenim.com\/fr\/wp-json\/wp\/v2\/product\/4248","targetHints":{"allow":["GET"]}}],"collection":[{"href":"https:\/\/lydenim.com\/fr\/wp-json\/wp\/v2\/product"}],"about":[{"href":"https:\/\/lydenim.com\/fr\/wp-json\/wp\/v2\/types\/product"}],"version-history":[{"count":1,"href":"https:\/\/lydenim.com\/fr\/wp-json\/wp\/v2\/product\/4248\/revisions"}],"predecessor-version":[{"id":4254,"href":"https:\/\/lydenim.com\/fr\/wp-json\/wp\/v2\/product\/4248\/revisions\/4254"}],"wp:featuredmedia":[{"embeddable":true,"href":"https:\/\/lydenim.com\/fr\/wp-json\/wp\/v2\/media\/4249"}],"wp:attachment":[{"href":"https:\/\/lydenim.com\/fr\/wp-json\/wp\/v2\/media?parent=4248"}],"wp:term":[{"taxonomy":"product_brand","embeddable":true,"href":"https:\/\/lydenim.com\/fr\/wp-json\/wp\/v2\/product_brand?post=4248"},{"taxonomy":"product_cat","embeddable":true,"href":"https:\/\/lydenim.com\/fr\/wp-json\/wp\/v2\/product_cat?post=4248"},{"taxonomy":"product_tag","embeddable":true,"href":"https:\/\/lydenim.com\/fr\/wp-json\/wp\/v2\/product_tag?post=4248"}],"curies":[{"name":"wp","href":"https:\/\/api.w.org\/{rel}","templated":true}]}}