{"id":4475,"date":"2025-03-29T16:03:25","date_gmt":"2025-03-29T08:03:25","guid":{"rendered":"https:\/\/lydenim.com\/?post_type=product&#038;p=4475"},"modified":"2025-03-29T16:06:52","modified_gmt":"2025-03-29T08:06:52","slug":"l99-23t-selvedge-denim","status":"publish","type":"product","link":"https:\/\/lydenim.com\/fr\/produit\/l99-23t-denim-lisiere\/","title":{"rendered":"Tissu denim lisi\u00e8re L99-23T pour v\u00eatements personnalis\u00e9s"},"content":{"rendered":"<h3 data-start=\"482\" data-end=\"511\"><strong data-start=\"486\" data-end=\"509\">\ud83c\udf0d Pr\u00e9sentation du produit<\/strong><\/h3>\n<ul data-start=\"512\" data-end=\"634\">\n<li data-start=\"512\" data-end=\"561\"><strong data-start=\"514\" data-end=\"531\">Num\u00e9ro de mod\u00e8le :<\/strong> L99-23T Denim bleu lisi\u00e8re<\/li>\n<li data-start=\"562\" data-end=\"614\"><strong data-start=\"564\" data-end=\"589\">Composition du mat\u00e9riau :<\/strong> 98% Coton, 2% \u00c9lasthanne<\/li>\n<li data-start=\"615\" data-end=\"634\"><strong data-start=\"617\" data-end=\"627\">Couleur:<\/strong> Bleu<\/li>\n<\/ul>\n<h3 data-start=\"636\" data-end=\"670\"><strong data-start=\"640\" data-end=\"668\">\ud83e\uddf5 Sp\u00e9cifications du tissu<\/strong><\/h3>\n<ul data-start=\"671\" data-end=\"846\">\n<li data-start=\"671\" data-end=\"706\"><strong data-start=\"673\" data-end=\"682\">Taper:<\/strong> Tissu denim \u00e0 lisi\u00e8re<\/li>\n<li data-start=\"707\" data-end=\"730\"><strong data-start=\"709\" data-end=\"722\">Technique:<\/strong> Tiss\u00e9<\/li>\n<li data-start=\"731\" data-end=\"773\"><strong data-start=\"733\" data-end=\"743\">Largeur:<\/strong> 81-84 cm (31,9-33,1 pouces)<\/li>\n<li data-start=\"774\" data-end=\"813\"><strong data-start=\"776\" data-end=\"787\">Poids:<\/strong> Environ 11,8 oz (335 g)<\/li>\n<li data-start=\"814\" data-end=\"846\"><strong data-start=\"816\" data-end=\"831\">Nombre de fils :<\/strong> Personnalisable<\/li>\n<\/ul>\n<h3 data-start=\"848\" data-end=\"874\"><strong data-start=\"852\" data-end=\"872\">\ud83c\udfa8 Style et utilisation<\/strong><\/h3>\n<ul data-start=\"875\" data-end=\"984\">\n<li data-start=\"875\" data-end=\"942\"><strong data-start=\"877\" data-end=\"885\">Utiliser:<\/strong> Convient aux v\u00eatements, accessoires et cr\u00e9ations personnalis\u00e9es<\/li>\n<li data-start=\"943\" data-end=\"984\"><strong data-start=\"945\" data-end=\"963\">Applicable \u00e0 :<\/strong> Hommes et femmes<\/li>\n<\/ul>\n<h3 data-start=\"986\" data-end=\"1018\"><strong data-start=\"990\" data-end=\"1016\">\ud83c\udf0d Production et origine<\/strong><\/h3>\n<ul data-start=\"1019\" data-end=\"1084\">\n<li data-start=\"1019\" data-end=\"1049\"><strong data-start=\"1021\" data-end=\"1041\">Lieu d&#039;origine :<\/strong> Chine<\/li>\n<li data-start=\"1050\" data-end=\"1084\"><strong data-start=\"1052\" data-end=\"1068\">Type d&#039;approvisionnement :<\/strong> Fabrication sur commande<\/li>\n<\/ul>\n<h3 data-start=\"1086\" data-end=\"1114\"><strong data-start=\"1090\" data-end=\"1112\">\ud83d\udd11 Notes importantes<\/strong><\/h3>\n<ul data-start=\"1115\" data-end=\"1206\">\n<li data-start=\"1115\" data-end=\"1206\"><strong data-start=\"1117\" data-end=\"1134\">Donn\u00e9es du produit :<\/strong> Les sp\u00e9cifications r\u00e9elles du produit peuvent varier en fonction du lot de production.<\/li>\n<\/ul>","protected":false},"excerpt":{"rendered":"<h3 data-start=\"482\" data-end=\"511\"><strong data-start=\"486\" data-end=\"509\">\ud83c\udf0d Pr\u00e9sentation du produit<\/strong><\/h3>\n<ul data-start=\"512\" data-end=\"634\">\n<li data-start=\"512\" data-end=\"561\"><strong data-start=\"514\" data-end=\"531\">Num\u00e9ro de mod\u00e8le :<\/strong> L99-238 Denim bleu lisi\u00e8re<\/li>\n<li data-start=\"562\" data-end=\"614\"><strong data-start=\"564\" data-end=\"589\">Composition du mat\u00e9riau :<\/strong> 98% Coton, 2% \u00c9lasthanne<\/li>\n<li data-start=\"615\" data-end=\"634\"><strong data-start=\"617\" data-end=\"627\">Couleur:<\/strong> Bleu<\/li>\n<\/ul>\n<h3 data-start=\"636\" data-end=\"670\"><strong data-start=\"640\" data-end=\"668\">\ud83e\uddf5 Sp\u00e9cifications du tissu<\/strong><\/h3>\n<ul data-start=\"671\" data-end=\"846\">\n<li data-start=\"671\" data-end=\"706\"><strong data-start=\"673\" data-end=\"682\">Taper:<\/strong> Tissu denim \u00e0 lisi\u00e8re<\/li>\n<li data-start=\"707\" data-end=\"730\"><strong data-start=\"709\" data-end=\"722\">Technique:<\/strong> Tiss\u00e9<\/li>\n<li data-start=\"731\" data-end=\"773\"><strong data-start=\"733\" data-end=\"743\">Largeur:<\/strong> 81-84 cm (31,9-33,1 pouces)<\/li>\n<li data-start=\"774\" data-end=\"813\"><strong data-start=\"776\" data-end=\"787\">Poids:<\/strong> Environ 11,8 oz (335 g)<\/li>\n<li data-start=\"814\" data-end=\"846\"><strong data-start=\"816\" data-end=\"831\">Nombre de fils :<\/strong> Personnalisable<\/li>\n<\/ul>\n<h3 data-start=\"848\" data-end=\"874\"><strong data-start=\"852\" data-end=\"872\">\ud83c\udfa8 Style et utilisation<\/strong><\/h3>\n<ul data-start=\"875\" data-end=\"984\">\n<li data-start=\"875\" data-end=\"942\"><strong data-start=\"877\" data-end=\"885\">Utiliser:<\/strong> Convient aux v\u00eatements, accessoires et cr\u00e9ations personnalis\u00e9es<\/li>\n<li data-start=\"943\" data-end=\"984\"><strong data-start=\"945\" data-end=\"963\">Applicable \u00e0 :<\/strong> Hommes et femmes<\/li>\n<\/ul>\n<h3 data-start=\"986\" data-end=\"1018\"><strong data-start=\"990\" data-end=\"1016\">\ud83c\udf0d Production et origine<\/strong><\/h3>\n<ul data-start=\"1019\" data-end=\"1084\">\n<li data-start=\"1019\" data-end=\"1049\"><strong data-start=\"1021\" data-end=\"1041\">Lieu d&#039;origine :<\/strong> Chine<\/li>\n<li data-start=\"1050\" data-end=\"1084\"><strong data-start=\"1052\" data-end=\"1068\">Type d&#039;approvisionnement :<\/strong> Fabrication sur commande<\/li>\n<\/ul>\n<h3 data-start=\"1086\" data-end=\"1114\"><strong data-start=\"1090\" data-end=\"1112\">\ud83d\udd11 Notes importantes<\/strong><\/h3>\n<ul data-start=\"1115\" data-end=\"1206\">\n<li data-start=\"1115\" data-end=\"1206\"><strong data-start=\"1117\" data-end=\"1134\">Donn\u00e9es du produit :<\/strong> Les sp\u00e9cifications r\u00e9elles du produit peuvent varier en fonction du lot de production.<\/li>\n<\/ul>","protected":false},"featured_media":4479,"template":"","meta":[],"product_brand":[],"product_cat":[35,20,37,51,34],"product_tag":[],"class_list":{"0":"post-4475","1":"product","2":"type-product","3":"status-publish","4":"has-post-thumbnail","6":"product_cat-aesthetic-collection","7":"product_cat-cotton-woven-fabric","8":"product_cat-siro","9":"product_cat-spuer-siro","10":"product_cat-twill-fabric","12":"first","13":"instock","14":"shipping-taxable","15":"product-type-simple"},"aioseo_notices":[],"_links":{"self":[{"href":"https:\/\/lydenim.com\/fr\/wp-json\/wp\/v2\/product\/4475","targetHints":{"allow":["GET"]}}],"collection":[{"href":"https:\/\/lydenim.com\/fr\/wp-json\/wp\/v2\/product"}],"about":[{"href":"https:\/\/lydenim.com\/fr\/wp-json\/wp\/v2\/types\/product"}],"version-history":[{"count":1,"href":"https:\/\/lydenim.com\/fr\/wp-json\/wp\/v2\/product\/4475\/revisions"}],"predecessor-version":[{"id":4482,"href":"https:\/\/lydenim.com\/fr\/wp-json\/wp\/v2\/product\/4475\/revisions\/4482"}],"wp:featuredmedia":[{"embeddable":true,"href":"https:\/\/lydenim.com\/fr\/wp-json\/wp\/v2\/media\/4479"}],"wp:attachment":[{"href":"https:\/\/lydenim.com\/fr\/wp-json\/wp\/v2\/media?parent=4475"}],"wp:term":[{"taxonomy":"product_brand","embeddable":true,"href":"https:\/\/lydenim.com\/fr\/wp-json\/wp\/v2\/product_brand?post=4475"},{"taxonomy":"product_cat","embeddable":true,"href":"https:\/\/lydenim.com\/fr\/wp-json\/wp\/v2\/product_cat?post=4475"},{"taxonomy":"product_tag","embeddable":true,"href":"https:\/\/lydenim.com\/fr\/wp-json\/wp\/v2\/product_tag?post=4475"}],"curies":[{"name":"wp","href":"https:\/\/api.w.org\/{rel}","templated":true}]}}