{"id":4514,"date":"2025-03-29T16:25:10","date_gmt":"2025-03-29T08:25:10","guid":{"rendered":"https:\/\/lydenim.com\/?post_type=product&#038;p=4514"},"modified":"2025-03-29T16:27:54","modified_gmt":"2025-03-29T08:27:54","slug":"7726a-selvedge-denim","status":"publish","type":"product","link":"https:\/\/lydenim.com\/fr\/produit\/7726a-denim-lisiere\/","title":{"rendered":"Denim bleu selvedge 7726A \u2013 Id\u00e9al pour les cr\u00e9ations personnalis\u00e9es"},"content":{"rendered":"<h3 data-start=\"457\" data-end=\"486\"><strong data-start=\"461\" data-end=\"484\">\ud83c\udf0d Pr\u00e9sentation du produit<\/strong><\/h3>\n<ul data-start=\"487\" data-end=\"596\">\n<li data-start=\"487\" data-end=\"534\"><strong data-start=\"489\" data-end=\"506\">Num\u00e9ro de mod\u00e8le :<\/strong> 7726A Denim bleu \u00e0 lisi\u00e8re<\/li>\n<li data-start=\"535\" data-end=\"576\"><strong data-start=\"537\" data-end=\"562\">Composition du mat\u00e9riau :<\/strong> Coton 100%<\/li>\n<li data-start=\"577\" data-end=\"596\"><strong data-start=\"579\" data-end=\"589\">Couleur:<\/strong> Bleu<\/li>\n<\/ul>\n<h3 data-start=\"598\" data-end=\"632\"><strong data-start=\"602\" data-end=\"630\">\ud83e\uddf5 Sp\u00e9cifications du tissu<\/strong><\/h3>\n<ul data-start=\"633\" data-end=\"806\">\n<li data-start=\"633\" data-end=\"668\"><strong data-start=\"635\" data-end=\"644\">Taper:<\/strong> Tissu denim \u00e0 lisi\u00e8re<\/li>\n<li data-start=\"669\" data-end=\"692\"><strong data-start=\"671\" data-end=\"684\">Technique:<\/strong> Tiss\u00e9<\/li>\n<li data-start=\"693\" data-end=\"735\"><strong data-start=\"695\" data-end=\"705\">Largeur:<\/strong> 76-78 cm (29,9-30,7 pouces)<\/li>\n<li data-start=\"736\" data-end=\"773\"><strong data-start=\"738\" data-end=\"749\">Poids:<\/strong> Environ 14 oz (397 g)<\/li>\n<li data-start=\"774\" data-end=\"806\"><strong data-start=\"776\" data-end=\"791\">Nombre de fils :<\/strong> Personnalisable<\/li>\n<\/ul>\n<h3 data-start=\"808\" data-end=\"834\"><strong data-start=\"812\" data-end=\"832\">\ud83c\udfa8 Style et utilisation<\/strong><\/h3>\n<ul data-start=\"835\" data-end=\"944\">\n<li data-start=\"835\" data-end=\"902\"><strong data-start=\"837\" data-end=\"845\">Utiliser:<\/strong> Convient aux v\u00eatements, accessoires et cr\u00e9ations personnalis\u00e9es<\/li>\n<li data-start=\"903\" data-end=\"944\"><strong data-start=\"905\" data-end=\"923\">Applicable \u00e0 :<\/strong> Hommes et femmes<\/li>\n<\/ul>\n<h3 data-start=\"946\" data-end=\"978\"><strong data-start=\"950\" data-end=\"976\">\ud83c\udf0d Production et origine<\/strong><\/h3>\n<ul data-start=\"979\" data-end=\"1044\">\n<li data-start=\"979\" data-end=\"1009\"><strong data-start=\"981\" data-end=\"1001\">Lieu d&#039;origine :<\/strong> Chine<\/li>\n<li data-start=\"1010\" data-end=\"1044\"><strong data-start=\"1012\" data-end=\"1028\">Type d&#039;approvisionnement :<\/strong> Fabrication sur commande<\/li>\n<\/ul>\n<h3 data-start=\"1046\" data-end=\"1074\"><strong data-start=\"1050\" data-end=\"1072\">\ud83d\udd11 Notes importantes<\/strong><\/h3>\n<ul data-start=\"1075\" data-end=\"1166\">\n<li data-start=\"1075\" data-end=\"1166\"><strong data-start=\"1077\" data-end=\"1094\">Donn\u00e9es du produit :<\/strong> Les sp\u00e9cifications r\u00e9elles du produit peuvent varier en fonction du lot de production.<\/li>\n<\/ul>","protected":false},"excerpt":{"rendered":"<h3 data-start=\"457\" data-end=\"486\"><strong data-start=\"461\" data-end=\"484\">\ud83c\udf0d Pr\u00e9sentation du produit<\/strong><\/h3>\n<ul data-start=\"487\" data-end=\"596\">\n<li data-start=\"487\" data-end=\"534\"><strong data-start=\"489\" data-end=\"506\">Num\u00e9ro de mod\u00e8le :<\/strong> 7726A Denim bleu \u00e0 lisi\u00e8re<\/li>\n<li data-start=\"535\" data-end=\"576\"><strong data-start=\"537\" data-end=\"562\">Composition du mat\u00e9riau :<\/strong> Coton 100%<\/li>\n<li data-start=\"577\" data-end=\"596\"><strong data-start=\"579\" data-end=\"589\">Couleur:<\/strong> Bleu<\/li>\n<\/ul>\n<h3 data-start=\"598\" data-end=\"632\"><strong data-start=\"602\" data-end=\"630\">\ud83e\uddf5 Sp\u00e9cifications du tissu<\/strong><\/h3>\n<ul data-start=\"633\" data-end=\"806\">\n<li data-start=\"633\" data-end=\"668\"><strong data-start=\"635\" data-end=\"644\">Taper:<\/strong> Tissu denim \u00e0 lisi\u00e8re<\/li>\n<li data-start=\"669\" data-end=\"692\"><strong data-start=\"671\" data-end=\"684\">Technique:<\/strong> Tiss\u00e9<\/li>\n<li data-start=\"693\" data-end=\"735\"><strong data-start=\"695\" data-end=\"705\">Largeur:<\/strong> 76-78 cm (29,9-30,7 pouces)<\/li>\n<li data-start=\"736\" data-end=\"773\"><strong data-start=\"738\" data-end=\"749\">Poids:<\/strong> Environ 14 oz (397 g)<\/li>\n<li data-start=\"774\" data-end=\"806\"><strong data-start=\"776\" data-end=\"791\">Nombre de fils :<\/strong> Personnalisable<\/li>\n<\/ul>\n<h3 data-start=\"808\" data-end=\"834\"><strong data-start=\"812\" data-end=\"832\">\ud83c\udfa8 Style et utilisation<\/strong><\/h3>\n<ul data-start=\"835\" data-end=\"944\">\n<li data-start=\"835\" data-end=\"902\"><strong data-start=\"837\" data-end=\"845\">Utiliser:<\/strong> Convient aux v\u00eatements, accessoires et cr\u00e9ations personnalis\u00e9es<\/li>\n<li data-start=\"903\" data-end=\"944\"><strong data-start=\"905\" data-end=\"923\">Applicable \u00e0 :<\/strong> Hommes et femmes<\/li>\n<\/ul>\n<h3 data-start=\"946\" data-end=\"978\"><strong data-start=\"950\" data-end=\"976\">\ud83c\udf0d Production et origine<\/strong><\/h3>\n<ul data-start=\"979\" data-end=\"1044\">\n<li data-start=\"979\" data-end=\"1009\"><strong data-start=\"981\" data-end=\"1001\">Lieu d&#039;origine :<\/strong> Chine<\/li>\n<li data-start=\"1010\" data-end=\"1044\"><strong data-start=\"1012\" data-end=\"1028\">Type d&#039;approvisionnement :<\/strong> Fabrication sur commande<\/li>\n<\/ul>\n<h3 data-start=\"1046\" data-end=\"1074\"><strong data-start=\"1050\" data-end=\"1072\">\ud83d\udd11 Notes importantes<\/strong><\/h3>\n<ul data-start=\"1075\" data-end=\"1166\">\n<li data-start=\"1075\" data-end=\"1166\"><strong data-start=\"1077\" data-end=\"1094\">Donn\u00e9es du produit :<\/strong> Les sp\u00e9cifications r\u00e9elles du produit peuvent varier en fonction du lot de production.<\/li>\n<\/ul>","protected":false},"featured_media":4511,"template":"","meta":[],"product_brand":[],"product_cat":[35,20,37,51,34],"product_tag":[],"class_list":{"0":"post-4514","1":"product","2":"type-product","3":"status-publish","4":"has-post-thumbnail","6":"product_cat-aesthetic-collection","7":"product_cat-cotton-woven-fabric","8":"product_cat-siro","9":"product_cat-spuer-siro","10":"product_cat-twill-fabric","12":"first","13":"instock","14":"shipping-taxable","15":"product-type-simple"},"aioseo_notices":[],"_links":{"self":[{"href":"https:\/\/lydenim.com\/fr\/wp-json\/wp\/v2\/product\/4514","targetHints":{"allow":["GET"]}}],"collection":[{"href":"https:\/\/lydenim.com\/fr\/wp-json\/wp\/v2\/product"}],"about":[{"href":"https:\/\/lydenim.com\/fr\/wp-json\/wp\/v2\/types\/product"}],"version-history":[{"count":1,"href":"https:\/\/lydenim.com\/fr\/wp-json\/wp\/v2\/product\/4514\/revisions"}],"predecessor-version":[{"id":4515,"href":"https:\/\/lydenim.com\/fr\/wp-json\/wp\/v2\/product\/4514\/revisions\/4515"}],"wp:featuredmedia":[{"embeddable":true,"href":"https:\/\/lydenim.com\/fr\/wp-json\/wp\/v2\/media\/4511"}],"wp:attachment":[{"href":"https:\/\/lydenim.com\/fr\/wp-json\/wp\/v2\/media?parent=4514"}],"wp:term":[{"taxonomy":"product_brand","embeddable":true,"href":"https:\/\/lydenim.com\/fr\/wp-json\/wp\/v2\/product_brand?post=4514"},{"taxonomy":"product_cat","embeddable":true,"href":"https:\/\/lydenim.com\/fr\/wp-json\/wp\/v2\/product_cat?post=4514"},{"taxonomy":"product_tag","embeddable":true,"href":"https:\/\/lydenim.com\/fr\/wp-json\/wp\/v2\/product_tag?post=4514"}],"curies":[{"name":"wp","href":"https:\/\/api.w.org\/{rel}","templated":true}]}}