{"id":4521,"date":"2025-03-29T16:29:38","date_gmt":"2025-03-29T08:29:38","guid":{"rendered":"https:\/\/lydenim.com\/?post_type=product&#038;p=4521"},"modified":"2025-03-29T16:31:20","modified_gmt":"2025-03-29T08:31:20","slug":"73868-blue-selvedge","status":"publish","type":"product","link":"https:\/\/lydenim.com\/fr\/produit\/73868-lisiere-bleue\/","title":{"rendered":"Tissu lisi\u00e8re bleu 73868 \u2013 Id\u00e9al pour les projets de mode"},"content":{"rendered":"<h3 data-start=\"458\" data-end=\"487\"><strong data-start=\"462\" data-end=\"485\">\ud83c\udf0d Pr\u00e9sentation du produit<\/strong><\/h3>\n<ul data-start=\"488\" data-end=\"597\">\n<li data-start=\"488\" data-end=\"535\"><strong data-start=\"490\" data-end=\"507\">Num\u00e9ro de mod\u00e8le :<\/strong> 73868 Denim bleu \u00e0 lisi\u00e8re<\/li>\n<li data-start=\"536\" data-end=\"577\"><strong data-start=\"538\" data-end=\"563\">Composition du mat\u00e9riau :<\/strong> Coton 100%<\/li>\n<li data-start=\"578\" data-end=\"597\"><strong data-start=\"580\" data-end=\"590\">Couleur:<\/strong> Bleu<\/li>\n<\/ul>\n<h3 data-start=\"599\" data-end=\"633\"><strong data-start=\"603\" data-end=\"631\">\ud83e\uddf5 Sp\u00e9cifications du tissu<\/strong><\/h3>\n<ul data-start=\"634\" data-end=\"800\">\n<li data-start=\"634\" data-end=\"669\"><strong data-start=\"636\" data-end=\"645\">Taper:<\/strong> Tissu denim \u00e0 lisi\u00e8re<\/li>\n<li data-start=\"670\" data-end=\"693\"><strong data-start=\"672\" data-end=\"685\">Technique:<\/strong> Tiss\u00e9<\/li>\n<li data-start=\"694\" data-end=\"729\"><strong data-start=\"696\" data-end=\"706\">Largeur:<\/strong> 78,74 cm (31 pouces)<\/li>\n<li data-start=\"730\" data-end=\"767\"><strong data-start=\"732\" data-end=\"743\">Poids:<\/strong> Environ 12 oz (340 g)<\/li>\n<li data-start=\"768\" data-end=\"800\"><strong data-start=\"770\" data-end=\"785\">Nombre de fils :<\/strong> Personnalisable<\/li>\n<\/ul>\n<h3 data-start=\"802\" data-end=\"828\"><strong data-start=\"806\" data-end=\"826\">\ud83c\udfa8 Style et utilisation<\/strong><\/h3>\n<ul data-start=\"829\" data-end=\"938\">\n<li data-start=\"829\" data-end=\"896\"><strong data-start=\"831\" data-end=\"839\">Utiliser:<\/strong> Convient aux v\u00eatements, accessoires et cr\u00e9ations personnalis\u00e9es<\/li>\n<li data-start=\"897\" data-end=\"938\"><strong data-start=\"899\" data-end=\"917\">Applicable \u00e0 :<\/strong> Hommes et femmes<\/li>\n<\/ul>\n<h3 data-start=\"940\" data-end=\"972\"><strong data-start=\"944\" data-end=\"970\">\ud83c\udf0d Production et origine<\/strong><\/h3>\n<ul data-start=\"973\" data-end=\"1038\">\n<li data-start=\"973\" data-end=\"1003\"><strong data-start=\"975\" data-end=\"995\">Lieu d&#039;origine :<\/strong> Chine<\/li>\n<li data-start=\"1004\" data-end=\"1038\"><strong data-start=\"1006\" data-end=\"1022\">Type d&#039;approvisionnement :<\/strong> Fabrication sur commande<\/li>\n<\/ul>\n<h3 data-start=\"1040\" data-end=\"1068\"><strong data-start=\"1044\" data-end=\"1066\">\ud83d\udd11 Notes importantes<\/strong><\/h3>\n<ul data-start=\"1069\" data-end=\"1160\">\n<li data-start=\"1069\" data-end=\"1160\"><strong data-start=\"1071\" data-end=\"1088\">Donn\u00e9es du produit :<\/strong> Les sp\u00e9cifications r\u00e9elles du produit peuvent varier en fonction du lot de production.<\/li>\n<\/ul>","protected":false},"excerpt":{"rendered":"<h3 data-start=\"458\" data-end=\"487\"><strong data-start=\"462\" data-end=\"485\">\ud83c\udf0d Pr\u00e9sentation du produit<\/strong><\/h3>\n<ul data-start=\"488\" data-end=\"597\">\n<li data-start=\"488\" data-end=\"535\"><strong data-start=\"490\" data-end=\"507\">Num\u00e9ro de mod\u00e8le :<\/strong> 73868 Denim bleu \u00e0 lisi\u00e8re<\/li>\n<li data-start=\"536\" data-end=\"577\"><strong data-start=\"538\" data-end=\"563\">Composition du mat\u00e9riau :<\/strong> Coton 100%<\/li>\n<li data-start=\"578\" data-end=\"597\"><strong data-start=\"580\" data-end=\"590\">Couleur:<\/strong> Bleu<\/li>\n<\/ul>\n<h3 data-start=\"599\" data-end=\"633\"><strong data-start=\"603\" data-end=\"631\">\ud83e\uddf5 Sp\u00e9cifications du tissu<\/strong><\/h3>\n<ul data-start=\"634\" data-end=\"800\">\n<li data-start=\"634\" data-end=\"669\"><strong data-start=\"636\" data-end=\"645\">Taper:<\/strong> Tissu denim \u00e0 lisi\u00e8re<\/li>\n<li data-start=\"670\" data-end=\"693\"><strong data-start=\"672\" data-end=\"685\">Technique:<\/strong> Tiss\u00e9<\/li>\n<li data-start=\"694\" data-end=\"729\"><strong data-start=\"696\" data-end=\"706\">Largeur:<\/strong> 78,74 cm (31 pouces)<\/li>\n<li data-start=\"730\" data-end=\"767\"><strong data-start=\"732\" data-end=\"743\">Poids:<\/strong> Environ 12 oz (340 g)<\/li>\n<li data-start=\"768\" data-end=\"800\"><strong data-start=\"770\" data-end=\"785\">Nombre de fils :<\/strong> Personnalisable<\/li>\n<\/ul>\n<h3 data-start=\"802\" data-end=\"828\"><strong data-start=\"806\" data-end=\"826\">\ud83c\udfa8 Style et utilisation<\/strong><\/h3>\n<ul data-start=\"829\" data-end=\"938\">\n<li data-start=\"829\" data-end=\"896\"><strong data-start=\"831\" data-end=\"839\">Utiliser:<\/strong> Convient aux v\u00eatements, accessoires et cr\u00e9ations personnalis\u00e9es<\/li>\n<li data-start=\"897\" data-end=\"938\"><strong data-start=\"899\" data-end=\"917\">Applicable \u00e0 :<\/strong> Hommes et femmes<\/li>\n<\/ul>\n<h3 data-start=\"940\" data-end=\"972\"><strong data-start=\"944\" data-end=\"970\">\ud83c\udf0d Production et origine<\/strong><\/h3>\n<ul data-start=\"973\" data-end=\"1038\">\n<li data-start=\"973\" data-end=\"1003\"><strong data-start=\"975\" data-end=\"995\">Lieu d&#039;origine :<\/strong> Chine<\/li>\n<li data-start=\"1004\" data-end=\"1038\"><strong data-start=\"1006\" data-end=\"1022\">Type d&#039;approvisionnement :<\/strong> Fabrication sur commande<\/li>\n<\/ul>\n<h3 data-start=\"1040\" data-end=\"1068\"><strong data-start=\"1044\" data-end=\"1066\">\ud83d\udd11 Notes importantes<\/strong><\/h3>\n<ul data-start=\"1069\" data-end=\"1160\">\n<li data-start=\"1069\" data-end=\"1160\"><strong data-start=\"1071\" data-end=\"1088\">Donn\u00e9es du produit :<\/strong> Les sp\u00e9cifications r\u00e9elles du produit peuvent varier en fonction du lot de production.<\/li>\n<\/ul>","protected":false},"featured_media":4518,"template":"","meta":[],"product_brand":[],"product_cat":[35,20,37,51,34],"product_tag":[],"class_list":{"0":"post-4521","1":"product","2":"type-product","3":"status-publish","4":"has-post-thumbnail","6":"product_cat-aesthetic-collection","7":"product_cat-cotton-woven-fabric","8":"product_cat-siro","9":"product_cat-spuer-siro","10":"product_cat-twill-fabric","12":"first","13":"instock","14":"shipping-taxable","15":"product-type-simple"},"aioseo_notices":[],"_links":{"self":[{"href":"https:\/\/lydenim.com\/fr\/wp-json\/wp\/v2\/product\/4521","targetHints":{"allow":["GET"]}}],"collection":[{"href":"https:\/\/lydenim.com\/fr\/wp-json\/wp\/v2\/product"}],"about":[{"href":"https:\/\/lydenim.com\/fr\/wp-json\/wp\/v2\/types\/product"}],"version-history":[{"count":1,"href":"https:\/\/lydenim.com\/fr\/wp-json\/wp\/v2\/product\/4521\/revisions"}],"predecessor-version":[{"id":4522,"href":"https:\/\/lydenim.com\/fr\/wp-json\/wp\/v2\/product\/4521\/revisions\/4522"}],"wp:featuredmedia":[{"embeddable":true,"href":"https:\/\/lydenim.com\/fr\/wp-json\/wp\/v2\/media\/4518"}],"wp:attachment":[{"href":"https:\/\/lydenim.com\/fr\/wp-json\/wp\/v2\/media?parent=4521"}],"wp:term":[{"taxonomy":"product_brand","embeddable":true,"href":"https:\/\/lydenim.com\/fr\/wp-json\/wp\/v2\/product_brand?post=4521"},{"taxonomy":"product_cat","embeddable":true,"href":"https:\/\/lydenim.com\/fr\/wp-json\/wp\/v2\/product_cat?post=4521"},{"taxonomy":"product_tag","embeddable":true,"href":"https:\/\/lydenim.com\/fr\/wp-json\/wp\/v2\/product_tag?post=4521"}],"curies":[{"name":"wp","href":"https:\/\/api.w.org\/{rel}","templated":true}]}}