{"id":4538,"date":"2025-03-29T16:39:50","date_gmt":"2025-03-29T08:39:50","guid":{"rendered":"https:\/\/lydenim.com\/?post_type=product&#038;p=4538"},"modified":"2025-03-29T16:42:49","modified_gmt":"2025-03-29T08:42:49","slug":"a7389k-2a-black-selvedge","status":"publish","type":"product","link":"https:\/\/lydenim.com\/fr\/produit\/a7389k-2a-lisiere-noire\/","title":{"rendered":"A7389K-2A Denim Selvedge noir"},"content":{"rendered":"<h3 data-start=\"453\" data-end=\"482\"><strong data-start=\"457\" data-end=\"480\">\ud83c\udf0d Pr\u00e9sentation du produit<\/strong><\/h3>\n<ul data-start=\"483\" data-end=\"615\">\n<li data-start=\"483\" data-end=\"553\"><strong data-start=\"485\" data-end=\"502\">Num\u00e9ro de mod\u00e8le :<\/strong> A7389K-2A Denim noir devant, lisi\u00e8re noire derri\u00e8re<\/li>\n<li data-start=\"554\" data-end=\"595\"><strong data-start=\"556\" data-end=\"581\">Composition du mat\u00e9riau :<\/strong> Coton 100%<\/li>\n<li data-start=\"596\" data-end=\"615\"><strong data-start=\"598\" data-end=\"608\">Couleur:<\/strong> Noir<\/li>\n<\/ul>\n<h3 data-start=\"617\" data-end=\"651\"><strong data-start=\"621\" data-end=\"649\">\ud83e\uddf5 Sp\u00e9cifications du tissu<\/strong><\/h3>\n<ul data-start=\"652\" data-end=\"813\">\n<li data-start=\"652\" data-end=\"680\"><strong data-start=\"654\" data-end=\"663\">Taper:<\/strong> Denim Selvedge<\/li>\n<li data-start=\"681\" data-end=\"704\"><strong data-start=\"683\" data-end=\"696\">Technique:<\/strong> Tiss\u00e9<\/li>\n<li data-start=\"705\" data-end=\"740\"><strong data-start=\"707\" data-end=\"717\">Largeur:<\/strong> 83,82 cm (33 pouces)<\/li>\n<li data-start=\"741\" data-end=\"780\"><strong data-start=\"743\" data-end=\"754\">Poids:<\/strong> Environ 13,8 oz (391 g)<\/li>\n<li data-start=\"781\" data-end=\"813\"><strong data-start=\"783\" data-end=\"798\">Nombre de fils :<\/strong> Personnalisable<\/li>\n<\/ul>\n<h3 data-start=\"815\" data-end=\"841\"><strong data-start=\"819\" data-end=\"839\">\ud83c\udfa8 Style et utilisation<\/strong><\/h3>\n<ul data-start=\"842\" data-end=\"951\">\n<li data-start=\"842\" data-end=\"909\"><strong data-start=\"844\" data-end=\"852\">Utiliser:<\/strong> Convient aux v\u00eatements, accessoires et cr\u00e9ations personnalis\u00e9es<\/li>\n<li data-start=\"910\" data-end=\"951\"><strong data-start=\"912\" data-end=\"930\">Applicable \u00e0 :<\/strong> Hommes et femmes<\/li>\n<\/ul>\n<h3 data-start=\"953\" data-end=\"985\"><strong data-start=\"957\" data-end=\"983\">\ud83c\udf0d Production et origine<\/strong><\/h3>\n<ul data-start=\"986\" data-end=\"1051\">\n<li data-start=\"986\" data-end=\"1016\"><strong data-start=\"988\" data-end=\"1008\">Lieu d&#039;origine :<\/strong> Chine<\/li>\n<li data-start=\"1017\" data-end=\"1051\"><strong data-start=\"1019\" data-end=\"1035\">Type d&#039;approvisionnement :<\/strong> Fabrication sur commande<\/li>\n<\/ul>\n<h3 data-start=\"1053\" data-end=\"1081\"><strong data-start=\"1057\" data-end=\"1079\">\ud83d\udd11 Notes importantes<\/strong><\/h3>\n<ul data-start=\"1082\" data-end=\"1173\">\n<li data-start=\"1082\" data-end=\"1173\"><strong data-start=\"1084\" data-end=\"1101\">Donn\u00e9es du produit :<\/strong> Les sp\u00e9cifications r\u00e9elles du produit peuvent varier en fonction du lot de production.<\/li>\n<\/ul>","protected":false},"excerpt":{"rendered":"<h3 data-start=\"453\" data-end=\"482\"><strong data-start=\"457\" data-end=\"480\">\ud83c\udf0d Pr\u00e9sentation du produit<\/strong><\/h3>\n<ul data-start=\"483\" data-end=\"615\">\n<li data-start=\"483\" data-end=\"553\"><strong data-start=\"485\" data-end=\"502\">Num\u00e9ro de mod\u00e8le :<\/strong> A7389K-2A Denim noir devant, lisi\u00e8re noire derri\u00e8re<\/li>\n<li data-start=\"554\" data-end=\"595\"><strong data-start=\"556\" data-end=\"581\">Composition du mat\u00e9riau :<\/strong> Coton 100%<\/li>\n<li data-start=\"596\" data-end=\"615\"><strong data-start=\"598\" data-end=\"608\">Couleur:<\/strong> Noir<\/li>\n<\/ul>\n<h3 data-start=\"617\" data-end=\"651\"><strong data-start=\"621\" data-end=\"649\">\ud83e\uddf5 Sp\u00e9cifications du tissu<\/strong><\/h3>\n<ul data-start=\"652\" data-end=\"813\">\n<li data-start=\"652\" data-end=\"680\"><strong data-start=\"654\" data-end=\"663\">Taper:<\/strong> Denim Selvedge<\/li>\n<li data-start=\"681\" data-end=\"704\"><strong data-start=\"683\" data-end=\"696\">Technique:<\/strong> Tiss\u00e9<\/li>\n<li data-start=\"705\" data-end=\"740\"><strong data-start=\"707\" data-end=\"717\">Largeur:<\/strong> 83,82 cm (33 pouces)<\/li>\n<li data-start=\"741\" data-end=\"780\"><strong data-start=\"743\" data-end=\"754\">Poids:<\/strong> Environ 13,8 oz (391 g)<\/li>\n<li data-start=\"781\" data-end=\"813\"><strong data-start=\"783\" data-end=\"798\">Nombre de fils :<\/strong> Personnalisable<\/li>\n<\/ul>\n<h3 data-start=\"815\" data-end=\"841\"><strong data-start=\"819\" data-end=\"839\">\ud83c\udfa8 Style et utilisation<\/strong><\/h3>\n<ul data-start=\"842\" data-end=\"951\">\n<li data-start=\"842\" data-end=\"909\"><strong data-start=\"844\" data-end=\"852\">Utiliser:<\/strong> Convient aux v\u00eatements, accessoires et cr\u00e9ations personnalis\u00e9es<\/li>\n<li data-start=\"910\" data-end=\"951\"><strong data-start=\"912\" data-end=\"930\">Applicable \u00e0 :<\/strong> Hommes et femmes<\/li>\n<\/ul>\n<h3 data-start=\"953\" data-end=\"985\"><strong data-start=\"957\" data-end=\"983\">\ud83c\udf0d Production et origine<\/strong><\/h3>\n<ul data-start=\"986\" data-end=\"1051\">\n<li data-start=\"986\" data-end=\"1016\"><strong data-start=\"988\" data-end=\"1008\">Lieu d&#039;origine :<\/strong> Chine<\/li>\n<li data-start=\"1017\" data-end=\"1051\"><strong data-start=\"1019\" data-end=\"1035\">Type d&#039;approvisionnement :<\/strong> Fabrication sur commande<\/li>\n<\/ul>\n<h3 data-start=\"1053\" data-end=\"1081\"><strong data-start=\"1057\" data-end=\"1079\">\ud83d\udd11 Notes importantes<\/strong><\/h3>\n<ul data-start=\"1082\" data-end=\"1173\">\n<li data-start=\"1082\" data-end=\"1173\"><strong data-start=\"1084\" data-end=\"1101\">Donn\u00e9es du produit :<\/strong> Les sp\u00e9cifications r\u00e9elles du produit peuvent varier en fonction du lot de production.<\/li>\n<\/ul>","protected":false},"featured_media":4533,"template":"","meta":[],"product_brand":[],"product_cat":[35,20,37,51,34],"product_tag":[],"class_list":{"0":"post-4538","1":"product","2":"type-product","3":"status-publish","4":"has-post-thumbnail","6":"product_cat-aesthetic-collection","7":"product_cat-cotton-woven-fabric","8":"product_cat-siro","9":"product_cat-spuer-siro","10":"product_cat-twill-fabric","12":"first","13":"instock","14":"shipping-taxable","15":"product-type-simple"},"aioseo_notices":[],"_links":{"self":[{"href":"https:\/\/lydenim.com\/fr\/wp-json\/wp\/v2\/product\/4538","targetHints":{"allow":["GET"]}}],"collection":[{"href":"https:\/\/lydenim.com\/fr\/wp-json\/wp\/v2\/product"}],"about":[{"href":"https:\/\/lydenim.com\/fr\/wp-json\/wp\/v2\/types\/product"}],"version-history":[{"count":1,"href":"https:\/\/lydenim.com\/fr\/wp-json\/wp\/v2\/product\/4538\/revisions"}],"predecessor-version":[{"id":4539,"href":"https:\/\/lydenim.com\/fr\/wp-json\/wp\/v2\/product\/4538\/revisions\/4539"}],"wp:featuredmedia":[{"embeddable":true,"href":"https:\/\/lydenim.com\/fr\/wp-json\/wp\/v2\/media\/4533"}],"wp:attachment":[{"href":"https:\/\/lydenim.com\/fr\/wp-json\/wp\/v2\/media?parent=4538"}],"wp:term":[{"taxonomy":"product_brand","embeddable":true,"href":"https:\/\/lydenim.com\/fr\/wp-json\/wp\/v2\/product_brand?post=4538"},{"taxonomy":"product_cat","embeddable":true,"href":"https:\/\/lydenim.com\/fr\/wp-json\/wp\/v2\/product_cat?post=4538"},{"taxonomy":"product_tag","embeddable":true,"href":"https:\/\/lydenim.com\/fr\/wp-json\/wp\/v2\/product_tag?post=4538"}],"curies":[{"name":"wp","href":"https:\/\/api.w.org\/{rel}","templated":true}]}}