{"id":4662,"date":"2025-04-13T12:30:07","date_gmt":"2025-04-13T04:30:07","guid":{"rendered":"https:\/\/lydenim.com\/?post_type=product&#038;p=4662"},"modified":"2025-04-13T12:49:47","modified_gmt":"2025-04-13T04:49:47","slug":"16s-fade-resistant-non-stretch-slub-lyocell-denim","status":"publish","type":"product","link":"https:\/\/lydenim.com\/fr\/produit\/denim-lyocell-flamme-non-extensible-resistant-a-la-decoloration-16s\/","title":{"rendered":"27155L# 16S Denim Lyocell flamm\u00e9 non extensible r\u00e9sistant \u00e0 la d\u00e9coloration"},"content":{"rendered":"<h3 class=\"\" data-start=\"530\" data-end=\"559\"><strong data-start=\"534\" data-end=\"557\">\ud83c\udf3f Pr\u00e9sentation du produit<\/strong><\/h3>\n<ul data-start=\"560\" data-end=\"662\">\n<li class=\"\" data-start=\"560\" data-end=\"588\">\n<p class=\"\" data-start=\"562\" data-end=\"588\"><strong data-start=\"562\" data-end=\"579\">Num\u00e9ro de mod\u00e8le :<\/strong> 27155L<\/p>\n<\/li>\n<li class=\"\" data-start=\"589\" data-end=\"642\">\n<p class=\"\" data-start=\"591\" data-end=\"642\"><strong data-start=\"591\" data-end=\"616\">Composition du mat\u00e9riau :<\/strong> 63% Coton, 37% Lyocell<\/p>\n<\/li>\n<li class=\"\" data-start=\"643\" data-end=\"662\">\n<p class=\"\" data-start=\"645\" data-end=\"662\"><strong data-start=\"645\" data-end=\"655\">Couleur:<\/strong> Bleu<\/p>\n<\/li>\n<\/ul>\n<h3 class=\"\" data-start=\"664\" data-end=\"698\"><strong data-start=\"668\" data-end=\"696\">\ud83e\uddf5 Sp\u00e9cifications du tissu<\/strong><\/h3>\n<ul data-start=\"699\" data-end=\"935\">\n<li class=\"\" data-start=\"699\" data-end=\"750\">\n<p class=\"\" data-start=\"701\" data-end=\"750\"><strong data-start=\"701\" data-end=\"710\">Taper:<\/strong> Denim Lyocell r\u00e9sistant \u00e0 la lumi\u00e8re et non extensible<\/p>\n<\/li>\n<li class=\"\" data-start=\"751\" data-end=\"774\">\n<p class=\"\" data-start=\"753\" data-end=\"774\"><strong data-start=\"753\" data-end=\"766\">Technique:<\/strong> Tiss\u00e9<\/p>\n<\/li>\n<li class=\"\" data-start=\"775\" data-end=\"796\">\n<p class=\"\" data-start=\"777\" data-end=\"796\"><strong data-start=\"777\" data-end=\"787\">Largeur:<\/strong> 180 cm<\/p>\n<\/li>\n<li class=\"\" data-start=\"797\" data-end=\"818\">\n<p class=\"\" data-start=\"799\" data-end=\"818\"><strong data-start=\"799\" data-end=\"810\">Poids:<\/strong> 237 g<\/p>\n<\/li>\n<li class=\"\" data-start=\"819\" data-end=\"869\">\n<p class=\"\" data-start=\"821\" data-end=\"869\"><strong data-start=\"821\" data-end=\"836\">Nombre de fils :<\/strong> 16S0A Super-Soft Siro Spinning<\/p>\n<\/li>\n<li class=\"\" data-start=\"870\" data-end=\"935\">\n<p class=\"\" data-start=\"872\" data-end=\"935\"><strong data-start=\"872\" data-end=\"882\">Style:<\/strong> Denim Lyocell \u00e0 texture flamm\u00e9e, non extensible et grand teint<\/p>\n<\/li>\n<\/ul>\n<h3 class=\"\" data-start=\"937\" data-end=\"963\"><strong data-start=\"941\" data-end=\"961\">\ud83c\udfa8 Style et utilisation<\/strong><\/h3>\n<ul data-start=\"964\" data-end=\"1073\">\n<li class=\"\" data-start=\"964\" data-end=\"1031\">\n<p class=\"\" data-start=\"966\" data-end=\"1031\"><strong data-start=\"966\" data-end=\"974\">Utiliser:<\/strong> Convient aux v\u00eatements, accessoires et cr\u00e9ations personnalis\u00e9es<\/p>\n<\/li>\n<li class=\"\" data-start=\"1032\" data-end=\"1073\">\n<p class=\"\" data-start=\"1034\" data-end=\"1073\"><strong data-start=\"1034\" data-end=\"1052\">Applicable \u00e0 :<\/strong> Hommes et femmes<\/p>\n<\/li>\n<\/ul>\n<h3 class=\"\" data-start=\"1075\" data-end=\"1107\"><strong data-start=\"1079\" data-end=\"1105\">\ud83c\udf0d Production et origine<\/strong><\/h3>\n<ul data-start=\"1108\" data-end=\"1173\">\n<li class=\"\" data-start=\"1108\" data-end=\"1138\">\n<p class=\"\" data-start=\"1110\" data-end=\"1138\"><strong data-start=\"1110\" data-end=\"1130\">Lieu d&#039;origine :<\/strong> Chine<\/p>\n<\/li>\n<li class=\"\" data-start=\"1139\" data-end=\"1173\">\n<p class=\"\" data-start=\"1141\" data-end=\"1173\"><strong data-start=\"1141\" data-end=\"1157\">Type d&#039;approvisionnement :<\/strong> Fabrication sur commande<\/p>\n<\/li>\n<\/ul>\n<h3 class=\"\" data-start=\"1175\" data-end=\"1203\"><strong data-start=\"1179\" data-end=\"1201\">\ud83d\udd11 Notes importantes<\/strong><\/h3>\n<ul data-start=\"1204\" data-end=\"1287\">\n<li class=\"\" data-start=\"1204\" data-end=\"1287\">\n<p class=\"\" data-start=\"1206\" data-end=\"1287\"><strong data-start=\"1206\" data-end=\"1223\">Donn\u00e9es du produit :<\/strong> Les sp\u00e9cifications r\u00e9elles peuvent varier en fonction du lot de production.<\/p>\n<\/li>\n<\/ul>","protected":false},"excerpt":{"rendered":"<h3 class=\"\" data-start=\"530\" data-end=\"559\"><strong data-start=\"534\" data-end=\"557\">\ud83c\udf3f Pr\u00e9sentation du produit<\/strong><\/h3>\n<ul data-start=\"560\" data-end=\"662\">\n<li class=\"\" data-start=\"560\" data-end=\"588\">\n<p class=\"\" data-start=\"562\" data-end=\"588\"><strong data-start=\"562\" data-end=\"579\">Num\u00e9ro de mod\u00e8le :<\/strong> 27155L<\/p>\n<\/li>\n<li class=\"\" data-start=\"589\" data-end=\"642\">\n<p class=\"\" data-start=\"591\" data-end=\"642\"><strong data-start=\"591\" data-end=\"616\">Composition du mat\u00e9riau :<\/strong> 63% Coton, 37% Lyocell<\/p>\n<\/li>\n<li class=\"\" data-start=\"643\" data-end=\"662\">\n<p class=\"\" data-start=\"645\" data-end=\"662\"><strong data-start=\"645\" data-end=\"655\">Couleur:<\/strong> Bleu<\/p>\n<\/li>\n<\/ul>\n<h3 class=\"\" data-start=\"664\" data-end=\"698\"><strong data-start=\"668\" data-end=\"696\">\ud83e\uddf5 Sp\u00e9cifications du tissu<\/strong><\/h3>\n<ul data-start=\"699\" data-end=\"935\">\n<li class=\"\" data-start=\"699\" data-end=\"750\">\n<p class=\"\" data-start=\"701\" data-end=\"750\"><strong data-start=\"701\" data-end=\"710\">Taper:<\/strong> Denim Lyocell r\u00e9sistant \u00e0 la lumi\u00e8re et non extensible<\/p>\n<\/li>\n<li class=\"\" data-start=\"751\" data-end=\"774\">\n<p class=\"\" data-start=\"753\" data-end=\"774\"><strong data-start=\"753\" data-end=\"766\">Technique:<\/strong> Tiss\u00e9<\/p>\n<\/li>\n<li class=\"\" data-start=\"775\" data-end=\"796\">\n<p class=\"\" data-start=\"777\" data-end=\"796\"><strong data-start=\"777\" data-end=\"787\">Largeur:<\/strong> 180 cm<\/p>\n<\/li>\n<li class=\"\" data-start=\"797\" data-end=\"818\">\n<p class=\"\" data-start=\"799\" data-end=\"818\"><strong data-start=\"799\" data-end=\"810\">Poids:<\/strong> 237 g<\/p>\n<\/li>\n<li class=\"\" data-start=\"819\" data-end=\"869\">\n<p class=\"\" data-start=\"821\" data-end=\"869\"><strong data-start=\"821\" data-end=\"836\">Nombre de fils :<\/strong> 16S0A Super-Soft Siro Spinning<\/p>\n<\/li>\n<li class=\"\" data-start=\"870\" data-end=\"935\">\n<p class=\"\" data-start=\"872\" data-end=\"935\"><strong data-start=\"872\" data-end=\"882\">Style:<\/strong> Denim Lyocell \u00e0 texture flamm\u00e9e, non extensible et grand teint<\/p>\n<\/li>\n<\/ul>\n<h3 class=\"\" data-start=\"937\" data-end=\"963\"><strong data-start=\"941\" data-end=\"961\">\ud83c\udfa8 Style et utilisation<\/strong><\/h3>\n<ul data-start=\"964\" data-end=\"1073\">\n<li class=\"\" data-start=\"964\" data-end=\"1031\">\n<p class=\"\" data-start=\"966\" data-end=\"1031\"><strong data-start=\"966\" data-end=\"974\">Utiliser:<\/strong> Convient aux v\u00eatements, accessoires et cr\u00e9ations personnalis\u00e9es<\/p>\n<\/li>\n<li class=\"\" data-start=\"1032\" data-end=\"1073\">\n<p class=\"\" data-start=\"1034\" data-end=\"1073\"><strong data-start=\"1034\" data-end=\"1052\">Applicable \u00e0 :<\/strong> Hommes et femmes<\/p>\n<\/li>\n<\/ul>\n<h3 class=\"\" data-start=\"1075\" data-end=\"1107\"><strong data-start=\"1079\" data-end=\"1105\">\ud83c\udf0d Production et origine<\/strong><\/h3>\n<ul data-start=\"1108\" data-end=\"1173\">\n<li class=\"\" data-start=\"1108\" data-end=\"1138\">\n<p class=\"\" data-start=\"1110\" data-end=\"1138\"><strong data-start=\"1110\" data-end=\"1130\">Lieu d&#039;origine :<\/strong> Chine<\/p>\n<\/li>\n<li class=\"\" data-start=\"1139\" data-end=\"1173\">\n<p class=\"\" data-start=\"1141\" data-end=\"1173\"><strong data-start=\"1141\" data-end=\"1157\">Type d&#039;approvisionnement :<\/strong> Fabrication sur commande<\/p>\n<\/li>\n<\/ul>\n<h3 class=\"\" data-start=\"1175\" data-end=\"1203\"><strong data-start=\"1179\" data-end=\"1201\">\ud83d\udd11 Notes importantes<\/strong><\/h3>\n<ul data-start=\"1204\" data-end=\"1287\">\n<li class=\"\" data-start=\"1204\" data-end=\"1287\">\n<p class=\"\" data-start=\"1206\" data-end=\"1287\"><strong data-start=\"1206\" data-end=\"1223\">Donn\u00e9es du produit :<\/strong> Les sp\u00e9cifications r\u00e9elles peuvent varier en fonction du lot de production.<\/p>\n<\/li>\n<\/ul>","protected":false},"featured_media":4664,"template":"","meta":[],"product_brand":[],"product_cat":[57,43,40,54,20,30,33,37,51],"product_tag":[],"class_list":{"0":"post-4662","1":"product","2":"type-product","3":"status-publish","4":"has-post-thumbnail","6":"product_cat-16s-spuer-siro","7":"product_cat-16s","8":"product_cat-8s","9":"product_cat-8s-spuer-siro","10":"product_cat-cotton-woven-fabric","11":"product_cat-cotton-polyster-spandex-denim-fabric","12":"product_cat-non-elastic","13":"product_cat-siro","14":"product_cat-spuer-siro","16":"first","17":"instock","18":"shipping-taxable","19":"product-type-simple"},"aioseo_notices":[],"_links":{"self":[{"href":"https:\/\/lydenim.com\/fr\/wp-json\/wp\/v2\/product\/4662","targetHints":{"allow":["GET"]}}],"collection":[{"href":"https:\/\/lydenim.com\/fr\/wp-json\/wp\/v2\/product"}],"about":[{"href":"https:\/\/lydenim.com\/fr\/wp-json\/wp\/v2\/types\/product"}],"version-history":[{"count":2,"href":"https:\/\/lydenim.com\/fr\/wp-json\/wp\/v2\/product\/4662\/revisions"}],"predecessor-version":[{"id":4677,"href":"https:\/\/lydenim.com\/fr\/wp-json\/wp\/v2\/product\/4662\/revisions\/4677"}],"wp:featuredmedia":[{"embeddable":true,"href":"https:\/\/lydenim.com\/fr\/wp-json\/wp\/v2\/media\/4664"}],"wp:attachment":[{"href":"https:\/\/lydenim.com\/fr\/wp-json\/wp\/v2\/media?parent=4662"}],"wp:term":[{"taxonomy":"product_brand","embeddable":true,"href":"https:\/\/lydenim.com\/fr\/wp-json\/wp\/v2\/product_brand?post=4662"},{"taxonomy":"product_cat","embeddable":true,"href":"https:\/\/lydenim.com\/fr\/wp-json\/wp\/v2\/product_cat?post=4662"},{"taxonomy":"product_tag","embeddable":true,"href":"https:\/\/lydenim.com\/fr\/wp-json\/wp\/v2\/product_tag?post=4662"}],"curies":[{"name":"wp","href":"https:\/\/api.w.org\/{rel}","templated":true}]}}