{"id":4678,"date":"2025-04-13T12:50:07","date_gmt":"2025-04-13T04:50:07","guid":{"rendered":"https:\/\/lydenim.com\/?post_type=product&#038;p=4678"},"modified":"2025-04-13T12:54:54","modified_gmt":"2025-04-13T04:54:54","slug":"3220lfade-resistant-slub-denim-21s-yarn","status":"publish","type":"product","link":"https:\/\/lydenim.com\/fr\/produit\/fil-denim-flamme-3220-resistant-a-la-decoloration-21s\/","title":{"rendered":"Fil denim flamm\u00e9 3220L#Fr\u00e9sistant \u00e0 la chaleur 21S"},"content":{"rendered":"<h3 class=\"\" data-start=\"478\" data-end=\"507\">\ud83c\udf3f <strong data-start=\"485\" data-end=\"505\">Pr\u00e9sentation du produit<\/strong><\/h3>\n<ul data-start=\"508\" data-end=\"609\">\n<li class=\"\" data-start=\"508\" data-end=\"535\">\n<p class=\"\" data-start=\"510\" data-end=\"535\"><strong data-start=\"510\" data-end=\"527\">Num\u00e9ro de mod\u00e8le :<\/strong> 3220L<\/p>\n<\/li>\n<li class=\"\" data-start=\"536\" data-end=\"589\">\n<p class=\"\" data-start=\"538\" data-end=\"589\"><strong data-start=\"538\" data-end=\"563\">Composition du mat\u00e9riau :<\/strong> 64% Coton, 36% Lyocell<\/p>\n<\/li>\n<li class=\"\" data-start=\"590\" data-end=\"609\">\n<p class=\"\" data-start=\"592\" data-end=\"609\"><strong data-start=\"592\" data-end=\"602\">Couleur:<\/strong> Bleu<\/p>\n<\/li>\n<\/ul>\n<h3 class=\"\" data-start=\"611\" data-end=\"645\">\ud83e\uddf5 <strong data-start=\"618\" data-end=\"643\">Sp\u00e9cifications du tissu<\/strong><\/h3>\n<ul data-start=\"646\" data-end=\"851\">\n<li class=\"\" data-start=\"646\" data-end=\"695\">\n<p class=\"\" data-start=\"648\" data-end=\"695\"><strong data-start=\"648\" data-end=\"657\">Taper:<\/strong> Denim flamm\u00e9 r\u00e9sistant \u00e0 la lumi\u00e8re et non extensible<\/p>\n<\/li>\n<li class=\"\" data-start=\"696\" data-end=\"719\">\n<p class=\"\" data-start=\"698\" data-end=\"719\"><strong data-start=\"698\" data-end=\"711\">Technique:<\/strong> Tiss\u00e9<\/p>\n<\/li>\n<li class=\"\" data-start=\"720\" data-end=\"755\">\n<p class=\"\" data-start=\"722\" data-end=\"755\"><strong data-start=\"722\" data-end=\"732\">Largeur:<\/strong> 180 cm (70,9 pouces)<\/p>\n<\/li>\n<li class=\"\" data-start=\"756\" data-end=\"777\">\n<p class=\"\" data-start=\"758\" data-end=\"777\"><strong data-start=\"758\" data-end=\"769\">Poids:<\/strong> 207 g<\/p>\n<\/li>\n<li class=\"\" data-start=\"778\" data-end=\"801\">\n<p class=\"\" data-start=\"780\" data-end=\"801\"><strong data-start=\"780\" data-end=\"795\">Nombre de fils :<\/strong> 21S<\/p>\n<\/li>\n<li class=\"\" data-start=\"802\" data-end=\"851\">\n<p class=\"\" data-start=\"804\" data-end=\"851\"><strong data-start=\"804\" data-end=\"814\">Style:<\/strong> Durable, non extensible, texture flamm\u00e9e<\/p>\n<\/li>\n<\/ul>\n<h3 class=\"\" data-start=\"853\" data-end=\"879\">\ud83c\udfa8 <strong data-start=\"860\" data-end=\"877\">Style et utilisation<\/strong><\/h3>\n<ul data-start=\"880\" data-end=\"989\">\n<li class=\"\" data-start=\"880\" data-end=\"947\">\n<p class=\"\" data-start=\"882\" data-end=\"947\"><strong data-start=\"882\" data-end=\"890\">Utiliser:<\/strong> Convient aux v\u00eatements, accessoires et cr\u00e9ations personnalis\u00e9es<\/p>\n<\/li>\n<li class=\"\" data-start=\"948\" data-end=\"989\">\n<p class=\"\" data-start=\"950\" data-end=\"989\"><strong data-start=\"950\" data-end=\"968\">Applicable \u00e0 :<\/strong> Hommes et femmes<\/p>\n<\/li>\n<\/ul>\n<h3 class=\"\" data-start=\"991\" data-end=\"1023\">\ud83c\udf0d <strong data-start=\"998\" data-end=\"1021\">Production et origine<\/strong><\/h3>\n<ul data-start=\"1024\" data-end=\"1089\">\n<li class=\"\" data-start=\"1024\" data-end=\"1054\">\n<p class=\"\" data-start=\"1026\" data-end=\"1054\"><strong data-start=\"1026\" data-end=\"1046\">Lieu d&#039;origine :<\/strong> Chine<\/p>\n<\/li>\n<li class=\"\" data-start=\"1055\" data-end=\"1089\">\n<p class=\"\" data-start=\"1057\" data-end=\"1089\"><strong data-start=\"1057\" data-end=\"1073\">Type d&#039;approvisionnement :<\/strong> Fabrication sur commande<\/p>\n<\/li>\n<\/ul>\n<h3 class=\"\" data-start=\"1091\" data-end=\"1119\">\ud83d\udd11 <strong data-start=\"1098\" data-end=\"1117\">Notes importantes<\/strong><\/h3>\n<ul data-start=\"1120\" data-end=\"1206\">\n<li class=\"\" data-start=\"1120\" data-end=\"1206\">\n<p class=\"\" data-start=\"1122\" data-end=\"1206\"><strong data-start=\"1122\" data-end=\"1139\">Donn\u00e9es du produit :<\/strong> Les mesures r\u00e9elles peuvent varier l\u00e9g\u00e8rement en raison des lots de production.<\/p>\n<\/li>\n<\/ul>","protected":false},"excerpt":{"rendered":"<h3 class=\"\" data-start=\"478\" data-end=\"507\">\ud83c\udf3f <strong data-start=\"485\" data-end=\"505\">Pr\u00e9sentation du produit<\/strong><\/h3>\n<ul data-start=\"508\" data-end=\"609\">\n<li class=\"\" data-start=\"508\" data-end=\"535\">\n<p class=\"\" data-start=\"510\" data-end=\"535\"><strong data-start=\"510\" data-end=\"527\">Num\u00e9ro de mod\u00e8le :<\/strong> 3220L<\/p>\n<\/li>\n<li class=\"\" data-start=\"536\" data-end=\"589\">\n<p class=\"\" data-start=\"538\" data-end=\"589\"><strong data-start=\"538\" data-end=\"563\">Composition du mat\u00e9riau :<\/strong> 64% Coton, 36% Lyocell<\/p>\n<\/li>\n<li class=\"\" data-start=\"590\" data-end=\"609\">\n<p class=\"\" data-start=\"592\" data-end=\"609\"><strong data-start=\"592\" data-end=\"602\">Couleur:<\/strong> Bleu<\/p>\n<\/li>\n<\/ul>\n<h3 class=\"\" data-start=\"611\" data-end=\"645\">\ud83e\uddf5 <strong data-start=\"618\" data-end=\"643\">Sp\u00e9cifications du tissu<\/strong><\/h3>\n<ul data-start=\"646\" data-end=\"851\">\n<li class=\"\" data-start=\"646\" data-end=\"695\">\n<p class=\"\" data-start=\"648\" data-end=\"695\"><strong data-start=\"648\" data-end=\"657\">Taper:<\/strong> Denim flamm\u00e9 r\u00e9sistant \u00e0 la lumi\u00e8re et non extensible<\/p>\n<\/li>\n<li class=\"\" data-start=\"696\" data-end=\"719\">\n<p class=\"\" data-start=\"698\" data-end=\"719\"><strong data-start=\"698\" data-end=\"711\">Technique:<\/strong> Tiss\u00e9<\/p>\n<\/li>\n<li class=\"\" data-start=\"720\" data-end=\"755\">\n<p class=\"\" data-start=\"722\" data-end=\"755\"><strong data-start=\"722\" data-end=\"732\">Largeur:<\/strong> 180 cm (70,9 pouces)<\/p>\n<\/li>\n<li class=\"\" data-start=\"756\" data-end=\"777\">\n<p class=\"\" data-start=\"758\" data-end=\"777\"><strong data-start=\"758\" data-end=\"769\">Poids:<\/strong> 207 g<\/p>\n<\/li>\n<li class=\"\" data-start=\"778\" data-end=\"801\">\n<p class=\"\" data-start=\"780\" data-end=\"801\"><strong data-start=\"780\" data-end=\"795\">Nombre de fils :<\/strong> 21S<\/p>\n<\/li>\n<li class=\"\" data-start=\"802\" data-end=\"851\">\n<p class=\"\" data-start=\"804\" data-end=\"851\"><strong data-start=\"804\" data-end=\"814\">Style:<\/strong> Durable, non extensible, texture flamm\u00e9e<\/p>\n<\/li>\n<\/ul>\n<h3 class=\"\" data-start=\"853\" data-end=\"879\">\ud83c\udfa8 <strong data-start=\"860\" data-end=\"877\">Style et utilisation<\/strong><\/h3>\n<ul data-start=\"880\" data-end=\"989\">\n<li class=\"\" data-start=\"880\" data-end=\"947\">\n<p class=\"\" data-start=\"882\" data-end=\"947\"><strong data-start=\"882\" data-end=\"890\">Utiliser:<\/strong> Convient aux v\u00eatements, accessoires et cr\u00e9ations personnalis\u00e9es<\/p>\n<\/li>\n<li class=\"\" data-start=\"948\" data-end=\"989\">\n<p class=\"\" data-start=\"950\" data-end=\"989\"><strong data-start=\"950\" data-end=\"968\">Applicable \u00e0 :<\/strong> Hommes et femmes<\/p>\n<\/li>\n<\/ul>\n<h3 class=\"\" data-start=\"991\" data-end=\"1023\">\ud83c\udf0d <strong data-start=\"998\" data-end=\"1021\">Production et origine<\/strong><\/h3>\n<ul data-start=\"1024\" data-end=\"1089\">\n<li class=\"\" data-start=\"1024\" data-end=\"1054\">\n<p class=\"\" data-start=\"1026\" data-end=\"1054\"><strong data-start=\"1026\" data-end=\"1046\">Lieu d&#039;origine :<\/strong> Chine<\/p>\n<\/li>\n<li class=\"\" data-start=\"1055\" data-end=\"1089\">\n<p class=\"\" data-start=\"1057\" data-end=\"1089\"><strong data-start=\"1057\" data-end=\"1073\">Type d&#039;approvisionnement :<\/strong> Fabrication sur commande<\/p>\n<\/li>\n<\/ul>\n<h3 class=\"\" data-start=\"1091\" data-end=\"1119\">\ud83d\udd11 <strong data-start=\"1098\" data-end=\"1117\">Notes importantes<\/strong><\/h3>\n<ul data-start=\"1120\" data-end=\"1206\">\n<li class=\"\" data-start=\"1120\" data-end=\"1206\">\n<p class=\"\" data-start=\"1122\" data-end=\"1206\"><strong data-start=\"1122\" data-end=\"1139\">Donn\u00e9es du produit :<\/strong> Les mesures r\u00e9elles peuvent varier l\u00e9g\u00e8rement en raison des lots de production.<\/p>\n<\/li>\n<\/ul>","protected":false},"featured_media":4680,"template":"","meta":[],"product_brand":[],"product_cat":[43,57,20,30,33,37,51],"product_tag":[],"class_list":{"0":"post-4678","1":"product","2":"type-product","3":"status-publish","4":"has-post-thumbnail","6":"product_cat-16s","7":"product_cat-16s-spuer-siro","8":"product_cat-cotton-woven-fabric","9":"product_cat-cotton-polyster-spandex-denim-fabric","10":"product_cat-non-elastic","11":"product_cat-siro","12":"product_cat-spuer-siro","14":"first","15":"instock","16":"shipping-taxable","17":"product-type-simple"},"aioseo_notices":[],"_links":{"self":[{"href":"https:\/\/lydenim.com\/fr\/wp-json\/wp\/v2\/product\/4678","targetHints":{"allow":["GET"]}}],"collection":[{"href":"https:\/\/lydenim.com\/fr\/wp-json\/wp\/v2\/product"}],"about":[{"href":"https:\/\/lydenim.com\/fr\/wp-json\/wp\/v2\/types\/product"}],"version-history":[{"count":1,"href":"https:\/\/lydenim.com\/fr\/wp-json\/wp\/v2\/product\/4678\/revisions"}],"predecessor-version":[{"id":4683,"href":"https:\/\/lydenim.com\/fr\/wp-json\/wp\/v2\/product\/4678\/revisions\/4683"}],"wp:featuredmedia":[{"embeddable":true,"href":"https:\/\/lydenim.com\/fr\/wp-json\/wp\/v2\/media\/4680"}],"wp:attachment":[{"href":"https:\/\/lydenim.com\/fr\/wp-json\/wp\/v2\/media?parent=4678"}],"wp:term":[{"taxonomy":"product_brand","embeddable":true,"href":"https:\/\/lydenim.com\/fr\/wp-json\/wp\/v2\/product_brand?post=4678"},{"taxonomy":"product_cat","embeddable":true,"href":"https:\/\/lydenim.com\/fr\/wp-json\/wp\/v2\/product_cat?post=4678"},{"taxonomy":"product_tag","embeddable":true,"href":"https:\/\/lydenim.com\/fr\/wp-json\/wp\/v2\/product_tag?post=4678"}],"curies":[{"name":"wp","href":"https:\/\/api.w.org\/{rel}","templated":true}]}}