{"id":4684,"date":"2025-04-13T12:57:00","date_gmt":"2025-04-13T04:57:00","guid":{"rendered":"https:\/\/lydenim.com\/?post_type=product&#038;p=4684"},"modified":"2025-04-13T13:05:50","modified_gmt":"2025-04-13T05:05:50","slug":"3131-2fade-resistant-twill-denim-21s-yarn","status":"publish","type":"product","link":"https:\/\/lydenim.com\/fr\/produit\/3131-2fil-denim-serge-resistant-a-la-decoloration-21s\/","title":{"rendered":"Fil denim serg\u00e9 r\u00e9sistant 3131-2#F 21S"},"content":{"rendered":"<h3 class=\"\" data-start=\"455\" data-end=\"482\"><strong data-start=\"459\" data-end=\"482\">\ud83c\udf0d Pr\u00e9sentation du produit<\/strong><\/h3>\n<ul data-start=\"484\" data-end=\"586\">\n<li class=\"\" data-start=\"484\" data-end=\"512\">\n<p class=\"\" data-start=\"486\" data-end=\"512\"><strong data-start=\"486\" data-end=\"503\">Num\u00e9ro de mod\u00e8le :<\/strong> 3131-2<\/p>\n<\/li>\n<li class=\"\" data-start=\"513\" data-end=\"566\">\n<p class=\"\" data-start=\"515\" data-end=\"566\"><strong data-start=\"515\" data-end=\"540\">Composition du mat\u00e9riau :<\/strong> 64% Coton, 36% Lyocell<\/p>\n<\/li>\n<li class=\"\" data-start=\"567\" data-end=\"586\">\n<p class=\"\" data-start=\"569\" data-end=\"586\"><strong data-start=\"569\" data-end=\"579\">Couleur:<\/strong> Bleu<\/p>\n<\/li>\n<\/ul>\n<h3 class=\"\" data-start=\"593\" data-end=\"627\"><strong data-start=\"597\" data-end=\"625\">\ud83e\uddf5 Sp\u00e9cifications du tissu<\/strong><\/h3>\n<ul data-start=\"628\" data-end=\"862\">\n<li class=\"\" data-start=\"628\" data-end=\"690\">\n<p class=\"\" data-start=\"630\" data-end=\"690\"><strong data-start=\"630\" data-end=\"639\">Taper:<\/strong> Denim serg\u00e9 lyocell r\u00e9sistant \u00e0 la d\u00e9coloration et non extensible<\/p>\n<\/li>\n<li class=\"\" data-start=\"691\" data-end=\"714\">\n<p class=\"\" data-start=\"693\" data-end=\"714\"><strong data-start=\"693\" data-end=\"706\">Technique:<\/strong> Tiss\u00e9<\/p>\n<\/li>\n<li class=\"\" data-start=\"715\" data-end=\"736\">\n<p class=\"\" data-start=\"717\" data-end=\"736\"><strong data-start=\"717\" data-end=\"727\">Largeur:<\/strong> 180 cm<\/p>\n<\/li>\n<li class=\"\" data-start=\"737\" data-end=\"758\">\n<p class=\"\" data-start=\"739\" data-end=\"758\"><strong data-start=\"739\" data-end=\"750\">Poids:<\/strong> 202 g<\/p>\n<\/li>\n<li class=\"\" data-start=\"759\" data-end=\"812\">\n<p class=\"\" data-start=\"761\" data-end=\"812\"><strong data-start=\"761\" data-end=\"776\">Nombre de fils :<\/strong> Fil Siro ultra-doux 21s<\/p>\n<\/li>\n<li class=\"\" data-start=\"813\" data-end=\"862\">\n<p class=\"\" data-start=\"815\" data-end=\"862\"><strong data-start=\"815\" data-end=\"825\">Style:<\/strong> R\u00e9sistant \u00e0 la d\u00e9coloration, non extensible, serg\u00e9<\/p>\n<\/li>\n<\/ul>\n<h3 class=\"\" data-start=\"869\" data-end=\"895\"><strong data-start=\"873\" data-end=\"893\">\ud83c\udfa8 Style et utilisation<\/strong><\/h3>\n<ul data-start=\"896\" data-end=\"1005\">\n<li class=\"\" data-start=\"896\" data-end=\"963\">\n<p class=\"\" data-start=\"898\" data-end=\"963\"><strong data-start=\"898\" data-end=\"906\">Utiliser:<\/strong> Convient aux v\u00eatements, accessoires et cr\u00e9ations personnalis\u00e9es<\/p>\n<\/li>\n<li class=\"\" data-start=\"964\" data-end=\"1005\">\n<p class=\"\" data-start=\"966\" data-end=\"1005\"><strong data-start=\"966\" data-end=\"984\">Applicable \u00e0 :<\/strong> Hommes et femmes<\/p>\n<\/li>\n<\/ul>\n<h3 class=\"\" data-start=\"1012\" data-end=\"1044\"><strong data-start=\"1016\" data-end=\"1042\">\ud83c\udf0d Production et origine<\/strong><\/h3>\n<ul data-start=\"1045\" data-end=\"1110\">\n<li class=\"\" data-start=\"1045\" data-end=\"1075\">\n<p class=\"\" data-start=\"1047\" data-end=\"1075\"><strong data-start=\"1047\" data-end=\"1067\">Lieu d&#039;origine :<\/strong> Chine<\/p>\n<\/li>\n<li class=\"\" data-start=\"1076\" data-end=\"1110\">\n<p class=\"\" data-start=\"1078\" data-end=\"1110\"><strong data-start=\"1078\" data-end=\"1094\">Type d&#039;approvisionnement :<\/strong> Fabrication sur commande<\/p>\n<\/li>\n<\/ul>\n<h3 class=\"\" data-start=\"1117\" data-end=\"1145\"><strong data-start=\"1121\" data-end=\"1143\">\ud83d\udd11 Notes importantes<\/strong><\/h3>\n<ul data-start=\"1146\" data-end=\"1239\" data-is-last-node=\"\" data-is-only-node=\"\">\n<li class=\"\" data-start=\"1146\" data-end=\"1239\">\n<p class=\"\" data-start=\"1148\" data-end=\"1239\"><strong data-start=\"1148\" data-end=\"1165\">Donn\u00e9es du produit :<\/strong> Les sp\u00e9cifications r\u00e9elles du produit peuvent varier en fonction du lot de production.<\/p>\n<\/li>\n<\/ul>","protected":false},"excerpt":{"rendered":"<h3 class=\"\" data-start=\"455\" data-end=\"482\"><strong data-start=\"459\" data-end=\"482\">\ud83c\udf0d Pr\u00e9sentation du produit<\/strong><\/h3>\n<ul data-start=\"484\" data-end=\"586\">\n<li class=\"\" data-start=\"484\" data-end=\"512\">\n<p class=\"\" data-start=\"486\" data-end=\"512\"><strong data-start=\"486\" data-end=\"503\">Num\u00e9ro de mod\u00e8le :<\/strong> 3131-2<\/p>\n<\/li>\n<li class=\"\" data-start=\"513\" data-end=\"566\">\n<p class=\"\" data-start=\"515\" data-end=\"566\"><strong data-start=\"515\" data-end=\"540\">Composition du mat\u00e9riau :<\/strong> 64% Coton, 36% Lyocell<\/p>\n<\/li>\n<li class=\"\" data-start=\"567\" data-end=\"586\">\n<p class=\"\" data-start=\"569\" data-end=\"586\"><strong data-start=\"569\" data-end=\"579\">Couleur:<\/strong> Bleu<\/p>\n<\/li>\n<\/ul>\n<h3 class=\"\" data-start=\"593\" data-end=\"627\"><strong data-start=\"597\" data-end=\"625\">\ud83e\uddf5 Sp\u00e9cifications du tissu<\/strong><\/h3>\n<ul data-start=\"628\" data-end=\"862\">\n<li class=\"\" data-start=\"628\" data-end=\"690\">\n<p class=\"\" data-start=\"630\" data-end=\"690\"><strong data-start=\"630\" data-end=\"639\">Taper:<\/strong> Denim serg\u00e9 lyocell r\u00e9sistant \u00e0 la d\u00e9coloration et non extensible<\/p>\n<\/li>\n<li class=\"\" data-start=\"691\" data-end=\"714\">\n<p class=\"\" data-start=\"693\" data-end=\"714\"><strong data-start=\"693\" data-end=\"706\">Technique:<\/strong> Tiss\u00e9<\/p>\n<\/li>\n<li class=\"\" data-start=\"715\" data-end=\"736\">\n<p class=\"\" data-start=\"717\" data-end=\"736\"><strong data-start=\"717\" data-end=\"727\">Largeur:<\/strong> 180 cm<\/p>\n<\/li>\n<li class=\"\" data-start=\"737\" data-end=\"758\">\n<p class=\"\" data-start=\"739\" data-end=\"758\"><strong data-start=\"739\" data-end=\"750\">Poids:<\/strong> 202 g<\/p>\n<\/li>\n<li class=\"\" data-start=\"759\" data-end=\"812\">\n<p class=\"\" data-start=\"761\" data-end=\"812\"><strong data-start=\"761\" data-end=\"776\">Nombre de fils :<\/strong> Fil Siro ultra-doux 21s<\/p>\n<\/li>\n<li class=\"\" data-start=\"813\" data-end=\"862\">\n<p class=\"\" data-start=\"815\" data-end=\"862\"><strong data-start=\"815\" data-end=\"825\">Style:<\/strong> R\u00e9sistant \u00e0 la d\u00e9coloration, non extensible, serg\u00e9<\/p>\n<\/li>\n<\/ul>\n<h3 class=\"\" data-start=\"869\" data-end=\"895\"><strong data-start=\"873\" data-end=\"893\">\ud83c\udfa8 Style et utilisation<\/strong><\/h3>\n<ul data-start=\"896\" data-end=\"1005\">\n<li class=\"\" data-start=\"896\" data-end=\"963\">\n<p class=\"\" data-start=\"898\" data-end=\"963\"><strong data-start=\"898\" data-end=\"906\">Utiliser:<\/strong> Convient aux v\u00eatements, accessoires et cr\u00e9ations personnalis\u00e9es<\/p>\n<\/li>\n<li class=\"\" data-start=\"964\" data-end=\"1005\">\n<p class=\"\" data-start=\"966\" data-end=\"1005\"><strong data-start=\"966\" data-end=\"984\">Applicable \u00e0 :<\/strong> Hommes et femmes<\/p>\n<\/li>\n<\/ul>\n<h3 class=\"\" data-start=\"1012\" data-end=\"1044\"><strong data-start=\"1016\" data-end=\"1042\">\ud83c\udf0d Production et origine<\/strong><\/h3>\n<ul data-start=\"1045\" data-end=\"1110\">\n<li class=\"\" data-start=\"1045\" data-end=\"1075\">\n<p class=\"\" data-start=\"1047\" data-end=\"1075\"><strong data-start=\"1047\" data-end=\"1067\">Lieu d&#039;origine :<\/strong> Chine<\/p>\n<\/li>\n<li class=\"\" data-start=\"1076\" data-end=\"1110\">\n<p class=\"\" data-start=\"1078\" data-end=\"1110\"><strong data-start=\"1078\" data-end=\"1094\">Type d&#039;approvisionnement :<\/strong> Fabrication sur commande<\/p>\n<\/li>\n<\/ul>\n<h3 class=\"\" data-start=\"1117\" data-end=\"1145\"><strong data-start=\"1121\" data-end=\"1143\">\ud83d\udd11 Notes importantes<\/strong><\/h3>\n<ul data-start=\"1146\" data-end=\"1239\" data-is-last-node=\"\" data-is-only-node=\"\">\n<li class=\"\" data-start=\"1146\" data-end=\"1239\">\n<p class=\"\" data-start=\"1148\" data-end=\"1239\"><strong data-start=\"1148\" data-end=\"1165\">Donn\u00e9es du produit :<\/strong> Les sp\u00e9cifications r\u00e9elles du produit peuvent varier en fonction du lot de production.<\/p>\n<\/li>\n<\/ul>","protected":false},"featured_media":4686,"template":"","meta":[],"product_brand":[],"product_cat":[43,57,20,30,33,37,51],"product_tag":[],"class_list":{"0":"post-4684","1":"product","2":"type-product","3":"status-publish","4":"has-post-thumbnail","6":"product_cat-16s","7":"product_cat-16s-spuer-siro","8":"product_cat-cotton-woven-fabric","9":"product_cat-cotton-polyster-spandex-denim-fabric","10":"product_cat-non-elastic","11":"product_cat-siro","12":"product_cat-spuer-siro","14":"first","15":"instock","16":"shipping-taxable","17":"product-type-simple"},"aioseo_notices":[],"_links":{"self":[{"href":"https:\/\/lydenim.com\/fr\/wp-json\/wp\/v2\/product\/4684","targetHints":{"allow":["GET"]}}],"collection":[{"href":"https:\/\/lydenim.com\/fr\/wp-json\/wp\/v2\/product"}],"about":[{"href":"https:\/\/lydenim.com\/fr\/wp-json\/wp\/v2\/types\/product"}],"version-history":[{"count":1,"href":"https:\/\/lydenim.com\/fr\/wp-json\/wp\/v2\/product\/4684\/revisions"}],"predecessor-version":[{"id":4689,"href":"https:\/\/lydenim.com\/fr\/wp-json\/wp\/v2\/product\/4684\/revisions\/4689"}],"wp:featuredmedia":[{"embeddable":true,"href":"https:\/\/lydenim.com\/fr\/wp-json\/wp\/v2\/media\/4686"}],"wp:attachment":[{"href":"https:\/\/lydenim.com\/fr\/wp-json\/wp\/v2\/media?parent=4684"}],"wp:term":[{"taxonomy":"product_brand","embeddable":true,"href":"https:\/\/lydenim.com\/fr\/wp-json\/wp\/v2\/product_brand?post=4684"},{"taxonomy":"product_cat","embeddable":true,"href":"https:\/\/lydenim.com\/fr\/wp-json\/wp\/v2\/product_cat?post=4684"},{"taxonomy":"product_tag","embeddable":true,"href":"https:\/\/lydenim.com\/fr\/wp-json\/wp\/v2\/product_tag?post=4684"}],"curies":[{"name":"wp","href":"https:\/\/api.w.org\/{rel}","templated":true}]}}