{"id":4698,"date":"2025-04-13T13:13:25","date_gmt":"2025-04-13T05:13:25","guid":{"rendered":"https:\/\/lydenim.com\/?post_type=product&#038;p=4698"},"modified":"2025-04-13T13:19:35","modified_gmt":"2025-04-13T05:19:35","slug":"3220l-3-fade-resistant-lyocell-slub-denim","status":"publish","type":"product","link":"https:\/\/lydenim.com\/fr\/produit\/denim-flamme-lyocell-3220l-3-resistant-a-la-decoloration\/","title":{"rendered":"Denim flamm\u00e9 en lyocell r\u00e9sistant \u00e0 la d\u00e9coloration 3220L-3#"},"content":{"rendered":"<h3 class=\"\" data-start=\"478\" data-end=\"503\">\ud83c\udf3f Pr\u00e9sentation du produit<\/h3>\n<ul data-start=\"504\" data-end=\"634\">\n<li class=\"\" data-start=\"504\" data-end=\"533\">\n<p class=\"\" data-start=\"506\" data-end=\"533\"><strong data-start=\"506\" data-end=\"523\">Num\u00e9ro de mod\u00e8le :<\/strong> 3220L-3<\/p>\n<\/li>\n<li class=\"\" data-start=\"534\" data-end=\"614\">\n<p class=\"\" data-start=\"536\" data-end=\"614\"><strong data-start=\"536\" data-end=\"561\">Composition du mat\u00e9riau :<\/strong> 65% Coton, 10% Lyocell, 24% Polyester, 1% \u00c9lasthanne<\/p>\n<\/li>\n<li class=\"\" data-start=\"615\" data-end=\"634\">\n<p class=\"\" data-start=\"617\" data-end=\"634\"><strong data-start=\"617\" data-end=\"627\">Couleur:<\/strong> Bleu<\/p>\n<\/li>\n<\/ul>\n<h3 class=\"\" data-start=\"636\" data-end=\"666\">\ud83e\uddf5 Sp\u00e9cifications du tissu<\/h3>\n<ul data-start=\"667\" data-end=\"873\">\n<li class=\"\" data-start=\"667\" data-end=\"722\">\n<p class=\"\" data-start=\"669\" data-end=\"722\"><strong data-start=\"669\" data-end=\"678\">Taper:<\/strong> Denim Lyocell flamm\u00e9 extensible r\u00e9sistant \u00e0 la d\u00e9coloration<\/p>\n<\/li>\n<li class=\"\" data-start=\"723\" data-end=\"746\">\n<p class=\"\" data-start=\"725\" data-end=\"746\"><strong data-start=\"725\" data-end=\"738\">Technique:<\/strong> Tiss\u00e9<\/p>\n<\/li>\n<li class=\"\" data-start=\"747\" data-end=\"772\">\n<p class=\"\" data-start=\"749\" data-end=\"772\"><strong data-start=\"749\" data-end=\"759\">Largeur:<\/strong> 177\u2013180 cm<\/p>\n<\/li>\n<li class=\"\" data-start=\"773\" data-end=\"802\">\n<p class=\"\" data-start=\"775\" data-end=\"802\"><strong data-start=\"775\" data-end=\"786\">Poids:<\/strong> Environ 202 g<\/p>\n<\/li>\n<li class=\"\" data-start=\"803\" data-end=\"826\">\n<p class=\"\" data-start=\"805\" data-end=\"826\"><strong data-start=\"805\" data-end=\"820\">Nombre de fils :<\/strong> 21 ans<\/p>\n<\/li>\n<li class=\"\" data-start=\"827\" data-end=\"873\">\n<p class=\"\" data-start=\"829\" data-end=\"873\"><strong data-start=\"829\" data-end=\"839\">Style:<\/strong> R\u00e9sistant \u00e0 la d\u00e9coloration \/ Extensible \/ Flamm\u00e9<\/p>\n<\/li>\n<\/ul>\n<h3 class=\"\" data-start=\"875\" data-end=\"897\">\ud83c\udfa8 Style et utilisation<\/h3>\n<ul data-start=\"898\" data-end=\"1007\">\n<li class=\"\" data-start=\"898\" data-end=\"965\">\n<p class=\"\" data-start=\"900\" data-end=\"965\"><strong data-start=\"900\" data-end=\"908\">Utiliser:<\/strong> Convient aux v\u00eatements, accessoires et cr\u00e9ations personnalis\u00e9es<\/p>\n<\/li>\n<li class=\"\" data-start=\"966\" data-end=\"1007\">\n<p class=\"\" data-start=\"968\" data-end=\"1007\"><strong data-start=\"968\" data-end=\"986\">Applicable \u00e0 :<\/strong> Hommes et femmes<\/p>\n<\/li>\n<\/ul>\n<h3 class=\"\" data-start=\"1009\" data-end=\"1037\">\ud83c\udf0d Production et origine<\/h3>\n<ul data-start=\"1038\" data-end=\"1103\">\n<li class=\"\" data-start=\"1038\" data-end=\"1068\">\n<p class=\"\" data-start=\"1040\" data-end=\"1068\"><strong data-start=\"1040\" data-end=\"1060\">Lieu d&#039;origine :<\/strong> Chine<\/p>\n<\/li>\n<li class=\"\" data-start=\"1069\" data-end=\"1103\">\n<p class=\"\" data-start=\"1071\" data-end=\"1103\"><strong data-start=\"1071\" data-end=\"1087\">Type d&#039;approvisionnement :<\/strong> Fabrication sur commande<\/p>\n<\/li>\n<\/ul>\n<h3 class=\"\" data-start=\"1105\" data-end=\"1129\">\ud83d\udd11 Notes importantes<\/h3>\n<ul data-start=\"1130\" data-end=\"1211\">\n<li class=\"\" data-start=\"1130\" data-end=\"1211\">\n<p class=\"\" data-start=\"1132\" data-end=\"1211\"><strong data-start=\"1132\" data-end=\"1149\">Donn\u00e9es du produit :<\/strong> Les sp\u00e9cifications r\u00e9elles peuvent varier en fonction du lot de production.<\/p>\n<\/li>\n<\/ul>","protected":false},"excerpt":{"rendered":"<h3 class=\"\" data-start=\"478\" data-end=\"503\">\ud83c\udf3f Pr\u00e9sentation du produit<\/h3>\n<ul data-start=\"504\" data-end=\"634\">\n<li class=\"\" data-start=\"504\" data-end=\"533\">\n<p class=\"\" data-start=\"506\" data-end=\"533\"><strong data-start=\"506\" data-end=\"523\">Num\u00e9ro de mod\u00e8le :<\/strong> 3220L-3<\/p>\n<\/li>\n<li class=\"\" data-start=\"534\" data-end=\"614\">\n<p class=\"\" data-start=\"536\" data-end=\"614\"><strong data-start=\"536\" data-end=\"561\">Composition du mat\u00e9riau :<\/strong> 65% Coton, 10% Lyocell, 24% Polyester, 1% \u00c9lasthanne<\/p>\n<\/li>\n<li class=\"\" data-start=\"615\" data-end=\"634\">\n<p class=\"\" data-start=\"617\" data-end=\"634\"><strong data-start=\"617\" data-end=\"627\">Couleur:<\/strong> Bleu<\/p>\n<\/li>\n<\/ul>\n<h3 class=\"\" data-start=\"636\" data-end=\"666\">\ud83e\uddf5 Sp\u00e9cifications du tissu<\/h3>\n<ul data-start=\"667\" data-end=\"873\">\n<li class=\"\" data-start=\"667\" data-end=\"722\">\n<p class=\"\" data-start=\"669\" data-end=\"722\"><strong data-start=\"669\" data-end=\"678\">Taper:<\/strong> Denim Lyocell flamm\u00e9 extensible r\u00e9sistant \u00e0 la d\u00e9coloration<\/p>\n<\/li>\n<li class=\"\" data-start=\"723\" data-end=\"746\">\n<p class=\"\" data-start=\"725\" data-end=\"746\"><strong data-start=\"725\" data-end=\"738\">Technique:<\/strong> Tiss\u00e9<\/p>\n<\/li>\n<li class=\"\" data-start=\"747\" data-end=\"772\">\n<p class=\"\" data-start=\"749\" data-end=\"772\"><strong data-start=\"749\" data-end=\"759\">Largeur:<\/strong> 177\u2013180 cm<\/p>\n<\/li>\n<li class=\"\" data-start=\"773\" data-end=\"802\">\n<p class=\"\" data-start=\"775\" data-end=\"802\"><strong data-start=\"775\" data-end=\"786\">Poids:<\/strong> Environ 202 g<\/p>\n<\/li>\n<li class=\"\" data-start=\"803\" data-end=\"826\">\n<p class=\"\" data-start=\"805\" data-end=\"826\"><strong data-start=\"805\" data-end=\"820\">Nombre de fils :<\/strong> 21 ans<\/p>\n<\/li>\n<li class=\"\" data-start=\"827\" data-end=\"873\">\n<p class=\"\" data-start=\"829\" data-end=\"873\"><strong data-start=\"829\" data-end=\"839\">Style:<\/strong> R\u00e9sistant \u00e0 la d\u00e9coloration \/ Extensible \/ Flamm\u00e9<\/p>\n<\/li>\n<\/ul>\n<h3 class=\"\" data-start=\"875\" data-end=\"897\">\ud83c\udfa8 Style et utilisation<\/h3>\n<ul data-start=\"898\" data-end=\"1007\">\n<li class=\"\" data-start=\"898\" data-end=\"965\">\n<p class=\"\" data-start=\"900\" data-end=\"965\"><strong data-start=\"900\" data-end=\"908\">Utiliser:<\/strong> Convient aux v\u00eatements, accessoires et cr\u00e9ations personnalis\u00e9es<\/p>\n<\/li>\n<li class=\"\" data-start=\"966\" data-end=\"1007\">\n<p class=\"\" data-start=\"968\" data-end=\"1007\"><strong data-start=\"968\" data-end=\"986\">Applicable \u00e0 :<\/strong> Hommes et femmes<\/p>\n<\/li>\n<\/ul>\n<h3 class=\"\" data-start=\"1009\" data-end=\"1037\">\ud83c\udf0d Production et origine<\/h3>\n<ul data-start=\"1038\" data-end=\"1103\">\n<li class=\"\" data-start=\"1038\" data-end=\"1068\">\n<p class=\"\" data-start=\"1040\" data-end=\"1068\"><strong data-start=\"1040\" data-end=\"1060\">Lieu d&#039;origine :<\/strong> Chine<\/p>\n<\/li>\n<li class=\"\" data-start=\"1069\" data-end=\"1103\">\n<p class=\"\" data-start=\"1071\" data-end=\"1103\"><strong data-start=\"1071\" data-end=\"1087\">Type d&#039;approvisionnement :<\/strong> Fabrication sur commande<\/p>\n<\/li>\n<\/ul>\n<h3 class=\"\" data-start=\"1105\" data-end=\"1129\">\ud83d\udd11 Notes importantes<\/h3>\n<ul data-start=\"1130\" data-end=\"1211\">\n<li class=\"\" data-start=\"1130\" data-end=\"1211\">\n<p class=\"\" data-start=\"1132\" data-end=\"1211\"><strong data-start=\"1132\" data-end=\"1149\">Donn\u00e9es du produit :<\/strong> Les sp\u00e9cifications r\u00e9elles peuvent varier en fonction du lot de production.<\/p>\n<\/li>\n<\/ul>","protected":false},"featured_media":4699,"template":"","meta":[],"product_brand":[],"product_cat":[43,57,20,30,33,37,51],"product_tag":[],"class_list":{"0":"post-4698","1":"product","2":"type-product","3":"status-publish","4":"has-post-thumbnail","6":"product_cat-16s","7":"product_cat-16s-spuer-siro","8":"product_cat-cotton-woven-fabric","9":"product_cat-cotton-polyster-spandex-denim-fabric","10":"product_cat-non-elastic","11":"product_cat-siro","12":"product_cat-spuer-siro","14":"first","15":"instock","16":"shipping-taxable","17":"product-type-simple"},"aioseo_notices":[],"_links":{"self":[{"href":"https:\/\/lydenim.com\/fr\/wp-json\/wp\/v2\/product\/4698","targetHints":{"allow":["GET"]}}],"collection":[{"href":"https:\/\/lydenim.com\/fr\/wp-json\/wp\/v2\/product"}],"about":[{"href":"https:\/\/lydenim.com\/fr\/wp-json\/wp\/v2\/types\/product"}],"version-history":[{"count":1,"href":"https:\/\/lydenim.com\/fr\/wp-json\/wp\/v2\/product\/4698\/revisions"}],"predecessor-version":[{"id":4703,"href":"https:\/\/lydenim.com\/fr\/wp-json\/wp\/v2\/product\/4698\/revisions\/4703"}],"wp:featuredmedia":[{"embeddable":true,"href":"https:\/\/lydenim.com\/fr\/wp-json\/wp\/v2\/media\/4699"}],"wp:attachment":[{"href":"https:\/\/lydenim.com\/fr\/wp-json\/wp\/v2\/media?parent=4698"}],"wp:term":[{"taxonomy":"product_brand","embeddable":true,"href":"https:\/\/lydenim.com\/fr\/wp-json\/wp\/v2\/product_brand?post=4698"},{"taxonomy":"product_cat","embeddable":true,"href":"https:\/\/lydenim.com\/fr\/wp-json\/wp\/v2\/product_cat?post=4698"},{"taxonomy":"product_tag","embeddable":true,"href":"https:\/\/lydenim.com\/fr\/wp-json\/wp\/v2\/product_tag?post=4698"}],"curies":[{"name":"wp","href":"https:\/\/api.w.org\/{rel}","templated":true}]}}