{"id":4704,"date":"2025-04-13T13:20:03","date_gmt":"2025-04-13T05:20:03","guid":{"rendered":"https:\/\/lydenim.com\/?post_type=product&#038;p=4704"},"modified":"2025-04-13T13:27:14","modified_gmt":"2025-04-13T05:27:14","slug":"27130-3-fade-resistant-stretch-denim-with-slub","status":"publish","type":"product","link":"https:\/\/lydenim.com\/fr\/produit\/27130-3-denim-extensible-resistant-a-la-decoloration-avec-flamme\/","title":{"rendered":"27130-3# Denim extensible r\u00e9sistant \u00e0 la d\u00e9coloration avec effet flamm\u00e9"},"content":{"rendered":"<h3 class=\"\" data-start=\"522\" data-end=\"551\">\ud83c\udf0d <strong data-start=\"529\" data-end=\"549\">Pr\u00e9sentation du produit<\/strong><\/h3>\n<ul data-start=\"552\" data-end=\"669\">\n<li class=\"\" data-start=\"552\" data-end=\"581\">\n<p class=\"\" data-start=\"554\" data-end=\"581\"><strong data-start=\"554\" data-end=\"571\">Num\u00e9ro de mod\u00e8le :<\/strong> 27130-3<\/p>\n<\/li>\n<li class=\"\" data-start=\"582\" data-end=\"649\">\n<p class=\"\" data-start=\"584\" data-end=\"649\"><strong data-start=\"584\" data-end=\"609\">Composition du mat\u00e9riau :<\/strong> 67% Coton, 32% Polyester, 1% \u00c9lasthanne<\/p>\n<\/li>\n<li class=\"\" data-start=\"650\" data-end=\"669\">\n<p class=\"\" data-start=\"652\" data-end=\"669\"><strong data-start=\"652\" data-end=\"662\">Couleur:<\/strong> Bleu<\/p>\n<\/li>\n<\/ul>\n<h3 class=\"\" data-start=\"671\" data-end=\"705\">\ud83e\uddf5 <strong data-start=\"678\" data-end=\"703\">Sp\u00e9cifications du tissu<\/strong><\/h3>\n<ul data-start=\"706\" data-end=\"923\">\n<li class=\"\" data-start=\"706\" data-end=\"770\">\n<p class=\"\" data-start=\"708\" data-end=\"770\"><strong data-start=\"708\" data-end=\"717\">Taper:<\/strong> Tissu denim extensible et r\u00e9sistant \u00e0 la d\u00e9coloration<\/p>\n<\/li>\n<li class=\"\" data-start=\"771\" data-end=\"794\">\n<p class=\"\" data-start=\"773\" data-end=\"794\"><strong data-start=\"773\" data-end=\"786\">Technique:<\/strong> Tiss\u00e9<\/p>\n<\/li>\n<li class=\"\" data-start=\"795\" data-end=\"816\">\n<p class=\"\" data-start=\"797\" data-end=\"816\"><strong data-start=\"797\" data-end=\"807\">Largeur:<\/strong> 177 cm<\/p>\n<\/li>\n<li class=\"\" data-start=\"817\" data-end=\"846\">\n<p class=\"\" data-start=\"819\" data-end=\"846\"><strong data-start=\"819\" data-end=\"830\">Poids:<\/strong> Environ 225 g<\/p>\n<\/li>\n<li class=\"\" data-start=\"847\" data-end=\"870\">\n<p class=\"\" data-start=\"849\" data-end=\"870\"><strong data-start=\"849\" data-end=\"864\">Nombre de fils :<\/strong> 16 ans<\/p>\n<\/li>\n<li class=\"\" data-start=\"871\" data-end=\"923\">\n<p class=\"\" data-start=\"873\" data-end=\"923\"><strong data-start=\"873\" data-end=\"883\">Style:<\/strong> R\u00e9sistant \u00e0 la d\u00e9coloration, extensible, texture flamm\u00e9e<\/p>\n<\/li>\n<\/ul>\n<h3 class=\"\" data-start=\"925\" data-end=\"951\">\ud83c\udfa8 <strong data-start=\"932\" data-end=\"949\">Style et utilisation<\/strong><\/h3>\n<ul data-start=\"952\" data-end=\"1060\">\n<li class=\"\" data-start=\"952\" data-end=\"1018\">\n<p class=\"\" data-start=\"954\" data-end=\"1018\"><strong data-start=\"954\" data-end=\"962\">Utiliser:<\/strong> Convient aux v\u00eatements, aux accessoires et \u00e0 la conception personnalis\u00e9e<\/p>\n<\/li>\n<li class=\"\" data-start=\"1019\" data-end=\"1060\">\n<p class=\"\" data-start=\"1021\" data-end=\"1060\"><strong data-start=\"1021\" data-end=\"1039\">Applicable \u00e0 :<\/strong> Hommes et femmes<\/p>\n<\/li>\n<\/ul>\n<h3 class=\"\" data-start=\"1062\" data-end=\"1094\">\ud83c\udf0d <strong data-start=\"1069\" data-end=\"1092\">Production et origine<\/strong><\/h3>\n<ul data-start=\"1095\" data-end=\"1160\">\n<li class=\"\" data-start=\"1095\" data-end=\"1125\">\n<p class=\"\" data-start=\"1097\" data-end=\"1125\"><strong data-start=\"1097\" data-end=\"1117\">Lieu d&#039;origine :<\/strong> Chine<\/p>\n<\/li>\n<li class=\"\" data-start=\"1126\" data-end=\"1160\">\n<p class=\"\" data-start=\"1128\" data-end=\"1160\"><strong data-start=\"1128\" data-end=\"1144\">Type d&#039;approvisionnement :<\/strong> Fabrication sur commande<\/p>\n<\/li>\n<\/ul>\n<h3 class=\"\" data-start=\"1162\" data-end=\"1190\">\ud83d\udd11 <strong data-start=\"1169\" data-end=\"1188\">Notes importantes<\/strong><\/h3>\n<ul data-start=\"1191\" data-end=\"1278\">\n<li class=\"\" data-start=\"1191\" data-end=\"1278\">\n<p class=\"\" data-start=\"1193\" data-end=\"1278\"><strong data-start=\"1193\" data-end=\"1210\">Donn\u00e9es du produit :<\/strong> Les sp\u00e9cifications r\u00e9elles peuvent varier en fonction du lot de production.<\/p>\n<\/li>\n<\/ul>","protected":false},"excerpt":{"rendered":"<h3 class=\"\" data-start=\"522\" data-end=\"551\">\ud83c\udf0d <strong data-start=\"529\" data-end=\"549\">Pr\u00e9sentation du produit<\/strong><\/h3>\n<ul data-start=\"552\" data-end=\"669\">\n<li class=\"\" data-start=\"552\" data-end=\"581\">\n<p class=\"\" data-start=\"554\" data-end=\"581\"><strong data-start=\"554\" data-end=\"571\">Num\u00e9ro de mod\u00e8le :<\/strong> 27130-3<\/p>\n<\/li>\n<li class=\"\" data-start=\"582\" data-end=\"649\">\n<p class=\"\" data-start=\"584\" data-end=\"649\"><strong data-start=\"584\" data-end=\"609\">Composition du mat\u00e9riau :<\/strong> 67% Coton, 32% Polyester, 1% \u00c9lasthanne<\/p>\n<\/li>\n<li class=\"\" data-start=\"650\" data-end=\"669\">\n<p class=\"\" data-start=\"652\" data-end=\"669\"><strong data-start=\"652\" data-end=\"662\">Couleur:<\/strong> Bleu<\/p>\n<\/li>\n<\/ul>\n<h3 class=\"\" data-start=\"671\" data-end=\"705\">\ud83e\uddf5 <strong data-start=\"678\" data-end=\"703\">Sp\u00e9cifications du tissu<\/strong><\/h3>\n<ul data-start=\"706\" data-end=\"923\">\n<li class=\"\" data-start=\"706\" data-end=\"770\">\n<p class=\"\" data-start=\"708\" data-end=\"770\"><strong data-start=\"708\" data-end=\"717\">Taper:<\/strong> Tissu denim extensible et r\u00e9sistant \u00e0 la d\u00e9coloration<\/p>\n<\/li>\n<li class=\"\" data-start=\"771\" data-end=\"794\">\n<p class=\"\" data-start=\"773\" data-end=\"794\"><strong data-start=\"773\" data-end=\"786\">Technique:<\/strong> Tiss\u00e9<\/p>\n<\/li>\n<li class=\"\" data-start=\"795\" data-end=\"816\">\n<p class=\"\" data-start=\"797\" data-end=\"816\"><strong data-start=\"797\" data-end=\"807\">Largeur:<\/strong> 177 cm<\/p>\n<\/li>\n<li class=\"\" data-start=\"817\" data-end=\"846\">\n<p class=\"\" data-start=\"819\" data-end=\"846\"><strong data-start=\"819\" data-end=\"830\">Poids:<\/strong> Environ 225 g<\/p>\n<\/li>\n<li class=\"\" data-start=\"847\" data-end=\"870\">\n<p class=\"\" data-start=\"849\" data-end=\"870\"><strong data-start=\"849\" data-end=\"864\">Nombre de fils :<\/strong> 16 ans<\/p>\n<\/li>\n<li class=\"\" data-start=\"871\" data-end=\"923\">\n<p class=\"\" data-start=\"873\" data-end=\"923\"><strong data-start=\"873\" data-end=\"883\">Style:<\/strong> R\u00e9sistant \u00e0 la d\u00e9coloration, extensible, texture flamm\u00e9e<\/p>\n<\/li>\n<\/ul>\n<h3 class=\"\" data-start=\"925\" data-end=\"951\">\ud83c\udfa8 <strong data-start=\"932\" data-end=\"949\">Style et utilisation<\/strong><\/h3>\n<ul data-start=\"952\" data-end=\"1060\">\n<li class=\"\" data-start=\"952\" data-end=\"1018\">\n<p class=\"\" data-start=\"954\" data-end=\"1018\"><strong data-start=\"954\" data-end=\"962\">Utiliser:<\/strong> Convient aux v\u00eatements, aux accessoires et \u00e0 la conception personnalis\u00e9e<\/p>\n<\/li>\n<li class=\"\" data-start=\"1019\" data-end=\"1060\">\n<p class=\"\" data-start=\"1021\" data-end=\"1060\"><strong data-start=\"1021\" data-end=\"1039\">Applicable \u00e0 :<\/strong> Hommes et femmes<\/p>\n<\/li>\n<\/ul>\n<h3 class=\"\" data-start=\"1062\" data-end=\"1094\">\ud83c\udf0d <strong data-start=\"1069\" data-end=\"1092\">Production et origine<\/strong><\/h3>\n<ul data-start=\"1095\" data-end=\"1160\">\n<li class=\"\" data-start=\"1095\" data-end=\"1125\">\n<p class=\"\" data-start=\"1097\" data-end=\"1125\"><strong data-start=\"1097\" data-end=\"1117\">Lieu d&#039;origine :<\/strong> Chine<\/p>\n<\/li>\n<li class=\"\" data-start=\"1126\" data-end=\"1160\">\n<p class=\"\" data-start=\"1128\" data-end=\"1160\"><strong data-start=\"1128\" data-end=\"1144\">Type d&#039;approvisionnement :<\/strong> Fabrication sur commande<\/p>\n<\/li>\n<\/ul>\n<h3 class=\"\" data-start=\"1162\" data-end=\"1190\">\ud83d\udd11 <strong data-start=\"1169\" data-end=\"1188\">Notes importantes<\/strong><\/h3>\n<ul data-start=\"1191\" data-end=\"1278\">\n<li class=\"\" data-start=\"1191\" data-end=\"1278\">\n<p class=\"\" data-start=\"1193\" data-end=\"1278\"><strong data-start=\"1193\" data-end=\"1210\">Donn\u00e9es du produit :<\/strong> Les sp\u00e9cifications r\u00e9elles peuvent varier en fonction du lot de production.<\/p>\n<\/li>\n<\/ul>","protected":false},"featured_media":4706,"template":"","meta":[],"product_brand":[],"product_cat":[43,57,20,30,33,37,51],"product_tag":[],"class_list":{"0":"post-4704","1":"product","2":"type-product","3":"status-publish","4":"has-post-thumbnail","6":"product_cat-16s","7":"product_cat-16s-spuer-siro","8":"product_cat-cotton-woven-fabric","9":"product_cat-cotton-polyster-spandex-denim-fabric","10":"product_cat-non-elastic","11":"product_cat-siro","12":"product_cat-spuer-siro","14":"first","15":"instock","16":"shipping-taxable","17":"product-type-simple"},"aioseo_notices":[],"_links":{"self":[{"href":"https:\/\/lydenim.com\/fr\/wp-json\/wp\/v2\/product\/4704","targetHints":{"allow":["GET"]}}],"collection":[{"href":"https:\/\/lydenim.com\/fr\/wp-json\/wp\/v2\/product"}],"about":[{"href":"https:\/\/lydenim.com\/fr\/wp-json\/wp\/v2\/types\/product"}],"version-history":[{"count":1,"href":"https:\/\/lydenim.com\/fr\/wp-json\/wp\/v2\/product\/4704\/revisions"}],"predecessor-version":[{"id":4710,"href":"https:\/\/lydenim.com\/fr\/wp-json\/wp\/v2\/product\/4704\/revisions\/4710"}],"wp:featuredmedia":[{"embeddable":true,"href":"https:\/\/lydenim.com\/fr\/wp-json\/wp\/v2\/media\/4706"}],"wp:attachment":[{"href":"https:\/\/lydenim.com\/fr\/wp-json\/wp\/v2\/media?parent=4704"}],"wp:term":[{"taxonomy":"product_brand","embeddable":true,"href":"https:\/\/lydenim.com\/fr\/wp-json\/wp\/v2\/product_brand?post=4704"},{"taxonomy":"product_cat","embeddable":true,"href":"https:\/\/lydenim.com\/fr\/wp-json\/wp\/v2\/product_cat?post=4704"},{"taxonomy":"product_tag","embeddable":true,"href":"https:\/\/lydenim.com\/fr\/wp-json\/wp\/v2\/product_tag?post=4704"}],"curies":[{"name":"wp","href":"https:\/\/api.w.org\/{rel}","templated":true}]}}