{"id":4742,"date":"2025-04-16T14:03:24","date_gmt":"2025-04-16T06:03:24","guid":{"rendered":"https:\/\/lydenim.com\/?post_type=product&#038;p=4742"},"modified":"2025-04-16T14:14:13","modified_gmt":"2025-04-16T06:14:13","slug":"3642-high-stretch-slub-denim","status":"publish","type":"product","link":"https:\/\/lydenim.com\/fr\/produit\/denim-flamme-tres-extensible-3642\/","title":{"rendered":"3642# Denim flamm\u00e9 tr\u00e8s extensible"},"content":{"rendered":"<h3 class=\"\" data-start=\"504\" data-end=\"533\">\ud83c\udf3f <strong data-start=\"511\" data-end=\"531\">Pr\u00e9sentation du produit<\/strong><\/h3>\n<ul data-start=\"534\" data-end=\"678\">\n<li class=\"\" data-start=\"534\" data-end=\"560\">\n<p class=\"\" data-start=\"536\" data-end=\"560\"><strong data-start=\"536\" data-end=\"553\">Num\u00e9ro de mod\u00e8le :<\/strong> 3642<\/p>\n<\/li>\n<li class=\"\" data-start=\"561\" data-end=\"632\">\n<p class=\"\" data-start=\"563\" data-end=\"632\"><strong data-start=\"563\" data-end=\"588\">Composition du mat\u00e9riau :<\/strong> 65% Coton, 34.1% Polyester, 0.9% \u00c9lasthanne<\/p>\n<\/li>\n<li class=\"\" data-start=\"633\" data-end=\"678\">\n<p class=\"\" data-start=\"635\" data-end=\"678\"><strong data-start=\"635\" data-end=\"653\">Options de couleur :<\/strong> Bleu, bleu gris, noir<\/p>\n<\/li>\n<\/ul>\n<h3 class=\"\" data-start=\"680\" data-end=\"714\">\ud83e\uddf5 <strong data-start=\"687\" data-end=\"712\">Sp\u00e9cifications du tissu<\/strong><\/h3>\n<ul data-start=\"715\" data-end=\"955\">\n<li class=\"\" data-start=\"715\" data-end=\"773\">\n<p class=\"\" data-start=\"717\" data-end=\"773\"><strong data-start=\"717\" data-end=\"726\">Taper:<\/strong> Tissu denim \u00e9pais, flamm\u00e9 et tr\u00e8s extensible<\/p>\n<\/li>\n<li class=\"\" data-start=\"774\" data-end=\"797\">\n<p class=\"\" data-start=\"776\" data-end=\"797\"><strong data-start=\"776\" data-end=\"789\">Technique:<\/strong> Tiss\u00e9<\/p>\n<\/li>\n<li class=\"\" data-start=\"798\" data-end=\"819\">\n<p class=\"\" data-start=\"800\" data-end=\"819\"><strong data-start=\"800\" data-end=\"810\">Largeur:<\/strong> 160 cm<\/p>\n<\/li>\n<li class=\"\" data-start=\"820\" data-end=\"865\">\n<p class=\"\" data-start=\"822\" data-end=\"865\"><strong data-start=\"822\" data-end=\"833\">Poids:<\/strong> Environ 11,6 oz (avant lavage)<\/p>\n<\/li>\n<li class=\"\" data-start=\"866\" data-end=\"889\">\n<p class=\"\" data-start=\"868\" data-end=\"889\"><strong data-start=\"868\" data-end=\"883\">Nombre de fils :<\/strong> 10S<\/p>\n<\/li>\n<li class=\"\" data-start=\"890\" data-end=\"955\">\n<p class=\"\" data-start=\"892\" data-end=\"955\"><strong data-start=\"892\" data-end=\"902\">Style:<\/strong> Haute \u00e9lasticit\u00e9 \/ Texture flamm\u00e9e \/ \u00c9paisseur durable<\/p>\n<\/li>\n<\/ul>\n<h3 class=\"\" data-start=\"957\" data-end=\"983\">\ud83c\udfa8 <strong data-start=\"964\" data-end=\"981\">Style et utilisation<\/strong><\/h3>\n<ul data-start=\"984\" data-end=\"1100\">\n<li class=\"\" data-start=\"984\" data-end=\"1056\">\n<p class=\"\" data-start=\"986\" data-end=\"1056\"><strong data-start=\"986\" data-end=\"994\">Utiliser:<\/strong> Id\u00e9al pour les v\u00eatements, les accessoires et les projets de conception personnalis\u00e9s<\/p>\n<\/li>\n<li class=\"\" data-start=\"1057\" data-end=\"1100\">\n<p class=\"\" data-start=\"1059\" data-end=\"1100\"><strong data-start=\"1059\" data-end=\"1077\">Applicable \u00e0 :<\/strong> Unisexe (hommes et femmes)<\/p>\n<\/li>\n<\/ul>\n<h3 class=\"\" data-start=\"1102\" data-end=\"1134\">\ud83c\udf0d <strong data-start=\"1109\" data-end=\"1132\">Production et origine<\/strong><\/h3>\n<ul data-start=\"1135\" data-end=\"1200\">\n<li class=\"\" data-start=\"1135\" data-end=\"1165\">\n<p class=\"\" data-start=\"1137\" data-end=\"1165\"><strong data-start=\"1137\" data-end=\"1157\">Lieu d&#039;origine :<\/strong> Chine<\/p>\n<\/li>\n<li class=\"\" data-start=\"1166\" data-end=\"1200\">\n<p class=\"\" data-start=\"1168\" data-end=\"1200\"><strong data-start=\"1168\" data-end=\"1184\">Type d&#039;approvisionnement :<\/strong> Fabrication sur commande<\/p>\n<\/li>\n<\/ul>\n<h3 class=\"\" data-start=\"1202\" data-end=\"1230\">\ud83d\udd11 <strong data-start=\"1209\" data-end=\"1228\">Notes importantes<\/strong><\/h3>\n<ul data-start=\"1231\" data-end=\"1308\">\n<li class=\"\" data-start=\"1231\" data-end=\"1308\">\n<p class=\"\" data-start=\"1233\" data-end=\"1308\">Les sp\u00e9cifications du produit peuvent varier l\u00e9g\u00e8rement en fonction du lot de production.<\/p>\n<\/li>\n<\/ul>","protected":false},"excerpt":{"rendered":"<h3 class=\"\" data-start=\"504\" data-end=\"533\">\ud83c\udf3f <strong data-start=\"511\" data-end=\"531\">Pr\u00e9sentation du produit<\/strong><\/h3>\n<ul data-start=\"534\" data-end=\"678\">\n<li class=\"\" data-start=\"534\" data-end=\"560\">\n<p class=\"\" data-start=\"536\" data-end=\"560\"><strong data-start=\"536\" data-end=\"553\">Num\u00e9ro de mod\u00e8le :<\/strong> 3642<\/p>\n<\/li>\n<li class=\"\" data-start=\"561\" data-end=\"632\">\n<p class=\"\" data-start=\"563\" data-end=\"632\"><strong data-start=\"563\" data-end=\"588\">Composition du mat\u00e9riau :<\/strong> 65% Coton, 34.1% Polyester, 0.9% \u00c9lasthanne<\/p>\n<\/li>\n<li class=\"\" data-start=\"633\" data-end=\"678\">\n<p class=\"\" data-start=\"635\" data-end=\"678\"><strong data-start=\"635\" data-end=\"653\">Options de couleur :<\/strong> Bleu, bleu gris, noir<\/p>\n<\/li>\n<\/ul>\n<h3 class=\"\" data-start=\"680\" data-end=\"714\">\ud83e\uddf5 <strong data-start=\"687\" data-end=\"712\">Sp\u00e9cifications du tissu<\/strong><\/h3>\n<ul data-start=\"715\" data-end=\"955\">\n<li class=\"\" data-start=\"715\" data-end=\"773\">\n<p class=\"\" data-start=\"717\" data-end=\"773\"><strong data-start=\"717\" data-end=\"726\">Taper:<\/strong> Tissu denim \u00e9pais, flamm\u00e9 et tr\u00e8s extensible<\/p>\n<\/li>\n<li class=\"\" data-start=\"774\" data-end=\"797\">\n<p class=\"\" data-start=\"776\" data-end=\"797\"><strong data-start=\"776\" data-end=\"789\">Technique:<\/strong> Tiss\u00e9<\/p>\n<\/li>\n<li class=\"\" data-start=\"798\" data-end=\"819\">\n<p class=\"\" data-start=\"800\" data-end=\"819\"><strong data-start=\"800\" data-end=\"810\">Largeur:<\/strong> 160 cm<\/p>\n<\/li>\n<li class=\"\" data-start=\"820\" data-end=\"865\">\n<p class=\"\" data-start=\"822\" data-end=\"865\"><strong data-start=\"822\" data-end=\"833\">Poids:<\/strong> Environ 11,6 oz (avant lavage)<\/p>\n<\/li>\n<li class=\"\" data-start=\"866\" data-end=\"889\">\n<p class=\"\" data-start=\"868\" data-end=\"889\"><strong data-start=\"868\" data-end=\"883\">Nombre de fils :<\/strong> 10S<\/p>\n<\/li>\n<li class=\"\" data-start=\"890\" data-end=\"955\">\n<p class=\"\" data-start=\"892\" data-end=\"955\"><strong data-start=\"892\" data-end=\"902\">Style:<\/strong> Haute \u00e9lasticit\u00e9 \/ Texture flamm\u00e9e \/ \u00c9paisseur durable<\/p>\n<\/li>\n<\/ul>\n<h3 class=\"\" data-start=\"957\" data-end=\"983\">\ud83c\udfa8 <strong data-start=\"964\" data-end=\"981\">Style et utilisation<\/strong><\/h3>\n<ul data-start=\"984\" data-end=\"1100\">\n<li class=\"\" data-start=\"984\" data-end=\"1056\">\n<p class=\"\" data-start=\"986\" data-end=\"1056\"><strong data-start=\"986\" data-end=\"994\">Utiliser:<\/strong> Id\u00e9al pour les v\u00eatements, les accessoires et les projets de conception personnalis\u00e9s<\/p>\n<\/li>\n<li class=\"\" data-start=\"1057\" data-end=\"1100\">\n<p class=\"\" data-start=\"1059\" data-end=\"1100\"><strong data-start=\"1059\" data-end=\"1077\">Applicable \u00e0 :<\/strong> Unisexe (hommes et femmes)<\/p>\n<\/li>\n<\/ul>\n<h3 class=\"\" data-start=\"1102\" data-end=\"1134\">\ud83c\udf0d <strong data-start=\"1109\" data-end=\"1132\">Production et origine<\/strong><\/h3>\n<ul data-start=\"1135\" data-end=\"1200\">\n<li class=\"\" data-start=\"1135\" data-end=\"1165\">\n<p class=\"\" data-start=\"1137\" data-end=\"1165\"><strong data-start=\"1137\" data-end=\"1157\">Lieu d&#039;origine :<\/strong> Chine<\/p>\n<\/li>\n<li class=\"\" data-start=\"1166\" data-end=\"1200\">\n<p class=\"\" data-start=\"1168\" data-end=\"1200\"><strong data-start=\"1168\" data-end=\"1184\">Type d&#039;approvisionnement :<\/strong> Fabrication sur commande<\/p>\n<\/li>\n<\/ul>\n<h3 class=\"\" data-start=\"1202\" data-end=\"1230\">\ud83d\udd11 <strong data-start=\"1209\" data-end=\"1228\">Notes importantes<\/strong><\/h3>\n<ul data-start=\"1231\" data-end=\"1308\">\n<li class=\"\" data-start=\"1231\" data-end=\"1308\">\n<p class=\"\" data-start=\"1233\" data-end=\"1308\">Les sp\u00e9cifications du produit peuvent varier l\u00e9g\u00e8rement en fonction du lot de production.<\/p>\n<\/li>\n<\/ul>","protected":false},"featured_media":4756,"template":"","meta":[],"product_brand":[],"product_cat":[41,55,20,30,31,37,51],"product_tag":[],"class_list":{"0":"post-4742","1":"product","2":"type-product","3":"status-publish","4":"has-post-thumbnail","6":"product_cat-10s","7":"product_cat-10s-spuer-siro","8":"product_cat-cotton-woven-fabric","9":"product_cat-cotton-polyster-spandex-denim-fabric","10":"product_cat-high-stretch-denim-fabric","11":"product_cat-siro","12":"product_cat-spuer-siro","14":"first","15":"instock","16":"shipping-taxable","17":"product-type-simple"},"aioseo_notices":[],"_links":{"self":[{"href":"https:\/\/lydenim.com\/fr\/wp-json\/wp\/v2\/product\/4742","targetHints":{"allow":["GET"]}}],"collection":[{"href":"https:\/\/lydenim.com\/fr\/wp-json\/wp\/v2\/product"}],"about":[{"href":"https:\/\/lydenim.com\/fr\/wp-json\/wp\/v2\/types\/product"}],"version-history":[{"count":1,"href":"https:\/\/lydenim.com\/fr\/wp-json\/wp\/v2\/product\/4742\/revisions"}],"predecessor-version":[{"id":4766,"href":"https:\/\/lydenim.com\/fr\/wp-json\/wp\/v2\/product\/4742\/revisions\/4766"}],"wp:featuredmedia":[{"embeddable":true,"href":"https:\/\/lydenim.com\/fr\/wp-json\/wp\/v2\/media\/4756"}],"wp:attachment":[{"href":"https:\/\/lydenim.com\/fr\/wp-json\/wp\/v2\/media?parent=4742"}],"wp:term":[{"taxonomy":"product_brand","embeddable":true,"href":"https:\/\/lydenim.com\/fr\/wp-json\/wp\/v2\/product_brand?post=4742"},{"taxonomy":"product_cat","embeddable":true,"href":"https:\/\/lydenim.com\/fr\/wp-json\/wp\/v2\/product_cat?post=4742"},{"taxonomy":"product_tag","embeddable":true,"href":"https:\/\/lydenim.com\/fr\/wp-json\/wp\/v2\/product_tag?post=4742"}],"curies":[{"name":"wp","href":"https:\/\/api.w.org\/{rel}","templated":true}]}}