{"id":1836,"date":"2024-12-02T14:13:16","date_gmt":"2024-12-02T06:13:16","guid":{"rendered":"https:\/\/lydenim.com\/?page_id=1836"},"modified":"2024-12-22T16:43:28","modified_gmt":"2024-12-22T08:43:28","slug":"custom-denim-fabric","status":"publish","type":"page","link":"https:\/\/lydenim.com\/pt\/tecido-jeans-personalizado\/","title":{"rendered":"Tecido de ganga personalizado"},"content":{"rendered":"<div data-elementor-type=\"wp-page\" data-elementor-id=\"1836\" class=\"elementor elementor-1836\" data-elementor-post-type=\"page\">\n\t\t\t\t<div class=\"wd-negative-gap elementor-element elementor-element-5491515 e-flex e-con-boxed e-con e-parent\" data-id=\"5491515\" data-element_type=\"container\" data-e-type=\"container\">\n\t\t\t\t\t<div class=\"e-con-inner\">\n\t\t<div class=\"elementor-element elementor-element-c33c59e e-con-full e-flex e-con e-child\" data-id=\"c33c59e\" data-element_type=\"container\" data-e-type=\"container\">\n\t\t\t\t<div class=\"elementor-element elementor-element-5d4ff59 wd-width-100 elementor-widget elementor-widget-wd_title\" data-id=\"5d4ff59\" data-element_type=\"widget\" data-e-type=\"widget\" data-widget_type=\"wd_title.default\">\n\t\t\t\t<div class=\"elementor-widget-container\">\n\t\t\t\t\t\t\t<div class=\"title-wrapper wd-set-mb reset-last-child wd-title-color-primary wd-title-style-simple wd-title-size-default text-left\">\n\n\t\t\t\t\t\t\t\t\t\t\t<div class=\"title-subtitle subtitle-color-primary subtitle-style-default wd-fontsize-xs\">\n\t\t\t\t\tPasso 1<br \/>\n\t\t\t\t<\/div>\n\t\t\t\n\t\t\t<div class=\"liner-continer\">\n\t\t\t\t<h2 class=\"woodmart-title-container title wd-fontsize-l\">Consultar<\/h2> \n\t\t\t\t\t\t\t<\/div>\n\n\t\t\t\t\t\t\t<div class=\"title-after_title reset-last-child wd-fontsize-xs\">\n\t\t\t\t\t<p>Entre em contacto connosco!<br \/>Os nossos especialistas em ganga documentar\u00e3o todos os aspectos cr\u00edticos das suas necessidades durante a consulta.<br \/>Se tiver uma amostra de refer\u00eancia, n\u00e3o hesite em envi\u00e1-la para n\u00f3s para uma melhor personaliza\u00e7\u00e3o.<\/p>\t\t\t\t<\/div>\n\t\t\t\t\t<\/div>\n\t\t\t\t\t\t<\/div>\n\t\t\t\t<\/div>\n\t\t\t\t<\/div>\n\t\t<div class=\"elementor-element elementor-element-ed2f41f e-con-full e-flex e-con e-child\" data-id=\"ed2f41f\" data-element_type=\"container\" data-e-type=\"container\">\n\t\t\t\t<div class=\"elementor-element elementor-element-2604d32 elementor-widget elementor-widget-wd_image_or_svg\" data-id=\"2604d32\" data-element_type=\"widget\" data-e-type=\"widget\" data-widget_type=\"wd_image_or_svg.default\">\n\t\t\t\t<div class=\"elementor-widget-container\">\n\t\t\t\t\t\n\t\t<div class=\"wd-image text-left\">\n\t\t\t\t\t\t\t\t<img loading=\"lazy\" decoding=\"async\" width=\"1000\" height=\"667\" src=\"https:\/\/lydenim.com\/wp-content\/uploads\/2024\/12\/group-people-working-out-business-plan-office_1303-15773.jpg\" class=\"attachment-full size-full\" alt=\"Sustent\u00e1vel e Inova\u00e7\u00e3o\" srcset=\"https:\/\/lydenim.com\/wp-content\/uploads\/2024\/12\/group-people-working-out-business-plan-office_1303-15773.jpg 1000w, https:\/\/lydenim.com\/wp-content\/uploads\/2024\/12\/group-people-working-out-business-plan-office_1303-15773-150x100.jpg 150w, https:\/\/lydenim.com\/wp-content\/uploads\/2024\/12\/group-people-working-out-business-plan-office_1303-15773-600x400.jpg 600w, https:\/\/lydenim.com\/wp-content\/uploads\/2024\/12\/group-people-working-out-business-plan-office_1303-15773-300x200.jpg 300w, https:\/\/lydenim.com\/wp-content\/uploads\/2024\/12\/group-people-working-out-business-plan-office_1303-15773-768x512.jpg 768w\" sizes=\"auto, (max-width: 1000px) 100vw, 1000px\" \/>\t\t\t\t\t<\/div>\n\n\t\t\t\t\t\t<\/div>\n\t\t\t\t<\/div>\n\t\t\t\t<\/div>\n\t\t\t\t\t<\/div>\n\t\t\t\t<\/div>\n\t\t<div class=\"wd-negative-gap elementor-element elementor-element-b59dade e-flex e-con-boxed e-con e-parent\" data-id=\"b59dade\" data-element_type=\"container\" data-e-type=\"container\">\n\t\t\t\t\t<div class=\"e-con-inner\">\n\t\t<div class=\"elementor-element elementor-element-884da8f e-con-full e-flex e-con e-child\" data-id=\"884da8f\" data-element_type=\"container\" data-e-type=\"container\">\n\t\t\t\t<div class=\"elementor-element elementor-element-9511cb5 wd-width-100 elementor-widget elementor-widget-wd_title\" data-id=\"9511cb5\" data-element_type=\"widget\" data-e-type=\"widget\" data-widget_type=\"wd_title.default\">\n\t\t\t\t<div class=\"elementor-widget-container\">\n\t\t\t\t\t\t\t<div class=\"title-wrapper wd-set-mb reset-last-child wd-title-color-primary wd-title-style-simple wd-title-size-default text-left\">\n\n\t\t\t\t\t\t\t\t\t\t\t<div class=\"title-subtitle subtitle-color-primary subtitle-style-default wd-fontsize-xs\">\n\t\t\t\t\tPasso 2<br \/>\n\t\t\t\t<\/div>\n\t\t\t\n\t\t\t<div class=\"liner-continer\">\n\t\t\t\t<h2 class=\"woodmart-title-container title wd-fontsize-l\">An\u00e1lise<\/h2> \n\t\t\t\t\t\t\t<\/div>\n\n\t\t\t\t\t\t\t<div class=\"title-after_title reset-last-child wd-fontsize-xs\">\n\t\t\t\t\t<p>Todos os detalhes da consulta e amostras de controlo s\u00e3o enviados para a nossa equipa de I&amp;D para an\u00e1lise e avalia\u00e7\u00e3o cuidadosa.<\/p>\t\t\t\t<\/div>\n\t\t\t\t\t<\/div>\n\t\t\t\t\t\t<\/div>\n\t\t\t\t<\/div>\n\t\t\t\t<\/div>\n\t\t<div class=\"elementor-element elementor-element-9484891 e-con-full e-flex e-con e-child\" data-id=\"9484891\" data-element_type=\"container\" data-e-type=\"container\">\n\t\t\t\t<div class=\"elementor-element elementor-element-2cd94c5 elementor-widget elementor-widget-wd_image_or_svg\" data-id=\"2cd94c5\" data-element_type=\"widget\" data-e-type=\"widget\" data-widget_type=\"wd_image_or_svg.default\">\n\t\t\t\t<div class=\"elementor-widget-container\">\n\t\t\t\t\t\n\t\t<div class=\"wd-image text-left\">\n\t\t\t\t\t\t\t\t<img loading=\"lazy\" decoding=\"async\" width=\"1044\" height=\"588\" src=\"https:\/\/lydenim.com\/wp-content\/uploads\/2024\/12\/a2fd314a817ab3a5415da963a64cb00.png\" class=\"attachment-full size-full\" alt=\"Melhor servi\u00e7o\" srcset=\"https:\/\/lydenim.com\/wp-content\/uploads\/2024\/12\/a2fd314a817ab3a5415da963a64cb00.png 1044w, https:\/\/lydenim.com\/wp-content\/uploads\/2024\/12\/a2fd314a817ab3a5415da963a64cb00-150x84.png 150w, https:\/\/lydenim.com\/wp-content\/uploads\/2024\/12\/a2fd314a817ab3a5415da963a64cb00-600x338.png 600w, https:\/\/lydenim.com\/wp-content\/uploads\/2024\/12\/a2fd314a817ab3a5415da963a64cb00-300x169.png 300w, https:\/\/lydenim.com\/wp-content\/uploads\/2024\/12\/a2fd314a817ab3a5415da963a64cb00-1024x577.png 1024w, https:\/\/lydenim.com\/wp-content\/uploads\/2024\/12\/a2fd314a817ab3a5415da963a64cb00-768x433.png 768w\" sizes=\"auto, (max-width: 1044px) 100vw, 1044px\" \/>\t\t\t\t\t<\/div>\n\n\t\t\t\t\t\t<\/div>\n\t\t\t\t<\/div>\n\t\t\t\t<\/div>\n\t\t\t\t\t<\/div>\n\t\t\t\t<\/div>\n\t\t<div class=\"wd-negative-gap elementor-element elementor-element-4a59134 e-flex e-con-boxed e-con e-parent\" data-id=\"4a59134\" data-element_type=\"container\" data-e-type=\"container\">\n\t\t\t\t\t<div class=\"e-con-inner\">\n\t\t<div class=\"elementor-element elementor-element-93f19d7 e-con-full e-flex e-con e-child\" data-id=\"93f19d7\" data-element_type=\"container\" data-e-type=\"container\">\n\t\t\t\t<div class=\"elementor-element elementor-element-4f542f2 wd-width-100 elementor-widget elementor-widget-wd_title\" data-id=\"4f542f2\" data-element_type=\"widget\" data-e-type=\"widget\" data-widget_type=\"wd_title.default\">\n\t\t\t\t<div class=\"elementor-widget-container\">\n\t\t\t\t\t\t\t<div class=\"title-wrapper wd-set-mb reset-last-child wd-title-color-primary wd-title-style-simple wd-title-size-default text-left\">\n\n\t\t\t\t\t\t\t\t\t\t\t<div class=\"title-subtitle subtitle-color-primary subtitle-style-default wd-fontsize-xs\">\n\t\t\t\t\tPasso 3<br \/>\n\t\t\t\t<\/div>\n\t\t\t\n\t\t\t<div class=\"liner-continer\">\n\t\t\t\t<h2 class=\"woodmart-title-container title wd-fontsize-l\">Cota\u00e7\u00e3o<\/h2> \n\t\t\t\t\t\t\t<\/div>\n\n\t\t\t\t\t\t\t<div class=\"title-after_title reset-last-child wd-fontsize-xs\">\n\t\t\t\t\t<p>Ap\u00f3s o processo de an\u00e1lise, ser-lhe-\u00e3o enviados or\u00e7amentos completos com o pre\u00e7o e os principais dados do tecido.<\/p><p>Recomenda\u00e7\u00f5es profissionais baseadas nas suas tend\u00eancias de mercado, or\u00e7amento e utiliza\u00e7\u00e3o pretendida podem tamb\u00e9m ser actualizadas, para otimizar o seu projeto de ganga.<\/p>\t\t\t\t<\/div>\n\t\t\t\t\t<\/div>\n\t\t\t\t\t\t<\/div>\n\t\t\t\t<\/div>\n\t\t\t\t<\/div>\n\t\t<div class=\"elementor-element elementor-element-27142bf e-con-full e-flex e-con e-child\" data-id=\"27142bf\" data-element_type=\"container\" data-e-type=\"container\">\n\t\t\t\t<div class=\"elementor-element elementor-element-c289735 elementor-widget elementor-widget-wd_image_or_svg\" data-id=\"c289735\" data-element_type=\"widget\" data-e-type=\"widget\" data-widget_type=\"wd_image_or_svg.default\">\n\t\t\t\t<div class=\"elementor-widget-container\">\n\t\t\t\t\t\n\t\t<div class=\"wd-image text-left\">\n\t\t\t\t\t\t\t\t<img loading=\"lazy\" decoding=\"async\" width=\"1000\" height=\"667\" src=\"https:\/\/lydenim.com\/wp-content\/uploads\/2024\/12\/group-three-young-multi-ethnic-successful-business-people-sitting-coworking-space-talking-about-new-project-competitor-team-making-plans-bypass-their-project_176420-8311.jpg\" class=\"attachment-full size-full\" alt=\"Cota\u00e7\u00e3o\" srcset=\"https:\/\/lydenim.com\/wp-content\/uploads\/2024\/12\/group-three-young-multi-ethnic-successful-business-people-sitting-coworking-space-talking-about-new-project-competitor-team-making-plans-bypass-their-project_176420-8311.jpg 1000w, https:\/\/lydenim.com\/wp-content\/uploads\/2024\/12\/group-three-young-multi-ethnic-successful-business-people-sitting-coworking-space-talking-about-new-project-competitor-team-making-plans-bypass-their-project_176420-8311-150x100.jpg 150w, https:\/\/lydenim.com\/wp-content\/uploads\/2024\/12\/group-three-young-multi-ethnic-successful-business-people-sitting-coworking-space-talking-about-new-project-competitor-team-making-plans-bypass-their-project_176420-8311-600x400.jpg 600w, https:\/\/lydenim.com\/wp-content\/uploads\/2024\/12\/group-three-young-multi-ethnic-successful-business-people-sitting-coworking-space-talking-about-new-project-competitor-team-making-plans-bypass-their-project_176420-8311-300x200.jpg 300w, https:\/\/lydenim.com\/wp-content\/uploads\/2024\/12\/group-three-young-multi-ethnic-successful-business-people-sitting-coworking-space-talking-about-new-project-competitor-team-making-plans-bypass-their-project_176420-8311-768x512.jpg 768w\" sizes=\"auto, (max-width: 1000px) 100vw, 1000px\" \/>\t\t\t\t\t<\/div>\n\n\t\t\t\t\t\t<\/div>\n\t\t\t\t<\/div>\n\t\t\t\t<\/div>\n\t\t\t\t\t<\/div>\n\t\t\t\t<\/div>\n\t\t<div class=\"wd-negative-gap elementor-element elementor-element-d0b1051 e-flex e-con-boxed e-con e-parent\" data-id=\"d0b1051\" data-element_type=\"container\" data-e-type=\"container\">\n\t\t\t\t\t<div class=\"e-con-inner\">\n\t\t<div class=\"elementor-element elementor-element-a47d4e3 e-con-full e-flex e-con e-child\" data-id=\"a47d4e3\" data-element_type=\"container\" data-e-type=\"container\">\n\t\t\t\t<div class=\"elementor-element elementor-element-dac5cd5 wd-width-100 elementor-widget elementor-widget-wd_title\" data-id=\"dac5cd5\" data-element_type=\"widget\" data-e-type=\"widget\" data-widget_type=\"wd_title.default\">\n\t\t\t\t<div class=\"elementor-widget-container\">\n\t\t\t\t\t\t\t<div class=\"title-wrapper wd-set-mb reset-last-child wd-title-color-primary wd-title-style-simple wd-title-size-default text-left\">\n\n\t\t\t\t\t\t\t\t\t\t\t<div class=\"title-subtitle subtitle-color-primary subtitle-style-default wd-fontsize-xs\">\n\t\t\t\t\tPasso 4<br \/>\n\t\t\t\t<\/div>\n\t\t\t\n\t\t\t<div class=\"liner-continer\">\n\t\t\t\t<h2 class=\"woodmart-title-container title wd-fontsize-l\">Amostragem<\/h2> \n\t\t\t\t\t\t\t<\/div>\n\n\t\t\t\t\t\t\t<div class=\"title-after_title reset-last-child wd-fontsize-xs\">\n\t\t\t\t\t<p>Ap\u00f3s a aprova\u00e7\u00e3o do or\u00e7amento, criamos amostras de acordo com as suas especifica\u00e7\u00f5es e enviamo-las para an\u00e1lise.<br \/>Os pedidos de revis\u00e3o s\u00e3o bem-vindos e ser\u00e3o ajustados at\u00e9 que esteja totalmente satisfeito com a amostra.<\/p>\t\t\t\t<\/div>\n\t\t\t\t\t<\/div>\n\t\t\t\t\t\t<\/div>\n\t\t\t\t<\/div>\n\t\t\t\t<\/div>\n\t\t<div class=\"elementor-element elementor-element-f383231 e-con-full e-flex e-con e-child\" data-id=\"f383231\" data-element_type=\"container\" data-e-type=\"container\">\n\t\t\t\t<div class=\"elementor-element elementor-element-d9afcbe elementor-widget elementor-widget-wd_image_or_svg\" data-id=\"d9afcbe\" data-element_type=\"widget\" data-e-type=\"widget\" data-widget_type=\"wd_image_or_svg.default\">\n\t\t\t\t<div class=\"elementor-widget-container\">\n\t\t\t\t\t\n\t\t<div class=\"wd-image text-left\">\n\t\t\t\t\t\t\t\t<img loading=\"lazy\" decoding=\"async\" width=\"720\" height=\"440\" src=\"https:\/\/lydenim.com\/wp-content\/uploads\/2024\/12\/\u9a8c\u5e032-720x440.jpg\" class=\"attachment-720x440 size-720x440\" alt=\"\" \/>\t\t\t\t\t<\/div>\n\n\t\t\t\t\t\t<\/div>\n\t\t\t\t<\/div>\n\t\t\t\t<\/div>\n\t\t\t\t\t<\/div>\n\t\t\t\t<\/div>\n\t\t<div class=\"wd-negative-gap elementor-element elementor-element-df69d6f e-flex e-con-boxed e-con e-parent\" data-id=\"df69d6f\" data-element_type=\"container\" data-e-type=\"container\">\n\t\t\t\t\t<div class=\"e-con-inner\">\n\t\t<div class=\"elementor-element elementor-element-ec2ac08 e-con-full e-flex e-con e-child\" data-id=\"ec2ac08\" data-element_type=\"container\" data-e-type=\"container\">\n\t\t\t\t<div class=\"elementor-element elementor-element-afdb393 wd-width-100 elementor-widget elementor-widget-wd_title\" data-id=\"afdb393\" data-element_type=\"widget\" data-e-type=\"widget\" data-widget_type=\"wd_title.default\">\n\t\t\t\t<div class=\"elementor-widget-container\">\n\t\t\t\t\t\t\t<div class=\"title-wrapper wd-set-mb reset-last-child wd-title-color-primary wd-title-style-simple wd-title-size-default text-left\">\n\n\t\t\t\t\t\t\t\t\t\t\t<div class=\"title-subtitle subtitle-color-primary subtitle-style-default wd-fontsize-xs\">\n\t\t\t\t\tPasso 5<br \/>\n\t\t\t\t<\/div>\n\t\t\t\n\t\t\t<div class=\"liner-continer\">\n\t\t\t\t<h2 class=\"woodmart-title-container title wd-fontsize-l\">Produ\u00e7\u00e3o a granel<\/h2> \n\t\t\t\t\t\t\t<\/div>\n\n\t\t\t\t\t\t\t<div class=\"title-after_title reset-last-child wd-fontsize-xs\">\n\t\t\t\t\t<p>Ap\u00f3s a aprova\u00e7\u00e3o da amostra, iniciamos a produ\u00e7\u00e3o em massa com base na amostra aprovada.<br \/>O nosso rigoroso controlo de qualidade assegura a consist\u00eancia desde o fio at\u00e9 ao tecido acabado, garantindo que o tecido a granel corresponde \u00e0 amostra.<br \/>Receber\u00e1 actualiza\u00e7\u00f5es regulares da produ\u00e7\u00e3o ao longo desta fase.<\/p>\t\t\t\t<\/div>\n\t\t\t\t\t<\/div>\n\t\t\t\t\t\t<\/div>\n\t\t\t\t<\/div>\n\t\t\t\t<\/div>\n\t\t<div class=\"elementor-element elementor-element-31328ee e-con-full e-flex e-con e-child\" data-id=\"31328ee\" data-element_type=\"container\" data-e-type=\"container\">\n\t\t\t\t<div class=\"elementor-element elementor-element-8e43602 elementor-widget elementor-widget-wd_image_or_svg\" data-id=\"8e43602\" data-element_type=\"widget\" data-e-type=\"widget\" data-widget_type=\"wd_image_or_svg.default\">\n\t\t\t\t<div class=\"elementor-widget-container\">\n\t\t\t\t\t\n\t\t<div class=\"wd-image text-left\">\n\t\t\t\t\t\t\t\t<img loading=\"lazy\" decoding=\"async\" width=\"720\" height=\"440\" src=\"https:\/\/lydenim.com\/wp-content\/uploads\/2024\/12\/\u7ec7\u5e03\u673a-720x440.jpg\" class=\"attachment-720x440 size-720x440\" alt=\"\" \/>\t\t\t\t\t<\/div>\n\n\t\t\t\t\t\t<\/div>\n\t\t\t\t<\/div>\n\t\t\t\t<\/div>\n\t\t\t\t\t<\/div>\n\t\t\t\t<\/div>\n\t\t<div class=\"wd-negative-gap elementor-element elementor-element-0f55660 e-flex e-con-boxed e-con e-parent\" data-id=\"0f55660\" data-element_type=\"container\" data-e-type=\"container\">\n\t\t\t\t\t<div class=\"e-con-inner\">\n\t\t<div class=\"elementor-element elementor-element-df9aafb e-con-full e-flex e-con e-child\" data-id=\"df9aafb\" data-element_type=\"container\" data-e-type=\"container\">\n\t\t\t\t<div class=\"elementor-element elementor-element-218971e wd-width-100 elementor-widget elementor-widget-wd_title\" data-id=\"218971e\" data-element_type=\"widget\" data-e-type=\"widget\" data-widget_type=\"wd_title.default\">\n\t\t\t\t<div class=\"elementor-widget-container\">\n\t\t\t\t\t\t\t<div class=\"title-wrapper wd-set-mb reset-last-child wd-title-color-primary wd-title-style-simple wd-title-size-default text-left\">\n\n\t\t\t\t\t\t\t\t\t\t\t<div class=\"title-subtitle subtitle-color-primary subtitle-style-default wd-fontsize-xs\">\n\t\t\t\t\tPasso 6<br \/>\n\t\t\t\t<\/div>\n\t\t\t\n\t\t\t<div class=\"liner-continer\">\n\t\t\t\t<h2 class=\"woodmart-title-container title wd-fontsize-l\">Expedi\u00e7\u00e3o<\/h2> \n\t\t\t\t\t\t\t<\/div>\n\n\t\t\t\t\t\t\t<div class=\"title-after_title reset-last-child wd-fontsize-xs\">\n\t\t\t\t\t<p>Quando a produ\u00e7\u00e3o estiver conclu\u00edda e passar a inspe\u00e7\u00e3o de qualidade final, o seu tecido est\u00e1 pronto para ser enviado.<br \/>Depois de recebermos o pagamento ou a carta de cr\u00e9dito, tratamos do processo de carregamento e entregamos-lhe a sua encomenda.<\/p>\t\t\t\t<\/div>\n\t\t\t\t\t<\/div>\n\t\t\t\t\t\t<\/div>\n\t\t\t\t<\/div>\n\t\t\t\t<\/div>\n\t\t<div class=\"elementor-element elementor-element-a90596a e-con-full e-flex e-con e-child\" data-id=\"a90596a\" data-element_type=\"container\" data-e-type=\"container\">\n\t\t\t\t<div class=\"elementor-element elementor-element-9e813e2 elementor-widget elementor-widget-wd_image_or_svg\" data-id=\"9e813e2\" data-element_type=\"widget\" data-e-type=\"widget\" data-widget_type=\"wd_image_or_svg.default\">\n\t\t\t\t<div class=\"elementor-widget-container\">\n\t\t\t\t\t\n\t\t<div class=\"wd-image text-left\">\n\t\t\t\t\t\t\t\t<img loading=\"lazy\" decoding=\"async\" width=\"720\" height=\"440\" src=\"https:\/\/lydenim.com\/wp-content\/uploads\/2024\/12\/\u88c5\u67dc-720x440.jpeg\" class=\"attachment-720x440 size-720x440\" alt=\"\" \/>\t\t\t\t\t<\/div>\n\n\t\t\t\t\t\t<\/div>\n\t\t\t\t<\/div>\n\t\t\t\t<\/div>\n\t\t\t\t\t<\/div>\n\t\t\t\t<\/div>\n\t\t<div class=\"wd-negative-gap elementor-element elementor-element-ba281fe e-flex e-con-boxed e-con e-parent\" data-id=\"ba281fe\" data-element_type=\"container\" data-e-type=\"container\">\n\t\t\t\t\t<div class=\"e-con-inner\">\n\t\t\t\t<div class=\"elementor-element elementor-element-514f708 wd-width-100 elementor-widget elementor-widget-wd_title\" data-id=\"514f708\" data-element_type=\"widget\" data-e-type=\"widget\" data-widget_type=\"wd_title.default\">\n\t\t\t\t<div class=\"elementor-widget-container\">\n\t\t\t\t\t\t\t<div class=\"title-wrapper wd-set-mb reset-last-child wd-title-color-default wd-title-style-default wd-title-size-default text-center\">\n\n\t\t\t\n\t\t\t<div class=\"liner-continer\">\n\t\t\t\t<h4 class=\"woodmart-title-container title wd-fontsize-l\">Fazemos com que a sua viagem de personaliza\u00e7\u00e3o de ganga seja perfeita e sem stress do in\u00edcio ao fim!<\/h4> \n\t\t\t\t\t\t\t<\/div>\n\n\t\t\t\t\t<\/div>\n\t\t\t\t\t\t<\/div>\n\t\t\t\t<\/div>\n\t\t\t\t\t<\/div>\n\t\t\t\t<\/div>\n\t\t\t\t<\/div>","protected":false},"excerpt":{"rendered":"<p>Etapa 1 Consulta Entre em contato conosco! Nossos especialistas em jeans documentar\u00e3o todos os aspectos cr\u00edticos de suas necessidades durante a consulta. Se<\/p>","protected":false},"author":2,"featured_media":0,"parent":0,"menu_order":0,"comment_status":"closed","ping_status":"closed","template":"","meta":{"two_page_speed":[],"footnotes":""},"class_list":["post-1836","page","type-page","status-publish","hentry"],"aioseo_notices":[],"_links":{"self":[{"href":"https:\/\/lydenim.com\/pt\/wp-json\/wp\/v2\/pages\/1836","targetHints":{"allow":["GET"]}}],"collection":[{"href":"https:\/\/lydenim.com\/pt\/wp-json\/wp\/v2\/pages"}],"about":[{"href":"https:\/\/lydenim.com\/pt\/wp-json\/wp\/v2\/types\/page"}],"author":[{"embeddable":true,"href":"https:\/\/lydenim.com\/pt\/wp-json\/wp\/v2\/users\/2"}],"replies":[{"embeddable":true,"href":"https:\/\/lydenim.com\/pt\/wp-json\/wp\/v2\/comments?post=1836"}],"version-history":[{"count":16,"href":"https:\/\/lydenim.com\/pt\/wp-json\/wp\/v2\/pages\/1836\/revisions"}],"predecessor-version":[{"id":2565,"href":"https:\/\/lydenim.com\/pt\/wp-json\/wp\/v2\/pages\/1836\/revisions\/2565"}],"wp:attachment":[{"href":"https:\/\/lydenim.com\/pt\/wp-json\/wp\/v2\/media?parent=1836"}],"curies":[{"name":"wp","href":"https:\/\/api.w.org\/{rel}","templated":true}]}}