{"id":1840,"date":"2024-12-02T14:14:03","date_gmt":"2024-12-02T06:14:03","guid":{"rendered":"https:\/\/lydenim.com\/?page_id=1840"},"modified":"2025-06-11T21:28:47","modified_gmt":"2025-06-11T13:28:47","slug":"service-for-garment-factories","status":"publish","type":"page","link":"https:\/\/lydenim.com\/pt\/servico-para-fabricas-de-vestuario\/","title":{"rendered":"Servi\u00e7o para f\u00e1bricas de vestu\u00e1rio"},"content":{"rendered":"<div data-elementor-type=\"wp-page\" data-elementor-id=\"1840\" class=\"elementor elementor-1840\" data-elementor-post-type=\"page\">\n\t\t\t\t<div class=\"wd-negative-gap elementor-element elementor-element-3e1298b e-flex e-con-boxed e-con e-parent\" data-id=\"3e1298b\" data-element_type=\"container\" data-e-type=\"container\">\n\t\t\t\t\t<div class=\"e-con-inner\">\n\t\t<div class=\"elementor-element elementor-element-66089b3 e-con-full e-flex e-con e-child\" data-id=\"66089b3\" data-element_type=\"container\" data-e-type=\"container\" data-settings=\"{&quot;background_background&quot;:&quot;classic&quot;}\">\n\t\t\t\t<div class=\"elementor-element elementor-element-69e14c6 wd-width-100 elementor-widget elementor-widget-wd_title\" data-id=\"69e14c6\" data-element_type=\"widget\" data-e-type=\"widget\" data-widget_type=\"wd_title.default\">\n\t\t\t\t<div class=\"elementor-widget-container\">\n\t\t\t\t\t\t\t<div class=\"title-wrapper wd-set-mb reset-last-child wd-title-color-default wd-title-style-default wd-title-size-default text-center\">\n\n\t\t\t\n\t\t\t<div class=\"liner-continer\">\n\t\t\t\t<h2 class=\"woodmart-title-container title wd-fontsize-l\">Como \u00e9 que beneficia dos nossos produtos e servi\u00e7os?<\/h2> \n\t\t\t\t\t\t\t<\/div>\n\n\t\t\t\t\t<\/div>\n\t\t\t\t\t\t<\/div>\n\t\t\t\t<\/div>\n\t\t\t\t<\/div>\n\t\t<div class=\"elementor-element elementor-element-b6eb7f7 e-con-full e-flex e-con e-child\" data-id=\"b6eb7f7\" data-element_type=\"container\" data-e-type=\"container\">\n\t\t<div class=\"elementor-element elementor-element-4550113 e-con-full e-flex e-con e-child\" data-id=\"4550113\" data-element_type=\"container\" data-e-type=\"container\">\n\t\t<div class=\"elementor-element elementor-element-45febdf e-con-full e-flex e-con e-child\" data-id=\"45febdf\" data-element_type=\"container\" data-e-type=\"container\">\n\t\t\t\t<div class=\"elementor-element elementor-element-68f0459 wd-width-100 elementor-widget elementor-widget-wd_title\" data-id=\"68f0459\" data-element_type=\"widget\" data-e-type=\"widget\" data-widget_type=\"wd_title.default\">\n\t\t\t\t<div class=\"elementor-widget-container\">\n\t\t\t\t\t\t\t<div class=\"title-wrapper wd-set-mb reset-last-child wd-title-color-default wd-title-style-default wd-title-size-default text-left\">\n\n\t\t\t\n\t\t\t<div class=\"liner-continer\">\n\t\t\t\t<h4 class=\"woodmart-title-container title wd-fontsize-l\">80% de tecido em stock<\/h4> \n\t\t\t\t\t\t\t<\/div>\n\n\t\t\t\t\t<\/div>\n\t\t\t\t\t\t<\/div>\n\t\t\t\t<\/div>\n\t\t\t\t<div class=\"elementor-element elementor-element-28c4d06 elementor-icon-list--layout-traditional elementor-list-item-link-full_width elementor-widget elementor-widget-icon-list\" data-id=\"28c4d06\" data-element_type=\"widget\" data-e-type=\"widget\" data-widget_type=\"icon-list.default\">\n\t\t\t\t<div class=\"elementor-widget-container\">\n\t\t\t\t\t\t\t<ul class=\"elementor-icon-list-items\">\n\t\t\t\t\t\t\t<li class=\"elementor-icon-list-item\">\n\t\t\t\t\t\t\t\t\t\t\t<span class=\"elementor-icon-list-icon\">\n\t\t\t\t\t\t\t<svg aria-hidden=\"true\" class=\"e-font-icon-svg e-fas-dot-circle\" viewbox=\"0 0 512 512\" xmlns=\"http:\/\/www.w3.org\/2000\/svg\"><path d=\"M256 8C119.033 8 8 119.033 8 256s111.033 248 248 248 248-111.033 248-248S392.967 8 256 8zm80 248c0 44.112-35.888 80-80 80s-80-35.888-80-80 35.888-80 80-80 80 35.888 80 80z\"><\/path><\/svg>\t\t\t\t\t\t<\/span>\n\t\t\t\t\t\t\t\t\t\t<span class=\"elementor-icon-list-text\">Pequeno MOQ<\/span>\n\t\t\t\t\t\t\t\t\t<\/li>\n\t\t\t\t\t\t\t\t<li class=\"elementor-icon-list-item\">\n\t\t\t\t\t\t\t\t\t\t\t<span class=\"elementor-icon-list-icon\">\n\t\t\t\t\t\t\t<svg aria-hidden=\"true\" class=\"e-font-icon-svg e-fas-dot-circle\" viewbox=\"0 0 512 512\" xmlns=\"http:\/\/www.w3.org\/2000\/svg\"><path d=\"M256 8C119.033 8 8 119.033 8 256s111.033 248 248 248 248-111.033 248-248S392.967 8 256 8zm80 248c0 44.112-35.888 80-80 80s-80-35.888-80-80 35.888-80 80-80 80 35.888 80 80z\"><\/path><\/svg>\t\t\t\t\t\t<\/span>\n\t\t\t\t\t\t\t\t\t\t<span class=\"elementor-icon-list-text\"> Prazo de entrega curto<\/span>\n\t\t\t\t\t\t\t\t\t<\/li>\n\t\t\t\t\t\t<\/ul>\n\t\t\t\t\t\t<\/div>\n\t\t\t\t<\/div>\n\t\t\t\t<\/div>\n\t\t<div class=\"elementor-element elementor-element-d095f6e e-con-full e-flex e-con e-child\" data-id=\"d095f6e\" data-element_type=\"container\" data-e-type=\"container\">\n\t\t\t\t<div class=\"elementor-element elementor-element-b8fe7be wd-width-100 elementor-widget elementor-widget-wd_title\" data-id=\"b8fe7be\" data-element_type=\"widget\" data-e-type=\"widget\" data-widget_type=\"wd_title.default\">\n\t\t\t\t<div class=\"elementor-widget-container\">\n\t\t\t\t\t\t\t<div class=\"title-wrapper wd-set-mb reset-last-child wd-title-color-default wd-title-style-default wd-title-size-default text-left\">\n\n\t\t\t\n\t\t\t<div class=\"liner-continer\">\n\t\t\t\t<h4 class=\"woodmart-title-container title wd-fontsize-l\">Amplas op\u00e7\u00f5es de tecidos<\/h4> \n\t\t\t\t\t\t\t<\/div>\n\n\t\t\t\t\t<\/div>\n\t\t\t\t\t\t<\/div>\n\t\t\t\t<\/div>\n\t\t\t\t<div class=\"elementor-element elementor-element-b68a97b elementor-icon-list--layout-traditional elementor-list-item-link-full_width elementor-widget elementor-widget-icon-list\" data-id=\"b68a97b\" data-element_type=\"widget\" data-e-type=\"widget\" data-widget_type=\"icon-list.default\">\n\t\t\t\t<div class=\"elementor-widget-container\">\n\t\t\t\t\t\t\t<ul class=\"elementor-icon-list-items\">\n\t\t\t\t\t\t\t<li class=\"elementor-icon-list-item\">\n\t\t\t\t\t\t\t\t\t\t\t<span class=\"elementor-icon-list-icon\">\n\t\t\t\t\t\t\t<svg aria-hidden=\"true\" class=\"e-font-icon-svg e-fas-dot-circle\" viewbox=\"0 0 512 512\" xmlns=\"http:\/\/www.w3.org\/2000\/svg\"><path d=\"M256 8C119.033 8 8 119.033 8 256s111.033 248 248 248 248-111.033 248-248S392.967 8 256 8zm80 248c0 44.112-35.888 80-80 80s-80-35.888-80-80 35.888-80 80-80 80 35.888 80 80z\"><\/path><\/svg>\t\t\t\t\t\t<\/span>\n\t\t\t\t\t\t\t\t\t\t<span class=\"elementor-icon-list-text\">4-14 on\u00e7as<\/span>\n\t\t\t\t\t\t\t\t\t<\/li>\n\t\t\t\t\t\t\t\t<li class=\"elementor-icon-list-item\">\n\t\t\t\t\t\t\t\t\t\t\t<span class=\"elementor-icon-list-icon\">\n\t\t\t\t\t\t\t<svg aria-hidden=\"true\" class=\"e-font-icon-svg e-fas-dot-circle\" viewbox=\"0 0 512 512\" xmlns=\"http:\/\/www.w3.org\/2000\/svg\"><path d=\"M256 8C119.033 8 8 119.033 8 256s111.033 248 248 248 248-111.033 248-248S392.967 8 256 8zm80 248c0 44.112-35.888 80-80 80s-80-35.888-80-80 35.888-80 80-80 80 35.888 80 80z\"><\/path><\/svg>\t\t\t\t\t\t<\/span>\n\t\t\t\t\t\t\t\t\t\t<span class=\"elementor-icon-list-text\"> B\u00e1sico, exuberante, funcional, sustent\u00e1vel, est\u00e9tico<\/span>\n\t\t\t\t\t\t\t\t\t<\/li>\n\t\t\t\t\t\t<\/ul>\n\t\t\t\t\t\t<\/div>\n\t\t\t\t<\/div>\n\t\t\t\t<\/div>\n\t\t<div class=\"elementor-element elementor-element-0f086bd e-con-full e-flex e-con e-child\" data-id=\"0f086bd\" data-element_type=\"container\" data-e-type=\"container\">\n\t\t\t\t<div class=\"elementor-element elementor-element-2ddfbd7 wd-width-100 elementor-widget elementor-widget-wd_title\" data-id=\"2ddfbd7\" data-element_type=\"widget\" data-e-type=\"widget\" data-widget_type=\"wd_title.default\">\n\t\t\t\t<div class=\"elementor-widget-container\">\n\t\t\t\t\t\t\t<div class=\"title-wrapper wd-set-mb reset-last-child wd-title-color-default wd-title-style-default wd-title-size-default text-left\">\n\n\t\t\t\n\t\t\t<div class=\"liner-continer\">\n\t\t\t\t<h4 class=\"woodmart-title-container title wd-fontsize-l\">Qualidade est\u00e1vel<\/h4> \n\t\t\t\t\t\t\t<\/div>\n\n\t\t\t\t\t<\/div>\n\t\t\t\t\t\t<\/div>\n\t\t\t\t<\/div>\n\t\t\t\t<div class=\"elementor-element elementor-element-7cf678b elementor-icon-list--layout-traditional elementor-list-item-link-full_width elementor-widget elementor-widget-icon-list\" data-id=\"7cf678b\" data-element_type=\"widget\" data-e-type=\"widget\" data-widget_type=\"icon-list.default\">\n\t\t\t\t<div class=\"elementor-widget-container\">\n\t\t\t\t\t\t\t<ul class=\"elementor-icon-list-items\">\n\t\t\t\t\t\t\t<li class=\"elementor-icon-list-item\">\n\t\t\t\t\t\t\t\t\t\t\t<span class=\"elementor-icon-list-icon\">\n\t\t\t\t\t\t\t<svg aria-hidden=\"true\" class=\"e-font-icon-svg e-fas-dot-circle\" viewbox=\"0 0 512 512\" xmlns=\"http:\/\/www.w3.org\/2000\/svg\"><path d=\"M256 8C119.033 8 8 119.033 8 256s111.033 248 248 248 248-111.033 248-248S392.967 8 256 8zm80 248c0 44.112-35.888 80-80 80s-80-35.888-80-80 35.888-80 80-80 80 35.888 80 80z\"><\/path><\/svg>\t\t\t\t\t\t<\/span>\n\t\t\t\t\t\t\t\t\t\t<span class=\"elementor-icon-list-text\"> Procedimento de controlo de qualidade completo, do fio ao tecido<\/span>\n\t\t\t\t\t\t\t\t\t<\/li>\n\t\t\t\t\t\t<\/ul>\n\t\t\t\t\t\t<\/div>\n\t\t\t\t<\/div>\n\t\t\t\t<\/div>\n\t\t\t\t<\/div>\n\t\t<div class=\"elementor-element elementor-element-ab2e3b4 e-con-full e-flex e-con e-child\" data-id=\"ab2e3b4\" data-element_type=\"container\" data-e-type=\"container\">\n\t\t\t\t<div class=\"elementor-element elementor-element-cd38685 elementor-widget elementor-widget-wd_image_or_svg\" data-id=\"cd38685\" data-element_type=\"widget\" data-e-type=\"widget\" data-widget_type=\"wd_image_or_svg.default\">\n\t\t\t\t<div class=\"elementor-widget-container\">\n\t\t\t\t\t\n\t\t<div class=\"wd-image text-left\">\n\t\t\t\t\t\t\t\t<img loading=\"lazy\" decoding=\"async\" width=\"2266\" height=\"1372\" src=\"https:\/\/lydenim.com\/wp-content\/uploads\/2024\/12\/\u7eb1\u5e93\u5b58.jpeg\" class=\"attachment-full size-full\" alt=\"\" srcset=\"https:\/\/lydenim.com\/wp-content\/uploads\/2024\/12\/\u7eb1\u5e93\u5b58.jpeg 2266w, https:\/\/lydenim.com\/wp-content\/uploads\/2024\/12\/\u7eb1\u5e93\u5b58-150x91.jpeg 150w, https:\/\/lydenim.com\/wp-content\/uploads\/2024\/12\/\u7eb1\u5e93\u5b58-600x363.jpeg 600w, https:\/\/lydenim.com\/wp-content\/uploads\/2024\/12\/\u7eb1\u5e93\u5b58-300x182.jpeg 300w, https:\/\/lydenim.com\/wp-content\/uploads\/2024\/12\/\u7eb1\u5e93\u5b58-1024x620.jpeg 1024w, https:\/\/lydenim.com\/wp-content\/uploads\/2024\/12\/\u7eb1\u5e93\u5b58-768x465.jpeg 768w, https:\/\/lydenim.com\/wp-content\/uploads\/2024\/12\/\u7eb1\u5e93\u5b58-1536x930.jpeg 1536w, https:\/\/lydenim.com\/wp-content\/uploads\/2024\/12\/\u7eb1\u5e93\u5b58-2048x1240.jpeg 2048w, https:\/\/lydenim.com\/wp-content\/uploads\/2024\/12\/\u7eb1\u5e93\u5b58-18x12.jpeg 18w\" sizes=\"auto, (max-width: 2266px) 100vw, 2266px\" \/>\t\t\t\t\t<\/div>\n\n\t\t\t\t\t\t<\/div>\n\t\t\t\t<\/div>\n\t\t\t\t<\/div>\n\t\t\t\t<\/div>\n\t\t<div class=\"elementor-element elementor-element-a6ebc2b e-con-full e-flex e-con e-child\" data-id=\"a6ebc2b\" data-element_type=\"container\" data-e-type=\"container\">\n\t\t<div class=\"elementor-element elementor-element-e8447c0 e-con-full e-flex e-con e-child\" data-id=\"e8447c0\" data-element_type=\"container\" data-e-type=\"container\">\n\t\t\t\t<div class=\"elementor-element elementor-element-d288815 wd-width-100 elementor-widget elementor-widget-wd_title\" data-id=\"d288815\" data-element_type=\"widget\" data-e-type=\"widget\" data-widget_type=\"wd_title.default\">\n\t\t\t\t<div class=\"elementor-widget-container\">\n\t\t\t\t\t\t\t<div class=\"title-wrapper wd-set-mb reset-last-child wd-title-color-primary wd-title-style-simple wd-title-size-default text-left\">\n\n\t\t\t\n\t\t\t<div class=\"liner-continer\">\n\t\t\t\t<h3 class=\"woodmart-title-container title wd-fontsize-l\">M\u00e1quinas avan\u00e7adas<\/h3> \n\t\t\t\t\t\t\t<\/div>\n\n\t\t\t\t\t\t\t<div class=\"title-after_title reset-last-child wd-fontsize-xs\">\n\t\t\t\t\t<p>Come\u00e7\u00e1mos a nossa viagem como fabricante e fornecedor de ganga em Foshan, 2000. Com um total de 240 teares de pin\u00e7as de \u00faltima gera\u00e7\u00e3o, importados da B\u00e9lgica e da It\u00e1lia, a nossa capacidade de produ\u00e7\u00e3o \u00e9 de 20 milh\u00f5es de metros por ano.<\/p>\t\t\t\t<\/div>\n\t\t\t\t\t<\/div>\n\t\t\t\t\t\t<\/div>\n\t\t\t\t<\/div>\n\t\t\t\t<\/div>\n\t\t<div class=\"elementor-element elementor-element-e85b47f e-con-full e-flex e-con e-child\" data-id=\"e85b47f\" data-element_type=\"container\" data-e-type=\"container\">\n\t\t\t\t<div class=\"elementor-element elementor-element-c18650a elementor-widget elementor-widget-wd_image_or_svg\" data-id=\"c18650a\" data-element_type=\"widget\" data-e-type=\"widget\" data-widget_type=\"wd_image_or_svg.default\">\n\t\t\t\t<div class=\"elementor-widget-container\">\n\t\t\t\t\t\n\t\t<div class=\"wd-image text-left\">\n\t\t\t\t\t\t\t\t<img loading=\"lazy\" decoding=\"async\" width=\"2560\" height=\"1440\" src=\"https:\/\/lydenim.com\/wp-content\/uploads\/2024\/12\/\u7ec7\u5e03\u673a-1-scaled.jpg\" class=\"attachment-full size-full\" alt=\"\" srcset=\"https:\/\/lydenim.com\/wp-content\/uploads\/2024\/12\/\u7ec7\u5e03\u673a-1-scaled.jpg 2560w, https:\/\/lydenim.com\/wp-content\/uploads\/2024\/12\/\u7ec7\u5e03\u673a-1-scaled-150x84.jpg 150w, https:\/\/lydenim.com\/wp-content\/uploads\/2024\/12\/\u7ec7\u5e03\u673a-1-scaled-600x338.jpg 600w, https:\/\/lydenim.com\/wp-content\/uploads\/2024\/12\/\u7ec7\u5e03\u673a-1-300x169.jpg 300w, https:\/\/lydenim.com\/wp-content\/uploads\/2024\/12\/\u7ec7\u5e03\u673a-1-1024x576.jpg 1024w, https:\/\/lydenim.com\/wp-content\/uploads\/2024\/12\/\u7ec7\u5e03\u673a-1-768x432.jpg 768w, https:\/\/lydenim.com\/wp-content\/uploads\/2024\/12\/\u7ec7\u5e03\u673a-1-1536x864.jpg 1536w, https:\/\/lydenim.com\/wp-content\/uploads\/2024\/12\/\u7ec7\u5e03\u673a-1-2048x1152.jpg 2048w, https:\/\/lydenim.com\/wp-content\/uploads\/2024\/12\/\u7ec7\u5e03\u673a-1-18x10.jpg 18w\" sizes=\"auto, (max-width: 2560px) 100vw, 2560px\" \/>\t\t\t\t\t<\/div>\n\n\t\t\t\t\t\t<\/div>\n\t\t\t\t<\/div>\n\t\t\t\t<\/div>\n\t\t\t\t<\/div>\n\t\t<div class=\"elementor-element elementor-element-12cdf81 e-con-full e-flex e-con e-child\" data-id=\"12cdf81\" data-element_type=\"container\" data-e-type=\"container\">\n\t\t<div class=\"elementor-element elementor-element-f4255e5 e-con-full e-flex e-con e-child\" data-id=\"f4255e5\" data-element_type=\"container\" data-e-type=\"container\">\n\t\t\t\t<div class=\"elementor-element elementor-element-45ca4b4 wd-width-100 elementor-widget elementor-widget-wd_title\" data-id=\"45ca4b4\" data-element_type=\"widget\" data-e-type=\"widget\" data-widget_type=\"wd_title.default\">\n\t\t\t\t<div class=\"elementor-widget-container\">\n\t\t\t\t\t\t\t<div class=\"title-wrapper wd-set-mb reset-last-child wd-title-color-primary wd-title-style-simple wd-title-size-default text-left\">\n\n\t\t\t\n\t\t\t<div class=\"liner-continer\">\n\t\t\t\t<h3 class=\"woodmart-title-container title wd-fontsize-l\">Servi\u00e7o integrado de produ\u00e7\u00e3o e venda de tecidos<\/h3> \n\t\t\t\t\t\t\t<\/div>\n\n\t\t\t\t\t\t\t<div class=\"title-after_title reset-last-child wd-fontsize-xs\">\n\t\t\t\t\t<p>Personalizamos tecidos para os nossos clientes, mas tamb\u00e9m concebemos, produzimos e vendemos os nossos pr\u00f3prios tecidos, para o local ou para o mundo. Lan\u00e7\u00e1mos uma sala de amostras e uma filial de vendas no local, determinada a ajudar as f\u00e1bricas de vestu\u00e1rio a visualizar o processo desde o tecido at\u00e9 ao vestu\u00e1rio, e tamb\u00e9m a aliviar os problemas de MOQ elevado e tempo de produ\u00e7\u00e3o longo, o que \u00e9 especialmente essencial para os grossistas de tecidos na \u00e9poca alta de vendas. <a href=\"https:\/\/lydenim.com\/pt\/product\/\"><span style=\"text-decoration: underline\">Clique aqui<\/span><\/a>, saiba mais sobre nossos produtos mais recentes ou <span style=\"text-decoration: underline\"><a href=\"http:\/\/liangyuantextile.m.en.alibaba.com\">Personaliza\u00e7\u00e3o de roupas<\/a><\/span><\/p>\t\t\t\t<\/div>\n\t\t\t\t\t<\/div>\n\t\t\t\t\t\t<\/div>\n\t\t\t\t<\/div>\n\t\t\t\t<\/div>\n\t\t<div class=\"elementor-element elementor-element-94db684 e-con-full e-flex e-con e-child\" data-id=\"94db684\" data-element_type=\"container\" data-e-type=\"container\">\n\t\t\t\t<div class=\"elementor-element elementor-element-4a9fb53 elementor-widget elementor-widget-wd_image_or_svg\" data-id=\"4a9fb53\" data-element_type=\"widget\" data-e-type=\"widget\" data-widget_type=\"wd_image_or_svg.default\">\n\t\t\t\t<div class=\"elementor-widget-container\">\n\t\t\t\t\t\n\t\t<div class=\"wd-image text-left\">\n\t\t\t\t\t\t\t\t<img loading=\"lazy\" decoding=\"async\" width=\"1120\" height=\"720\" src=\"https:\/\/lydenim.com\/wp-content\/uploads\/2024\/12\/\u6863\u53e3\u56fe1-1120x720.jpg\" class=\"attachment-1120x720 size-1120x720\" alt=\"\" \/>\t\t\t\t\t<\/div>\n\n\t\t\t\t\t\t<\/div>\n\t\t\t\t<\/div>\n\t\t\t\t<\/div>\n\t\t\t\t<\/div>\n\t\t<div class=\"elementor-element elementor-element-411fd0a e-con-full e-flex e-con e-child\" data-id=\"411fd0a\" data-element_type=\"container\" data-e-type=\"container\">\n\t\t<div class=\"elementor-element elementor-element-a30804c e-con-full e-flex e-con e-child\" data-id=\"a30804c\" data-element_type=\"container\" data-e-type=\"container\">\n\t\t\t\t<div class=\"elementor-element elementor-element-2924179 wd-width-100 elementor-widget elementor-widget-wd_title\" data-id=\"2924179\" data-element_type=\"widget\" data-e-type=\"widget\" data-widget_type=\"wd_title.default\">\n\t\t\t\t<div class=\"elementor-widget-container\">\n\t\t\t\t\t\t\t<div class=\"title-wrapper wd-set-mb reset-last-child wd-title-color-primary wd-title-style-simple wd-title-size-default text-left\">\n\n\t\t\t\n\t\t\t<div class=\"liner-continer\">\n\t\t\t\t<h3 class=\"woodmart-title-container title wd-fontsize-l\">Investiga\u00e7\u00e3o e desenvolvimento conjuntos para promover a inova\u00e7\u00e3o nos tecidos<\/h3> \n\t\t\t\t\t\t\t<\/div>\n\n\t\t\t\t\t\t\t<div class=\"title-after_title reset-last-child wd-fontsize-xs\">\n\t\t\t\t\t<p>Estamos determinados a mergulhar profundamente na parte da tecelagem e a encaminhar os outros processos de produ\u00e7\u00e3o para aqueles que apenas fazem uma coisa como n\u00f3s, incluindo a fia\u00e7\u00e3o, a tinturaria ou o processo de acabamento. Os nossos parceiros s\u00e3o inovadores e l\u00edderes no seu sector, gozando de uma boa reputa\u00e7\u00e3o de elevada capacidade de produ\u00e7\u00e3o e de diversos fios ou tecnologias patenteados. Integram todas as fontes num \u00fanico dom\u00ednio, para aumentar a capacidade de produ\u00e7\u00e3o, reduzir os custos e melhorar o desenvolvimento de I&amp;D, do qual beneficiamos e transferimos para os nossos clientes. Lan\u00e7\u00e1mos um gabinete de desenvolvimento conjunto no nosso parceiro de fia\u00e7\u00e3o, para desenvolvermos em conjunto fios de engenharia, e tamb\u00e9m um gabinete conjunto na f\u00e1brica de tingimento em 2010 para explorarmos em conjunto as cores de tingimento.<\/p>\t\t\t\t<\/div>\n\t\t\t\t\t<\/div>\n\t\t\t\t\t\t<\/div>\n\t\t\t\t<\/div>\n\t\t\t\t<\/div>\n\t\t<div class=\"elementor-element elementor-element-cb0b8a8 e-con-full e-flex e-con e-child\" data-id=\"cb0b8a8\" data-element_type=\"container\" data-e-type=\"container\">\n\t\t\t\t<div class=\"elementor-element elementor-element-7f28bf3 elementor-widget elementor-widget-wd_image_or_svg\" data-id=\"7f28bf3\" data-element_type=\"widget\" data-e-type=\"widget\" data-widget_type=\"wd_image_or_svg.default\">\n\t\t\t\t<div class=\"elementor-widget-container\">\n\t\t\t\t\t\n\t\t<div class=\"wd-image text-left\">\n\t\t\t\t\t\t\t\t<img loading=\"lazy\" decoding=\"async\" width=\"1120\" height=\"720\" src=\"https:\/\/lydenim.com\/wp-content\/uploads\/2024\/12\/\u67d3\u8272-1120x720.jpg\" class=\"attachment-1120x720 size-1120x720\" alt=\"\" srcset=\"https:\/\/lydenim.com\/wp-content\/uploads\/2024\/12\/\u67d3\u8272-1120x720.jpg 1120w, https:\/\/lydenim.com\/wp-content\/uploads\/2024\/12\/\u67d3\u8272-150x96.jpg 150w, https:\/\/lydenim.com\/wp-content\/uploads\/2024\/12\/\u67d3\u8272-600x385.jpg 600w, https:\/\/lydenim.com\/wp-content\/uploads\/2024\/12\/\u67d3\u8272-300x193.jpg 300w, https:\/\/lydenim.com\/wp-content\/uploads\/2024\/12\/\u67d3\u8272-1024x658.jpg 1024w, https:\/\/lydenim.com\/wp-content\/uploads\/2024\/12\/\u67d3\u8272-768x493.jpg 768w, https:\/\/lydenim.com\/wp-content\/uploads\/2024\/12\/\u67d3\u8272-1536x987.jpg 1536w, https:\/\/lydenim.com\/wp-content\/uploads\/2024\/12\/\u67d3\u8272-18x12.jpg 18w, https:\/\/lydenim.com\/wp-content\/uploads\/2024\/12\/\u67d3\u8272.jpg 1890w\" sizes=\"auto, (max-width: 1120px) 100vw, 1120px\" \/>\t\t\t\t\t<\/div>\n\n\t\t\t\t\t\t<\/div>\n\t\t\t\t<\/div>\n\t\t\t\t<\/div>\n\t\t\t\t<\/div>\n\t\t\t\t\t<\/div>\n\t\t\t\t<\/div>\n\t\t<div class=\"wd-negative-gap elementor-element elementor-element-59c5094 e-flex e-con-boxed e-con e-parent\" data-id=\"59c5094\" data-element_type=\"container\" data-e-type=\"container\">\n\t\t\t\t\t<div class=\"e-con-inner\">\n\t\t\t\t<div class=\"elementor-element elementor-element-d135181 wd-width-100 elementor-widget elementor-widget-wd_title\" data-id=\"d135181\" data-element_type=\"widget\" data-e-type=\"widget\" data-widget_type=\"wd_title.default\">\n\t\t\t\t<div class=\"elementor-widget-container\">\n\t\t\t\t\t\t\t<div class=\"title-wrapper wd-set-mb reset-last-child wd-title-color-default wd-title-style-default wd-title-size-default text-center\">\n\n\t\t\t\n\t\t\t<div class=\"liner-continer\">\n\t\t\t\t<h4 class=\"woodmart-title-container title wd-fontsize-l\">Estamos na ind\u00fastria da ganga h\u00e1 mais de uma d\u00e9cada e estamos determinados a continuar a avan\u00e7ar na viagem da ganga, para produzir tecido de ganga com estilo, moda e qualidade est\u00e1vel. <\/h4> \n\t\t\t\t\t\t\t<\/div>\n\n\t\t\t\t\t<\/div>\n\t\t\t\t\t\t<\/div>\n\t\t\t\t<\/div>\n\t\t\t\t\t<\/div>\n\t\t\t\t<\/div>\n\t\t\t\t<\/div>","protected":false},"excerpt":{"rendered":"<p>Como voc\u00ea se beneficia de nossos produtos e servi\u00e7os? 80% Tecido em estoque Quantidade m\u00ednima pequena Prazo de entrega curto Ampla escolha de tecidos<\/p>","protected":false},"author":2,"featured_media":0,"parent":0,"menu_order":0,"comment_status":"closed","ping_status":"closed","template":"","meta":{"two_page_speed":[],"footnotes":""},"class_list":["post-1840","page","type-page","status-publish","hentry"],"aioseo_notices":[],"_links":{"self":[{"href":"https:\/\/lydenim.com\/pt\/wp-json\/wp\/v2\/pages\/1840","targetHints":{"allow":["GET"]}}],"collection":[{"href":"https:\/\/lydenim.com\/pt\/wp-json\/wp\/v2\/pages"}],"about":[{"href":"https:\/\/lydenim.com\/pt\/wp-json\/wp\/v2\/types\/page"}],"author":[{"embeddable":true,"href":"https:\/\/lydenim.com\/pt\/wp-json\/wp\/v2\/users\/2"}],"replies":[{"embeddable":true,"href":"https:\/\/lydenim.com\/pt\/wp-json\/wp\/v2\/comments?post=1840"}],"version-history":[{"count":21,"href":"https:\/\/lydenim.com\/pt\/wp-json\/wp\/v2\/pages\/1840\/revisions"}],"predecessor-version":[{"id":5398,"href":"https:\/\/lydenim.com\/pt\/wp-json\/wp\/v2\/pages\/1840\/revisions\/5398"}],"wp:attachment":[{"href":"https:\/\/lydenim.com\/pt\/wp-json\/wp\/v2\/media?parent=1840"}],"curies":[{"name":"wp","href":"https:\/\/api.w.org\/{rel}","templated":true}]}}