{"id":2963,"date":"2025-02-10T02:48:50","date_gmt":"2025-02-09T18:48:50","guid":{"rendered":"https:\/\/lydenim.com\/?post_type=product&#038;p=2963"},"modified":"2025-02-10T03:00:05","modified_gmt":"2025-02-09T19:00:05","slug":"blue-jacquard-fabric-53364","status":"publish","type":"product","link":"https:\/\/lydenim.com\/pt\/produto\/tecido-jacquard-azul-53364\/","title":{"rendered":"\u201cTecido Jacquard Azul 53364 | Fios 7-12s | Certificado OEKO | Op\u00e7\u00f5es de cor\/peso personalizadas para moda e decora\u00e7\u00e3o de casa, feito na China com envio r\u00e1pido para o mundo todo.\u201d"},"content":{"rendered":"<ul>\n<li>\n<h3>\ud83c\udf3f Especifica\u00e7\u00f5es principais<\/h3>\n<p><strong>Modelo:<\/strong> 53364<br \/>\n<strong>Tipo:<\/strong> <a href=\"https:\/\/lydenim.com\/pt\/product-category\/non-elastic\/\">Tecido Jacquard (Design em estilo ondulado)<\/a><\/p>\n<p><strong>Material:<\/strong><br \/>\n\ud83d\udd39 <strong>Algod\u00e3o 80%<\/strong>\uff08Respir\u00e1vel e hipoalerg\u00eanico\uff09<br \/>\n\ud83d\udd39 <strong>Poli\u00e9ster 20%<\/strong>(Resistente a rugas e dur\u00e1vel)<\/p>\n<p><strong>Certifica\u00e7\u00e3o:<\/strong><br \/>\n\u2714 <strong>Padr\u00e3o OEKO-TEX\u00ae 100<\/strong><\/p>\n<p><strong>Op\u00e7\u00f5es de cores:<\/strong><br \/>\n\ud83c\udfa8 Preto, Azul (cores personalizadas dispon\u00edveis)<\/p>\n<p><strong>Dimens\u00f5es:<\/strong><br \/>\n\ud83d\udccf <strong>Largura:<\/strong> 180 cm (70,9 polegadas) (personaliz\u00e1vel)<br \/>\n\u2696 <strong>Peso:<\/strong> Padr\u00e3o 430g (Ajust\u00e1vel)<br \/>\n\ud83e\uddf5 <strong>Contagem de fios:<\/strong> Personaliz\u00e1vel<br \/>\n\ud83d\udcd0 <strong>Tamanho do padr\u00e3o:<\/strong> Tecido Jacquard estilo onda<\/p>\n<hr \/>\n<h3>\u2705 Vantagens Competitivas<\/h3>\n<p><strong>\ud83c\udf31 Fabrica\u00e7\u00e3o Sustent\u00e1vel<\/strong><br \/>\n\u2714 F\u00e1bricas movidas a energia solar com reciclagem de \u00e1gua 90%<br \/>\n\u2714 Livre de produtos qu\u00edmicos nocivos, certificado pela OEKO-TEX\u00ae<\/p>\n<p><strong>\ud83c\udfaf Solu\u00e7\u00f5es Personalizadas<\/strong><br \/>\n\u2714 Suporta pedidos personalizados e de pequeno volume<br \/>\n\u2714 Prote\u00e7\u00e3o da propriedade intelectual para designs originais<\/p>\n<p><strong>\ud83d\udc57 Aplica\u00e7\u00f5es Multi-Cen\u00e1rios<\/strong><br \/>\n\ud83d\udc55 <strong>Moda:<\/strong> Vestidos, Ternos, Cachec\u00f3is<br \/>\n\ud83c\udfe1 <strong>Decora\u00e7\u00e3o de casa:<\/strong> Cortinas, Estofados, Almofadas<br \/>\n\ud83c\udfa8 <strong>Projetos de arte e fa\u00e7a voc\u00ea mesmo:<\/strong> Artesanato e Instala\u00e7\u00f5es T\u00eaxteis<\/p>\n<p><strong>\ud83d\udd27 Desempenho superior<\/strong><br \/>\n\u2714 Mistura de algod\u00e3o e poli\u00e9ster: equil\u00edbrio entre conforto e durabilidade<br \/>\n\u2714 Mais de 100.000 ciclos de abras\u00e3o (certifica\u00e7\u00e3o ASTM D4966)<\/p>\n<hr \/>\n<h3>\ud83d\udce6 Produ\u00e7\u00e3o e Log\u00edstica<\/h3>\n<p>\ud83d\udccd <strong>Feito na china<\/strong><br \/>\n\u2714 Tecnologia de tecelagem orientada por IA em <strong>Delta do Rio Yangtze<\/strong><br \/>\n\u2714 ISO 9001 <strong>Sistema de Gest\u00e3o da Qualidade<\/strong><\/p>\n<p>\u26a1 <strong>Entrega eficiente<\/strong><br \/>\n\ud83d\ude80 <strong>Amostragem:<\/strong> 5 dias \u00fateis (sujeito a comunica\u00e7\u00e3o)<br \/>\n\ud83d\ude9b <strong>Pedidos em grandes quantidades:<\/strong> Envio em todo o mundo em 3 a 4 semanas (o prazo final depende da empresa de log\u00edstica)<\/li>\n<\/ul>","protected":false},"excerpt":{"rendered":"<h3><strong>T\u00edtulo do produto<\/strong><\/h3>\n<p><strong>Tecido Jacquard \u2013 Design em estilo ondulado<\/strong><br \/>\n<strong>N\u00famero do modelo<\/strong>: 53364<br \/>\n<strong>Composi\u00e7\u00e3o do material<\/strong>: 80% Algod\u00e3o, 20% Poli\u00e9ster<br \/>\n<strong>Op\u00e7\u00f5es de cores<\/strong>: Preto, Azul<\/p>\n<h3><strong>Detalhes do tecido<\/strong><\/h3>\n<ul>\n<li><strong>Tipo<\/strong>: Tecido Jacquard<\/li>\n<li><strong>Padr\u00e3o<\/strong>: Design estilo onda<\/li>\n<li><strong>T\u00e9cnicas<\/strong>: Tecido<\/li>\n<li><strong>Largura<\/strong>: 180 cm (70,9 polegadas)<\/li>\n<li><strong>Peso<\/strong>: Personaliz\u00e1vel (Padr\u00e3o 430 g)<\/li>\n<li><strong>Contagem de fios<\/strong>: Personaliz\u00e1vel<\/li>\n<\/ul>\n<h3><strong>Estilo e uso<\/strong><\/h3>\n<ul>\n<li><strong>Estilo<\/strong>: Tecido Jacquard<\/li>\n<li><strong>Usar<\/strong>: Adequado para roupas, acess\u00f3rios e designs personalizados<\/li>\n<li><strong>Aplic\u00e1vel a<\/strong>: Mulheres e Homens<\/li>\n<\/ul>\n<h3><strong>Produ\u00e7\u00e3o e Origem<\/strong><\/h3>\n<ul>\n<li><strong>Lugar de origem<\/strong>: China<\/li>\n<li><strong>Tipo de fornecimento<\/strong>:Fazer sob encomenda<\/li>\n<\/ul>\n<h3><strong>Notas importantes<\/strong><\/h3>\n<ul>\n<li><strong>Dados do produto<\/strong>: As medidas da amostra s\u00e3o baseadas em padr\u00f5es espec\u00edficos e podem variar dependendo do lote de produ\u00e7\u00e3o.<\/li>\n<\/ul>","protected":false},"featured_media":2964,"template":"","meta":[],"product_brand":[],"product_cat":[41,48,49,42,50,43,45,38,46,39,40,47,35,20,30,33,44,37,34,58],"product_tag":[],"class_list":{"0":"post-2963","1":"product","2":"type-product","3":"status-publish","4":"has-post-thumbnail","6":"product_cat-10s","7":"product_cat-10s-oe","8":"product_cat-12s-oe","9":"product_cat-12s","10":"product_cat-16s-oe","11":"product_cat-16s","12":"product_cat-6s-oe","13":"product_cat-6s","14":"product_cat-7s-oe","15":"product_cat-7s","16":"product_cat-8s","17":"product_cat-8s-oe","18":"product_cat-aesthetic-collection","19":"product_cat-cotton-woven-fabric","20":"product_cat-cotton-polyster-spandex-denim-fabric","21":"product_cat-non-elastic","22":"product_cat-oe","23":"product_cat-siro","24":"product_cat-twill-fabric","25":"product_cat-ungrouped","27":"first","28":"instock","29":"shipping-taxable","30":"product-type-simple"},"aioseo_notices":[],"_links":{"self":[{"href":"https:\/\/lydenim.com\/pt\/wp-json\/wp\/v2\/product\/2963","targetHints":{"allow":["GET"]}}],"collection":[{"href":"https:\/\/lydenim.com\/pt\/wp-json\/wp\/v2\/product"}],"about":[{"href":"https:\/\/lydenim.com\/pt\/wp-json\/wp\/v2\/types\/product"}],"version-history":[{"count":5,"href":"https:\/\/lydenim.com\/pt\/wp-json\/wp\/v2\/product\/2963\/revisions"}],"predecessor-version":[{"id":2972,"href":"https:\/\/lydenim.com\/pt\/wp-json\/wp\/v2\/product\/2963\/revisions\/2972"}],"wp:featuredmedia":[{"embeddable":true,"href":"https:\/\/lydenim.com\/pt\/wp-json\/wp\/v2\/media\/2964"}],"wp:attachment":[{"href":"https:\/\/lydenim.com\/pt\/wp-json\/wp\/v2\/media?parent=2963"}],"wp:term":[{"taxonomy":"product_brand","embeddable":true,"href":"https:\/\/lydenim.com\/pt\/wp-json\/wp\/v2\/product_brand?post=2963"},{"taxonomy":"product_cat","embeddable":true,"href":"https:\/\/lydenim.com\/pt\/wp-json\/wp\/v2\/product_cat?post=2963"},{"taxonomy":"product_tag","embeddable":true,"href":"https:\/\/lydenim.com\/pt\/wp-json\/wp\/v2\/product_tag?post=2963"}],"curies":[{"name":"wp","href":"https:\/\/api.w.org\/{rel}","templated":true}]}}