{"id":3020,"date":"2025-02-10T16:45:38","date_gmt":"2025-02-10T08:45:38","guid":{"rendered":"https:\/\/lydenim.com\/?post_type=product&#038;p=3020"},"modified":"2025-02-10T16:50:05","modified_gmt":"2025-02-10T08:50:05","slug":"jacquard-fabric-53356","status":"publish","type":"product","link":"https:\/\/lydenim.com\/pt\/produto\/tecido-jacquard-53356\/","title":{"rendered":"Tecido Jacquard em relevo de alta qualidade 53356 | Feito sob encomenda | Algod\u00e3o 80% para moda e acess\u00f3rios | Algod\u00e3o-poli\u00e9ster azul"},"content":{"rendered":"<ul>\n<li>\n<h3><strong>\ud83c\udf0d Vis\u00e3o geral do produto<\/strong><\/h3>\n<p><strong>N\u00famero do modelo:<\/strong> 53356<br \/>\n<strong>Composi\u00e7\u00e3o do material:<\/strong> 80% Algod\u00e3o, 20% Poli\u00e9ster<br \/>\n<strong>Cor:<\/strong> Azul<\/p>\n<h3><strong>\ud83e\uddf5 Especifica\u00e7\u00f5es do tecido<\/strong><\/h3>\n<ul>\n<li><strong>Tipo:<\/strong> Tecido Jacquard<\/li>\n<li><strong>Padr\u00e3o:<\/strong> Design de textura em relevo<\/li>\n<li><strong>T\u00e9cnicas:<\/strong> Tecido<\/li>\n<li><strong>Largura:<\/strong> 180 cm (70,9 polegadas)<\/li>\n<li><strong>Peso:<\/strong> Personaliz\u00e1vel (Padr\u00e3o 430g)<\/li>\n<li><strong>Contagem de fios:<\/strong> Personaliz\u00e1vel<\/li>\n<li><strong>Tamanho do padr\u00e3o:<\/strong> Comprimento <strong>2 cm (0,79 polegadas)<\/strong>, Largura <strong>1 cm (0,39 polegadas)<\/strong><\/li>\n<\/ul>\n<h3><strong>\ud83c\udfa8 Estilo e uso<\/strong><\/h3>\n<ul>\n<li><strong>Estilo:<\/strong> Tecido Jacquard<\/li>\n<li><strong>Usar:<\/strong> Adequado para roupas, acess\u00f3rios e designs personalizados<\/li>\n<li><strong>Aplic\u00e1vel a:<\/strong> Mulheres e Homens<\/li>\n<\/ul>\n<h3><strong>\ud83c\udf0d Produ\u00e7\u00e3o e Origem<\/strong><\/h3>\n<ul>\n<li><strong>Local de origem:<\/strong> China<\/li>\n<li><strong>Tipo de fornecimento:<\/strong> Fa\u00e7a sob encomenda<\/li>\n<\/ul>\n<h3><strong>\ud83d\udd11 Notas importantes<\/strong><\/h3>\n<ul>\n<li><strong>Dados do produto:<\/strong> As medidas da amostra s\u00e3o baseadas em padr\u00f5es espec\u00edficos e podem variar dependendo do lote de produ\u00e7\u00e3o.<\/li>\n<\/ul>\n<\/li>\n<\/ul>","protected":false},"excerpt":{"rendered":"<h3><strong>Tecido Acquard \u2013 Design de textura em relevo<\/strong><\/h3>\n<h4><strong>Vis\u00e3o geral do produto<\/strong><\/h4>\n<ul>\n<li><strong>N\u00famero do modelo<\/strong>: 53356<\/li>\n<li><strong>Composi\u00e7\u00e3o do material<\/strong>: 80% Algod\u00e3o, 20% Poli\u00e9ster<\/li>\n<li><strong>Cor<\/strong>: Azul<\/li>\n<\/ul>\n<h4><strong>Especifica\u00e7\u00f5es do tecido<\/strong><\/h4>\n<ul>\n<li><strong>Tipo<\/strong>: Tecido Jacquard<\/li>\n<li><strong>Padr\u00e3o<\/strong>: Design de textura em relevo<\/li>\n<li><strong>T\u00e9cnicas<\/strong>: Tecido<\/li>\n<li><strong>Largura<\/strong>: 180 cm (70,9 polegadas)<\/li>\n<li><strong>Peso<\/strong>: Personaliz\u00e1vel (Padr\u00e3o 430 g)<\/li>\n<li><strong>Contagem de fios<\/strong>: Personaliz\u00e1vel<\/li>\n<li><strong>Tamanho do padr\u00e3o<\/strong>: Comprimento 2 cm (0,79 polegadas), Largura 1 cm (0,39 polegadas)<\/li>\n<\/ul>\n<h4><strong>Estilo e uso<\/strong><\/h4>\n<ul>\n<li><strong>Estilo<\/strong>: Tecido Jacquard<\/li>\n<li><strong>Usar<\/strong>: Adequado para roupas, acess\u00f3rios e designs personalizados<\/li>\n<li><strong>Aplic\u00e1vel a<\/strong>: Mulheres e Homens<\/li>\n<\/ul>\n<h4><strong>Produ\u00e7\u00e3o e Origem<\/strong><\/h4>\n<ul>\n<li><strong>Lugar de origem<\/strong>: China<\/li>\n<li><strong>Tipo de fornecimento<\/strong>:Fazer sob encomenda<\/li>\n<\/ul>\n<h4><strong>Notas importantes<\/strong><\/h4>\n<ul>\n<li><strong>Dados do produto<\/strong>: As medidas da amostra s\u00e3o baseadas em padr\u00f5es espec\u00edficos e podem variar dependendo do lote de produ\u00e7\u00e3o.<\/li>\n<\/ul>","protected":false},"featured_media":3021,"template":"","meta":[],"product_brand":[],"product_cat":[41,48,49,42,50,43,45,38,46,39,40,47,35,20,30,33,44,37,34,58],"product_tag":[],"class_list":{"0":"post-3020","1":"product","2":"type-product","3":"status-publish","4":"has-post-thumbnail","6":"product_cat-10s","7":"product_cat-10s-oe","8":"product_cat-12s-oe","9":"product_cat-12s","10":"product_cat-16s-oe","11":"product_cat-16s","12":"product_cat-6s-oe","13":"product_cat-6s","14":"product_cat-7s-oe","15":"product_cat-7s","16":"product_cat-8s","17":"product_cat-8s-oe","18":"product_cat-aesthetic-collection","19":"product_cat-cotton-woven-fabric","20":"product_cat-cotton-polyster-spandex-denim-fabric","21":"product_cat-non-elastic","22":"product_cat-oe","23":"product_cat-siro","24":"product_cat-twill-fabric","25":"product_cat-ungrouped","27":"first","28":"instock","29":"shipping-taxable","30":"product-type-simple"},"aioseo_notices":[],"_links":{"self":[{"href":"https:\/\/lydenim.com\/pt\/wp-json\/wp\/v2\/product\/3020","targetHints":{"allow":["GET"]}}],"collection":[{"href":"https:\/\/lydenim.com\/pt\/wp-json\/wp\/v2\/product"}],"about":[{"href":"https:\/\/lydenim.com\/pt\/wp-json\/wp\/v2\/types\/product"}],"version-history":[{"count":1,"href":"https:\/\/lydenim.com\/pt\/wp-json\/wp\/v2\/product\/3020\/revisions"}],"predecessor-version":[{"id":3025,"href":"https:\/\/lydenim.com\/pt\/wp-json\/wp\/v2\/product\/3020\/revisions\/3025"}],"wp:featuredmedia":[{"embeddable":true,"href":"https:\/\/lydenim.com\/pt\/wp-json\/wp\/v2\/media\/3021"}],"wp:attachment":[{"href":"https:\/\/lydenim.com\/pt\/wp-json\/wp\/v2\/media?parent=3020"}],"wp:term":[{"taxonomy":"product_brand","embeddable":true,"href":"https:\/\/lydenim.com\/pt\/wp-json\/wp\/v2\/product_brand?post=3020"},{"taxonomy":"product_cat","embeddable":true,"href":"https:\/\/lydenim.com\/pt\/wp-json\/wp\/v2\/product_cat?post=3020"},{"taxonomy":"product_tag","embeddable":true,"href":"https:\/\/lydenim.com\/pt\/wp-json\/wp\/v2\/product_tag?post=3020"}],"curies":[{"name":"wp","href":"https:\/\/api.w.org\/{rel}","templated":true}]}}